{"id":104579,"date":"2026-02-01T16:50:53","date_gmt":"2026-02-01T20:50:53","guid":{"rendered":"https:\/\/skygroup.com.ve\/web\/producto\/elbc-566-casa-en-venta-moderna-de-2-plantas-en-urbanizacion-privada-cana-verde-av-intercomunal\/"},"modified":"2026-04-07T20:56:30","modified_gmt":"2026-04-08T00:56:30","slug":"elbc-566-casa-en-venta-moderna-de-2-plantas-en-urbanizacion-privada-cana-verde-av-intercomunal","status":"publish","type":"product","link":"https:\/\/skygroup.com.ve\/web\/producto\/elbc-566-casa-en-venta-moderna-de-2-plantas-en-urbanizacion-privada-cana-verde-av-intercomunal\/","title":{"rendered":"ELBC-566 Casa en Venta Moderna De 2 Plantas En Urbanizacion Privada Ca\u00f1a Verde, Av. Intercomunal"},"content":{"rendered":"<p>Se Vende Hermosa Casa Moderna de 2 Plantas En Urbanizaci\u00f3n Privada Ca\u00f1a Verde, Av. Intercomunal Cabudare. <\/p>\n<p>208 Mtrs2 <\/p>\n<p>Dise\u00f1ada y Remodelada por un arquitecto.<\/p>\n<p>3 Habitaciones.<br \/>\n3 Ba\u00f1os.<br \/>\nEstilo Concepto abierto.<br \/>\nCocina De Cuarzo Equipada con:<br \/>\nNevera, Cocina, Microondas y horno.<br \/>\nVestier.<br \/>\nPiso de Porcelanato Espa\u00f1ol.<br \/>\nBa\u00f1o Con Bluetooth y Masajeadores.<br \/>\nApagadores Digitales en toda la casa.<br \/>\n5 P\/E Techado.<br \/>\nTanque de 12.000 L.<br \/>\nMaletero.<\/p>\n<p>Tuber\u00edas y sistema de electricidad nuevos.<\/p>\n<p>Bondades del conjunto: <\/p>\n<p>Caney para fiestas y parque infantil con vigilancia 24\/7.<\/p>\n<p>Bondades de la zona: <\/p>\n<p>Urbanismo ubicado en toda la Avenida Intercomunal, Alado de Prestigioso Restaurante Orinoco Grill, Cerca de C.C Traki, Farmatodo, Cl\u00ednicas y Hospital Internacional.<\/p>\n<p>Lista para firmar.<\/p>\n","protected":false},"excerpt":{"rendered":"<p>Sky Group ELEGANCE &#8211; BARQUISIMETO Vende Casa Moderna De 2 Plantas En Urbanizacion Privada Ca\u00f1a Verde, Av. Intercomunal<\/p>\n","protected":false},"featured_media":104255,"template":"","meta":{"_acf_changed":false,"_uag_custom_page_level_css":"","site-sidebar-layout":"default","site-content-layout":"","ast-site-content-layout":"default","site-content-style":"default","site-sidebar-style":"default","ast-global-header-display":"","ast-banner-title-visibility":"","ast-main-header-display":"","ast-hfb-above-header-display":"","ast-hfb-below-header-display":"","ast-hfb-mobile-header-display":"","site-post-title":"","ast-breadcrumbs-content":"","ast-featured-img":"","footer-sml-layout":"","ast-disable-related-posts":"","theme-transparent-header-meta":"default","adv-header-id-meta":"","stick-header-meta":"","header-above-stick-meta":"","header-main-stick-meta":"","header-below-stick-meta":"","astra-migrate-meta-layouts":"default","ast-page-background-enabled":"default","ast-page-background-meta":{"desktop":{"background-color":"var(--ast-global-color-4)","background-image":"","background-repeat":"repeat","background-position":"center center","background-size":"auto","background-attachment":"scroll","background-type":"","background-media":"","overlay-type":"","overlay-color":"","overlay-opacity":"","overlay-gradient":""},"tablet":{"background-color":"","background-image":"","background-repeat":"repeat","background-position":"center center","background-size":"auto","background-attachment":"scroll","background-type":"","background-media":"","overlay-type":"","overlay-color":"","overlay-opacity":"","overlay-gradient":""},"mobile":{"background-color":"","background-image":"","background-repeat":"repeat","background-position":"center center","background-size":"auto","background-attachment":"scroll","background-type":"","background-media":"","overlay-type":"","overlay-color":"","overlay-opacity":"","overlay-gradient":""}},"ast-content-background-meta":{"desktop":{"background-color":"var(--ast-global-color-5)","background-image":"","background-repeat":"repeat","background-position":"center center","background-size":"auto","background-attachment":"scroll","background-type":"","background-media":"","overlay-type":"","overlay-color":"","overlay-opacity":"","overlay-gradient":""},"tablet":{"background-color":"var(--ast-global-color-5)","background-image":"","background-repeat":"repeat","background-position":"center center","background-size":"auto","background-attachment":"scroll","background-type":"","background-media":"","overlay-type":"","overlay-color":"","overlay-opacity":"","overlay-gradient":""},"mobile":{"background-color":"var(--ast-global-color-5)","background-image":"","background-repeat":"repeat","background-position":"center center","background-size":"auto","background-attachment":"scroll","background-type":"","background-media":"","overlay-type":"","overlay-color":"","overlay-opacity":"","overlay-gradient":""}},"jetpack_post_was_ever_published":false,"_joinchat":{"telephone":"+584125983217"}},"estado":[],"product_brand":[564],"product_cat":[47],"product_tag":[297],"class_list":{"0":"post-104579","1":"product","2":"type-product","3":"status-publish","4":"has-post-thumbnail","6":"product_brand-elegance-barquisimeto","7":"product_cat-casa","8":"product_tag-null","9":"product_shipping_class-null","10":"pa_asesor-atr-eylin-selene-camejo-gonzalez","11":"pa_oficina-atr-elegance-barquisimeto","12":"pa_ubicacion-lara","13":"desktop-align-left","14":"tablet-align-left","15":"mobile-align-left","17":"first","18":"instock","19":"shipping-taxable","20":"purchasable","21":"product-type-simple"},"acf":[],"uagb_featured_image_src":{"full":["https:\/\/i0.wp.com\/skygroup.com.ve\/web\/wp-content\/uploads\/2026\/02\/10330_14.png?fit=800%2C600&ssl=1",800,600,false],"thumbnail":["https:\/\/i0.wp.com\/skygroup.com.ve\/web\/wp-content\/uploads\/2026\/02\/10330_14.png?resize=150%2C150&ssl=1",150,150,true],"medium":["https:\/\/i0.wp.com\/skygroup.com.ve\/web\/wp-content\/uploads\/2026\/02\/10330_14.png?fit=300%2C225&ssl=1",300,225,true],"medium_large":["https:\/\/i0.wp.com\/skygroup.com.ve\/web\/wp-content\/uploads\/2026\/02\/10330_14.png?fit=768%2C576&ssl=1",768,576,true],"large":["https:\/\/i0.wp.com\/skygroup.com.ve\/web\/wp-content\/uploads\/2026\/02\/10330_14.png?fit=800%2C600&ssl=1",800,600,true],"1536x1536":["https:\/\/i0.wp.com\/skygroup.com.ve\/web\/wp-content\/uploads\/2026\/02\/10330_14.png?fit=800%2C600&ssl=1",800,600,true],"2048x2048":["https:\/\/i0.wp.com\/skygroup.com.ve\/web\/wp-content\/uploads\/2026\/02\/10330_14.png?fit=800%2C600&ssl=1",800,600,true],"woocommerce_thumbnail":["https:\/\/i0.wp.com\/skygroup.com.ve\/web\/wp-content\/uploads\/2026\/02\/10330_14.png?resize=300%2C300&ssl=1",300,300,true],"woocommerce_single":["https:\/\/i0.wp.com\/skygroup.com.ve\/web\/wp-content\/uploads\/2026\/02\/10330_14.png?fit=600%2C450&ssl=1",600,450,true],"woocommerce_gallery_thumbnail":["https:\/\/i0.wp.com\/skygroup.com.ve\/web\/wp-content\/uploads\/2026\/02\/10330_14.png?resize=100%2C100&ssl=1",100,100,true]},"uagb_author_info":{"display_name":"adminweb","author_link":"https:\/\/skygroup.com.ve\/web\/author\/"},"uagb_comment_info":0,"uagb_excerpt":"Sky Group ELEGANCE - BARQUISIMETO Vende Casa Moderna De 2 Plantas En Urbanizacion Privada Ca\u00f1a Verde, Av. Intercomunal","jetpack_sharing_enabled":true,"_links":{"self":[{"href":"https:\/\/skygroup.com.ve\/web\/wp-json\/wp\/v2\/product\/104579","targetHints":{"allow":["GET"]}}],"collection":[{"href":"https:\/\/skygroup.com.ve\/web\/wp-json\/wp\/v2\/product"}],"about":[{"href":"https:\/\/skygroup.com.ve\/web\/wp-json\/wp\/v2\/types\/product"}],"wp:featuredmedia":[{"embeddable":true,"href":"https:\/\/skygroup.com.ve\/web\/wp-json\/wp\/v2\/media\/104255"}],"wp:attachment":[{"href":"https:\/\/skygroup.com.ve\/web\/wp-json\/wp\/v2\/media?parent=104579"}],"wp:term":[{"taxonomy":"estado","embeddable":true,"href":"https:\/\/skygroup.com.ve\/web\/wp-json\/wp\/v2\/estado?post=104579"},{"taxonomy":"product_brand","embeddable":true,"href":"https:\/\/skygroup.com.ve\/web\/wp-json\/wp\/v2\/product_brand?post=104579"},{"taxonomy":"product_cat","embeddable":true,"href":"https:\/\/skygroup.com.ve\/web\/wp-json\/wp\/v2\/product_cat?post=104579"},{"taxonomy":"product_tag","embeddable":true,"href":"https:\/\/skygroup.com.ve\/web\/wp-json\/wp\/v2\/product_tag?post=104579"}],"curies":[{"name":"wp","href":"https:\/\/api.w.org\/{rel}","templated":true}]}}