{"id":105184,"date":"2026-02-07T11:11:51","date_gmt":"2026-02-07T15:11:51","guid":{"rendered":"https:\/\/skygroup.com.ve\/web\/producto\/elbc-572-casa-en-venta-quinta-de-4-niveles-en-colinas-de-santa-rosa-sur\/"},"modified":"2026-04-07T20:56:49","modified_gmt":"2026-04-08T00:56:49","slug":"elbc-572-casa-en-venta-quinta-de-4-niveles-en-colinas-de-santa-rosa-sur","status":"publish","type":"product","link":"https:\/\/skygroup.com.ve\/web\/producto\/elbc-572-casa-en-venta-quinta-de-4-niveles-en-colinas-de-santa-rosa-sur\/","title":{"rendered":"ELBC-572 Casa en Venta Quinta De 4 Niveles En Colinas De Santa Rosa Sur"},"content":{"rendered":"<p>Sky Group Elegance Vende Casa Quinta de 4 niveles En Colinas de Santa Rosa.<\/p>\n<p>577mts<\/p>\n<p>Descripci\u00f3n General:<\/p>\n<p>8 Habitaciones.<br \/>\nBalcones.<br \/>\nVestier.<br \/>\n7 Ba\u00f1os.<br \/>\nEstudio.<br \/>\nAtico.<br \/>\nCocina.<br \/>\nSala.<br \/>\nSala\/Comedor.<br \/>\nSal\u00f3n de Fiestas. Con Barra.<br \/>\nLavanderia.<br \/>\n6 P\/E Semi Techado.<br \/>\nTanque Subterr\u00e1neo de 12.000L .<br \/>\nMaletero.<br \/>\nPorche con Jardin.<br \/>\nAreas Verdes.<br \/>\nPiscina.<\/p>\n<p>Distribuci\u00f3n:<\/p>\n<p>Planta Baja:<\/p>\n<p>Recibidor.<br \/>\nSala.<br \/>\nMedio Ba\u00f1o.<br \/>\nHabitaci\u00f3n con Vestier y con Ba\u00f1o Completo.<br \/>\nHabitaci\u00f3n de Servicio con Ba\u00f1o.<\/p>\n<p>Primer Nivel:<\/p>\n<p>Cocina de Mamposter\u00eda.<br \/>\nSala\/Comedor.<br \/>\nEstudio.<br \/>\nLavanderia Con Ba\u00f1o Completo.<\/p>\n<p>Segundo Nivel:<\/p>\n<p>Habitaci\u00f3n Matrimonial,  Vestier, Ba\u00f1o y Balc\u00f3n.<br \/>\n2 Habitaciones con Closets de Madera y Balc\u00f3n Compartido.<br \/>\nHabitaci\u00f3n individual.<br \/>\nBa\u00f1o Completo.<\/p>\n<p>Tercer Nivel:<\/p>\n<p>Sal\u00f3n De fiestas con Barra.<br \/>\nHabitaci\u00f3n para visita.<br \/>\nBa\u00f1o.<br \/>\nAtico.<\/p>\n<p>Bondades de la Zona:<\/p>\n<p>Zona Esclusiva y Privilegiada del Este de Barquisimeto, Cercana a la Av Lara.<\/p>\n<p>Precio: 300.000$<\/p>\n","protected":false},"excerpt":{"rendered":"<p>Sky Group ELEGANCE &#8211; BARQUISIMETO Vende Casa Quinta De 4 Niveles En Colinas De Santa Rosa Sur <\/p>\n","protected":false},"featured_media":105114,"template":"","meta":{"_acf_changed":false,"_uag_custom_page_level_css":"","site-sidebar-layout":"default","site-content-layout":"","ast-site-content-layout":"default","site-content-style":"default","site-sidebar-style":"default","ast-global-header-display":"","ast-banner-title-visibility":"","ast-main-header-display":"","ast-hfb-above-header-display":"","ast-hfb-below-header-display":"","ast-hfb-mobile-header-display":"","site-post-title":"","ast-breadcrumbs-content":"","ast-featured-img":"","footer-sml-layout":"","ast-disable-related-posts":"","theme-transparent-header-meta":"default","adv-header-id-meta":"","stick-header-meta":"","header-above-stick-meta":"","header-main-stick-meta":"","header-below-stick-meta":"","astra-migrate-meta-layouts":"default","ast-page-background-enabled":"default","ast-page-background-meta":{"desktop":{"background-color":"var(--ast-global-color-4)","background-image":"","background-repeat":"repeat","background-position":"center center","background-size":"auto","background-attachment":"scroll","background-type":"","background-media":"","overlay-type":"","overlay-color":"","overlay-opacity":"","overlay-gradient":""},"tablet":{"background-color":"","background-image":"","background-repeat":"repeat","background-position":"center center","background-size":"auto","background-attachment":"scroll","background-type":"","background-media":"","overlay-type":"","overlay-color":"","overlay-opacity":"","overlay-gradient":""},"mobile":{"background-color":"","background-image":"","background-repeat":"repeat","background-position":"center center","background-size":"auto","background-attachment":"scroll","background-type":"","background-media":"","overlay-type":"","overlay-color":"","overlay-opacity":"","overlay-gradient":""}},"ast-content-background-meta":{"desktop":{"background-color":"var(--ast-global-color-5)","background-image":"","background-repeat":"repeat","background-position":"center center","background-size":"auto","background-attachment":"scroll","background-type":"","background-media":"","overlay-type":"","overlay-color":"","overlay-opacity":"","overlay-gradient":""},"tablet":{"background-color":"var(--ast-global-color-5)","background-image":"","background-repeat":"repeat","background-position":"center center","background-size":"auto","background-attachment":"scroll","background-type":"","background-media":"","overlay-type":"","overlay-color":"","overlay-opacity":"","overlay-gradient":""},"mobile":{"background-color":"var(--ast-global-color-5)","background-image":"","background-repeat":"repeat","background-position":"center center","background-size":"auto","background-attachment":"scroll","background-type":"","background-media":"","overlay-type":"","overlay-color":"","overlay-opacity":"","overlay-gradient":""}},"jetpack_post_was_ever_published":false,"_joinchat":{"telephone":"+584125983217"}},"estado":[],"product_brand":[564],"product_cat":[47],"product_tag":[297],"class_list":{"0":"post-105184","1":"product","2":"type-product","3":"status-publish","4":"has-post-thumbnail","6":"product_brand-elegance-barquisimeto","7":"product_cat-casa","8":"product_tag-null","9":"product_shipping_class-null","10":"pa_asesor-atr-eylin-selene-camejo-gonzalez","11":"pa_oficina-atr-elegance-barquisimeto","12":"pa_ubicacion-lara","13":"desktop-align-left","14":"tablet-align-left","15":"mobile-align-left","17":"first","18":"instock","19":"shipping-taxable","20":"purchasable","21":"product-type-simple"},"acf":[],"uagb_featured_image_src":{"full":["https:\/\/i0.wp.com\/skygroup.com.ve\/web\/wp-content\/uploads\/2026\/02\/10521_2.png?fit=800%2C600&ssl=1",800,600,false],"thumbnail":["https:\/\/i0.wp.com\/skygroup.com.ve\/web\/wp-content\/uploads\/2026\/02\/10521_2.png?resize=150%2C150&ssl=1",150,150,true],"medium":["https:\/\/i0.wp.com\/skygroup.com.ve\/web\/wp-content\/uploads\/2026\/02\/10521_2.png?fit=300%2C225&ssl=1",300,225,true],"medium_large":["https:\/\/i0.wp.com\/skygroup.com.ve\/web\/wp-content\/uploads\/2026\/02\/10521_2.png?fit=768%2C576&ssl=1",768,576,true],"large":["https:\/\/i0.wp.com\/skygroup.com.ve\/web\/wp-content\/uploads\/2026\/02\/10521_2.png?fit=800%2C600&ssl=1",800,600,true],"1536x1536":["https:\/\/i0.wp.com\/skygroup.com.ve\/web\/wp-content\/uploads\/2026\/02\/10521_2.png?fit=800%2C600&ssl=1",800,600,true],"2048x2048":["https:\/\/i0.wp.com\/skygroup.com.ve\/web\/wp-content\/uploads\/2026\/02\/10521_2.png?fit=800%2C600&ssl=1",800,600,true],"woocommerce_thumbnail":["https:\/\/i0.wp.com\/skygroup.com.ve\/web\/wp-content\/uploads\/2026\/02\/10521_2.png?resize=300%2C300&ssl=1",300,300,true],"woocommerce_single":["https:\/\/i0.wp.com\/skygroup.com.ve\/web\/wp-content\/uploads\/2026\/02\/10521_2.png?fit=600%2C450&ssl=1",600,450,true],"woocommerce_gallery_thumbnail":["https:\/\/i0.wp.com\/skygroup.com.ve\/web\/wp-content\/uploads\/2026\/02\/10521_2.png?resize=100%2C100&ssl=1",100,100,true]},"uagb_author_info":{"display_name":"adminweb","author_link":"https:\/\/skygroup.com.ve\/web\/author\/"},"uagb_comment_info":0,"uagb_excerpt":"Sky Group ELEGANCE - BARQUISIMETO Vende Casa Quinta De 4 Niveles En Colinas De Santa Rosa Sur","jetpack_sharing_enabled":true,"_links":{"self":[{"href":"https:\/\/skygroup.com.ve\/web\/wp-json\/wp\/v2\/product\/105184","targetHints":{"allow":["GET"]}}],"collection":[{"href":"https:\/\/skygroup.com.ve\/web\/wp-json\/wp\/v2\/product"}],"about":[{"href":"https:\/\/skygroup.com.ve\/web\/wp-json\/wp\/v2\/types\/product"}],"wp:featuredmedia":[{"embeddable":true,"href":"https:\/\/skygroup.com.ve\/web\/wp-json\/wp\/v2\/media\/105114"}],"wp:attachment":[{"href":"https:\/\/skygroup.com.ve\/web\/wp-json\/wp\/v2\/media?parent=105184"}],"wp:term":[{"taxonomy":"estado","embeddable":true,"href":"https:\/\/skygroup.com.ve\/web\/wp-json\/wp\/v2\/estado?post=105184"},{"taxonomy":"product_brand","embeddable":true,"href":"https:\/\/skygroup.com.ve\/web\/wp-json\/wp\/v2\/product_brand?post=105184"},{"taxonomy":"product_cat","embeddable":true,"href":"https:\/\/skygroup.com.ve\/web\/wp-json\/wp\/v2\/product_cat?post=105184"},{"taxonomy":"product_tag","embeddable":true,"href":"https:\/\/skygroup.com.ve\/web\/wp-json\/wp\/v2\/product_tag?post=105184"}],"curies":[{"name":"wp","href":"https:\/\/api.w.org\/{rel}","templated":true}]}}