{"id":105469,"date":"2026-02-12T09:15:59","date_gmt":"2026-02-12T13:15:59","guid":{"rendered":"https:\/\/skygroup.com.ve\/web\/producto\/elbph-005-pent-house-en-venta-cabudare-res-las-guacamayas\/"},"modified":"2026-04-07T20:56:49","modified_gmt":"2026-04-08T00:56:49","slug":"elbph-005-pent-house-en-venta-cabudare-res-las-guacamayas","status":"publish","type":"product","link":"https:\/\/skygroup.com.ve\/web\/producto\/elbph-005-pent-house-en-venta-cabudare-res-las-guacamayas\/","title":{"rendered":"ELBPH-005 Pent House en Venta  Cabudare Res. Las Guacamayas"},"content":{"rendered":"<p>Bello Pent house en Cabudare Res. Las Guacamayas???? con una excelente ubicaci\u00f3n y f\u00e1cil acceso a la Ribere\u00f1a<\/p>\n<p>. 158 mtrs2<br \/>\n. Espetacular vista panor\u00e1mica<br \/>\n. 4 habitaciones amplias<br \/>\n. 3 ba\u00f1os<br \/>\n. Terraza descubierta al aire.<br \/>\n. Sala &#8211; comedor<br \/>\n. Cocina empotrada<br \/>\n. Habitaci\u00f3n principal con salida hacia la terraza<br \/>\n. Habitaci\u00f3n de Servicio con ba\u00f1o<br \/>\n. Dep\u00f3sito<br \/>\n. Barra<br \/>\n. 2 puestos de  estacionamiento<br \/>\n. \u00c1rea de lavander\u00eda <\/p>\n<p>Precio de venta: $40.000 raya<\/p>\n<p>\u27a1\ufe0fBondades del conjunto\u2b05\ufe0f<br \/>\nPosee:<br \/>\n. Cancha de usos m\u00faltiples techada<br \/>\n.Churuata para reuniones<br \/>\n. Tanque subterr\u00e1neo del conjunto de 200.000 Lts.<br \/>\n. Vigilancia privada las 24 horas<br \/>\n. Areas y caminer\u00edas acogedoras para el esparcimiento<br \/>\n. Estacionamiento para visitantes<br \/>\nAscensores 100% Operativos<br \/>\nPrecio: $40.000 raya<\/p>\n","protected":false},"excerpt":{"rendered":"<p>Sky Group ELEGANCE &#8211; BARQUISIMETO Vende Pent House  Cabudare Res. Las Guacamayas<\/p>\n","protected":false},"featured_media":105363,"template":"","meta":{"_acf_changed":false,"_uag_custom_page_level_css":"","site-sidebar-layout":"default","site-content-layout":"","ast-site-content-layout":"default","site-content-style":"default","site-sidebar-style":"default","ast-global-header-display":"","ast-banner-title-visibility":"","ast-main-header-display":"","ast-hfb-above-header-display":"","ast-hfb-below-header-display":"","ast-hfb-mobile-header-display":"","site-post-title":"","ast-breadcrumbs-content":"","ast-featured-img":"","footer-sml-layout":"","ast-disable-related-posts":"","theme-transparent-header-meta":"default","adv-header-id-meta":"","stick-header-meta":"","header-above-stick-meta":"","header-main-stick-meta":"","header-below-stick-meta":"","astra-migrate-meta-layouts":"default","ast-page-background-enabled":"default","ast-page-background-meta":{"desktop":{"background-color":"var(--ast-global-color-4)","background-image":"","background-repeat":"repeat","background-position":"center center","background-size":"auto","background-attachment":"scroll","background-type":"","background-media":"","overlay-type":"","overlay-color":"","overlay-opacity":"","overlay-gradient":""},"tablet":{"background-color":"","background-image":"","background-repeat":"repeat","background-position":"center center","background-size":"auto","background-attachment":"scroll","background-type":"","background-media":"","overlay-type":"","overlay-color":"","overlay-opacity":"","overlay-gradient":""},"mobile":{"background-color":"","background-image":"","background-repeat":"repeat","background-position":"center center","background-size":"auto","background-attachment":"scroll","background-type":"","background-media":"","overlay-type":"","overlay-color":"","overlay-opacity":"","overlay-gradient":""}},"ast-content-background-meta":{"desktop":{"background-color":"var(--ast-global-color-5)","background-image":"","background-repeat":"repeat","background-position":"center center","background-size":"auto","background-attachment":"scroll","background-type":"","background-media":"","overlay-type":"","overlay-color":"","overlay-opacity":"","overlay-gradient":""},"tablet":{"background-color":"var(--ast-global-color-5)","background-image":"","background-repeat":"repeat","background-position":"center center","background-size":"auto","background-attachment":"scroll","background-type":"","background-media":"","overlay-type":"","overlay-color":"","overlay-opacity":"","overlay-gradient":""},"mobile":{"background-color":"var(--ast-global-color-5)","background-image":"","background-repeat":"repeat","background-position":"center center","background-size":"auto","background-attachment":"scroll","background-type":"","background-media":"","overlay-type":"","overlay-color":"","overlay-opacity":"","overlay-gradient":""}},"jetpack_post_was_ever_published":false,"_joinchat":{"telephone":"+584245582843"}},"estado":[],"product_brand":[564],"product_cat":[58],"product_tag":[297],"class_list":{"0":"post-105469","1":"product","2":"type-product","3":"status-publish","4":"has-post-thumbnail","6":"product_brand-elegance-barquisimeto","7":"product_cat-pent-house","8":"product_tag-null","9":"product_shipping_class-null","10":"pa_asesor-atr-saidsa-rosy-viccionacce-de-santeliz","11":"pa_oficina-atr-elegance-barquisimeto","12":"pa_ubicacion-lara","13":"desktop-align-left","14":"tablet-align-left","15":"mobile-align-left","17":"first","18":"instock","19":"shipping-taxable","20":"purchasable","21":"product-type-simple"},"acf":[],"uagb_featured_image_src":{"full":["https:\/\/i0.wp.com\/skygroup.com.ve\/web\/wp-content\/uploads\/2026\/02\/10541_5.jpeg?fit=810%2C1080&ssl=1",810,1080,false],"thumbnail":["https:\/\/i0.wp.com\/skygroup.com.ve\/web\/wp-content\/uploads\/2026\/02\/10541_5.jpeg?resize=150%2C150&ssl=1",150,150,true],"medium":["https:\/\/i0.wp.com\/skygroup.com.ve\/web\/wp-content\/uploads\/2026\/02\/10541_5.jpeg?fit=225%2C300&ssl=1",225,300,true],"medium_large":["https:\/\/i0.wp.com\/skygroup.com.ve\/web\/wp-content\/uploads\/2026\/02\/10541_5.jpeg?fit=768%2C1024&ssl=1",768,1024,true],"large":["https:\/\/i0.wp.com\/skygroup.com.ve\/web\/wp-content\/uploads\/2026\/02\/10541_5.jpeg?fit=768%2C1024&ssl=1",768,1024,true],"1536x1536":["https:\/\/i0.wp.com\/skygroup.com.ve\/web\/wp-content\/uploads\/2026\/02\/10541_5.jpeg?fit=810%2C1080&ssl=1",810,1080,true],"2048x2048":["https:\/\/i0.wp.com\/skygroup.com.ve\/web\/wp-content\/uploads\/2026\/02\/10541_5.jpeg?fit=810%2C1080&ssl=1",810,1080,true],"woocommerce_thumbnail":["https:\/\/i0.wp.com\/skygroup.com.ve\/web\/wp-content\/uploads\/2026\/02\/10541_5.jpeg?resize=300%2C300&ssl=1",300,300,true],"woocommerce_single":["https:\/\/i0.wp.com\/skygroup.com.ve\/web\/wp-content\/uploads\/2026\/02\/10541_5.jpeg?fit=600%2C800&ssl=1",600,800,true],"woocommerce_gallery_thumbnail":["https:\/\/i0.wp.com\/skygroup.com.ve\/web\/wp-content\/uploads\/2026\/02\/10541_5.jpeg?resize=100%2C100&ssl=1",100,100,true]},"uagb_author_info":{"display_name":"adminweb","author_link":"https:\/\/skygroup.com.ve\/web\/author\/"},"uagb_comment_info":0,"uagb_excerpt":"Sky Group ELEGANCE - BARQUISIMETO Vende Pent House Cabudare Res. Las Guacamayas","jetpack_sharing_enabled":true,"_links":{"self":[{"href":"https:\/\/skygroup.com.ve\/web\/wp-json\/wp\/v2\/product\/105469","targetHints":{"allow":["GET"]}}],"collection":[{"href":"https:\/\/skygroup.com.ve\/web\/wp-json\/wp\/v2\/product"}],"about":[{"href":"https:\/\/skygroup.com.ve\/web\/wp-json\/wp\/v2\/types\/product"}],"wp:featuredmedia":[{"embeddable":true,"href":"https:\/\/skygroup.com.ve\/web\/wp-json\/wp\/v2\/media\/105363"}],"wp:attachment":[{"href":"https:\/\/skygroup.com.ve\/web\/wp-json\/wp\/v2\/media?parent=105469"}],"wp:term":[{"taxonomy":"estado","embeddable":true,"href":"https:\/\/skygroup.com.ve\/web\/wp-json\/wp\/v2\/estado?post=105469"},{"taxonomy":"product_brand","embeddable":true,"href":"https:\/\/skygroup.com.ve\/web\/wp-json\/wp\/v2\/product_brand?post=105469"},{"taxonomy":"product_cat","embeddable":true,"href":"https:\/\/skygroup.com.ve\/web\/wp-json\/wp\/v2\/product_cat?post=105469"},{"taxonomy":"product_tag","embeddable":true,"href":"https:\/\/skygroup.com.ve\/web\/wp-json\/wp\/v2\/product_tag?post=105469"}],"curies":[{"name":"wp","href":"https:\/\/api.w.org\/{rel}","templated":true}]}}