{"id":105850,"date":"2026-02-19T09:37:33","date_gmt":"2026-02-19T13:37:33","guid":{"rendered":"https:\/\/skygroup.com.ve\/web\/producto\/eta-104-apartamento-en-venta-conjunto-residencial-la-roca-urbaniacion-playa-el-angel\/"},"modified":"2026-04-07T20:56:50","modified_gmt":"2026-04-08T00:56:50","slug":"eta-104-apartamento-en-venta-conjunto-residencial-la-roca-urbaniacion-playa-el-angel","status":"publish","type":"product","link":"https:\/\/skygroup.com.ve\/web\/producto\/eta-104-apartamento-en-venta-conjunto-residencial-la-roca-urbaniacion-playa-el-angel\/","title":{"rendered":"ETA-104 Apartamento en Venta Conjunto Residencial La Roca Urbanizacion Playa El Angel"},"content":{"rendered":"<p>Sky Group Elite vende exclusivo Apartamento D\u00faplex tipo Loft<br \/>\n???? Urbanizaci\u00f3n Playa El \u00c1ngel \u2013 Isla de Margarita ????<br \/>\nConjunto Residencial La Roca<\/p>\n<p>???? \u00c1rea total: 151 m\u00b2 distribuidos en dos niveles<\/p>\n<p>Planta Baja (82 m\u00b2):<\/p>\n<p>Hall de entrada<\/p>\n<p>\u00bd ba\u00f1o de visitas<\/p>\n<p>Sala de doble altura<\/p>\n<p>Estudio<\/p>\n<p>Cocina integrada con sal\u00f3n comedor<\/p>\n<p>\u00c1rea de servicio con habitaci\u00f3n y ba\u00f1o<\/p>\n<p>\u00c1rea de faena<\/p>\n<p>Planta Alta (69 m\u00b2):<\/p>\n<p>Habitaci\u00f3n principal con vestier y ba\u00f1o interno<\/p>\n<p>2 habitaciones auxiliares<\/p>\n<p>1 ba\u00f1o com\u00fan<\/p>\n<p>Terraza de uso exclusivo<\/p>\n<p>???? 2 puestos de estacionamiento<br \/>\n???? 2 maleteros<br \/>\n\u26a1 Planta el\u00e9ctrica 100%<\/p>\n<p>\u2728 Exclusividad, confort y dise\u00f1o en una de las mejores zonas de la Isla de Margarita<\/p>\n","protected":false},"excerpt":{"rendered":"<p>Sky Group ELITE Vende Apartamento Conjunto Residencial La Roca Urbanizacion Playa El Angel<\/p>\n","protected":false},"featured_media":105668,"template":"","meta":{"_acf_changed":false,"_uag_custom_page_level_css":"","site-sidebar-layout":"default","site-content-layout":"","ast-site-content-layout":"default","site-content-style":"default","site-sidebar-style":"default","ast-global-header-display":"","ast-banner-title-visibility":"","ast-main-header-display":"","ast-hfb-above-header-display":"","ast-hfb-below-header-display":"","ast-hfb-mobile-header-display":"","site-post-title":"","ast-breadcrumbs-content":"","ast-featured-img":"","footer-sml-layout":"","ast-disable-related-posts":"","theme-transparent-header-meta":"default","adv-header-id-meta":"","stick-header-meta":"","header-above-stick-meta":"","header-main-stick-meta":"","header-below-stick-meta":"","astra-migrate-meta-layouts":"default","ast-page-background-enabled":"default","ast-page-background-meta":{"desktop":{"background-color":"var(--ast-global-color-4)","background-image":"","background-repeat":"repeat","background-position":"center center","background-size":"auto","background-attachment":"scroll","background-type":"","background-media":"","overlay-type":"","overlay-color":"","overlay-opacity":"","overlay-gradient":""},"tablet":{"background-color":"","background-image":"","background-repeat":"repeat","background-position":"center center","background-size":"auto","background-attachment":"scroll","background-type":"","background-media":"","overlay-type":"","overlay-color":"","overlay-opacity":"","overlay-gradient":""},"mobile":{"background-color":"","background-image":"","background-repeat":"repeat","background-position":"center center","background-size":"auto","background-attachment":"scroll","background-type":"","background-media":"","overlay-type":"","overlay-color":"","overlay-opacity":"","overlay-gradient":""}},"ast-content-background-meta":{"desktop":{"background-color":"var(--ast-global-color-5)","background-image":"","background-repeat":"repeat","background-position":"center center","background-size":"auto","background-attachment":"scroll","background-type":"","background-media":"","overlay-type":"","overlay-color":"","overlay-opacity":"","overlay-gradient":""},"tablet":{"background-color":"var(--ast-global-color-5)","background-image":"","background-repeat":"repeat","background-position":"center center","background-size":"auto","background-attachment":"scroll","background-type":"","background-media":"","overlay-type":"","overlay-color":"","overlay-opacity":"","overlay-gradient":""},"mobile":{"background-color":"var(--ast-global-color-5)","background-image":"","background-repeat":"repeat","background-position":"center center","background-size":"auto","background-attachment":"scroll","background-type":"","background-media":"","overlay-type":"","overlay-color":"","overlay-opacity":"","overlay-gradient":""}},"jetpack_post_was_ever_published":false,"_joinchat":{"telephone":"+584126842006"}},"estado":[],"product_brand":[567],"product_cat":[26],"product_tag":[297],"class_list":{"0":"post-105850","1":"product","2":"type-product","3":"status-publish","4":"has-post-thumbnail","6":"product_brand-elite","7":"product_cat-apartamento","8":"product_tag-null","9":"product_shipping_class-null","10":"pa_asesor-atr-francys-carol-sanchez-sanchez","11":"pa_oficina-atr-elite","12":"pa_ubicacion-nueva-esparta","13":"desktop-align-left","14":"tablet-align-left","15":"mobile-align-left","17":"first","18":"instock","19":"shipping-taxable","20":"purchasable","21":"product-type-simple"},"acf":[],"uagb_featured_image_src":{"full":["https:\/\/i0.wp.com\/skygroup.com.ve\/web\/wp-content\/uploads\/2026\/02\/10479_1.jpeg?fit=976%2C772&ssl=1",976,772,false],"thumbnail":["https:\/\/i0.wp.com\/skygroup.com.ve\/web\/wp-content\/uploads\/2026\/02\/10479_1.jpeg?resize=150%2C150&ssl=1",150,150,true],"medium":["https:\/\/i0.wp.com\/skygroup.com.ve\/web\/wp-content\/uploads\/2026\/02\/10479_1.jpeg?fit=300%2C237&ssl=1",300,237,true],"medium_large":["https:\/\/i0.wp.com\/skygroup.com.ve\/web\/wp-content\/uploads\/2026\/02\/10479_1.jpeg?fit=768%2C607&ssl=1",768,607,true],"large":["https:\/\/i0.wp.com\/skygroup.com.ve\/web\/wp-content\/uploads\/2026\/02\/10479_1.jpeg?fit=976%2C772&ssl=1",976,772,true],"1536x1536":["https:\/\/i0.wp.com\/skygroup.com.ve\/web\/wp-content\/uploads\/2026\/02\/10479_1.jpeg?fit=976%2C772&ssl=1",976,772,true],"2048x2048":["https:\/\/i0.wp.com\/skygroup.com.ve\/web\/wp-content\/uploads\/2026\/02\/10479_1.jpeg?fit=976%2C772&ssl=1",976,772,true],"woocommerce_thumbnail":["https:\/\/i0.wp.com\/skygroup.com.ve\/web\/wp-content\/uploads\/2026\/02\/10479_1.jpeg?resize=300%2C300&ssl=1",300,300,true],"woocommerce_single":["https:\/\/i0.wp.com\/skygroup.com.ve\/web\/wp-content\/uploads\/2026\/02\/10479_1.jpeg?fit=600%2C475&ssl=1",600,475,true],"woocommerce_gallery_thumbnail":["https:\/\/i0.wp.com\/skygroup.com.ve\/web\/wp-content\/uploads\/2026\/02\/10479_1.jpeg?resize=100%2C100&ssl=1",100,100,true]},"uagb_author_info":{"display_name":"adminweb","author_link":"https:\/\/skygroup.com.ve\/web\/author\/"},"uagb_comment_info":0,"uagb_excerpt":"Sky Group ELITE Vende Apartamento Conjunto Residencial La Roca Urbanizacion Playa El Angel","jetpack_sharing_enabled":true,"_links":{"self":[{"href":"https:\/\/skygroup.com.ve\/web\/wp-json\/wp\/v2\/product\/105850","targetHints":{"allow":["GET"]}}],"collection":[{"href":"https:\/\/skygroup.com.ve\/web\/wp-json\/wp\/v2\/product"}],"about":[{"href":"https:\/\/skygroup.com.ve\/web\/wp-json\/wp\/v2\/types\/product"}],"wp:featuredmedia":[{"embeddable":true,"href":"https:\/\/skygroup.com.ve\/web\/wp-json\/wp\/v2\/media\/105668"}],"wp:attachment":[{"href":"https:\/\/skygroup.com.ve\/web\/wp-json\/wp\/v2\/media?parent=105850"}],"wp:term":[{"taxonomy":"estado","embeddable":true,"href":"https:\/\/skygroup.com.ve\/web\/wp-json\/wp\/v2\/estado?post=105850"},{"taxonomy":"product_brand","embeddable":true,"href":"https:\/\/skygroup.com.ve\/web\/wp-json\/wp\/v2\/product_brand?post=105850"},{"taxonomy":"product_cat","embeddable":true,"href":"https:\/\/skygroup.com.ve\/web\/wp-json\/wp\/v2\/product_cat?post=105850"},{"taxonomy":"product_tag","embeddable":true,"href":"https:\/\/skygroup.com.ve\/web\/wp-json\/wp\/v2\/product_tag?post=105850"}],"curies":[{"name":"wp","href":"https:\/\/api.w.org\/{rel}","templated":true}]}}