{"id":106837,"date":"2026-02-27T08:45:56","date_gmt":"2026-02-27T12:45:56","guid":{"rendered":"https:\/\/skygroup.com.ve\/web\/producto\/vith-045-town-house-en-venta-town-house-altos-de-buenos-aires\/"},"modified":"2026-04-07T20:57:03","modified_gmt":"2026-04-08T00:57:03","slug":"vith-045-town-house-en-venta-town-house-altos-de-buenos-aires","status":"publish","type":"product","link":"https:\/\/skygroup.com.ve\/web\/producto\/vith-045-town-house-en-venta-town-house-altos-de-buenos-aires\/","title":{"rendered":"VITH-045 Town House en Venta Town House Altos De Buenos Aires"},"content":{"rendered":"<p>Altos de Buenos Aires  Townhouse.<br \/>\n200mts  terreno.<br \/>\n150mts\u00b2 de construcci\u00f3n<br \/>\ngaraje interno techado 2 veh\u00edculos<br \/>\nestacionamiento externo 3vehiculos.<br \/>\n3 habitaciones<br \/>\n 3 \u00e1reas en obra gris.<br \/>\n2 1\/2 ba\u00f1os<br \/>\npozo de agua<br \/>\n conjunto privado, vigilancia, circuito cerrado. \u00e1reas de recreaci\u00f3n, \u00e1reas verdes. cerca de hospitales, escuelas, comercios<br \/>\nTinaquillo- Cojedes<br \/>\n60.000<br \/>\nasesor:<br \/>\nRawin Ochoa<br \/>\n04244633192<\/p>\n","protected":false},"excerpt":{"rendered":"<p>Sky Group VISION &#8211; VALENCIA Vende Town House Town House Altos De Buenos Aires<\/p>\n","protected":false},"featured_media":106768,"template":"","meta":{"_acf_changed":false,"_uag_custom_page_level_css":"","site-sidebar-layout":"default","site-content-layout":"","ast-site-content-layout":"default","site-content-style":"default","site-sidebar-style":"default","ast-global-header-display":"","ast-banner-title-visibility":"","ast-main-header-display":"","ast-hfb-above-header-display":"","ast-hfb-below-header-display":"","ast-hfb-mobile-header-display":"","site-post-title":"","ast-breadcrumbs-content":"","ast-featured-img":"","footer-sml-layout":"","ast-disable-related-posts":"","theme-transparent-header-meta":"default","adv-header-id-meta":"","stick-header-meta":"","header-above-stick-meta":"","header-main-stick-meta":"","header-below-stick-meta":"","astra-migrate-meta-layouts":"default","ast-page-background-enabled":"default","ast-page-background-meta":{"desktop":{"background-color":"var(--ast-global-color-4)","background-image":"","background-repeat":"repeat","background-position":"center center","background-size":"auto","background-attachment":"scroll","background-type":"","background-media":"","overlay-type":"","overlay-color":"","overlay-opacity":"","overlay-gradient":""},"tablet":{"background-color":"","background-image":"","background-repeat":"repeat","background-position":"center center","background-size":"auto","background-attachment":"scroll","background-type":"","background-media":"","overlay-type":"","overlay-color":"","overlay-opacity":"","overlay-gradient":""},"mobile":{"background-color":"","background-image":"","background-repeat":"repeat","background-position":"center center","background-size":"auto","background-attachment":"scroll","background-type":"","background-media":"","overlay-type":"","overlay-color":"","overlay-opacity":"","overlay-gradient":""}},"ast-content-background-meta":{"desktop":{"background-color":"var(--ast-global-color-5)","background-image":"","background-repeat":"repeat","background-position":"center center","background-size":"auto","background-attachment":"scroll","background-type":"","background-media":"","overlay-type":"","overlay-color":"","overlay-opacity":"","overlay-gradient":""},"tablet":{"background-color":"var(--ast-global-color-5)","background-image":"","background-repeat":"repeat","background-position":"center center","background-size":"auto","background-attachment":"scroll","background-type":"","background-media":"","overlay-type":"","overlay-color":"","overlay-opacity":"","overlay-gradient":""},"mobile":{"background-color":"var(--ast-global-color-5)","background-image":"","background-repeat":"repeat","background-position":"center center","background-size":"auto","background-attachment":"scroll","background-type":"","background-media":"","overlay-type":"","overlay-color":"","overlay-opacity":"","overlay-gradient":""}},"jetpack_post_was_ever_published":false,"_joinchat":{"telephone":"+584244633192"}},"estado":[],"product_brand":[561],"product_cat":[56],"product_tag":[297],"class_list":{"0":"post-106837","1":"product","2":"type-product","3":"status-publish","4":"has-post-thumbnail","6":"product_brand-vision-valencia","7":"product_cat-town-house","8":"product_tag-null","9":"product_shipping_class-null","10":"pa_asesor-atr-rawin-jose-ochoa-benavente","11":"pa_oficina-atr-vision-valencia","12":"pa_ubicacion-cojedes","13":"desktop-align-left","14":"tablet-align-left","15":"mobile-align-left","17":"first","18":"instock","19":"shipping-taxable","20":"purchasable","21":"product-type-simple"},"acf":[],"uagb_featured_image_src":{"full":["https:\/\/i0.wp.com\/skygroup.com.ve\/web\/wp-content\/uploads\/2026\/02\/10667_1.jpeg?fit=750%2C1000&ssl=1",750,1000,false],"thumbnail":["https:\/\/i0.wp.com\/skygroup.com.ve\/web\/wp-content\/uploads\/2026\/02\/10667_1.jpeg?resize=150%2C150&ssl=1",150,150,true],"medium":["https:\/\/i0.wp.com\/skygroup.com.ve\/web\/wp-content\/uploads\/2026\/02\/10667_1.jpeg?fit=225%2C300&ssl=1",225,300,true],"medium_large":["https:\/\/i0.wp.com\/skygroup.com.ve\/web\/wp-content\/uploads\/2026\/02\/10667_1.jpeg?fit=750%2C1000&ssl=1",750,1000,true],"large":["https:\/\/i0.wp.com\/skygroup.com.ve\/web\/wp-content\/uploads\/2026\/02\/10667_1.jpeg?fit=750%2C1000&ssl=1",750,1000,true],"1536x1536":["https:\/\/i0.wp.com\/skygroup.com.ve\/web\/wp-content\/uploads\/2026\/02\/10667_1.jpeg?fit=750%2C1000&ssl=1",750,1000,true],"2048x2048":["https:\/\/i0.wp.com\/skygroup.com.ve\/web\/wp-content\/uploads\/2026\/02\/10667_1.jpeg?fit=750%2C1000&ssl=1",750,1000,true],"woocommerce_thumbnail":["https:\/\/i0.wp.com\/skygroup.com.ve\/web\/wp-content\/uploads\/2026\/02\/10667_1.jpeg?resize=300%2C300&ssl=1",300,300,true],"woocommerce_single":["https:\/\/i0.wp.com\/skygroup.com.ve\/web\/wp-content\/uploads\/2026\/02\/10667_1.jpeg?fit=600%2C800&ssl=1",600,800,true],"woocommerce_gallery_thumbnail":["https:\/\/i0.wp.com\/skygroup.com.ve\/web\/wp-content\/uploads\/2026\/02\/10667_1.jpeg?resize=100%2C100&ssl=1",100,100,true]},"uagb_author_info":{"display_name":"adminweb","author_link":"https:\/\/skygroup.com.ve\/web\/author\/"},"uagb_comment_info":0,"uagb_excerpt":"Sky Group VISION - VALENCIA Vende Town House Town House Altos De Buenos Aires","jetpack_sharing_enabled":true,"_links":{"self":[{"href":"https:\/\/skygroup.com.ve\/web\/wp-json\/wp\/v2\/product\/106837","targetHints":{"allow":["GET"]}}],"collection":[{"href":"https:\/\/skygroup.com.ve\/web\/wp-json\/wp\/v2\/product"}],"about":[{"href":"https:\/\/skygroup.com.ve\/web\/wp-json\/wp\/v2\/types\/product"}],"wp:featuredmedia":[{"embeddable":true,"href":"https:\/\/skygroup.com.ve\/web\/wp-json\/wp\/v2\/media\/106768"}],"wp:attachment":[{"href":"https:\/\/skygroup.com.ve\/web\/wp-json\/wp\/v2\/media?parent=106837"}],"wp:term":[{"taxonomy":"estado","embeddable":true,"href":"https:\/\/skygroup.com.ve\/web\/wp-json\/wp\/v2\/estado?post=106837"},{"taxonomy":"product_brand","embeddable":true,"href":"https:\/\/skygroup.com.ve\/web\/wp-json\/wp\/v2\/product_brand?post=106837"},{"taxonomy":"product_cat","embeddable":true,"href":"https:\/\/skygroup.com.ve\/web\/wp-json\/wp\/v2\/product_cat?post=106837"},{"taxonomy":"product_tag","embeddable":true,"href":"https:\/\/skygroup.com.ve\/web\/wp-json\/wp\/v2\/product_tag?post=106837"}],"curies":[{"name":"wp","href":"https:\/\/api.w.org\/{rel}","templated":true}]}}