{"id":108191,"date":"2026-03-12T10:03:14","date_gmt":"2026-03-12T14:03:14","guid":{"rendered":"https:\/\/skygroup.com.ve\/web\/producto\/viba-006-apartamento-en-venta-c-r-entremares-lecheria\/"},"modified":"2026-04-07T20:57:23","modified_gmt":"2026-04-08T00:57:23","slug":"viba-006-apartamento-en-venta-c-r-entremares-lecheria","status":"publish","type":"product","link":"https:\/\/skygroup.com.ve\/web\/producto\/viba-006-apartamento-en-venta-c-r-entremares-lecheria\/","title":{"rendered":"VIBA-006 Apartamento en Venta C. R. Entremares Lecheria"},"content":{"rendered":"<p>El Conjunto Residencial Entremares es uno de los complejos de apartamentos m\u00e1s modernos y buscados en Lecher\u00eda, estado Anzo\u00e1tegui. Se encuentra estrat\u00e9gicamente ubicado en el Boulevard Los Canales (sector Av. Am\u00e9rico Vespucio), una de las zonas de mayor revalorizaci\u00f3n y atractivo tur\u00edstico de la ciudad.<br \/>\nEste apartamento que ofrecemos para la venta esta compuesto de:<br \/>\n1 habitacion<br \/>\n1 ba\u00f1o<br \/>\nsala comedor cocina de concepto abierto<br \/>\ncocina empotrada y equipada, aire acondicionado.<br \/>\nRemodelado con acabados de primera. No se vende amoblado.<br \/>\nAmenidades del Conjunto<br \/>\nEl conjunto destaca por sus \u00e1reas sociales bien mantenidas y su seguridad:<\/p>\n<p>Acceso Directo a la Playa: Es uno de sus mayores atractivos, permitiendo a los residentes disfrutar del mar sin salir del complejo.<\/p>\n<p>Piscina: Cuenta con una amplia piscina para adultos y ni\u00f1os.<\/p>\n<p>\u00c1reas Sociales: Dispone de caney, \u00e1reas de parrilleras y caminer\u00edas rodeadas de jardines.<\/p>\n<p>Seguridad: Vigilancia privada las 24 horas y control de acceso.<\/p>\n<p>Servicios Adicionales: Tanque de agua de gran capacidad y puestos de estacionamiento para visitantes.<br \/>\nQuiere conocer este inmueble?<br \/>\nAgende una cita con nostros a traves de nuestro numero de contacto.<\/p>\n","protected":false},"excerpt":{"rendered":"<p>Sky Group VISION &#8211; BARCELONA Vende Apartamento C. R. Entremares Lecheria<\/p>\n","protected":false},"featured_media":108146,"template":"","meta":{"_acf_changed":false,"_uag_custom_page_level_css":"","site-sidebar-layout":"default","site-content-layout":"","ast-site-content-layout":"default","site-content-style":"default","site-sidebar-style":"default","ast-global-header-display":"","ast-banner-title-visibility":"","ast-main-header-display":"","ast-hfb-above-header-display":"","ast-hfb-below-header-display":"","ast-hfb-mobile-header-display":"","site-post-title":"","ast-breadcrumbs-content":"","ast-featured-img":"","footer-sml-layout":"","ast-disable-related-posts":"","theme-transparent-header-meta":"default","adv-header-id-meta":"","stick-header-meta":"","header-above-stick-meta":"","header-main-stick-meta":"","header-below-stick-meta":"","astra-migrate-meta-layouts":"default","ast-page-background-enabled":"default","ast-page-background-meta":{"desktop":{"background-color":"var(--ast-global-color-4)","background-image":"","background-repeat":"repeat","background-position":"center center","background-size":"auto","background-attachment":"scroll","background-type":"","background-media":"","overlay-type":"","overlay-color":"","overlay-opacity":"","overlay-gradient":""},"tablet":{"background-color":"","background-image":"","background-repeat":"repeat","background-position":"center center","background-size":"auto","background-attachment":"scroll","background-type":"","background-media":"","overlay-type":"","overlay-color":"","overlay-opacity":"","overlay-gradient":""},"mobile":{"background-color":"","background-image":"","background-repeat":"repeat","background-position":"center center","background-size":"auto","background-attachment":"scroll","background-type":"","background-media":"","overlay-type":"","overlay-color":"","overlay-opacity":"","overlay-gradient":""}},"ast-content-background-meta":{"desktop":{"background-color":"var(--ast-global-color-5)","background-image":"","background-repeat":"repeat","background-position":"center center","background-size":"auto","background-attachment":"scroll","background-type":"","background-media":"","overlay-type":"","overlay-color":"","overlay-opacity":"","overlay-gradient":""},"tablet":{"background-color":"var(--ast-global-color-5)","background-image":"","background-repeat":"repeat","background-position":"center center","background-size":"auto","background-attachment":"scroll","background-type":"","background-media":"","overlay-type":"","overlay-color":"","overlay-opacity":"","overlay-gradient":""},"mobile":{"background-color":"var(--ast-global-color-5)","background-image":"","background-repeat":"repeat","background-position":"center center","background-size":"auto","background-attachment":"scroll","background-type":"","background-media":"","overlay-type":"","overlay-color":"","overlay-opacity":"","overlay-gradient":""}},"jetpack_post_was_ever_published":false,"_joinchat":{"telephone":"+584248773791"}},"estado":[],"product_brand":[562],"product_cat":[26],"product_tag":[297],"class_list":{"0":"post-108191","1":"product","2":"type-product","3":"status-publish","4":"has-post-thumbnail","6":"product_brand-vision-barcelona","7":"product_cat-apartamento","8":"product_tag-null","9":"product_shipping_class-null","10":"pa_asesor-atr-carbet-carolina-velasquez-de-zambrano","11":"pa_oficina-atr-vision-barcelona","12":"pa_ubicacion-anzoategui","13":"desktop-align-left","14":"tablet-align-left","15":"mobile-align-left","17":"first","18":"instock","19":"shipping-taxable","20":"purchasable","21":"product-type-simple"},"acf":[],"uagb_featured_image_src":{"full":["https:\/\/i0.wp.com\/skygroup.com.ve\/web\/wp-content\/uploads\/2026\/03\/10775_1.jpeg?fit=1080%2C810&ssl=1",1080,810,false],"thumbnail":["https:\/\/i0.wp.com\/skygroup.com.ve\/web\/wp-content\/uploads\/2026\/03\/10775_1.jpeg?resize=150%2C150&ssl=1",150,150,true],"medium":["https:\/\/i0.wp.com\/skygroup.com.ve\/web\/wp-content\/uploads\/2026\/03\/10775_1.jpeg?fit=300%2C225&ssl=1",300,225,true],"medium_large":["https:\/\/i0.wp.com\/skygroup.com.ve\/web\/wp-content\/uploads\/2026\/03\/10775_1.jpeg?fit=768%2C576&ssl=1",768,576,true],"large":["https:\/\/i0.wp.com\/skygroup.com.ve\/web\/wp-content\/uploads\/2026\/03\/10775_1.jpeg?fit=1024%2C768&ssl=1",1024,768,true],"1536x1536":["https:\/\/i0.wp.com\/skygroup.com.ve\/web\/wp-content\/uploads\/2026\/03\/10775_1.jpeg?fit=1080%2C810&ssl=1",1080,810,true],"2048x2048":["https:\/\/i0.wp.com\/skygroup.com.ve\/web\/wp-content\/uploads\/2026\/03\/10775_1.jpeg?fit=1080%2C810&ssl=1",1080,810,true],"woocommerce_thumbnail":["https:\/\/i0.wp.com\/skygroup.com.ve\/web\/wp-content\/uploads\/2026\/03\/10775_1.jpeg?resize=300%2C300&ssl=1",300,300,true],"woocommerce_single":["https:\/\/i0.wp.com\/skygroup.com.ve\/web\/wp-content\/uploads\/2026\/03\/10775_1.jpeg?fit=600%2C450&ssl=1",600,450,true],"woocommerce_gallery_thumbnail":["https:\/\/i0.wp.com\/skygroup.com.ve\/web\/wp-content\/uploads\/2026\/03\/10775_1.jpeg?resize=100%2C100&ssl=1",100,100,true]},"uagb_author_info":{"display_name":"adminweb","author_link":"https:\/\/skygroup.com.ve\/web\/author\/"},"uagb_comment_info":0,"uagb_excerpt":"Sky Group VISION - BARCELONA Vende Apartamento C. R. Entremares Lecheria","jetpack_sharing_enabled":true,"_links":{"self":[{"href":"https:\/\/skygroup.com.ve\/web\/wp-json\/wp\/v2\/product\/108191","targetHints":{"allow":["GET"]}}],"collection":[{"href":"https:\/\/skygroup.com.ve\/web\/wp-json\/wp\/v2\/product"}],"about":[{"href":"https:\/\/skygroup.com.ve\/web\/wp-json\/wp\/v2\/types\/product"}],"wp:featuredmedia":[{"embeddable":true,"href":"https:\/\/skygroup.com.ve\/web\/wp-json\/wp\/v2\/media\/108146"}],"wp:attachment":[{"href":"https:\/\/skygroup.com.ve\/web\/wp-json\/wp\/v2\/media?parent=108191"}],"wp:term":[{"taxonomy":"estado","embeddable":true,"href":"https:\/\/skygroup.com.ve\/web\/wp-json\/wp\/v2\/estado?post=108191"},{"taxonomy":"product_brand","embeddable":true,"href":"https:\/\/skygroup.com.ve\/web\/wp-json\/wp\/v2\/product_brand?post=108191"},{"taxonomy":"product_cat","embeddable":true,"href":"https:\/\/skygroup.com.ve\/web\/wp-json\/wp\/v2\/product_cat?post=108191"},{"taxonomy":"product_tag","embeddable":true,"href":"https:\/\/skygroup.com.ve\/web\/wp-json\/wp\/v2\/product_tag?post=108191"}],"curies":[{"name":"wp","href":"https:\/\/api.w.org\/{rel}","templated":true}]}}