{"id":108801,"date":"2026-03-18T09:21:14","date_gmt":"2026-03-18T13:21:14","guid":{"rendered":"https:\/\/skygroup.com.ve\/web\/producto\/elph-149-pent-house-en-venta-conjunto-residencias-playa-dorada-boca-de-aroa-falcon\/"},"modified":"2026-04-07T20:57:30","modified_gmt":"2026-04-08T00:57:30","slug":"elph-149-pent-house-en-venta-conjunto-residencias-playa-dorada-boca-de-aroa-falcon","status":"publish","type":"product","link":"https:\/\/skygroup.com.ve\/web\/producto\/elph-149-pent-house-en-venta-conjunto-residencias-playa-dorada-boca-de-aroa-falcon\/","title":{"rendered":"ELPH-149 Pent House en Venta Conjunto Residencias Playa Dorada, Boca De Aroa, Falcon"},"content":{"rendered":"<p>SKY GROUP ELEGANCE VENDE PENT HOUSE DUPLEX TORRE A, DEL CONJUNTO RESIDENCIAS PLAYA DORADA, BOCA DE AROA, ESTADO FALCON.<\/p>\n<p> Conjunto Residencial vacacional est\u00e1 compuesto por 2 torres de edificios con fachada de tablilla, lo que le permite mantenerse siempre en perfecto estado, protegiendo sus paredes y estructura, libre de moho y una limpia, agradable y vistosa apariencia. <\/p>\n<p>El conjunto posee piscina con tobog\u00e1n para adultos y ni\u00f1os, caney, cancha de usos m\u00faltiples, peque\u00f1o bodeg\u00f3n surtido con los principales  productos de consumo masivo, servicio de comida a solicitud, hermosas \u00e1reas verdes,  ascensores operativos, se encuentra a la orilla del mar, con salida a la extensa playa y disponibilidad de una cancha de bolas criollas a la sombra de palmeras y adem\u00e1s, tiene planta el\u00e9ctrica al 100% para \u00e1reas comunes<br \/>\nse surte de agua de pozo y por acueducto y adicionalmente<br \/>\ntiene un tanque de agua subterr\u00e0neo de 300.000 litros<br \/>\nvigilancia 24\/7, excelente condominio, maravilloso y amable personal de mantenimiento dispuesto a servirle durante su estad\u00eda en la propiedad.<\/p>\n<p>El PENTHOUSE consta:<br \/>\n4 Habitaciones<br \/>\n4 Ba\u00f1os<br \/>\n1 Puesto de Estacionamiento<br \/>\nSala-cocina-comedor<br \/>\n1 Espectacular terraza abierta sin techar donde usted puede disfrutar de espectaculares amaneceres y salidas o puestas del sol. <\/p>\n<p>Ver llegar a la orilla de playa a los pescadores en sus pe\u00f1eros con la pesca del d\u00eda y adquirir variedades de frutos del mar. Ejercitarse pl\u00e1cidamente en los kil\u00f3metros de playa libre, mientras observa las aves marinas. El PENTHOUSE, queda con algunos muebles y enseres, si usted lo prefiere as\u00ed o redecorar a su gusto con todo nuevo.<\/p>\n","protected":false},"excerpt":{"rendered":"<p>Sky Group ELEGANCE &#8211; VALENCIA Vende Pent House Conjunto Residencias Playa Dorada, Boca De Aroa, Falcon<\/p>\n","protected":false},"featured_media":108587,"template":"","meta":{"_acf_changed":false,"_uag_custom_page_level_css":"","site-sidebar-layout":"default","site-content-layout":"","ast-site-content-layout":"default","site-content-style":"default","site-sidebar-style":"default","ast-global-header-display":"","ast-banner-title-visibility":"","ast-main-header-display":"","ast-hfb-above-header-display":"","ast-hfb-below-header-display":"","ast-hfb-mobile-header-display":"","site-post-title":"","ast-breadcrumbs-content":"","ast-featured-img":"","footer-sml-layout":"","ast-disable-related-posts":"","theme-transparent-header-meta":"default","adv-header-id-meta":"","stick-header-meta":"","header-above-stick-meta":"","header-main-stick-meta":"","header-below-stick-meta":"","astra-migrate-meta-layouts":"default","ast-page-background-enabled":"default","ast-page-background-meta":{"desktop":{"background-color":"var(--ast-global-color-4)","background-image":"","background-repeat":"repeat","background-position":"center center","background-size":"auto","background-attachment":"scroll","background-type":"","background-media":"","overlay-type":"","overlay-color":"","overlay-opacity":"","overlay-gradient":""},"tablet":{"background-color":"","background-image":"","background-repeat":"repeat","background-position":"center center","background-size":"auto","background-attachment":"scroll","background-type":"","background-media":"","overlay-type":"","overlay-color":"","overlay-opacity":"","overlay-gradient":""},"mobile":{"background-color":"","background-image":"","background-repeat":"repeat","background-position":"center center","background-size":"auto","background-attachment":"scroll","background-type":"","background-media":"","overlay-type":"","overlay-color":"","overlay-opacity":"","overlay-gradient":""}},"ast-content-background-meta":{"desktop":{"background-color":"var(--ast-global-color-5)","background-image":"","background-repeat":"repeat","background-position":"center center","background-size":"auto","background-attachment":"scroll","background-type":"","background-media":"","overlay-type":"","overlay-color":"","overlay-opacity":"","overlay-gradient":""},"tablet":{"background-color":"var(--ast-global-color-5)","background-image":"","background-repeat":"repeat","background-position":"center center","background-size":"auto","background-attachment":"scroll","background-type":"","background-media":"","overlay-type":"","overlay-color":"","overlay-opacity":"","overlay-gradient":""},"mobile":{"background-color":"var(--ast-global-color-5)","background-image":"","background-repeat":"repeat","background-position":"center center","background-size":"auto","background-attachment":"scroll","background-type":"","background-media":"","overlay-type":"","overlay-color":"","overlay-opacity":"","overlay-gradient":""}},"jetpack_post_was_ever_published":false,"_joinchat":{"telephone":"+584145935923"}},"estado":[],"product_brand":[563],"product_cat":[58],"product_tag":[297],"class_list":{"0":"post-108801","1":"product","2":"type-product","3":"status-publish","4":"has-post-thumbnail","6":"product_brand-elegance-valencia","7":"product_cat-pent-house","8":"product_tag-null","9":"product_shipping_class-null","10":"pa_asesor-atr-zaida-rosa-gomez-de-aponte","11":"pa_oficina-atr-elegance-valencia-2","12":"pa_ubicacion-falcon","13":"desktop-align-left","14":"tablet-align-left","15":"mobile-align-left","17":"first","18":"instock","19":"shipping-taxable","20":"purchasable","21":"product-type-simple"},"acf":[],"uagb_featured_image_src":{"full":["https:\/\/i0.wp.com\/skygroup.com.ve\/web\/wp-content\/uploads\/2026\/03\/9143_2.jpeg?fit=1080%2C600&ssl=1",1080,600,false],"thumbnail":["https:\/\/i0.wp.com\/skygroup.com.ve\/web\/wp-content\/uploads\/2026\/03\/9143_2.jpeg?resize=150%2C150&ssl=1",150,150,true],"medium":["https:\/\/i0.wp.com\/skygroup.com.ve\/web\/wp-content\/uploads\/2026\/03\/9143_2.jpeg?fit=300%2C167&ssl=1",300,167,true],"medium_large":["https:\/\/i0.wp.com\/skygroup.com.ve\/web\/wp-content\/uploads\/2026\/03\/9143_2.jpeg?fit=768%2C427&ssl=1",768,427,true],"large":["https:\/\/i0.wp.com\/skygroup.com.ve\/web\/wp-content\/uploads\/2026\/03\/9143_2.jpeg?fit=1024%2C569&ssl=1",1024,569,true],"1536x1536":["https:\/\/i0.wp.com\/skygroup.com.ve\/web\/wp-content\/uploads\/2026\/03\/9143_2.jpeg?fit=1080%2C600&ssl=1",1080,600,true],"2048x2048":["https:\/\/i0.wp.com\/skygroup.com.ve\/web\/wp-content\/uploads\/2026\/03\/9143_2.jpeg?fit=1080%2C600&ssl=1",1080,600,true],"woocommerce_thumbnail":["https:\/\/i0.wp.com\/skygroup.com.ve\/web\/wp-content\/uploads\/2026\/03\/9143_2.jpeg?resize=300%2C300&ssl=1",300,300,true],"woocommerce_single":["https:\/\/i0.wp.com\/skygroup.com.ve\/web\/wp-content\/uploads\/2026\/03\/9143_2.jpeg?fit=600%2C333&ssl=1",600,333,true],"woocommerce_gallery_thumbnail":["https:\/\/i0.wp.com\/skygroup.com.ve\/web\/wp-content\/uploads\/2026\/03\/9143_2.jpeg?resize=100%2C100&ssl=1",100,100,true]},"uagb_author_info":{"display_name":"adminweb","author_link":"https:\/\/skygroup.com.ve\/web\/author\/"},"uagb_comment_info":0,"uagb_excerpt":"Sky Group ELEGANCE - VALENCIA Vende Pent House Conjunto Residencias Playa Dorada, Boca De Aroa, Falcon","jetpack_sharing_enabled":true,"_links":{"self":[{"href":"https:\/\/skygroup.com.ve\/web\/wp-json\/wp\/v2\/product\/108801","targetHints":{"allow":["GET"]}}],"collection":[{"href":"https:\/\/skygroup.com.ve\/web\/wp-json\/wp\/v2\/product"}],"about":[{"href":"https:\/\/skygroup.com.ve\/web\/wp-json\/wp\/v2\/types\/product"}],"wp:featuredmedia":[{"embeddable":true,"href":"https:\/\/skygroup.com.ve\/web\/wp-json\/wp\/v2\/media\/108587"}],"wp:attachment":[{"href":"https:\/\/skygroup.com.ve\/web\/wp-json\/wp\/v2\/media?parent=108801"}],"wp:term":[{"taxonomy":"estado","embeddable":true,"href":"https:\/\/skygroup.com.ve\/web\/wp-json\/wp\/v2\/estado?post=108801"},{"taxonomy":"product_brand","embeddable":true,"href":"https:\/\/skygroup.com.ve\/web\/wp-json\/wp\/v2\/product_brand?post=108801"},{"taxonomy":"product_cat","embeddable":true,"href":"https:\/\/skygroup.com.ve\/web\/wp-json\/wp\/v2\/product_cat?post=108801"},{"taxonomy":"product_tag","embeddable":true,"href":"https:\/\/skygroup.com.ve\/web\/wp-json\/wp\/v2\/product_tag?post=108801"}],"curies":[{"name":"wp","href":"https:\/\/api.w.org\/{rel}","templated":true}]}}