{"id":112013,"date":"2026-04-06T18:15:28","date_gmt":"2026-04-06T22:15:28","guid":{"rendered":"https:\/\/skygroup.com.ve\/web\/producto\/plt-327-terreno-en-venta-en-santa-irene\/"},"modified":"2026-04-06T18:15:29","modified_gmt":"2026-04-06T22:15:29","slug":"plt-327-terreno-en-venta-en-santa-irene","status":"publish","type":"product","link":"https:\/\/skygroup.com.ve\/web\/producto\/plt-327-terreno-en-venta-en-santa-irene\/","title":{"rendered":"PLT-327 Terreno en Venta En Santa Irene"},"content":{"rendered":"<p>Sky Group Platinum Vende<br \/>\nEl Epicentro de los Negocios en Santa Irene<br \/>\nNo es simplemente un terreno de 2.283,75 m\u00b2; es el \u00faltimo gran enclave estrat\u00e9gico en el nodo m\u00e1s vibrante de la zona. En un mercado donde la ubicaci\u00f3n lo es todo, esta propiedad se erige como un lienzo de alto impacto para quienes buscan consolidar su marca o proyecto en el coraz\u00f3n del flujo comercial.<br \/>\nAqu\u00ed, la visibilidad es natural y la plusval\u00eda es una certeza. Es el espacio donde la arquitectura moderna y la rentabilidad convergen para dar vida al pr\u00f3ximo icono de la ciudad.<br \/>\nDonde puedes desarrollar tus proyectos comerciales o residenciales.<br \/>\nEn bienes ra\u00edces, el valor se mide en metros, pero el \u00e9xito se mide en ubicaci\u00f3n. Aqu\u00ed tienes ambos.<\/p>\n","protected":false},"excerpt":{"rendered":"<p>Sky Group PLATINUM Vende Terreno En Santa Irene<\/p>\n","protected":false},"featured_media":111974,"template":"","meta":{"_acf_changed":false,"_uag_custom_page_level_css":"","site-sidebar-layout":"default","site-content-layout":"","ast-site-content-layout":"default","site-content-style":"default","site-sidebar-style":"default","ast-global-header-display":"","ast-banner-title-visibility":"","ast-main-header-display":"","ast-hfb-above-header-display":"","ast-hfb-below-header-display":"","ast-hfb-mobile-header-display":"","site-post-title":"","ast-breadcrumbs-content":"","ast-featured-img":"","footer-sml-layout":"","ast-disable-related-posts":"","theme-transparent-header-meta":"default","adv-header-id-meta":"","stick-header-meta":"","header-above-stick-meta":"","header-main-stick-meta":"","header-below-stick-meta":"","astra-migrate-meta-layouts":"default","ast-page-background-enabled":"default","ast-page-background-meta":{"desktop":{"background-color":"var(--ast-global-color-4)","background-image":"","background-repeat":"repeat","background-position":"center center","background-size":"auto","background-attachment":"scroll","background-type":"","background-media":"","overlay-type":"","overlay-color":"","overlay-opacity":"","overlay-gradient":""},"tablet":{"background-color":"","background-image":"","background-repeat":"repeat","background-position":"center center","background-size":"auto","background-attachment":"scroll","background-type":"","background-media":"","overlay-type":"","overlay-color":"","overlay-opacity":"","overlay-gradient":""},"mobile":{"background-color":"","background-image":"","background-repeat":"repeat","background-position":"center center","background-size":"auto","background-attachment":"scroll","background-type":"","background-media":"","overlay-type":"","overlay-color":"","overlay-opacity":"","overlay-gradient":""}},"ast-content-background-meta":{"desktop":{"background-color":"var(--ast-global-color-5)","background-image":"","background-repeat":"repeat","background-position":"center center","background-size":"auto","background-attachment":"scroll","background-type":"","background-media":"","overlay-type":"","overlay-color":"","overlay-opacity":"","overlay-gradient":""},"tablet":{"background-color":"var(--ast-global-color-5)","background-image":"","background-repeat":"repeat","background-position":"center center","background-size":"auto","background-attachment":"scroll","background-type":"","background-media":"","overlay-type":"","overlay-color":"","overlay-opacity":"","overlay-gradient":""},"mobile":{"background-color":"var(--ast-global-color-5)","background-image":"","background-repeat":"repeat","background-position":"center center","background-size":"auto","background-attachment":"scroll","background-type":"","background-media":"","overlay-type":"","overlay-color":"","overlay-opacity":"","overlay-gradient":""}},"jetpack_post_was_ever_published":false,"_joinchat":{"telephone":"+584121007616"}},"estado":[],"product_brand":[557],"product_cat":[53],"product_tag":[297],"class_list":{"0":"post-112013","1":"product","2":"type-product","3":"status-publish","4":"has-post-thumbnail","6":"product_brand-platinum","7":"product_cat-terreno","8":"product_tag-null","9":"product_shipping_class-null","10":"pa_asesor-atr-fabiola-josefina-ventura-revilla","11":"pa_oficina-atr-platinum","12":"pa_ubicacion-falcon","13":"desktop-align-left","14":"tablet-align-left","15":"mobile-align-left","17":"first","18":"instock","19":"shipping-taxable","20":"purchasable","21":"product-type-simple"},"acf":[],"uagb_featured_image_src":{"full":["https:\/\/i0.wp.com\/skygroup.com.ve\/web\/wp-content\/uploads\/2026\/04\/11021_1.jpeg?fit=1041%2C781&ssl=1",1041,781,false],"thumbnail":["https:\/\/i0.wp.com\/skygroup.com.ve\/web\/wp-content\/uploads\/2026\/04\/11021_1.jpeg?resize=150%2C150&ssl=1",150,150,true],"medium":["https:\/\/i0.wp.com\/skygroup.com.ve\/web\/wp-content\/uploads\/2026\/04\/11021_1.jpeg?fit=300%2C225&ssl=1",300,225,true],"medium_large":["https:\/\/i0.wp.com\/skygroup.com.ve\/web\/wp-content\/uploads\/2026\/04\/11021_1.jpeg?fit=768%2C576&ssl=1",768,576,true],"large":["https:\/\/i0.wp.com\/skygroup.com.ve\/web\/wp-content\/uploads\/2026\/04\/11021_1.jpeg?fit=1024%2C768&ssl=1",1024,768,true],"1536x1536":["https:\/\/i0.wp.com\/skygroup.com.ve\/web\/wp-content\/uploads\/2026\/04\/11021_1.jpeg?fit=1041%2C781&ssl=1",1041,781,true],"2048x2048":["https:\/\/i0.wp.com\/skygroup.com.ve\/web\/wp-content\/uploads\/2026\/04\/11021_1.jpeg?fit=1041%2C781&ssl=1",1041,781,true],"woocommerce_thumbnail":["https:\/\/i0.wp.com\/skygroup.com.ve\/web\/wp-content\/uploads\/2026\/04\/11021_1.jpeg?resize=300%2C300&ssl=1",300,300,true],"woocommerce_single":["https:\/\/i0.wp.com\/skygroup.com.ve\/web\/wp-content\/uploads\/2026\/04\/11021_1.jpeg?fit=600%2C450&ssl=1",600,450,true],"woocommerce_gallery_thumbnail":["https:\/\/i0.wp.com\/skygroup.com.ve\/web\/wp-content\/uploads\/2026\/04\/11021_1.jpeg?resize=100%2C100&ssl=1",100,100,true]},"uagb_author_info":{"display_name":"adminweb","author_link":"https:\/\/skygroup.com.ve\/web\/author\/"},"uagb_comment_info":0,"uagb_excerpt":"Sky Group PLATINUM Vende Terreno En Santa Irene","jetpack_sharing_enabled":true,"_links":{"self":[{"href":"https:\/\/skygroup.com.ve\/web\/wp-json\/wp\/v2\/product\/112013","targetHints":{"allow":["GET"]}}],"collection":[{"href":"https:\/\/skygroup.com.ve\/web\/wp-json\/wp\/v2\/product"}],"about":[{"href":"https:\/\/skygroup.com.ve\/web\/wp-json\/wp\/v2\/types\/product"}],"wp:featuredmedia":[{"embeddable":true,"href":"https:\/\/skygroup.com.ve\/web\/wp-json\/wp\/v2\/media\/111974"}],"wp:attachment":[{"href":"https:\/\/skygroup.com.ve\/web\/wp-json\/wp\/v2\/media?parent=112013"}],"wp:term":[{"taxonomy":"estado","embeddable":true,"href":"https:\/\/skygroup.com.ve\/web\/wp-json\/wp\/v2\/estado?post=112013"},{"taxonomy":"product_brand","embeddable":true,"href":"https:\/\/skygroup.com.ve\/web\/wp-json\/wp\/v2\/product_brand?post=112013"},{"taxonomy":"product_cat","embeddable":true,"href":"https:\/\/skygroup.com.ve\/web\/wp-json\/wp\/v2\/product_cat?post=112013"},{"taxonomy":"product_tag","embeddable":true,"href":"https:\/\/skygroup.com.ve\/web\/wp-json\/wp\/v2\/product_tag?post=112013"}],"curies":[{"name":"wp","href":"https:\/\/api.w.org\/{rel}","templated":true}]}}