{"id":112170,"date":"2026-04-09T09:11:49","date_gmt":"2026-04-09T13:11:49","guid":{"rendered":"https:\/\/skygroup.com.ve\/web\/producto\/elbc-621-casa-en-venta-en-conjunto-residencial-divina-pastora-distribuidor-valle-hondo-avenida-riberena-casa-h\/"},"modified":"2026-04-09T09:12:23","modified_gmt":"2026-04-09T13:12:23","slug":"elbc-621-casa-en-venta-en-conjunto-residencial-divina-pastora-distribuidor-valle-hondo-avenida-riberena-casa-h","status":"publish","type":"product","link":"https:\/\/skygroup.com.ve\/web\/producto\/elbc-621-casa-en-venta-en-conjunto-residencial-divina-pastora-distribuidor-valle-hondo-avenida-riberena-casa-h\/","title":{"rendered":"ELBC-621 Casa en Venta En Conjunto Residencial Divina Pastora.distribuidor Valle Hondo.avenida Ribere\u00f1a Casa H"},"content":{"rendered":"<p>$.70.000<\/p>\n<p>???? Sky Group Elegance, vende hermosa casa de dos niveles en Urbanizaci\u00f3n privada Cerca del Parque Negrura ubicada en excelente zona, en una de las Av principales de Cabudare.<\/p>\n<p>* Vigilancia las 24 horas<br \/>\n* 374 MTS. 2<br \/>\n* Porche<br \/>\n* Sala comedor<br \/>\n* 4 habitaciones<br \/>\n* 2 ba\u00f1os<br \/>\n* Cocina empotrada amplia concepto abierto<br \/>\n* \u00c1rea de recreaci\u00f3n para uso m\u00faltiple con muy buena iluminaci\u00f3n.<br \/>\n* Garage techado para 3 veh\u00edculos<br \/>\n* Patio con \u00e1rea de jard\u00edn<br \/>\n* Lavadero<br \/>\n* Tanque de 3.000 lts. Con bomba e hidroneum\u00e1tico<\/p>\n<p>Posee un segundo nivel en obra blanca con un estupendo espacio<br \/>\n* Sala<br \/>\n* Habitaci\u00f3n principal con ba\u00f1o, vestier y terraza<br \/>\n* Adicional terraza con vista a la avenida.<br \/>\n* \u00c1rea para oficina y peque\u00f1o dep\u00f3sito.<\/p>\n","protected":false},"excerpt":{"rendered":"<p>Sky Group ELEGANCE &#8211; BARQUISIMETO Vende Casa En Conjunto Residencial Divina Pastora.distribuidor Valle Hondo.avenida Ribere\u00f1a Casa H<\/p>\n","protected":false},"featured_media":112134,"template":"","meta":{"_acf_changed":false,"_uag_custom_page_level_css":"","site-sidebar-layout":"default","site-content-layout":"","ast-site-content-layout":"default","site-content-style":"default","site-sidebar-style":"default","ast-global-header-display":"","ast-banner-title-visibility":"","ast-main-header-display":"","ast-hfb-above-header-display":"","ast-hfb-below-header-display":"","ast-hfb-mobile-header-display":"","site-post-title":"","ast-breadcrumbs-content":"","ast-featured-img":"","footer-sml-layout":"","ast-disable-related-posts":"","theme-transparent-header-meta":"default","adv-header-id-meta":"","stick-header-meta":"","header-above-stick-meta":"","header-main-stick-meta":"","header-below-stick-meta":"","astra-migrate-meta-layouts":"default","ast-page-background-enabled":"default","ast-page-background-meta":{"desktop":{"background-color":"var(--ast-global-color-4)","background-image":"","background-repeat":"repeat","background-position":"center center","background-size":"auto","background-attachment":"scroll","background-type":"","background-media":"","overlay-type":"","overlay-color":"","overlay-opacity":"","overlay-gradient":""},"tablet":{"background-color":"","background-image":"","background-repeat":"repeat","background-position":"center center","background-size":"auto","background-attachment":"scroll","background-type":"","background-media":"","overlay-type":"","overlay-color":"","overlay-opacity":"","overlay-gradient":""},"mobile":{"background-color":"","background-image":"","background-repeat":"repeat","background-position":"center center","background-size":"auto","background-attachment":"scroll","background-type":"","background-media":"","overlay-type":"","overlay-color":"","overlay-opacity":"","overlay-gradient":""}},"ast-content-background-meta":{"desktop":{"background-color":"var(--ast-global-color-5)","background-image":"","background-repeat":"repeat","background-position":"center center","background-size":"auto","background-attachment":"scroll","background-type":"","background-media":"","overlay-type":"","overlay-color":"","overlay-opacity":"","overlay-gradient":""},"tablet":{"background-color":"var(--ast-global-color-5)","background-image":"","background-repeat":"repeat","background-position":"center center","background-size":"auto","background-attachment":"scroll","background-type":"","background-media":"","overlay-type":"","overlay-color":"","overlay-opacity":"","overlay-gradient":""},"mobile":{"background-color":"var(--ast-global-color-5)","background-image":"","background-repeat":"repeat","background-position":"center center","background-size":"auto","background-attachment":"scroll","background-type":"","background-media":"","overlay-type":"","overlay-color":"","overlay-opacity":"","overlay-gradient":""}},"jetpack_post_was_ever_published":false,"_joinchat":{"telephone":"+584245031884"}},"estado":[],"product_brand":[564],"product_cat":[47],"product_tag":[297],"class_list":{"0":"post-112170","1":"product","2":"type-product","3":"status-publish","4":"has-post-thumbnail","6":"product_brand-elegance-barquisimeto","7":"product_cat-casa","8":"product_tag-null","9":"product_shipping_class-null","10":"pa_asesor-atr-yudit-elizabet-pire-de-escobar","11":"pa_oficina-atr-elegance-barquisimeto","12":"pa_ubicacion-lara","13":"desktop-align-left","14":"tablet-align-left","15":"mobile-align-left","17":"first","18":"instock","19":"shipping-taxable","20":"purchasable","21":"product-type-simple"},"acf":[],"uagb_featured_image_src":{"full":["https:\/\/i0.wp.com\/skygroup.com.ve\/web\/wp-content\/uploads\/2026\/04\/10993_16.jpeg?fit=600%2C800&ssl=1",600,800,false],"thumbnail":["https:\/\/i0.wp.com\/skygroup.com.ve\/web\/wp-content\/uploads\/2026\/04\/10993_16.jpeg?resize=150%2C150&ssl=1",150,150,true],"medium":["https:\/\/i0.wp.com\/skygroup.com.ve\/web\/wp-content\/uploads\/2026\/04\/10993_16.jpeg?fit=225%2C300&ssl=1",225,300,true],"medium_large":["https:\/\/i0.wp.com\/skygroup.com.ve\/web\/wp-content\/uploads\/2026\/04\/10993_16.jpeg?fit=600%2C800&ssl=1",600,800,true],"large":["https:\/\/i0.wp.com\/skygroup.com.ve\/web\/wp-content\/uploads\/2026\/04\/10993_16.jpeg?fit=600%2C800&ssl=1",600,800,true],"1536x1536":["https:\/\/i0.wp.com\/skygroup.com.ve\/web\/wp-content\/uploads\/2026\/04\/10993_16.jpeg?fit=600%2C800&ssl=1",600,800,true],"2048x2048":["https:\/\/i0.wp.com\/skygroup.com.ve\/web\/wp-content\/uploads\/2026\/04\/10993_16.jpeg?fit=600%2C800&ssl=1",600,800,true],"woocommerce_thumbnail":["https:\/\/i0.wp.com\/skygroup.com.ve\/web\/wp-content\/uploads\/2026\/04\/10993_16.jpeg?resize=300%2C300&ssl=1",300,300,true],"woocommerce_single":["https:\/\/i0.wp.com\/skygroup.com.ve\/web\/wp-content\/uploads\/2026\/04\/10993_16.jpeg?fit=600%2C800&ssl=1",600,800,true],"woocommerce_gallery_thumbnail":["https:\/\/i0.wp.com\/skygroup.com.ve\/web\/wp-content\/uploads\/2026\/04\/10993_16.jpeg?resize=100%2C100&ssl=1",100,100,true]},"uagb_author_info":{"display_name":"adminweb","author_link":"https:\/\/skygroup.com.ve\/web\/author\/"},"uagb_comment_info":0,"uagb_excerpt":"Sky Group ELEGANCE - BARQUISIMETO Vende Casa En Conjunto Residencial Divina Pastora.distribuidor Valle Hondo.avenida Ribere\u00f1a Casa H","jetpack_sharing_enabled":true,"_links":{"self":[{"href":"https:\/\/skygroup.com.ve\/web\/wp-json\/wp\/v2\/product\/112170","targetHints":{"allow":["GET"]}}],"collection":[{"href":"https:\/\/skygroup.com.ve\/web\/wp-json\/wp\/v2\/product"}],"about":[{"href":"https:\/\/skygroup.com.ve\/web\/wp-json\/wp\/v2\/types\/product"}],"wp:featuredmedia":[{"embeddable":true,"href":"https:\/\/skygroup.com.ve\/web\/wp-json\/wp\/v2\/media\/112134"}],"wp:attachment":[{"href":"https:\/\/skygroup.com.ve\/web\/wp-json\/wp\/v2\/media?parent=112170"}],"wp:term":[{"taxonomy":"estado","embeddable":true,"href":"https:\/\/skygroup.com.ve\/web\/wp-json\/wp\/v2\/estado?post=112170"},{"taxonomy":"product_brand","embeddable":true,"href":"https:\/\/skygroup.com.ve\/web\/wp-json\/wp\/v2\/product_brand?post=112170"},{"taxonomy":"product_cat","embeddable":true,"href":"https:\/\/skygroup.com.ve\/web\/wp-json\/wp\/v2\/product_cat?post=112170"},{"taxonomy":"product_tag","embeddable":true,"href":"https:\/\/skygroup.com.ve\/web\/wp-json\/wp\/v2\/product_tag?post=112170"}],"curies":[{"name":"wp","href":"https:\/\/api.w.org\/{rel}","templated":true}]}}