{"id":112380,"date":"2026-04-13T09:17:23","date_gmt":"2026-04-13T13:17:23","guid":{"rendered":"https:\/\/skygroup.com.ve\/web\/producto\/inth-285-town-house-en-alquiler-antares-home\/"},"modified":"2026-04-13T09:17:28","modified_gmt":"2026-04-13T13:17:28","slug":"inth-285-town-house-en-alquiler-antares-home","status":"publish","type":"product","link":"https:\/\/skygroup.com.ve\/web\/producto\/inth-285-town-house-en-alquiler-antares-home\/","title":{"rendered":"INTH-285 Town House en Alquiler Antares Home"},"content":{"rendered":"<p>Sky Group Invictus Alquila<\/p>\n<p> TOWNHOUSE DE LUJO EN URB. MA\u00d1ONGO \u2013 en Callej\u00f3n Ma\u00f1ongo, frente a la autopista y AL SAMBIL VALENCIA!<\/p>\n<p> Conjunto exclusivo solo 16 ThowHouse <\/p>\n<p>ELEGANCIA TOTAL EN 3 NIVELES:<\/p>\n<p>&#8211; Sala-Comedor espectacular con techo de doble altura + molduras en escayola.<br \/>\n&#8211; Cocina FULL EQUIPADA, Patio con \u00c1rea de Faena y \u00a1hasta con maletero!.<br \/>\n&#8211; 3 Habitaaciones CON BA\u00d1O PRIVADO (como suites de hotel ). <\/p>\n<p>&#8211; Terraza Techada + Family Room \u00edntimo, balc\u00f3n con vista panor\u00e1mica.<br \/>\n&#8211; \u00a15 Aires Acondicionados! (Olvida el calor).<br \/>\n2 medios ba\u00f1os.<\/p>\n<p> SEGURIDAD Y DETALLES QUE MARCAN LA DIFERENCIA:**<br \/>\nVigilancia 24\/7 + CCTV + Sistema de Alarma (Duerme tranquilo).<br \/>\n Persianas HUNTER DOUGLAS (alta gama) y piso de porcelanato en todos los ambientes.<br \/>\nPozo de Agua.<br \/>\n2 Puestos de Estacionamiento .<br \/>\n5 Puestos para visitantes.<\/p>\n<p>Amarilys Ramirez<\/p>\n","protected":false},"excerpt":{"rendered":"<p>Sky Group INVICTUS Alquila Town House Antares Home<\/p>\n","protected":false},"featured_media":112355,"template":"","meta":{"_acf_changed":false,"_uag_custom_page_level_css":"","site-sidebar-layout":"default","site-content-layout":"","ast-site-content-layout":"default","site-content-style":"default","site-sidebar-style":"default","ast-global-header-display":"","ast-banner-title-visibility":"","ast-main-header-display":"","ast-hfb-above-header-display":"","ast-hfb-below-header-display":"","ast-hfb-mobile-header-display":"","site-post-title":"","ast-breadcrumbs-content":"","ast-featured-img":"","footer-sml-layout":"","ast-disable-related-posts":"","theme-transparent-header-meta":"default","adv-header-id-meta":"","stick-header-meta":"","header-above-stick-meta":"","header-main-stick-meta":"","header-below-stick-meta":"","astra-migrate-meta-layouts":"default","ast-page-background-enabled":"default","ast-page-background-meta":{"desktop":{"background-color":"var(--ast-global-color-4)","background-image":"","background-repeat":"repeat","background-position":"center center","background-size":"auto","background-attachment":"scroll","background-type":"","background-media":"","overlay-type":"","overlay-color":"","overlay-opacity":"","overlay-gradient":""},"tablet":{"background-color":"","background-image":"","background-repeat":"repeat","background-position":"center center","background-size":"auto","background-attachment":"scroll","background-type":"","background-media":"","overlay-type":"","overlay-color":"","overlay-opacity":"","overlay-gradient":""},"mobile":{"background-color":"","background-image":"","background-repeat":"repeat","background-position":"center center","background-size":"auto","background-attachment":"scroll","background-type":"","background-media":"","overlay-type":"","overlay-color":"","overlay-opacity":"","overlay-gradient":""}},"ast-content-background-meta":{"desktop":{"background-color":"var(--ast-global-color-5)","background-image":"","background-repeat":"repeat","background-position":"center center","background-size":"auto","background-attachment":"scroll","background-type":"","background-media":"","overlay-type":"","overlay-color":"","overlay-opacity":"","overlay-gradient":""},"tablet":{"background-color":"var(--ast-global-color-5)","background-image":"","background-repeat":"repeat","background-position":"center center","background-size":"auto","background-attachment":"scroll","background-type":"","background-media":"","overlay-type":"","overlay-color":"","overlay-opacity":"","overlay-gradient":""},"mobile":{"background-color":"var(--ast-global-color-5)","background-image":"","background-repeat":"repeat","background-position":"center center","background-size":"auto","background-attachment":"scroll","background-type":"","background-media":"","overlay-type":"","overlay-color":"","overlay-opacity":"","overlay-gradient":""}},"jetpack_post_was_ever_published":false,"_joinchat":{"telephone":"+584149498422"}},"estado":[],"product_brand":[566],"product_cat":[56],"product_tag":[297],"class_list":{"0":"post-112380","1":"product","2":"type-product","3":"status-publish","4":"has-post-thumbnail","6":"product_brand-invictus","7":"product_cat-town-house","8":"product_tag-null","9":"product_shipping_class-null","10":"pa_asesor-atr-amarilys-de-los-angeles-ramirez-espinoza","11":"pa_oficina-atr-invictus","12":"pa_ubicacion-carabobo","13":"desktop-align-left","14":"tablet-align-left","15":"mobile-align-left","17":"first","18":"instock","19":"shipping-taxable","20":"purchasable","21":"product-type-simple"},"acf":[],"uagb_featured_image_src":{"full":["https:\/\/i0.wp.com\/skygroup.com.ve\/web\/wp-content\/uploads\/2026\/04\/11092_1.jpeg?fit=800%2C800&ssl=1",800,800,false],"thumbnail":["https:\/\/i0.wp.com\/skygroup.com.ve\/web\/wp-content\/uploads\/2026\/04\/11092_1.jpeg?resize=150%2C150&ssl=1",150,150,true],"medium":["https:\/\/i0.wp.com\/skygroup.com.ve\/web\/wp-content\/uploads\/2026\/04\/11092_1.jpeg?fit=300%2C300&ssl=1",300,300,true],"medium_large":["https:\/\/i0.wp.com\/skygroup.com.ve\/web\/wp-content\/uploads\/2026\/04\/11092_1.jpeg?fit=768%2C768&ssl=1",768,768,true],"large":["https:\/\/i0.wp.com\/skygroup.com.ve\/web\/wp-content\/uploads\/2026\/04\/11092_1.jpeg?fit=800%2C800&ssl=1",800,800,true],"1536x1536":["https:\/\/i0.wp.com\/skygroup.com.ve\/web\/wp-content\/uploads\/2026\/04\/11092_1.jpeg?fit=800%2C800&ssl=1",800,800,true],"2048x2048":["https:\/\/i0.wp.com\/skygroup.com.ve\/web\/wp-content\/uploads\/2026\/04\/11092_1.jpeg?fit=800%2C800&ssl=1",800,800,true],"woocommerce_thumbnail":["https:\/\/i0.wp.com\/skygroup.com.ve\/web\/wp-content\/uploads\/2026\/04\/11092_1.jpeg?resize=300%2C300&ssl=1",300,300,true],"woocommerce_single":["https:\/\/i0.wp.com\/skygroup.com.ve\/web\/wp-content\/uploads\/2026\/04\/11092_1.jpeg?fit=600%2C600&ssl=1",600,600,true],"woocommerce_gallery_thumbnail":["https:\/\/i0.wp.com\/skygroup.com.ve\/web\/wp-content\/uploads\/2026\/04\/11092_1.jpeg?resize=100%2C100&ssl=1",100,100,true]},"uagb_author_info":{"display_name":"adminweb","author_link":"https:\/\/skygroup.com.ve\/web\/author\/"},"uagb_comment_info":0,"uagb_excerpt":"Sky Group INVICTUS Alquila Town House Antares Home","jetpack_sharing_enabled":true,"_links":{"self":[{"href":"https:\/\/skygroup.com.ve\/web\/wp-json\/wp\/v2\/product\/112380","targetHints":{"allow":["GET"]}}],"collection":[{"href":"https:\/\/skygroup.com.ve\/web\/wp-json\/wp\/v2\/product"}],"about":[{"href":"https:\/\/skygroup.com.ve\/web\/wp-json\/wp\/v2\/types\/product"}],"wp:featuredmedia":[{"embeddable":true,"href":"https:\/\/skygroup.com.ve\/web\/wp-json\/wp\/v2\/media\/112355"}],"wp:attachment":[{"href":"https:\/\/skygroup.com.ve\/web\/wp-json\/wp\/v2\/media?parent=112380"}],"wp:term":[{"taxonomy":"estado","embeddable":true,"href":"https:\/\/skygroup.com.ve\/web\/wp-json\/wp\/v2\/estado?post=112380"},{"taxonomy":"product_brand","embeddable":true,"href":"https:\/\/skygroup.com.ve\/web\/wp-json\/wp\/v2\/product_brand?post=112380"},{"taxonomy":"product_cat","embeddable":true,"href":"https:\/\/skygroup.com.ve\/web\/wp-json\/wp\/v2\/product_cat?post=112380"},{"taxonomy":"product_tag","embeddable":true,"href":"https:\/\/skygroup.com.ve\/web\/wp-json\/wp\/v2\/product_tag?post=112380"}],"curies":[{"name":"wp","href":"https:\/\/api.w.org\/{rel}","templated":true}]}}