{"id":112468,"date":"2026-04-14T08:48:07","date_gmt":"2026-04-14T12:48:07","guid":{"rendered":"https:\/\/skygroup.com.ve\/web\/producto\/inc-525-casa-en-venta-en-urb-las-morochas-i\/"},"modified":"2026-04-14T08:48:19","modified_gmt":"2026-04-14T12:48:19","slug":"inc-525-casa-en-venta-en-urb-las-morochas-i","status":"publish","type":"product","link":"https:\/\/skygroup.com.ve\/web\/producto\/inc-525-casa-en-venta-en-urb-las-morochas-i\/","title":{"rendered":"INC-525 Casa en Venta En Urb. Las Morochas I"},"content":{"rendered":"<p>SKY GROUP VENDE CASA EN LA URB. MOROCHAS I <\/p>\n<p>\u00c1rea de terreno: 1000 m2.<br \/>\n\u00c1rea de construcci\u00f3n: 202 m2.<\/p>\n<p>Distribuci\u00f3n interna<\/p>\n<p>Sala &#8211; Comedor.<br \/>\nCocina empotrada con tope de granito, equipada.<br \/>\nHabitaci\u00f3n principal con vestier y ba\u00f1o.<br \/>\n2 Habitaciones secundarias con ba\u00f1o.<br \/>\nBa\u00f1o de visitas.<br \/>\n\u00c1rea de faena.<\/p>\n<p>Distribuci\u00f3n externa<\/p>\n<p>2 habitaciones equipadas con ba\u00f1o.<br \/>\n1 habitaci\u00f3n sin ba\u00f1o.<br \/>\n1 habitaci\u00f3n para usos m\u00faltiples con estanter\u00eda.<br \/>\n1 ba\u00f1o para damas<br \/>\n1 ba\u00f1os para caballeros.<br \/>\n3 duchas.<br \/>\n\u00c1rea social con parrillera.<br \/>\nPiscina climatizada.<\/p>\n<p>TOTAL<\/p>\n<p>7 Habitaciones.<br \/>\n8 Ba\u00f1os.<br \/>\n4 Puestos de estacionamiento.<\/p>\n<p>Adem\u00e1s la casa cuenta con:  Aires acondicionados, pisos de porcelanato, planta el\u00e9ctrica, cctv, estacionamiento para 4 veh\u00edculos y un \u00e1rea cercada para jardiner\u00eda y siembra en la parte posterior de la parcela.<\/p>\n<p>INC-525<br \/>\nINVICTUS<\/p>\n<p>Inversion: 250.000$ (USD). Negociable<\/p>\n<p>Ing. Jhanett Pi\u00f1a<br \/>\nAgente inmobiliario<br \/>\nSky Group Invictus<br \/>\n04128303929<\/p>\n","protected":false},"excerpt":{"rendered":"<p>Sky Group INVICTUS Vende Casa En Urb. Las Morochas I <\/p>\n","protected":false},"featured_media":112419,"template":"","meta":{"_acf_changed":false,"_uag_custom_page_level_css":"","site-sidebar-layout":"default","site-content-layout":"","ast-site-content-layout":"default","site-content-style":"default","site-sidebar-style":"default","ast-global-header-display":"","ast-banner-title-visibility":"","ast-main-header-display":"","ast-hfb-above-header-display":"","ast-hfb-below-header-display":"","ast-hfb-mobile-header-display":"","site-post-title":"","ast-breadcrumbs-content":"","ast-featured-img":"","footer-sml-layout":"","ast-disable-related-posts":"","theme-transparent-header-meta":"default","adv-header-id-meta":"","stick-header-meta":"","header-above-stick-meta":"","header-main-stick-meta":"","header-below-stick-meta":"","astra-migrate-meta-layouts":"default","ast-page-background-enabled":"default","ast-page-background-meta":{"desktop":{"background-color":"var(--ast-global-color-4)","background-image":"","background-repeat":"repeat","background-position":"center center","background-size":"auto","background-attachment":"scroll","background-type":"","background-media":"","overlay-type":"","overlay-color":"","overlay-opacity":"","overlay-gradient":""},"tablet":{"background-color":"","background-image":"","background-repeat":"repeat","background-position":"center center","background-size":"auto","background-attachment":"scroll","background-type":"","background-media":"","overlay-type":"","overlay-color":"","overlay-opacity":"","overlay-gradient":""},"mobile":{"background-color":"","background-image":"","background-repeat":"repeat","background-position":"center center","background-size":"auto","background-attachment":"scroll","background-type":"","background-media":"","overlay-type":"","overlay-color":"","overlay-opacity":"","overlay-gradient":""}},"ast-content-background-meta":{"desktop":{"background-color":"var(--ast-global-color-5)","background-image":"","background-repeat":"repeat","background-position":"center center","background-size":"auto","background-attachment":"scroll","background-type":"","background-media":"","overlay-type":"","overlay-color":"","overlay-opacity":"","overlay-gradient":""},"tablet":{"background-color":"var(--ast-global-color-5)","background-image":"","background-repeat":"repeat","background-position":"center center","background-size":"auto","background-attachment":"scroll","background-type":"","background-media":"","overlay-type":"","overlay-color":"","overlay-opacity":"","overlay-gradient":""},"mobile":{"background-color":"var(--ast-global-color-5)","background-image":"","background-repeat":"repeat","background-position":"center center","background-size":"auto","background-attachment":"scroll","background-type":"","background-media":"","overlay-type":"","overlay-color":"","overlay-opacity":"","overlay-gradient":""}},"jetpack_post_was_ever_published":false,"_joinchat":{"telephone":"+584128303929"}},"estado":[],"product_brand":[566],"product_cat":[47],"product_tag":[297],"class_list":{"0":"post-112468","1":"product","2":"type-product","3":"status-publish","4":"has-post-thumbnail","6":"product_brand-invictus","7":"product_cat-casa","8":"product_tag-null","9":"product_shipping_class-null","10":"pa_asesor-atr-jhanett-lourdes-pina-de-cannella","11":"pa_oficina-atr-invictus","12":"pa_ubicacion-carabobo","13":"desktop-align-left","14":"tablet-align-left","15":"mobile-align-left","17":"first","18":"instock","19":"shipping-taxable","20":"purchasable","21":"product-type-simple"},"acf":[],"uagb_featured_image_src":{"full":["https:\/\/i0.wp.com\/skygroup.com.ve\/web\/wp-content\/uploads\/2026\/04\/9920_22.jpeg?fit=1080%2C810&ssl=1",1080,810,false],"thumbnail":["https:\/\/i0.wp.com\/skygroup.com.ve\/web\/wp-content\/uploads\/2026\/04\/9920_22.jpeg?resize=150%2C150&ssl=1",150,150,true],"medium":["https:\/\/i0.wp.com\/skygroup.com.ve\/web\/wp-content\/uploads\/2026\/04\/9920_22.jpeg?fit=300%2C225&ssl=1",300,225,true],"medium_large":["https:\/\/i0.wp.com\/skygroup.com.ve\/web\/wp-content\/uploads\/2026\/04\/9920_22.jpeg?fit=768%2C576&ssl=1",768,576,true],"large":["https:\/\/i0.wp.com\/skygroup.com.ve\/web\/wp-content\/uploads\/2026\/04\/9920_22.jpeg?fit=1024%2C768&ssl=1",1024,768,true],"1536x1536":["https:\/\/i0.wp.com\/skygroup.com.ve\/web\/wp-content\/uploads\/2026\/04\/9920_22.jpeg?fit=1080%2C810&ssl=1",1080,810,true],"2048x2048":["https:\/\/i0.wp.com\/skygroup.com.ve\/web\/wp-content\/uploads\/2026\/04\/9920_22.jpeg?fit=1080%2C810&ssl=1",1080,810,true],"woocommerce_thumbnail":["https:\/\/i0.wp.com\/skygroup.com.ve\/web\/wp-content\/uploads\/2026\/04\/9920_22.jpeg?resize=300%2C300&ssl=1",300,300,true],"woocommerce_single":["https:\/\/i0.wp.com\/skygroup.com.ve\/web\/wp-content\/uploads\/2026\/04\/9920_22.jpeg?fit=600%2C450&ssl=1",600,450,true],"woocommerce_gallery_thumbnail":["https:\/\/i0.wp.com\/skygroup.com.ve\/web\/wp-content\/uploads\/2026\/04\/9920_22.jpeg?resize=100%2C100&ssl=1",100,100,true]},"uagb_author_info":{"display_name":"adminweb","author_link":"https:\/\/skygroup.com.ve\/web\/author\/"},"uagb_comment_info":0,"uagb_excerpt":"Sky Group INVICTUS Vende Casa En Urb. Las Morochas I","jetpack_sharing_enabled":true,"_links":{"self":[{"href":"https:\/\/skygroup.com.ve\/web\/wp-json\/wp\/v2\/product\/112468","targetHints":{"allow":["GET"]}}],"collection":[{"href":"https:\/\/skygroup.com.ve\/web\/wp-json\/wp\/v2\/product"}],"about":[{"href":"https:\/\/skygroup.com.ve\/web\/wp-json\/wp\/v2\/types\/product"}],"wp:featuredmedia":[{"embeddable":true,"href":"https:\/\/skygroup.com.ve\/web\/wp-json\/wp\/v2\/media\/112419"}],"wp:attachment":[{"href":"https:\/\/skygroup.com.ve\/web\/wp-json\/wp\/v2\/media?parent=112468"}],"wp:term":[{"taxonomy":"estado","embeddable":true,"href":"https:\/\/skygroup.com.ve\/web\/wp-json\/wp\/v2\/estado?post=112468"},{"taxonomy":"product_brand","embeddable":true,"href":"https:\/\/skygroup.com.ve\/web\/wp-json\/wp\/v2\/product_brand?post=112468"},{"taxonomy":"product_cat","embeddable":true,"href":"https:\/\/skygroup.com.ve\/web\/wp-json\/wp\/v2\/product_cat?post=112468"},{"taxonomy":"product_tag","embeddable":true,"href":"https:\/\/skygroup.com.ve\/web\/wp-json\/wp\/v2\/product_tag?post=112468"}],"curies":[{"name":"wp","href":"https:\/\/api.w.org\/{rel}","templated":true}]}}