{"id":112736,"date":"2026-04-17T09:43:16","date_gmt":"2026-04-17T13:43:16","guid":{"rendered":"https:\/\/skygroup.com.ve\/web\/producto\/etfc-012-fondo-de-comercio-en-venta-de-oportunidad-comercial-de-complejo-comercial-e-industrial-multifuncional-en-la-quizanda\/"},"modified":"2026-04-17T09:43:56","modified_gmt":"2026-04-17T13:43:56","slug":"etfc-012-fondo-de-comercio-en-venta-de-oportunidad-comercial-de-complejo-comercial-e-industrial-multifuncional-en-la-quizanda","status":"publish","type":"product","link":"https:\/\/skygroup.com.ve\/web\/producto\/etfc-012-fondo-de-comercio-en-venta-de-oportunidad-comercial-de-complejo-comercial-e-industrial-multifuncional-en-la-quizanda\/","title":{"rendered":"ETFC-012 Fondo de Comercio en Venta De Oportunidad Comercial De Complejo Comercial E Industrial Multifuncional En La Quizanda"},"content":{"rendered":"<p>SKY GROUP ELITE VENDE<br \/>\nOportunidad \u00danica de Inversi\u00f3n: Complejo Comercial e Industrial Multifuncional en La Quizanda<br \/>\nUbicado estrat\u00e9gicamente en la Zona Industrial Municipal Norte (La Quizanda), Valencia, presentamos este extraordinario inmueble con un Fondo de Comercio de objeto amplio, ideal para inversionistas que buscan diversificaci\u00f3n y rentabilidad inmediata en un solo lugar.<\/p>\n<p>Este complejo de esquina, situado en la Av. Humberto Celli, cuenta con una infraestructura de primer nivel dise\u00f1ada para operar m\u00faltiples unidades de negocio simult\u00e1neamente.<\/p>\n<p>CARACTER\u00cdSTICAS DEL INMUEBLE:<br \/>\n???? Ubicaci\u00f3n ideal en La Quizanda, Valencia. Esquina estrat\u00e9gica con alto flujo vehicular y f\u00e1cil acceso a la Autopista Regional del Centro.<\/p>\n<p> Terreno: 1.438,00 m\u00b2.<br \/>\n Construcci\u00f3n: Complejo de edificaciones modernas y vers\u00e1tiles.<br \/>\nUnidades de Negocio Integradas:<br \/>\nSector Automotriz:<br \/>\nShowroom para Concesionario de Veh\u00edculos (Edificaci\u00f3n de dos niveles).<br \/>\nTaller mec\u00e1nico especializado con \u00e1rea de Latoner\u00eda y Pintura.<br \/>\nServicio de Autolavado.<br \/>\nVenta de repuestos, cauchos y lubricantes.<br \/>\nSector Retail y Consumo:<br \/>\nBodeg\u00f3n y Licorer\u00eda con permisolog\u00eda completa.<br \/>\nBoutique de ropa y accesorios.<\/p>\n<p>Log\u00edstica de Alto Tr\u00e1fico:<br \/>\nAmplia \u00c1rea de Maniobra con pavimento de concreto armado (20 cm de espesor), dise\u00f1ado para la entrada y salida de veh\u00edculos pesados y de carga.<\/p>\n<p>VALOR AGREGADO DEL FONDO DE COMERCIO:<br \/>\nDocumentaci\u00f3n legal al d\u00eda para tr\u00e1mites ante entes p\u00fablicos y comercio internacional.<br \/>\n Edificaciones en excelente estado de conservaci\u00f3n, listas para operar.<br \/>\nCerramiento perimetral reforzado, todos los servicios b\u00e1sicos y ubicaci\u00f3n en zona industrial consolidada.<\/p>\n<p>Inversi\u00f3n: 2.500.000$<br \/>\n\u00a1Una propiedad, infinitas posibilidades de negocio!<br \/>\nPara m\u00e1s informaci\u00f3n y visitas:<br \/>\nAsesor: Lcda. Dariluz Villanueva Contacto: 0412-2506375<br \/>\n\u200eInstagram y Tiktok: @dariluzv.inmueblessky<br \/>\n\u200eFacebook: Dariluz Villanueva<br \/>\n\u200e<\/p>\n","protected":false},"excerpt":{"rendered":"<p>Sky Group ELITE Vende Fondo de Comercio De Oportunidad Comercial De Complejo Comercial E Industrial Multifuncional En La Quizanda<\/p>\n","protected":false},"featured_media":112647,"template":"","meta":{"_acf_changed":false,"_uag_custom_page_level_css":"","site-sidebar-layout":"default","site-content-layout":"","ast-site-content-layout":"default","site-content-style":"default","site-sidebar-style":"default","ast-global-header-display":"","ast-banner-title-visibility":"","ast-main-header-display":"","ast-hfb-above-header-display":"","ast-hfb-below-header-display":"","ast-hfb-mobile-header-display":"","site-post-title":"","ast-breadcrumbs-content":"","ast-featured-img":"","footer-sml-layout":"","ast-disable-related-posts":"","theme-transparent-header-meta":"default","adv-header-id-meta":"","stick-header-meta":"","header-above-stick-meta":"","header-main-stick-meta":"","header-below-stick-meta":"","astra-migrate-meta-layouts":"default","ast-page-background-enabled":"default","ast-page-background-meta":{"desktop":{"background-color":"var(--ast-global-color-4)","background-image":"","background-repeat":"repeat","background-position":"center center","background-size":"auto","background-attachment":"scroll","background-type":"","background-media":"","overlay-type":"","overlay-color":"","overlay-opacity":"","overlay-gradient":""},"tablet":{"background-color":"","background-image":"","background-repeat":"repeat","background-position":"center center","background-size":"auto","background-attachment":"scroll","background-type":"","background-media":"","overlay-type":"","overlay-color":"","overlay-opacity":"","overlay-gradient":""},"mobile":{"background-color":"","background-image":"","background-repeat":"repeat","background-position":"center center","background-size":"auto","background-attachment":"scroll","background-type":"","background-media":"","overlay-type":"","overlay-color":"","overlay-opacity":"","overlay-gradient":""}},"ast-content-background-meta":{"desktop":{"background-color":"var(--ast-global-color-5)","background-image":"","background-repeat":"repeat","background-position":"center center","background-size":"auto","background-attachment":"scroll","background-type":"","background-media":"","overlay-type":"","overlay-color":"","overlay-opacity":"","overlay-gradient":""},"tablet":{"background-color":"var(--ast-global-color-5)","background-image":"","background-repeat":"repeat","background-position":"center center","background-size":"auto","background-attachment":"scroll","background-type":"","background-media":"","overlay-type":"","overlay-color":"","overlay-opacity":"","overlay-gradient":""},"mobile":{"background-color":"var(--ast-global-color-5)","background-image":"","background-repeat":"repeat","background-position":"center center","background-size":"auto","background-attachment":"scroll","background-type":"","background-media":"","overlay-type":"","overlay-color":"","overlay-opacity":"","overlay-gradient":""}},"jetpack_post_was_ever_published":false,"_joinchat":{"telephone":"+584122506375"}},"estado":[],"product_brand":[567],"product_cat":[50],"product_tag":[297],"class_list":{"0":"post-112736","1":"product","2":"type-product","3":"status-publish","4":"has-post-thumbnail","6":"product_brand-elite","7":"product_cat-fondo-de-comercio","8":"product_tag-null","9":"product_shipping_class-null","10":"pa_asesor-atr-dariluz-del-carmen-lopez-de-villanueva","11":"pa_oficina-atr-elite","12":"pa_ubicacion-carabobo","13":"desktop-align-left","14":"tablet-align-left","15":"mobile-align-left","17":"first","18":"instock","19":"shipping-taxable","20":"purchasable","21":"product-type-simple"},"acf":[],"uagb_featured_image_src":{"full":["https:\/\/i0.wp.com\/skygroup.com.ve\/web\/wp-content\/uploads\/2026\/04\/11063_1.jpeg?fit=800%2C1067&ssl=1",800,1067,false],"thumbnail":["https:\/\/i0.wp.com\/skygroup.com.ve\/web\/wp-content\/uploads\/2026\/04\/11063_1.jpeg?resize=150%2C150&ssl=1",150,150,true],"medium":["https:\/\/i0.wp.com\/skygroup.com.ve\/web\/wp-content\/uploads\/2026\/04\/11063_1.jpeg?fit=225%2C300&ssl=1",225,300,true],"medium_large":["https:\/\/i0.wp.com\/skygroup.com.ve\/web\/wp-content\/uploads\/2026\/04\/11063_1.jpeg?fit=768%2C1024&ssl=1",768,1024,true],"large":["https:\/\/i0.wp.com\/skygroup.com.ve\/web\/wp-content\/uploads\/2026\/04\/11063_1.jpeg?fit=768%2C1024&ssl=1",768,1024,true],"1536x1536":["https:\/\/i0.wp.com\/skygroup.com.ve\/web\/wp-content\/uploads\/2026\/04\/11063_1.jpeg?fit=800%2C1067&ssl=1",800,1067,true],"2048x2048":["https:\/\/i0.wp.com\/skygroup.com.ve\/web\/wp-content\/uploads\/2026\/04\/11063_1.jpeg?fit=800%2C1067&ssl=1",800,1067,true],"woocommerce_thumbnail":["https:\/\/i0.wp.com\/skygroup.com.ve\/web\/wp-content\/uploads\/2026\/04\/11063_1.jpeg?resize=300%2C300&ssl=1",300,300,true],"woocommerce_single":["https:\/\/i0.wp.com\/skygroup.com.ve\/web\/wp-content\/uploads\/2026\/04\/11063_1.jpeg?fit=600%2C800&ssl=1",600,800,true],"woocommerce_gallery_thumbnail":["https:\/\/i0.wp.com\/skygroup.com.ve\/web\/wp-content\/uploads\/2026\/04\/11063_1.jpeg?resize=100%2C100&ssl=1",100,100,true]},"uagb_author_info":{"display_name":"adminweb","author_link":"https:\/\/skygroup.com.ve\/web\/author\/"},"uagb_comment_info":0,"uagb_excerpt":"Sky Group ELITE Vende Fondo de Comercio De Oportunidad Comercial De Complejo Comercial E Industrial Multifuncional En La Quizanda","jetpack_sharing_enabled":true,"_links":{"self":[{"href":"https:\/\/skygroup.com.ve\/web\/wp-json\/wp\/v2\/product\/112736","targetHints":{"allow":["GET"]}}],"collection":[{"href":"https:\/\/skygroup.com.ve\/web\/wp-json\/wp\/v2\/product"}],"about":[{"href":"https:\/\/skygroup.com.ve\/web\/wp-json\/wp\/v2\/types\/product"}],"wp:featuredmedia":[{"embeddable":true,"href":"https:\/\/skygroup.com.ve\/web\/wp-json\/wp\/v2\/media\/112647"}],"wp:attachment":[{"href":"https:\/\/skygroup.com.ve\/web\/wp-json\/wp\/v2\/media?parent=112736"}],"wp:term":[{"taxonomy":"estado","embeddable":true,"href":"https:\/\/skygroup.com.ve\/web\/wp-json\/wp\/v2\/estado?post=112736"},{"taxonomy":"product_brand","embeddable":true,"href":"https:\/\/skygroup.com.ve\/web\/wp-json\/wp\/v2\/product_brand?post=112736"},{"taxonomy":"product_cat","embeddable":true,"href":"https:\/\/skygroup.com.ve\/web\/wp-json\/wp\/v2\/product_cat?post=112736"},{"taxonomy":"product_tag","embeddable":true,"href":"https:\/\/skygroup.com.ve\/web\/wp-json\/wp\/v2\/product_tag?post=112736"}],"curies":[{"name":"wp","href":"https:\/\/api.w.org\/{rel}","templated":true}]}}