{"id":113330,"date":"2026-04-23T09:36:39","date_gmt":"2026-04-23T13:36:39","guid":{"rendered":"https:\/\/skygroup.com.ve\/web\/producto\/elbc-634-casa-en-alquiler-urb-los-naranjos-los-cardones-zona-este-de-barquisimeto\/"},"modified":"2026-04-23T09:36:44","modified_gmt":"2026-04-23T13:36:44","slug":"elbc-634-casa-en-alquiler-urb-los-naranjos-los-cardones-zona-este-de-barquisimeto","status":"publish","type":"product","link":"https:\/\/skygroup.com.ve\/web\/producto\/elbc-634-casa-en-alquiler-urb-los-naranjos-los-cardones-zona-este-de-barquisimeto\/","title":{"rendered":"ELBC-634 Casa en Alquiler Urb Los Naranjos, Los Cardones Zona Este De Barquisimeto"},"content":{"rendered":"<p>Sky Group Elegance Alquila Casa Moderna en urb Los Naranjos *AMOBLADA Y EQUIPADA* ubicada en La Rosaleda conjunto privado con vigilancia privada las 24 horas. <\/p>\n<p>3 habitaciones<br \/>\n4 ba\u00f1os<br \/>\n2p\/e techados <\/p>\n<p>*PLANTA ALTA*<br \/>\n*Habitaci\u00f3n principal con cl\u00f3set, A\/A y ba\u00f1o privado,<br \/>\n*2 habitaciones con cl\u00f3set, A\/A y ba\u00f1o privado cada una<br \/>\nTerraza<\/p>\n<p>*PLANTA BAJA*<br \/>\n*\u00c1reas integradas para sala, comedor y cocina<br \/>\n*Cocina empotrada moderna con encimeras de silestone totalmente equipada, cocina dual a gas y el\u00e9ctrica, horno, nevera y campana<br \/>\n*\u00c1rea de lavander\u00eda<br \/>\n*2 puestos de estacionamiento techados<br \/>\n*Maleteros<\/p>\n<p>*PLUS*<br \/>\n*Paneles solares para garantizar continuidad del servicio el\u00e9ctrico<br \/>\n*Inversor de corriente<br \/>\n*Tanque de agua subterr\u00e1neo de 18.000 lts con hidroneum\u00e1tico<br \/>\n*Filtros suavizadores de agua<\/p>\n<p>*BENEFICIOS DEL CONJUNTO*<br \/>\nTanque de uso com\u00fan para el urbanismo de 250.000 lts<br \/>\nVigilancia privada 24\/7<\/p>\n<p>Excelente ubicaci\u00f3n cercana a centro comerciales y diversos comercios como: panader\u00eda, restaurantes, farmacias, parques recreacionales, tiendas de diversa \u00edndole&#8230;<\/p>\n","protected":false},"excerpt":{"rendered":"<p>Sky Group ELEGANCE &#8211; BARQUISIMETO Alquila Casa Urb Los Naranjos, Los Cardones Zona Este De Barquisimeto<\/p>\n","protected":false},"featured_media":113200,"template":"","meta":{"_acf_changed":false,"_uag_custom_page_level_css":"","site-sidebar-layout":"default","site-content-layout":"","ast-site-content-layout":"default","site-content-style":"default","site-sidebar-style":"default","ast-global-header-display":"","ast-banner-title-visibility":"","ast-main-header-display":"","ast-hfb-above-header-display":"","ast-hfb-below-header-display":"","ast-hfb-mobile-header-display":"","site-post-title":"","ast-breadcrumbs-content":"","ast-featured-img":"","footer-sml-layout":"","ast-disable-related-posts":"","theme-transparent-header-meta":"default","adv-header-id-meta":"","stick-header-meta":"","header-above-stick-meta":"","header-main-stick-meta":"","header-below-stick-meta":"","astra-migrate-meta-layouts":"default","ast-page-background-enabled":"default","ast-page-background-meta":{"desktop":{"background-color":"var(--ast-global-color-4)","background-image":"","background-repeat":"repeat","background-position":"center center","background-size":"auto","background-attachment":"scroll","background-type":"","background-media":"","overlay-type":"","overlay-color":"","overlay-opacity":"","overlay-gradient":""},"tablet":{"background-color":"","background-image":"","background-repeat":"repeat","background-position":"center center","background-size":"auto","background-attachment":"scroll","background-type":"","background-media":"","overlay-type":"","overlay-color":"","overlay-opacity":"","overlay-gradient":""},"mobile":{"background-color":"","background-image":"","background-repeat":"repeat","background-position":"center center","background-size":"auto","background-attachment":"scroll","background-type":"","background-media":"","overlay-type":"","overlay-color":"","overlay-opacity":"","overlay-gradient":""}},"ast-content-background-meta":{"desktop":{"background-color":"var(--ast-global-color-5)","background-image":"","background-repeat":"repeat","background-position":"center center","background-size":"auto","background-attachment":"scroll","background-type":"","background-media":"","overlay-type":"","overlay-color":"","overlay-opacity":"","overlay-gradient":""},"tablet":{"background-color":"var(--ast-global-color-5)","background-image":"","background-repeat":"repeat","background-position":"center center","background-size":"auto","background-attachment":"scroll","background-type":"","background-media":"","overlay-type":"","overlay-color":"","overlay-opacity":"","overlay-gradient":""},"mobile":{"background-color":"var(--ast-global-color-5)","background-image":"","background-repeat":"repeat","background-position":"center center","background-size":"auto","background-attachment":"scroll","background-type":"","background-media":"","overlay-type":"","overlay-color":"","overlay-opacity":"","overlay-gradient":""}},"jetpack_post_was_ever_published":false,"_joinchat":{"telephone":"+584145658844"}},"estado":[],"product_brand":[564],"product_cat":[47],"product_tag":[297],"class_list":{"0":"post-113330","1":"product","2":"type-product","3":"status-publish","4":"has-post-thumbnail","6":"product_brand-elegance-barquisimeto","7":"product_cat-casa","8":"product_tag-null","9":"product_shipping_class-null","10":"pa_asesor-atr-simon-antonio-hernandez-hernandez","11":"pa_oficina-atr-elegance-barquisimeto","12":"pa_ubicacion-lara","13":"desktop-align-left","14":"tablet-align-left","15":"mobile-align-left","17":"first","18":"instock","19":"shipping-taxable","20":"purchasable","21":"product-type-simple"},"acf":[],"uagb_featured_image_src":{"full":["https:\/\/i0.wp.com\/skygroup.com.ve\/web\/wp-content\/uploads\/2026\/04\/11168_3.jpeg?fit=600%2C800&ssl=1",600,800,false],"thumbnail":["https:\/\/i0.wp.com\/skygroup.com.ve\/web\/wp-content\/uploads\/2026\/04\/11168_3.jpeg?resize=150%2C150&ssl=1",150,150,true],"medium":["https:\/\/i0.wp.com\/skygroup.com.ve\/web\/wp-content\/uploads\/2026\/04\/11168_3.jpeg?fit=225%2C300&ssl=1",225,300,true],"medium_large":["https:\/\/i0.wp.com\/skygroup.com.ve\/web\/wp-content\/uploads\/2026\/04\/11168_3.jpeg?fit=600%2C800&ssl=1",600,800,true],"large":["https:\/\/i0.wp.com\/skygroup.com.ve\/web\/wp-content\/uploads\/2026\/04\/11168_3.jpeg?fit=600%2C800&ssl=1",600,800,true],"1536x1536":["https:\/\/i0.wp.com\/skygroup.com.ve\/web\/wp-content\/uploads\/2026\/04\/11168_3.jpeg?fit=600%2C800&ssl=1",600,800,true],"2048x2048":["https:\/\/i0.wp.com\/skygroup.com.ve\/web\/wp-content\/uploads\/2026\/04\/11168_3.jpeg?fit=600%2C800&ssl=1",600,800,true],"woocommerce_thumbnail":["https:\/\/i0.wp.com\/skygroup.com.ve\/web\/wp-content\/uploads\/2026\/04\/11168_3.jpeg?resize=300%2C300&ssl=1",300,300,true],"woocommerce_single":["https:\/\/i0.wp.com\/skygroup.com.ve\/web\/wp-content\/uploads\/2026\/04\/11168_3.jpeg?fit=600%2C800&ssl=1",600,800,true],"woocommerce_gallery_thumbnail":["https:\/\/i0.wp.com\/skygroup.com.ve\/web\/wp-content\/uploads\/2026\/04\/11168_3.jpeg?resize=100%2C100&ssl=1",100,100,true]},"uagb_author_info":{"display_name":"adminweb","author_link":"https:\/\/skygroup.com.ve\/web\/author\/"},"uagb_comment_info":0,"uagb_excerpt":"Sky Group ELEGANCE - BARQUISIMETO Alquila Casa Urb Los Naranjos, Los Cardones Zona Este De Barquisimeto","jetpack_sharing_enabled":true,"_links":{"self":[{"href":"https:\/\/skygroup.com.ve\/web\/wp-json\/wp\/v2\/product\/113330","targetHints":{"allow":["GET"]}}],"collection":[{"href":"https:\/\/skygroup.com.ve\/web\/wp-json\/wp\/v2\/product"}],"about":[{"href":"https:\/\/skygroup.com.ve\/web\/wp-json\/wp\/v2\/types\/product"}],"wp:featuredmedia":[{"embeddable":true,"href":"https:\/\/skygroup.com.ve\/web\/wp-json\/wp\/v2\/media\/113200"}],"wp:attachment":[{"href":"https:\/\/skygroup.com.ve\/web\/wp-json\/wp\/v2\/media?parent=113330"}],"wp:term":[{"taxonomy":"estado","embeddable":true,"href":"https:\/\/skygroup.com.ve\/web\/wp-json\/wp\/v2\/estado?post=113330"},{"taxonomy":"product_brand","embeddable":true,"href":"https:\/\/skygroup.com.ve\/web\/wp-json\/wp\/v2\/product_brand?post=113330"},{"taxonomy":"product_cat","embeddable":true,"href":"https:\/\/skygroup.com.ve\/web\/wp-json\/wp\/v2\/product_cat?post=113330"},{"taxonomy":"product_tag","embeddable":true,"href":"https:\/\/skygroup.com.ve\/web\/wp-json\/wp\/v2\/product_tag?post=113330"}],"curies":[{"name":"wp","href":"https:\/\/api.w.org\/{rel}","templated":true}]}}