{"id":113589,"date":"2026-04-24T09:56:06","date_gmt":"2026-04-24T13:56:06","guid":{"rendered":"https:\/\/skygroup.com.ve\/web\/producto\/att-243-terreno-en-venta-bienhechurias-de-galpon-con-casa\/"},"modified":"2026-04-24T09:56:10","modified_gmt":"2026-04-24T13:56:10","slug":"att-243-terreno-en-venta-bienhechurias-de-galpon-con-casa","status":"publish","type":"product","link":"https:\/\/skygroup.com.ve\/web\/producto\/att-243-terreno-en-venta-bienhechurias-de-galpon-con-casa\/","title":{"rendered":"ATT-243 Terreno en Venta Bienhechur\u00edas De Galp\u00f3n Con Casa"},"content":{"rendered":"<p>En venta Bienhechur\u00edas de Galp\u00f3n con Casa en  Barcelona edo. Anzoategui <\/p>\n<p>Terreno 2010 m\u00b2<br \/>\nConstrucci\u00f3n 936m\u00b2<\/p>\n<p>GALP\u00d3N <\/p>\n<p>660 m\u00b2<br \/>\n2 ba\u00f1os<br \/>\n2 oficinas<br \/>\n1 dep\u00f3sito<br \/>\nTanque agua 3000 lts<br \/>\nServicios:<br \/>\nAgua, energ\u00eda el\u00e9ctrica, aseo<br \/>\nTecho aluminio<br \/>\nSistema contra incendios (revisar)<br \/>\nF\u00e1cil acceso<\/p>\n<p>La altura del galp\u00f3n  7 m2<br \/>\nEl port\u00f3n de 3,20 mts de alto<br \/>\nPiso de cemento r\u00fastico<br \/>\nPlacas de 7 cm de espesor,<br \/>\nLuz 110 v y 220v<br \/>\n2 extintores<br \/>\nTecho de aluminio canal ancho<br \/>\n3 puestos estacionamiento <\/p>\n<p>CASA<\/p>\n<p>216 m\u00b2<br \/>\n5 habitaciones<br \/>\n3 ba\u00f1os<br \/>\nCocina<br \/>\nComedor<br \/>\nSala, porche<br \/>\nPatio cementado<br \/>\n2 dep\u00f3sitos<br \/>\nTanque de agua para 8000lts aprox<br \/>\nLuz<br \/>\nAgua<br \/>\nAseo<br \/>\nGaraje para 2 carros<\/p>\n<p>Ref. 130.000$<\/p>\n<p>Forma de pago <\/p>\n<p>100.000$ transferidos a una cuenta bancaria al exterior y 30.000$ en efectivo<\/p>\n","protected":false},"excerpt":{"rendered":"<p>Sky Group ATENEA Vende Terreno Bienhechur\u00edas De Galp\u00f3n Con Casa <\/p>\n","protected":false},"featured_media":113368,"template":"","meta":{"_acf_changed":false,"_uag_custom_page_level_css":"","site-sidebar-layout":"default","site-content-layout":"","ast-site-content-layout":"default","site-content-style":"default","site-sidebar-style":"default","ast-global-header-display":"","ast-banner-title-visibility":"","ast-main-header-display":"","ast-hfb-above-header-display":"","ast-hfb-below-header-display":"","ast-hfb-mobile-header-display":"","site-post-title":"","ast-breadcrumbs-content":"","ast-featured-img":"","footer-sml-layout":"","ast-disable-related-posts":"","theme-transparent-header-meta":"default","adv-header-id-meta":"","stick-header-meta":"","header-above-stick-meta":"","header-main-stick-meta":"","header-below-stick-meta":"","astra-migrate-meta-layouts":"default","ast-page-background-enabled":"default","ast-page-background-meta":{"desktop":{"background-color":"var(--ast-global-color-4)","background-image":"","background-repeat":"repeat","background-position":"center center","background-size":"auto","background-attachment":"scroll","background-type":"","background-media":"","overlay-type":"","overlay-color":"","overlay-opacity":"","overlay-gradient":""},"tablet":{"background-color":"","background-image":"","background-repeat":"repeat","background-position":"center center","background-size":"auto","background-attachment":"scroll","background-type":"","background-media":"","overlay-type":"","overlay-color":"","overlay-opacity":"","overlay-gradient":""},"mobile":{"background-color":"","background-image":"","background-repeat":"repeat","background-position":"center center","background-size":"auto","background-attachment":"scroll","background-type":"","background-media":"","overlay-type":"","overlay-color":"","overlay-opacity":"","overlay-gradient":""}},"ast-content-background-meta":{"desktop":{"background-color":"var(--ast-global-color-5)","background-image":"","background-repeat":"repeat","background-position":"center center","background-size":"auto","background-attachment":"scroll","background-type":"","background-media":"","overlay-type":"","overlay-color":"","overlay-opacity":"","overlay-gradient":""},"tablet":{"background-color":"var(--ast-global-color-5)","background-image":"","background-repeat":"repeat","background-position":"center center","background-size":"auto","background-attachment":"scroll","background-type":"","background-media":"","overlay-type":"","overlay-color":"","overlay-opacity":"","overlay-gradient":""},"mobile":{"background-color":"var(--ast-global-color-5)","background-image":"","background-repeat":"repeat","background-position":"center center","background-size":"auto","background-attachment":"scroll","background-type":"","background-media":"","overlay-type":"","overlay-color":"","overlay-opacity":"","overlay-gradient":""}},"jetpack_post_was_ever_published":false,"_joinchat":{"telephone":"+584244051666"}},"estado":[],"product_brand":[558],"product_cat":[53],"product_tag":[297],"class_list":{"0":"post-113589","1":"product","2":"type-product","3":"status-publish","4":"has-post-thumbnail","6":"product_brand-atenea","7":"product_cat-terreno","8":"product_tag-null","9":"product_shipping_class-null","10":"pa_asesor-atr-blanca-zulay-carrillo-racamonde","11":"pa_oficina-atr-atenea","12":"pa_ubicacion-anzoategui","13":"desktop-align-left","14":"tablet-align-left","15":"mobile-align-left","17":"first","18":"instock","19":"shipping-taxable","20":"purchasable","21":"product-type-simple"},"acf":[],"uagb_featured_image_src":{"full":["https:\/\/i0.wp.com\/skygroup.com.ve\/web\/wp-content\/uploads\/2026\/04\/11220_1.jpeg?fit=800%2C600&ssl=1",800,600,false],"thumbnail":["https:\/\/i0.wp.com\/skygroup.com.ve\/web\/wp-content\/uploads\/2026\/04\/11220_1.jpeg?resize=150%2C150&ssl=1",150,150,true],"medium":["https:\/\/i0.wp.com\/skygroup.com.ve\/web\/wp-content\/uploads\/2026\/04\/11220_1.jpeg?fit=300%2C225&ssl=1",300,225,true],"medium_large":["https:\/\/i0.wp.com\/skygroup.com.ve\/web\/wp-content\/uploads\/2026\/04\/11220_1.jpeg?fit=768%2C576&ssl=1",768,576,true],"large":["https:\/\/i0.wp.com\/skygroup.com.ve\/web\/wp-content\/uploads\/2026\/04\/11220_1.jpeg?fit=800%2C600&ssl=1",800,600,true],"1536x1536":["https:\/\/i0.wp.com\/skygroup.com.ve\/web\/wp-content\/uploads\/2026\/04\/11220_1.jpeg?fit=800%2C600&ssl=1",800,600,true],"2048x2048":["https:\/\/i0.wp.com\/skygroup.com.ve\/web\/wp-content\/uploads\/2026\/04\/11220_1.jpeg?fit=800%2C600&ssl=1",800,600,true],"woocommerce_thumbnail":["https:\/\/i0.wp.com\/skygroup.com.ve\/web\/wp-content\/uploads\/2026\/04\/11220_1.jpeg?resize=300%2C300&ssl=1",300,300,true],"woocommerce_single":["https:\/\/i0.wp.com\/skygroup.com.ve\/web\/wp-content\/uploads\/2026\/04\/11220_1.jpeg?fit=600%2C450&ssl=1",600,450,true],"woocommerce_gallery_thumbnail":["https:\/\/i0.wp.com\/skygroup.com.ve\/web\/wp-content\/uploads\/2026\/04\/11220_1.jpeg?resize=100%2C100&ssl=1",100,100,true]},"uagb_author_info":{"display_name":"adminweb","author_link":"https:\/\/skygroup.com.ve\/web\/author\/"},"uagb_comment_info":0,"uagb_excerpt":"Sky Group ATENEA Vende Terreno Bienhechur\u00edas De Galp\u00f3n Con Casa","jetpack_sharing_enabled":true,"_links":{"self":[{"href":"https:\/\/skygroup.com.ve\/web\/wp-json\/wp\/v2\/product\/113589","targetHints":{"allow":["GET"]}}],"collection":[{"href":"https:\/\/skygroup.com.ve\/web\/wp-json\/wp\/v2\/product"}],"about":[{"href":"https:\/\/skygroup.com.ve\/web\/wp-json\/wp\/v2\/types\/product"}],"wp:featuredmedia":[{"embeddable":true,"href":"https:\/\/skygroup.com.ve\/web\/wp-json\/wp\/v2\/media\/113368"}],"wp:attachment":[{"href":"https:\/\/skygroup.com.ve\/web\/wp-json\/wp\/v2\/media?parent=113589"}],"wp:term":[{"taxonomy":"estado","embeddable":true,"href":"https:\/\/skygroup.com.ve\/web\/wp-json\/wp\/v2\/estado?post=113589"},{"taxonomy":"product_brand","embeddable":true,"href":"https:\/\/skygroup.com.ve\/web\/wp-json\/wp\/v2\/product_brand?post=113589"},{"taxonomy":"product_cat","embeddable":true,"href":"https:\/\/skygroup.com.ve\/web\/wp-json\/wp\/v2\/product_cat?post=113589"},{"taxonomy":"product_tag","embeddable":true,"href":"https:\/\/skygroup.com.ve\/web\/wp-json\/wp\/v2\/product_tag?post=113589"}],"curies":[{"name":"wp","href":"https:\/\/api.w.org\/{rel}","templated":true}]}}