{"id":115207,"date":"2026-05-03T13:41:23","date_gmt":"2026-05-03T17:41:23","guid":{"rendered":"https:\/\/skygroup.com.ve\/web\/producto\/plg-182-galpon-en-alquiler-ubicado-en-el-centro-de-galpones-isanova-zona-ind-mcpal-norte-valencia-edo-carabobo\/"},"modified":"2026-05-03T13:41:25","modified_gmt":"2026-05-03T17:41:25","slug":"plg-182-galpon-en-alquiler-ubicado-en-el-centro-de-galpones-isanova-zona-ind-mcpal-norte-valencia-edo-carabobo","status":"publish","type":"product","link":"https:\/\/skygroup.com.ve\/web\/producto\/plg-182-galpon-en-alquiler-ubicado-en-el-centro-de-galpones-isanova-zona-ind-mcpal-norte-valencia-edo-carabobo\/","title":{"rendered":"PLG-182 Galpon en Alquiler Ubicado En El Centro De Galpones Isanova. Zona Ind. Mcpal. Norte. Valencia. Edo. Carabobo"},"content":{"rendered":"<p>Sky Group Platinum ALQUILA<\/p>\n<p>GALPON en ISANOVA<br \/>\nZona Industrial Municipal ll, frente a Ford Motors.<br \/>\nV\u00eda Aeropuerto <\/p>\n<p>Exclusivo Conjunto Cerrado de Galpones con Vigilancia 24 x 7 y amplio Patio de Maniobras<\/p>\n<p>\u00c1rea Total 1.8400 mts\u00b2<\/p>\n<p>DETALLES DEL COMPLEJO:<br \/>\nComplejo industrial de \u00b140.000 m\u00b2, conformado por galpones<br \/>\nindustriales revestidos, donde operan importantes empresas<br \/>\nde los sectores alimenticio, farmac\u00e9utico y otros rubros<br \/>\nestrat\u00e9gicos. El conjunto ofrece infraestructura adecuada para<br \/>\noperaciones log\u00edsticas, productivas y de almacenamiento,<br \/>\ncon f\u00e1cil acceso y condiciones \u00f3ptimas para el desarrollo<br \/>\nempresarial.<\/p>\n<p>*CARACTERISTICAS DEL GALP\u00d3N*<br \/>\nArea de 1840 mts\u00bb<br \/>\nAcceso peatonal y 1 acceso de carga mediante port\u00f3n<br \/>\ncorredizo (6 metros ancho x 5 metros alto)<br \/>\nPisos en concreto de 20 cent\u00edmetros de espesor, estructura<br \/>\nde galp\u00f3n aporticada combinada con columnas de secci\u00f3n<br \/>\ncircular en concreto armado y columnas tipo H met\u00e1licas.<br \/>\nAltura de columnas 5 metros, altura de pantalla 7.5 metros<br \/>\nIluminaci\u00f3n y ventilaci\u00f3n natural<br \/>\nCerramiento perimetral en bloques de concreto, acabado<br \/>\nobra limpia<\/p>\n<p>*PLANTA BAJA:*<br \/>\n2 cubiculos, 2 ba\u00f1os<\/p>\n<p>*PLANTA ALTA:*<br \/>\nOficina de 40 m\u00b2 con ba\u00f1o interno y preinstalaci\u00f3n para aire acondicionado <\/p>\n<p>SERVICIOS INCLUIDOS:<\/p>\n<p>ELECTRICIDAD<br \/>\nCuenta con un transformador y corriente trif\u00e1sica<br \/>\nIluminaci\u00f3n de galp\u00f3n con 92 l\u00e1mparas<br \/>\nTableros de iluminaci\u00f3n y tablero para m\u00f3dulo de servicio.<\/p>\n<p>SISTEMA CONTRA INCENDIO<br \/>\nDetecci\u00f3n:* cuenta con sistema de haz de luz marca Hochiki<br \/>\nExtinci\u00f3n:* cuenta con red de tuber\u00edas del conjunto y<br \/>\ngabinetes de mangueras interno<\/p>\n<p>SERVICIO DE AGUA:<br \/>\n\u2022El complejo cuenta con pozo profundo, 2 tanques Subterr\u00e1neos de 160.000 lts c\/u<br \/>\ny Tanque elevado estilo Americano de 50.000 lts para el suministro.<\/p>\n<p>SEGURIDAD:<br \/>\nVigilancia 24\/7 con bunker de seguridad y sistema cerrado de c\u00e1maras<\/p>\n<p>Gran Patio de Maniobras<\/p>\n","protected":false},"excerpt":{"rendered":"<p>Sky Group PLATINUM Alquila Galpon Ubicado En El Centro De Galpones Isanova. Zona Ind. Mcpal. Norte. Valencia. Edo. Carabobo<\/p>\n","protected":false},"featured_media":114807,"template":"","meta":{"_acf_changed":false,"_uag_custom_page_level_css":"","site-sidebar-layout":"default","site-content-layout":"","ast-site-content-layout":"default","site-content-style":"default","site-sidebar-style":"default","ast-global-header-display":"","ast-banner-title-visibility":"","ast-main-header-display":"","ast-hfb-above-header-display":"","ast-hfb-below-header-display":"","ast-hfb-mobile-header-display":"","site-post-title":"","ast-breadcrumbs-content":"","ast-featured-img":"","footer-sml-layout":"","ast-disable-related-posts":"","theme-transparent-header-meta":"default","adv-header-id-meta":"","stick-header-meta":"","header-above-stick-meta":"","header-main-stick-meta":"","header-below-stick-meta":"","astra-migrate-meta-layouts":"default","ast-page-background-enabled":"default","ast-page-background-meta":{"desktop":{"background-color":"var(--ast-global-color-4)","background-image":"","background-repeat":"repeat","background-position":"center center","background-size":"auto","background-attachment":"scroll","background-type":"","background-media":"","overlay-type":"","overlay-color":"","overlay-opacity":"","overlay-gradient":""},"tablet":{"background-color":"","background-image":"","background-repeat":"repeat","background-position":"center center","background-size":"auto","background-attachment":"scroll","background-type":"","background-media":"","overlay-type":"","overlay-color":"","overlay-opacity":"","overlay-gradient":""},"mobile":{"background-color":"","background-image":"","background-repeat":"repeat","background-position":"center center","background-size":"auto","background-attachment":"scroll","background-type":"","background-media":"","overlay-type":"","overlay-color":"","overlay-opacity":"","overlay-gradient":""}},"ast-content-background-meta":{"desktop":{"background-color":"var(--ast-global-color-5)","background-image":"","background-repeat":"repeat","background-position":"center center","background-size":"auto","background-attachment":"scroll","background-type":"","background-media":"","overlay-type":"","overlay-color":"","overlay-opacity":"","overlay-gradient":""},"tablet":{"background-color":"var(--ast-global-color-5)","background-image":"","background-repeat":"repeat","background-position":"center center","background-size":"auto","background-attachment":"scroll","background-type":"","background-media":"","overlay-type":"","overlay-color":"","overlay-opacity":"","overlay-gradient":""},"mobile":{"background-color":"var(--ast-global-color-5)","background-image":"","background-repeat":"repeat","background-position":"center center","background-size":"auto","background-attachment":"scroll","background-type":"","background-media":"","overlay-type":"","overlay-color":"","overlay-opacity":"","overlay-gradient":""}},"jetpack_post_was_ever_published":false,"_joinchat":{"telephone":"+584140430969"}},"estado":[],"product_brand":[557],"product_cat":[115],"product_tag":[297],"class_list":{"0":"post-115207","1":"product","2":"type-product","3":"status-publish","4":"has-post-thumbnail","6":"product_brand-platinum","7":"product_cat-galpon","8":"product_tag-null","9":"product_shipping_class-null","10":"pa_asesor-atr-ruben-antonio-del-corral-luna","11":"pa_oficina-atr-platinum","12":"pa_ubicacion-carabobo","13":"desktop-align-left","14":"tablet-align-left","15":"mobile-align-left","17":"first","18":"instock","19":"shipping-taxable","20":"purchasable","21":"product-type-simple"},"acf":[],"uagb_featured_image_src":{"full":["https:\/\/i0.wp.com\/skygroup.com.ve\/web\/wp-content\/uploads\/2026\/05\/11149_1.jpeg?fit=800%2C600&ssl=1",800,600,false],"thumbnail":["https:\/\/i0.wp.com\/skygroup.com.ve\/web\/wp-content\/uploads\/2026\/05\/11149_1.jpeg?resize=150%2C150&ssl=1",150,150,true],"medium":["https:\/\/i0.wp.com\/skygroup.com.ve\/web\/wp-content\/uploads\/2026\/05\/11149_1.jpeg?fit=300%2C225&ssl=1",300,225,true],"medium_large":["https:\/\/i0.wp.com\/skygroup.com.ve\/web\/wp-content\/uploads\/2026\/05\/11149_1.jpeg?fit=768%2C576&ssl=1",768,576,true],"large":["https:\/\/i0.wp.com\/skygroup.com.ve\/web\/wp-content\/uploads\/2026\/05\/11149_1.jpeg?fit=800%2C600&ssl=1",800,600,true],"1536x1536":["https:\/\/i0.wp.com\/skygroup.com.ve\/web\/wp-content\/uploads\/2026\/05\/11149_1.jpeg?fit=800%2C600&ssl=1",800,600,true],"2048x2048":["https:\/\/i0.wp.com\/skygroup.com.ve\/web\/wp-content\/uploads\/2026\/05\/11149_1.jpeg?fit=800%2C600&ssl=1",800,600,true],"woocommerce_thumbnail":["https:\/\/i0.wp.com\/skygroup.com.ve\/web\/wp-content\/uploads\/2026\/05\/11149_1.jpeg?resize=300%2C300&ssl=1",300,300,true],"woocommerce_single":["https:\/\/i0.wp.com\/skygroup.com.ve\/web\/wp-content\/uploads\/2026\/05\/11149_1.jpeg?fit=600%2C450&ssl=1",600,450,true],"woocommerce_gallery_thumbnail":["https:\/\/i0.wp.com\/skygroup.com.ve\/web\/wp-content\/uploads\/2026\/05\/11149_1.jpeg?resize=100%2C100&ssl=1",100,100,true]},"uagb_author_info":{"display_name":"adminweb","author_link":"https:\/\/skygroup.com.ve\/web\/author\/"},"uagb_comment_info":0,"uagb_excerpt":"Sky Group PLATINUM Alquila Galpon Ubicado En El Centro De Galpones Isanova. Zona Ind. Mcpal. Norte. Valencia. Edo. Carabobo","jetpack_sharing_enabled":true,"_links":{"self":[{"href":"https:\/\/skygroup.com.ve\/web\/wp-json\/wp\/v2\/product\/115207","targetHints":{"allow":["GET"]}}],"collection":[{"href":"https:\/\/skygroup.com.ve\/web\/wp-json\/wp\/v2\/product"}],"about":[{"href":"https:\/\/skygroup.com.ve\/web\/wp-json\/wp\/v2\/types\/product"}],"wp:featuredmedia":[{"embeddable":true,"href":"https:\/\/skygroup.com.ve\/web\/wp-json\/wp\/v2\/media\/114807"}],"wp:attachment":[{"href":"https:\/\/skygroup.com.ve\/web\/wp-json\/wp\/v2\/media?parent=115207"}],"wp:term":[{"taxonomy":"estado","embeddable":true,"href":"https:\/\/skygroup.com.ve\/web\/wp-json\/wp\/v2\/estado?post=115207"},{"taxonomy":"product_brand","embeddable":true,"href":"https:\/\/skygroup.com.ve\/web\/wp-json\/wp\/v2\/product_brand?post=115207"},{"taxonomy":"product_cat","embeddable":true,"href":"https:\/\/skygroup.com.ve\/web\/wp-json\/wp\/v2\/product_cat?post=115207"},{"taxonomy":"product_tag","embeddable":true,"href":"https:\/\/skygroup.com.ve\/web\/wp-json\/wp\/v2\/product_tag?post=115207"}],"curies":[{"name":"wp","href":"https:\/\/api.w.org\/{rel}","templated":true}]}}