{"id":115923,"date":"2026-05-07T23:25:59","date_gmt":"2026-05-08T03:25:59","guid":{"rendered":"https:\/\/skygroup.com.ve\/web\/producto\/inl-232-local-en-venta-centro-comercial-deportivo-y-recreacional-icon\/"},"modified":"2026-05-07T23:28:30","modified_gmt":"2026-05-08T03:28:30","slug":"inl-232-local-en-venta-centro-comercial-deportivo-y-recreacional-icon","status":"publish","type":"product","link":"https:\/\/skygroup.com.ve\/web\/producto\/inl-232-local-en-venta-centro-comercial-deportivo-y-recreacional-icon\/","title":{"rendered":"INL-232 Local en Venta Centro Comercial  Deportivo Y Recreacional  Icon"},"content":{"rendered":"<p>Sky Group te ofrece Oportunidad de Inversi\u00f3n en San Diego Edo Carabobo<\/p>\n<p>* Locales Comerciales  en Venta en<br \/>\n*El Centro Comercial  deportivo y recreacional  ICON<\/p>\n<p>* Ubicaci\u00f3n privilegiada a pocos metros de la Don Julio Centeno con alto tr\u00e1fico y accesibilidad<br \/>\n* Son solo 6 locales comerciales en venta<br \/>\n*  Fachadas modernas panor\u00e1micas  que dan frente a la avenida principal,<\/p>\n<p>*  Planta El\u00e9ctrica 100%, Pozo de Agua, Vigilancia, punto de gas.<br \/>\n* Adem\u00e1s el Centro Comercial contar\u00e1 con;<br \/>\n* Caf\u00e9 tem\u00e1tico, Canchas de Padel, Box, P\u00e9rgola con pantalla gigante, sala de Juegos y m\u00e1s\u2026..<\/p>\n<p> que le garantizaran al inversionista tr\u00e1fico de p\u00fablico constante.<\/p>\n<p>Los locales se venden de contado y con financiamientos<\/p>\n","protected":false},"excerpt":{"rendered":"<p>Sky Group INVICTUS Vende Local Centro Comercial  Deportivo Y Recreacional  Icon<\/p>\n","protected":false},"featured_media":115828,"template":"","meta":{"_acf_changed":false,"_uag_custom_page_level_css":"","site-sidebar-layout":"default","site-content-layout":"","ast-site-content-layout":"default","site-content-style":"default","site-sidebar-style":"default","ast-global-header-display":"","ast-banner-title-visibility":"","ast-main-header-display":"","ast-hfb-above-header-display":"","ast-hfb-below-header-display":"","ast-hfb-mobile-header-display":"","site-post-title":"","ast-breadcrumbs-content":"","ast-featured-img":"","footer-sml-layout":"","ast-disable-related-posts":"","theme-transparent-header-meta":"default","adv-header-id-meta":"","stick-header-meta":"","header-above-stick-meta":"","header-main-stick-meta":"","header-below-stick-meta":"","astra-migrate-meta-layouts":"default","ast-page-background-enabled":"default","ast-page-background-meta":{"desktop":{"background-color":"var(--ast-global-color-4)","background-image":"","background-repeat":"repeat","background-position":"center center","background-size":"auto","background-attachment":"scroll","background-type":"","background-media":"","overlay-type":"","overlay-color":"","overlay-opacity":"","overlay-gradient":""},"tablet":{"background-color":"","background-image":"","background-repeat":"repeat","background-position":"center center","background-size":"auto","background-attachment":"scroll","background-type":"","background-media":"","overlay-type":"","overlay-color":"","overlay-opacity":"","overlay-gradient":""},"mobile":{"background-color":"","background-image":"","background-repeat":"repeat","background-position":"center center","background-size":"auto","background-attachment":"scroll","background-type":"","background-media":"","overlay-type":"","overlay-color":"","overlay-opacity":"","overlay-gradient":""}},"ast-content-background-meta":{"desktop":{"background-color":"var(--ast-global-color-5)","background-image":"","background-repeat":"repeat","background-position":"center center","background-size":"auto","background-attachment":"scroll","background-type":"","background-media":"","overlay-type":"","overlay-color":"","overlay-opacity":"","overlay-gradient":""},"tablet":{"background-color":"var(--ast-global-color-5)","background-image":"","background-repeat":"repeat","background-position":"center center","background-size":"auto","background-attachment":"scroll","background-type":"","background-media":"","overlay-type":"","overlay-color":"","overlay-opacity":"","overlay-gradient":""},"mobile":{"background-color":"var(--ast-global-color-5)","background-image":"","background-repeat":"repeat","background-position":"center center","background-size":"auto","background-attachment":"scroll","background-type":"","background-media":"","overlay-type":"","overlay-color":"","overlay-opacity":"","overlay-gradient":""}},"_joinchat":{"telephone":"+584244213489"}},"estado":[],"product_brand":[566],"product_cat":[52],"product_tag":[297],"class_list":{"0":"post-115923","1":"product","2":"type-product","3":"status-publish","4":"has-post-thumbnail","6":"product_brand-invictus","7":"product_cat-local","8":"product_tag-null","9":"product_shipping_class-null","10":"pa_asesor-atr-keyla-ytamar-atencio-marcano","11":"pa_oficina-atr-invictus","12":"pa_ubicacion-carabobo","13":"desktop-align-left","14":"tablet-align-left","15":"mobile-align-left","17":"first","18":"instock","19":"shipping-taxable","20":"purchasable","21":"product-type-simple"},"acf":[],"uagb_featured_image_src":{"full":["https:\/\/i0.wp.com\/skygroup.com.ve\/web\/wp-content\/uploads\/2026\/05\/11421_1.jpeg?fit=800%2C800&ssl=1",800,800,false],"thumbnail":["https:\/\/i0.wp.com\/skygroup.com.ve\/web\/wp-content\/uploads\/2026\/05\/11421_1.jpeg?resize=150%2C150&ssl=1",150,150,true],"medium":["https:\/\/i0.wp.com\/skygroup.com.ve\/web\/wp-content\/uploads\/2026\/05\/11421_1.jpeg?fit=300%2C300&ssl=1",300,300,true],"medium_large":["https:\/\/i0.wp.com\/skygroup.com.ve\/web\/wp-content\/uploads\/2026\/05\/11421_1.jpeg?fit=768%2C768&ssl=1",768,768,true],"large":["https:\/\/i0.wp.com\/skygroup.com.ve\/web\/wp-content\/uploads\/2026\/05\/11421_1.jpeg?fit=800%2C800&ssl=1",800,800,true],"1536x1536":["https:\/\/i0.wp.com\/skygroup.com.ve\/web\/wp-content\/uploads\/2026\/05\/11421_1.jpeg?fit=800%2C800&ssl=1",800,800,true],"2048x2048":["https:\/\/i0.wp.com\/skygroup.com.ve\/web\/wp-content\/uploads\/2026\/05\/11421_1.jpeg?fit=800%2C800&ssl=1",800,800,true],"woocommerce_thumbnail":["https:\/\/i0.wp.com\/skygroup.com.ve\/web\/wp-content\/uploads\/2026\/05\/11421_1.jpeg?resize=300%2C300&ssl=1",300,300,true],"woocommerce_single":["https:\/\/i0.wp.com\/skygroup.com.ve\/web\/wp-content\/uploads\/2026\/05\/11421_1.jpeg?fit=600%2C600&ssl=1",600,600,true],"woocommerce_gallery_thumbnail":["https:\/\/i0.wp.com\/skygroup.com.ve\/web\/wp-content\/uploads\/2026\/05\/11421_1.jpeg?resize=100%2C100&ssl=1",100,100,true]},"uagb_author_info":{"display_name":"adminweb","author_link":"https:\/\/skygroup.com.ve\/web\/author\/"},"uagb_comment_info":0,"uagb_excerpt":"Sky Group INVICTUS Vende Local Centro Comercial Deportivo Y Recreacional Icon","jetpack_sharing_enabled":true,"_links":{"self":[{"href":"https:\/\/skygroup.com.ve\/web\/wp-json\/wp\/v2\/product\/115923","targetHints":{"allow":["GET"]}}],"collection":[{"href":"https:\/\/skygroup.com.ve\/web\/wp-json\/wp\/v2\/product"}],"about":[{"href":"https:\/\/skygroup.com.ve\/web\/wp-json\/wp\/v2\/types\/product"}],"wp:featuredmedia":[{"embeddable":true,"href":"https:\/\/skygroup.com.ve\/web\/wp-json\/wp\/v2\/media\/115828"}],"wp:attachment":[{"href":"https:\/\/skygroup.com.ve\/web\/wp-json\/wp\/v2\/media?parent=115923"}],"wp:term":[{"taxonomy":"estado","embeddable":true,"href":"https:\/\/skygroup.com.ve\/web\/wp-json\/wp\/v2\/estado?post=115923"},{"taxonomy":"product_brand","embeddable":true,"href":"https:\/\/skygroup.com.ve\/web\/wp-json\/wp\/v2\/product_brand?post=115923"},{"taxonomy":"product_cat","embeddable":true,"href":"https:\/\/skygroup.com.ve\/web\/wp-json\/wp\/v2\/product_cat?post=115923"},{"taxonomy":"product_tag","embeddable":true,"href":"https:\/\/skygroup.com.ve\/web\/wp-json\/wp\/v2\/product_tag?post=115923"}],"curies":[{"name":"wp","href":"https:\/\/api.w.org\/{rel}","templated":true}]}}