{"id":116131,"date":"2026-05-11T23:07:22","date_gmt":"2026-05-12T03:07:22","guid":{"rendered":"https:\/\/skygroup.com.ve\/web\/producto\/ina-1139-apartamento-en-venta-res-villa-bilbao\/"},"modified":"2026-05-11T23:38:31","modified_gmt":"2026-05-12T03:38:31","slug":"ina-1139-apartamento-en-venta-res-villa-bilbao","status":"publish","type":"product","link":"https:\/\/skygroup.com.ve\/web\/producto\/ina-1139-apartamento-en-venta-res-villa-bilbao\/","title":{"rendered":"INA-1139 Apartamento en Venta Res. Villa Bilbao"},"content":{"rendered":"<p>SKY GROUP INVICTUS VENDE*<br \/>\nApartamento  en Naguanagua, casco central Res Villa Bilbao.<\/p>\n<p>Consta de:<br \/>\n&#8211; 95m\u00b2<br \/>\n&#8211; Piso medio<br \/>\n&#8211; Puerta de seguridad<br \/>\n&#8211; Piso cer\u00e1mica<br \/>\n&#8211; Sala \/ Comedor<br \/>\n&#8211; Cocina Empotrada<br \/>\n&#8211; \u00c1rea de lavado independiente<br \/>\n&#8211;  Tanque Cil\u00edndrico con su hidroneum\u00e1tico<br \/>\n&#8211; 3 habitaciones principal con su ba\u00f1o.<br \/>\n&#8211; 2 ba\u00f1os con pareduch acr\u00edlico<br \/>\n&#8211; 1 P\/E  sin techar<br \/>\n&#8211; 1 maletero<\/p>\n<p>&#8211; edificio cuenta con:<br \/>\n&#8211; ascensor<br \/>\n&#8211; Tanque Subterr\u00e1neo<br \/>\n&#8211; Sal\u00f3n de Reuniones, jard\u00edn, \u00e1rea de lobby<br \/>\n&#8211; conjunto cerrado con port\u00f3n el\u00e9ctrico.<br \/>\n&#8211; Gas directo<br \/>\n&#8211; F\u00e1cil acceso  autopista y excelente ubicaci\u00f3n a centros comerciales, de salud, supermercados, Av principales y comercios de la zona.<\/p>\n<p>Pendiente actualizar ficha catastral <\/p>\n<p>Precio : $48.000<br \/>\nINA-1139<\/p>\n<p>Adriana Olivares &#038; Daniel Rojas<br \/>\n04144091369 \/ 04244529945<br \/>\nSKY GROUP INVICTUS asesores inmobiliarios<br \/>\n@inmuebles_sky<\/p>\n","protected":false},"excerpt":{"rendered":"<p>Sky Group INVICTUS Vende Apartamento Res. Villa Bilbao<\/p>\n","protected":false},"featured_media":116114,"template":"","meta":{"_acf_changed":false,"_uag_custom_page_level_css":"","site-sidebar-layout":"default","site-content-layout":"","ast-site-content-layout":"default","site-content-style":"default","site-sidebar-style":"default","ast-global-header-display":"","ast-banner-title-visibility":"","ast-main-header-display":"","ast-hfb-above-header-display":"","ast-hfb-below-header-display":"","ast-hfb-mobile-header-display":"","site-post-title":"","ast-breadcrumbs-content":"","ast-featured-img":"","footer-sml-layout":"","ast-disable-related-posts":"","theme-transparent-header-meta":"default","adv-header-id-meta":"","stick-header-meta":"","header-above-stick-meta":"","header-main-stick-meta":"","header-below-stick-meta":"","astra-migrate-meta-layouts":"default","ast-page-background-enabled":"default","ast-page-background-meta":{"desktop":{"background-color":"var(--ast-global-color-4)","background-image":"","background-repeat":"repeat","background-position":"center center","background-size":"auto","background-attachment":"scroll","background-type":"","background-media":"","overlay-type":"","overlay-color":"","overlay-opacity":"","overlay-gradient":""},"tablet":{"background-color":"","background-image":"","background-repeat":"repeat","background-position":"center center","background-size":"auto","background-attachment":"scroll","background-type":"","background-media":"","overlay-type":"","overlay-color":"","overlay-opacity":"","overlay-gradient":""},"mobile":{"background-color":"","background-image":"","background-repeat":"repeat","background-position":"center center","background-size":"auto","background-attachment":"scroll","background-type":"","background-media":"","overlay-type":"","overlay-color":"","overlay-opacity":"","overlay-gradient":""}},"ast-content-background-meta":{"desktop":{"background-color":"var(--ast-global-color-5)","background-image":"","background-repeat":"repeat","background-position":"center center","background-size":"auto","background-attachment":"scroll","background-type":"","background-media":"","overlay-type":"","overlay-color":"","overlay-opacity":"","overlay-gradient":""},"tablet":{"background-color":"var(--ast-global-color-5)","background-image":"","background-repeat":"repeat","background-position":"center center","background-size":"auto","background-attachment":"scroll","background-type":"","background-media":"","overlay-type":"","overlay-color":"","overlay-opacity":"","overlay-gradient":""},"mobile":{"background-color":"var(--ast-global-color-5)","background-image":"","background-repeat":"repeat","background-position":"center center","background-size":"auto","background-attachment":"scroll","background-type":"","background-media":"","overlay-type":"","overlay-color":"","overlay-opacity":"","overlay-gradient":""}},"_joinchat":{"telephone":"+584144091369"}},"estado":[],"product_brand":[566],"product_cat":[26],"product_tag":[297],"class_list":{"0":"post-116131","1":"product","2":"type-product","3":"status-publish","4":"has-post-thumbnail","6":"product_brand-invictus","7":"product_cat-apartamento","8":"product_tag-null","9":"product_shipping_class-null","10":"pa_asesor-atr-adriana-teresa-olivares-tang","11":"pa_oficina-atr-invictus","12":"pa_ubicacion-carabobo","13":"desktop-align-left","14":"tablet-align-left","15":"mobile-align-left","17":"first","18":"instock","19":"shipping-taxable","20":"purchasable","21":"product-type-simple"},"acf":[],"uagb_featured_image_src":{"full":["https:\/\/i0.wp.com\/skygroup.com.ve\/web\/wp-content\/uploads\/2026\/05\/11442_13.jpeg?fit=608%2C1080&ssl=1",608,1080,false],"thumbnail":["https:\/\/i0.wp.com\/skygroup.com.ve\/web\/wp-content\/uploads\/2026\/05\/11442_13.jpeg?resize=150%2C150&ssl=1",150,150,true],"medium":["https:\/\/i0.wp.com\/skygroup.com.ve\/web\/wp-content\/uploads\/2026\/05\/11442_13.jpeg?fit=169%2C300&ssl=1",169,300,true],"medium_large":["https:\/\/i0.wp.com\/skygroup.com.ve\/web\/wp-content\/uploads\/2026\/05\/11442_13.jpeg?fit=608%2C1080&ssl=1",608,1080,true],"large":["https:\/\/i0.wp.com\/skygroup.com.ve\/web\/wp-content\/uploads\/2026\/05\/11442_13.jpeg?fit=576%2C1024&ssl=1",576,1024,true],"1536x1536":["https:\/\/i0.wp.com\/skygroup.com.ve\/web\/wp-content\/uploads\/2026\/05\/11442_13.jpeg?fit=608%2C1080&ssl=1",608,1080,true],"2048x2048":["https:\/\/i0.wp.com\/skygroup.com.ve\/web\/wp-content\/uploads\/2026\/05\/11442_13.jpeg?fit=608%2C1080&ssl=1",608,1080,true],"woocommerce_thumbnail":["https:\/\/i0.wp.com\/skygroup.com.ve\/web\/wp-content\/uploads\/2026\/05\/11442_13.jpeg?resize=300%2C300&ssl=1",300,300,true],"woocommerce_single":["https:\/\/i0.wp.com\/skygroup.com.ve\/web\/wp-content\/uploads\/2026\/05\/11442_13.jpeg?fit=600%2C1066&ssl=1",600,1066,true],"woocommerce_gallery_thumbnail":["https:\/\/i0.wp.com\/skygroup.com.ve\/web\/wp-content\/uploads\/2026\/05\/11442_13.jpeg?resize=100%2C100&ssl=1",100,100,true]},"uagb_author_info":{"display_name":"adminweb","author_link":"https:\/\/skygroup.com.ve\/web\/author\/"},"uagb_comment_info":0,"uagb_excerpt":"Sky Group INVICTUS Vende Apartamento Res. Villa Bilbao","jetpack_sharing_enabled":true,"_links":{"self":[{"href":"https:\/\/skygroup.com.ve\/web\/wp-json\/wp\/v2\/product\/116131","targetHints":{"allow":["GET"]}}],"collection":[{"href":"https:\/\/skygroup.com.ve\/web\/wp-json\/wp\/v2\/product"}],"about":[{"href":"https:\/\/skygroup.com.ve\/web\/wp-json\/wp\/v2\/types\/product"}],"wp:featuredmedia":[{"embeddable":true,"href":"https:\/\/skygroup.com.ve\/web\/wp-json\/wp\/v2\/media\/116114"}],"wp:attachment":[{"href":"https:\/\/skygroup.com.ve\/web\/wp-json\/wp\/v2\/media?parent=116131"}],"wp:term":[{"taxonomy":"estado","embeddable":true,"href":"https:\/\/skygroup.com.ve\/web\/wp-json\/wp\/v2\/estado?post=116131"},{"taxonomy":"product_brand","embeddable":true,"href":"https:\/\/skygroup.com.ve\/web\/wp-json\/wp\/v2\/product_brand?post=116131"},{"taxonomy":"product_cat","embeddable":true,"href":"https:\/\/skygroup.com.ve\/web\/wp-json\/wp\/v2\/product_cat?post=116131"},{"taxonomy":"product_tag","embeddable":true,"href":"https:\/\/skygroup.com.ve\/web\/wp-json\/wp\/v2\/product_tag?post=116131"}],"curies":[{"name":"wp","href":"https:\/\/api.w.org\/{rel}","templated":true}]}}