{"id":116485,"date":"2026-05-14T21:50:07","date_gmt":"2026-05-15T01:50:07","guid":{"rendered":"https:\/\/skygroup.com.ve\/web\/producto\/dia-024-apartamento-en-alquiler-residencias-villete\/"},"modified":"2026-05-14T21:58:17","modified_gmt":"2026-05-15T01:58:17","slug":"dia-024-apartamento-en-alquiler-residencias-villete","status":"publish","type":"product","link":"https:\/\/skygroup.com.ve\/web\/producto\/dia-024-apartamento-en-alquiler-residencias-villete\/","title":{"rendered":"DIA-024 Apartamento en Alquiler Residencias Villete"},"content":{"rendered":"<p>SKY GROUP DIAMOND ALQUILA: <\/p>\n<p>Apartamento de 164 m2, Edificio \u201cResidencias La Villette\u201d Urb. La Trigale\u00f1a  Valencia, Edo. Carabobo.<\/p>\n<p>AMENIDADES DEL CONJUNTO: <\/p>\n<p>-Excelente Ubicaci\u00f3n Trigale\u00f1a Alta<br \/>\n-Vista Panor\u00e1mica<br \/>\n-Pozo 100%<br \/>\n-Planta 50% \u00c1reas Comunes<br \/>\n-Vigilancia privada 24\/7<br \/>\n-Sal\u00f3n de Fiestas<br \/>\n&#8211; Zona Terraza<br \/>\n-Cerca de supermercados, farmacias, panader\u00edas y parques <\/p>\n<p>CUENTA CON: <\/p>\n<p>&#8211; 164 Metros2<br \/>\n-Aire Central<br \/>\n-Comedor<br \/>\n-Sala \/ Recibo<br \/>\n-Terraza ambiente acogedor<br \/>\n-Cocina Empotrada Amplia con tope Granito<br \/>\n&#8211; \u00c1rea lavadero<br \/>\n-1 Habitaci\u00f3n Ppal con sala ba\u00f1o, closets de ropa y tambi\u00e9n closets de lenceria<br \/>\n-2 Habitaciones secundarias con closets<br \/>\n-1 Estudio<br \/>\n-1 ba\u00f1o Auxiliar amplio y 1 ba\u00f1o visitantes<br \/>\n-2 Puestos de estacionamiento Techados<br \/>\n-1 Maletero Amplio en zona de Estacionamiento<\/p>\n<p>Canon: 700 m\u00e1s condominio <\/p>\n<p>Condiciones:<br \/>\n3 meses de Dep\u00f3sito<br \/>\n3 meses adelantados<br \/>\n1 mes de comisi\u00f3n<br \/>\nContrato <\/p>\n<p>Tatiana Oliveros<br \/>\nSky Group Diamond<br \/>\n0424-4614468<\/p>\n","protected":false},"excerpt":{"rendered":"<p>Sky Group DIAMOND Alquila Apartamento Residencias Villete<\/p>\n","protected":false},"featured_media":116436,"template":"","meta":{"_acf_changed":false,"_uag_custom_page_level_css":"","site-sidebar-layout":"default","site-content-layout":"","ast-site-content-layout":"default","site-content-style":"default","site-sidebar-style":"default","ast-global-header-display":"","ast-banner-title-visibility":"","ast-main-header-display":"","ast-hfb-above-header-display":"","ast-hfb-below-header-display":"","ast-hfb-mobile-header-display":"","site-post-title":"","ast-breadcrumbs-content":"","ast-featured-img":"","footer-sml-layout":"","ast-disable-related-posts":"","theme-transparent-header-meta":"default","adv-header-id-meta":"","stick-header-meta":"","header-above-stick-meta":"","header-main-stick-meta":"","header-below-stick-meta":"","astra-migrate-meta-layouts":"default","ast-page-background-enabled":"default","ast-page-background-meta":{"desktop":{"background-color":"var(--ast-global-color-4)","background-image":"","background-repeat":"repeat","background-position":"center center","background-size":"auto","background-attachment":"scroll","background-type":"","background-media":"","overlay-type":"","overlay-color":"","overlay-opacity":"","overlay-gradient":""},"tablet":{"background-color":"","background-image":"","background-repeat":"repeat","background-position":"center center","background-size":"auto","background-attachment":"scroll","background-type":"","background-media":"","overlay-type":"","overlay-color":"","overlay-opacity":"","overlay-gradient":""},"mobile":{"background-color":"","background-image":"","background-repeat":"repeat","background-position":"center center","background-size":"auto","background-attachment":"scroll","background-type":"","background-media":"","overlay-type":"","overlay-color":"","overlay-opacity":"","overlay-gradient":""}},"ast-content-background-meta":{"desktop":{"background-color":"var(--ast-global-color-5)","background-image":"","background-repeat":"repeat","background-position":"center center","background-size":"auto","background-attachment":"scroll","background-type":"","background-media":"","overlay-type":"","overlay-color":"","overlay-opacity":"","overlay-gradient":""},"tablet":{"background-color":"var(--ast-global-color-5)","background-image":"","background-repeat":"repeat","background-position":"center center","background-size":"auto","background-attachment":"scroll","background-type":"","background-media":"","overlay-type":"","overlay-color":"","overlay-opacity":"","overlay-gradient":""},"mobile":{"background-color":"var(--ast-global-color-5)","background-image":"","background-repeat":"repeat","background-position":"center center","background-size":"auto","background-attachment":"scroll","background-type":"","background-media":"","overlay-type":"","overlay-color":"","overlay-opacity":"","overlay-gradient":""}},"_joinchat":{"telephone":"+584244614468"}},"estado":[],"product_brand":[559],"product_cat":[26],"product_tag":[297],"class_list":{"0":"post-116485","1":"product","2":"type-product","3":"status-publish","4":"has-post-thumbnail","6":"product_brand-diamond","7":"product_cat-apartamento","8":"product_tag-null","9":"product_shipping_class-null","10":"pa_asesor-atr-tatiana-paola-oliveros-cepeda","11":"pa_oficina-atr-diamond","12":"pa_ubicacion-carabobo","13":"desktop-align-left","14":"tablet-align-left","15":"mobile-align-left","17":"first","18":"instock","19":"shipping-taxable","20":"purchasable","21":"product-type-simple"},"acf":[],"uagb_featured_image_src":{"full":["https:\/\/i0.wp.com\/skygroup.com.ve\/web\/wp-content\/uploads\/2026\/05\/11441_10.jpeg?fit=1080%2C1080&ssl=1",1080,1080,false],"thumbnail":["https:\/\/i0.wp.com\/skygroup.com.ve\/web\/wp-content\/uploads\/2026\/05\/11441_10.jpeg?resize=150%2C150&ssl=1",150,150,true],"medium":["https:\/\/i0.wp.com\/skygroup.com.ve\/web\/wp-content\/uploads\/2026\/05\/11441_10.jpeg?fit=300%2C300&ssl=1",300,300,true],"medium_large":["https:\/\/i0.wp.com\/skygroup.com.ve\/web\/wp-content\/uploads\/2026\/05\/11441_10.jpeg?fit=768%2C768&ssl=1",768,768,true],"large":["https:\/\/i0.wp.com\/skygroup.com.ve\/web\/wp-content\/uploads\/2026\/05\/11441_10.jpeg?fit=1024%2C1024&ssl=1",1024,1024,true],"1536x1536":["https:\/\/i0.wp.com\/skygroup.com.ve\/web\/wp-content\/uploads\/2026\/05\/11441_10.jpeg?fit=1080%2C1080&ssl=1",1080,1080,true],"2048x2048":["https:\/\/i0.wp.com\/skygroup.com.ve\/web\/wp-content\/uploads\/2026\/05\/11441_10.jpeg?fit=1080%2C1080&ssl=1",1080,1080,true],"woocommerce_thumbnail":["https:\/\/i0.wp.com\/skygroup.com.ve\/web\/wp-content\/uploads\/2026\/05\/11441_10.jpeg?resize=300%2C300&ssl=1",300,300,true],"woocommerce_single":["https:\/\/i0.wp.com\/skygroup.com.ve\/web\/wp-content\/uploads\/2026\/05\/11441_10.jpeg?fit=600%2C600&ssl=1",600,600,true],"woocommerce_gallery_thumbnail":["https:\/\/i0.wp.com\/skygroup.com.ve\/web\/wp-content\/uploads\/2026\/05\/11441_10.jpeg?resize=100%2C100&ssl=1",100,100,true]},"uagb_author_info":{"display_name":"adminweb","author_link":"https:\/\/skygroup.com.ve\/web\/author\/"},"uagb_comment_info":0,"uagb_excerpt":"Sky Group DIAMOND Alquila Apartamento Residencias Villete","jetpack_sharing_enabled":true,"_links":{"self":[{"href":"https:\/\/skygroup.com.ve\/web\/wp-json\/wp\/v2\/product\/116485","targetHints":{"allow":["GET"]}}],"collection":[{"href":"https:\/\/skygroup.com.ve\/web\/wp-json\/wp\/v2\/product"}],"about":[{"href":"https:\/\/skygroup.com.ve\/web\/wp-json\/wp\/v2\/types\/product"}],"wp:featuredmedia":[{"embeddable":true,"href":"https:\/\/skygroup.com.ve\/web\/wp-json\/wp\/v2\/media\/116436"}],"wp:attachment":[{"href":"https:\/\/skygroup.com.ve\/web\/wp-json\/wp\/v2\/media?parent=116485"}],"wp:term":[{"taxonomy":"estado","embeddable":true,"href":"https:\/\/skygroup.com.ve\/web\/wp-json\/wp\/v2\/estado?post=116485"},{"taxonomy":"product_brand","embeddable":true,"href":"https:\/\/skygroup.com.ve\/web\/wp-json\/wp\/v2\/product_brand?post=116485"},{"taxonomy":"product_cat","embeddable":true,"href":"https:\/\/skygroup.com.ve\/web\/wp-json\/wp\/v2\/product_cat?post=116485"},{"taxonomy":"product_tag","embeddable":true,"href":"https:\/\/skygroup.com.ve\/web\/wp-json\/wp\/v2\/product_tag?post=116485"}],"curies":[{"name":"wp","href":"https:\/\/api.w.org\/{rel}","templated":true}]}}