{"id":12398,"date":"2024-08-01T19:12:26","date_gmt":"2024-08-01T23:12:26","guid":{"rendered":"https:\/\/skygroup.com.ve\/web\/producto\/plc-1056-casa-en-venta-conjunto-residencial-portal-las-virtudes\/"},"modified":"2026-04-07T20:50:16","modified_gmt":"2026-04-08T00:50:16","slug":"plc-1056-casa-en-venta-conjunto-residencial-portal-las-virtudes","status":"publish","type":"product","link":"https:\/\/skygroup.com.ve\/web\/producto\/plc-1056-casa-en-venta-conjunto-residencial-portal-las-virtudes\/","title":{"rendered":"PLC-1056 Casa en Venta Conjunto Residencial Portal Las Virtudes"},"content":{"rendered":"<p>SKY GROUP PLATINUM VENDE<\/p>\n<p>Esta majestuosa residencia se encuentra en una exclusiva urbanizaci\u00f3n de lujo, ubicada en Punto Fijo estado Falc\u00f3n ofreciendo un estilo de vida sofisticado y privilegiado, con impresionantes vistas y una arquitectura imponente.<\/p>\n<p>Descubre la elegancia y el confort de sus espacios interiores que est\u00e1n meticulosamente dise\u00f1ados para brindar la m\u00e1xima comodidad, mientras que sus exuberantes jardines y \u00e1reas de entretenimiento al aire libre son perfectas para disfrutar de momentos inolvidables con familiares y amigos.<\/p>\n<p>Esta propiedad representa la cumbre del lujo residencial, ofreciendo una experiencia de vida inigualable en un entorno exclusivo, con grandes y espaciosos ambientes, excelente distribuci\u00f3n de espacios para el provecho y disfrute de toda la Familia.<\/p>\n<p>La propiedad cuenta con 276m2 de terreno y una construcci\u00f3n de dos plantas con ampliaciones que alcanzan los 552m2 aproximadamente.<\/p>\n<p>Planta Baja:<br \/>\n\u2022\tSala\/comedor (Concepto Abierto)<br \/>\n\u2022\tCocina empotrada y equipada\u201d<br \/>\n\u2022\t\u00bd ba\u00f1o social<br \/>\n\u2022\tSal\u00f3n bar para reuniones<br \/>\n\u2022\t2 ba\u00f1os<br \/>\n\u2022\tCuarto de Bombas, filtro de agua general y planta el\u00e9ctrica<br \/>\n\u2022\t1 \u00c1rea de lavander\u00eda cerrada con aire acondicionado<br \/>\n\u2022\tPisos de Porcelanato en toda la casa.<br \/>\n\u2022\tHabitaci\u00f3n de hu\u00e9sped<br \/>\n\u2022\tGaraje con capacidad para 2 Veh\u00edculos<br \/>\n\u2022\t3 dep\u00f3sitos de usos m\u00faltiples, mantenimiento y utiler\u00eda<br \/>\n Planta Alta:<br \/>\n\u2022\t4 Dormitorios<br \/>\n\u2022\tDormitorio principal amplio con Vestier, (ba\u00f1o por terminar)<br \/>\n\u2022\t4 ba\u00f1os<br \/>\n\u2022\tFamily room<\/p>\n<p>PLUS Y BENEFICIOS<br \/>\n\u2022\tUrbanizaci\u00f3n cerrada con vigilancia permanente 24\/7<br \/>\n\u2022\tTotalmente amoblada<br \/>\n\u2022\tTanque de agua subterr\u00e1neo de 10.000 L<br \/>\n\u2022\tPlanta el\u00e9ctrica (requiere reparaci\u00f3n) con su transfer el\u00e9ctrico <\/p>\n<p>Cont\u00e1ctanos para m\u00e1s informaci\u00f3n y coordinar la visita<\/p>\n","protected":false},"excerpt":{"rendered":"<p>Sky Group PLATINUM Vende Casa Conjunto Residencial Portal Las Virtudes<\/p>\n","protected":false},"featured_media":7692,"template":"","meta":{"_acf_changed":false,"_uag_custom_page_level_css":"","site-sidebar-layout":"default","site-content-layout":"","ast-site-content-layout":"default","site-content-style":"default","site-sidebar-style":"default","ast-global-header-display":"","ast-banner-title-visibility":"","ast-main-header-display":"","ast-hfb-above-header-display":"","ast-hfb-below-header-display":"","ast-hfb-mobile-header-display":"","site-post-title":"","ast-breadcrumbs-content":"","ast-featured-img":"","footer-sml-layout":"","ast-disable-related-posts":"","theme-transparent-header-meta":"default","adv-header-id-meta":"","stick-header-meta":"","header-above-stick-meta":"","header-main-stick-meta":"","header-below-stick-meta":"","astra-migrate-meta-layouts":"default","ast-page-background-enabled":"default","ast-page-background-meta":{"desktop":{"background-color":"var(--ast-global-color-4)","background-image":"","background-repeat":"repeat","background-position":"center center","background-size":"auto","background-attachment":"scroll","background-type":"","background-media":"","overlay-type":"","overlay-color":"","overlay-opacity":"","overlay-gradient":""},"tablet":{"background-color":"","background-image":"","background-repeat":"repeat","background-position":"center center","background-size":"auto","background-attachment":"scroll","background-type":"","background-media":"","overlay-type":"","overlay-color":"","overlay-opacity":"","overlay-gradient":""},"mobile":{"background-color":"","background-image":"","background-repeat":"repeat","background-position":"center center","background-size":"auto","background-attachment":"scroll","background-type":"","background-media":"","overlay-type":"","overlay-color":"","overlay-opacity":"","overlay-gradient":""}},"ast-content-background-meta":{"desktop":{"background-color":"var(--ast-global-color-5)","background-image":"","background-repeat":"repeat","background-position":"center center","background-size":"auto","background-attachment":"scroll","background-type":"","background-media":"","overlay-type":"","overlay-color":"","overlay-opacity":"","overlay-gradient":""},"tablet":{"background-color":"var(--ast-global-color-5)","background-image":"","background-repeat":"repeat","background-position":"center center","background-size":"auto","background-attachment":"scroll","background-type":"","background-media":"","overlay-type":"","overlay-color":"","overlay-opacity":"","overlay-gradient":""},"mobile":{"background-color":"var(--ast-global-color-5)","background-image":"","background-repeat":"repeat","background-position":"center center","background-size":"auto","background-attachment":"scroll","background-type":"","background-media":"","overlay-type":"","overlay-color":"","overlay-opacity":"","overlay-gradient":""}},"jetpack_post_was_ever_published":false,"_joinchat":{"telephone":"+584121007616"}},"estado":[],"product_brand":[557],"product_cat":[47],"product_tag":[297],"class_list":{"0":"post-12398","1":"product","2":"type-product","3":"status-publish","4":"has-post-thumbnail","6":"product_brand-platinum","7":"product_cat-casa","8":"product_tag-null","9":"product_shipping_class-null","10":"pa_asesor-atr-fabiola-josefina-ventura-revilla","11":"pa_oficina-atr-platinum","12":"pa_ubicacion-falcon","13":"desktop-align-left","14":"tablet-align-left","15":"mobile-align-left","17":"first","18":"instock","19":"shipping-taxable","20":"purchasable","21":"product-type-simple"},"acf":[],"uagb_featured_image_src":{"full":["https:\/\/i0.wp.com\/skygroup.com.ve\/web\/wp-content\/uploads\/2024\/08\/1441_plc-10562.jpg?fit=800%2C600&ssl=1",800,600,false],"thumbnail":["https:\/\/i0.wp.com\/skygroup.com.ve\/web\/wp-content\/uploads\/2024\/08\/1441_plc-10562.jpg?resize=150%2C150&ssl=1",150,150,true],"medium":["https:\/\/i0.wp.com\/skygroup.com.ve\/web\/wp-content\/uploads\/2024\/08\/1441_plc-10562.jpg?fit=300%2C225&ssl=1",300,225,true],"medium_large":["https:\/\/i0.wp.com\/skygroup.com.ve\/web\/wp-content\/uploads\/2024\/08\/1441_plc-10562.jpg?fit=768%2C576&ssl=1",768,576,true],"large":["https:\/\/i0.wp.com\/skygroup.com.ve\/web\/wp-content\/uploads\/2024\/08\/1441_plc-10562.jpg?fit=800%2C600&ssl=1",800,600,true],"1536x1536":["https:\/\/i0.wp.com\/skygroup.com.ve\/web\/wp-content\/uploads\/2024\/08\/1441_plc-10562.jpg?fit=800%2C600&ssl=1",800,600,true],"2048x2048":["https:\/\/i0.wp.com\/skygroup.com.ve\/web\/wp-content\/uploads\/2024\/08\/1441_plc-10562.jpg?fit=800%2C600&ssl=1",800,600,true],"woocommerce_thumbnail":["https:\/\/i0.wp.com\/skygroup.com.ve\/web\/wp-content\/uploads\/2024\/08\/1441_plc-10562.jpg?resize=300%2C300&ssl=1",300,300,true],"woocommerce_single":["https:\/\/i0.wp.com\/skygroup.com.ve\/web\/wp-content\/uploads\/2024\/08\/1441_plc-10562.jpg?fit=600%2C450&ssl=1",600,450,true],"woocommerce_gallery_thumbnail":["https:\/\/i0.wp.com\/skygroup.com.ve\/web\/wp-content\/uploads\/2024\/08\/1441_plc-10562.jpg?resize=100%2C100&ssl=1",100,100,true]},"uagb_author_info":{"display_name":"adminweb","author_link":"https:\/\/skygroup.com.ve\/web\/author\/"},"uagb_comment_info":0,"uagb_excerpt":"Sky Group PLATINUM Vende Casa Conjunto Residencial Portal Las Virtudes","jetpack_sharing_enabled":true,"_links":{"self":[{"href":"https:\/\/skygroup.com.ve\/web\/wp-json\/wp\/v2\/product\/12398","targetHints":{"allow":["GET"]}}],"collection":[{"href":"https:\/\/skygroup.com.ve\/web\/wp-json\/wp\/v2\/product"}],"about":[{"href":"https:\/\/skygroup.com.ve\/web\/wp-json\/wp\/v2\/types\/product"}],"wp:featuredmedia":[{"embeddable":true,"href":"https:\/\/skygroup.com.ve\/web\/wp-json\/wp\/v2\/media\/7692"}],"wp:attachment":[{"href":"https:\/\/skygroup.com.ve\/web\/wp-json\/wp\/v2\/media?parent=12398"}],"wp:term":[{"taxonomy":"estado","embeddable":true,"href":"https:\/\/skygroup.com.ve\/web\/wp-json\/wp\/v2\/estado?post=12398"},{"taxonomy":"product_brand","embeddable":true,"href":"https:\/\/skygroup.com.ve\/web\/wp-json\/wp\/v2\/product_brand?post=12398"},{"taxonomy":"product_cat","embeddable":true,"href":"https:\/\/skygroup.com.ve\/web\/wp-json\/wp\/v2\/product_cat?post=12398"},{"taxonomy":"product_tag","embeddable":true,"href":"https:\/\/skygroup.com.ve\/web\/wp-json\/wp\/v2\/product_tag?post=12398"}],"curies":[{"name":"wp","href":"https:\/\/api.w.org\/{rel}","templated":true}]}}