{"id":12411,"date":"2024-08-01T19:13:26","date_gmt":"2024-08-01T23:13:26","guid":{"rendered":"https:\/\/skygroup.com.ve\/web\/producto\/plg-124-galpon-en-venta-urbanizacion-santa-fe\/"},"modified":"2026-04-07T20:50:17","modified_gmt":"2026-04-08T00:50:17","slug":"plg-124-galpon-en-venta-urbanizacion-santa-fe","status":"publish","type":"product","link":"https:\/\/skygroup.com.ve\/web\/producto\/plg-124-galpon-en-venta-urbanizacion-santa-fe\/","title":{"rendered":"PLG-124 Galpon en Venta Urbanizaci\u00f3n Santa Fe"},"content":{"rendered":"<p>Sky  Group Platinum Vende<\/p>\n<p>Galp\u00f3n para tu empresa<br \/>\ncon 747 M2 de construcci\u00f3n, ubicado en buena zona de la ciudad, segura y cerca de \u00e1reas comerciales, la estructura del galp\u00f3n tiene paredes construidas en bloques de concreto, techos de doble altura construidos con l\u00e1minas canal 90 con vigas de hierro, pisos de concreto en su totalidad, cuenta con oficinas amplias y c\u00f3modas con pisos de cer\u00e1mica y entrada independiente, port\u00f3n de acceso construido en hierro y tubos estructurales permite la entrada a camiones grandes de carga y descarga de materiales o mercanc\u00eda, \u00e1rea de dep\u00f3sitos con techos de altura normal, un ba\u00f1o, un transformador el\u00e9ctrico exclusivo para la propiedad. <\/p>\n<p>El galp\u00f3n se encuentra en condiciones para operar inmediatamente, conservado en todas sus \u00e1reas.<\/p>\n<p> PLUS<br \/>\n\u2022\tL\u00ednea Telef\u00f3nica activa<br \/>\n\u2022\tAlarma y sistema de seguridad<br \/>\n\u2022\tPort\u00f3n El\u00e9ctrico<br \/>\n\u2022\tCerco el\u00e9ctrico<br \/>\n\u2022\tMobiliario de oficina<br \/>\n\u2022\t3 Aires  acondicionados de 12.000BTU<br \/>\n\u2022\tDuctos para Aire acondicionado Central<br \/>\n\u2022\tTanque de agua<\/p>\n<p>NEGOCIABLE y Disponible de forma<br \/>\ninmediata<\/p>\n","protected":false},"excerpt":{"rendered":"<p>Sky Group PLATINUM Vende Galpon Urbanizaci\u00f3n Santa Fe<\/p>\n","protected":false},"featured_media":7897,"template":"","meta":{"_acf_changed":false,"_uag_custom_page_level_css":"","site-sidebar-layout":"default","site-content-layout":"","ast-site-content-layout":"default","site-content-style":"default","site-sidebar-style":"default","ast-global-header-display":"","ast-banner-title-visibility":"","ast-main-header-display":"","ast-hfb-above-header-display":"","ast-hfb-below-header-display":"","ast-hfb-mobile-header-display":"","site-post-title":"","ast-breadcrumbs-content":"","ast-featured-img":"","footer-sml-layout":"","ast-disable-related-posts":"","theme-transparent-header-meta":"default","adv-header-id-meta":"","stick-header-meta":"","header-above-stick-meta":"","header-main-stick-meta":"","header-below-stick-meta":"","astra-migrate-meta-layouts":"default","ast-page-background-enabled":"default","ast-page-background-meta":{"desktop":{"background-color":"var(--ast-global-color-4)","background-image":"","background-repeat":"repeat","background-position":"center center","background-size":"auto","background-attachment":"scroll","background-type":"","background-media":"","overlay-type":"","overlay-color":"","overlay-opacity":"","overlay-gradient":""},"tablet":{"background-color":"","background-image":"","background-repeat":"repeat","background-position":"center center","background-size":"auto","background-attachment":"scroll","background-type":"","background-media":"","overlay-type":"","overlay-color":"","overlay-opacity":"","overlay-gradient":""},"mobile":{"background-color":"","background-image":"","background-repeat":"repeat","background-position":"center center","background-size":"auto","background-attachment":"scroll","background-type":"","background-media":"","overlay-type":"","overlay-color":"","overlay-opacity":"","overlay-gradient":""}},"ast-content-background-meta":{"desktop":{"background-color":"var(--ast-global-color-5)","background-image":"","background-repeat":"repeat","background-position":"center center","background-size":"auto","background-attachment":"scroll","background-type":"","background-media":"","overlay-type":"","overlay-color":"","overlay-opacity":"","overlay-gradient":""},"tablet":{"background-color":"var(--ast-global-color-5)","background-image":"","background-repeat":"repeat","background-position":"center center","background-size":"auto","background-attachment":"scroll","background-type":"","background-media":"","overlay-type":"","overlay-color":"","overlay-opacity":"","overlay-gradient":""},"mobile":{"background-color":"var(--ast-global-color-5)","background-image":"","background-repeat":"repeat","background-position":"center center","background-size":"auto","background-attachment":"scroll","background-type":"","background-media":"","overlay-type":"","overlay-color":"","overlay-opacity":"","overlay-gradient":""}},"jetpack_post_was_ever_published":false,"_joinchat":{"telephone":"+584121007616"}},"estado":[],"product_brand":[557],"product_cat":[115],"product_tag":[297],"class_list":{"0":"post-12411","1":"product","2":"type-product","3":"status-publish","4":"has-post-thumbnail","6":"product_brand-platinum","7":"product_cat-galpon","8":"product_tag-null","9":"product_shipping_class-null","10":"pa_asesor-atr-fabiola-josefina-ventura-revilla","11":"pa_oficina-atr-platinum","12":"pa_ubicacion-falcon","13":"desktop-align-left","14":"tablet-align-left","15":"mobile-align-left","17":"first","18":"instock","19":"shipping-taxable","20":"purchasable","21":"product-type-simple"},"acf":[],"uagb_featured_image_src":{"full":["https:\/\/i0.wp.com\/skygroup.com.ve\/web\/wp-content\/uploads\/2024\/08\/1458_01.jpg?fit=1041%2C779&ssl=1",1041,779,false],"thumbnail":["https:\/\/i0.wp.com\/skygroup.com.ve\/web\/wp-content\/uploads\/2024\/08\/1458_01.jpg?resize=150%2C150&ssl=1",150,150,true],"medium":["https:\/\/i0.wp.com\/skygroup.com.ve\/web\/wp-content\/uploads\/2024\/08\/1458_01.jpg?fit=300%2C224&ssl=1",300,224,true],"medium_large":["https:\/\/i0.wp.com\/skygroup.com.ve\/web\/wp-content\/uploads\/2024\/08\/1458_01.jpg?fit=768%2C575&ssl=1",768,575,true],"large":["https:\/\/i0.wp.com\/skygroup.com.ve\/web\/wp-content\/uploads\/2024\/08\/1458_01.jpg?fit=1024%2C766&ssl=1",1024,766,true],"1536x1536":["https:\/\/i0.wp.com\/skygroup.com.ve\/web\/wp-content\/uploads\/2024\/08\/1458_01.jpg?fit=1041%2C779&ssl=1",1041,779,true],"2048x2048":["https:\/\/i0.wp.com\/skygroup.com.ve\/web\/wp-content\/uploads\/2024\/08\/1458_01.jpg?fit=1041%2C779&ssl=1",1041,779,true],"woocommerce_thumbnail":["https:\/\/i0.wp.com\/skygroup.com.ve\/web\/wp-content\/uploads\/2024\/08\/1458_01.jpg?resize=300%2C300&ssl=1",300,300,true],"woocommerce_single":["https:\/\/i0.wp.com\/skygroup.com.ve\/web\/wp-content\/uploads\/2024\/08\/1458_01.jpg?fit=600%2C449&ssl=1",600,449,true],"woocommerce_gallery_thumbnail":["https:\/\/i0.wp.com\/skygroup.com.ve\/web\/wp-content\/uploads\/2024\/08\/1458_01.jpg?resize=100%2C100&ssl=1",100,100,true]},"uagb_author_info":{"display_name":"adminweb","author_link":"https:\/\/skygroup.com.ve\/web\/author\/"},"uagb_comment_info":0,"uagb_excerpt":"Sky Group PLATINUM Vende Galpon Urbanizaci\u00f3n Santa Fe","jetpack_sharing_enabled":true,"_links":{"self":[{"href":"https:\/\/skygroup.com.ve\/web\/wp-json\/wp\/v2\/product\/12411","targetHints":{"allow":["GET"]}}],"collection":[{"href":"https:\/\/skygroup.com.ve\/web\/wp-json\/wp\/v2\/product"}],"about":[{"href":"https:\/\/skygroup.com.ve\/web\/wp-json\/wp\/v2\/types\/product"}],"wp:featuredmedia":[{"embeddable":true,"href":"https:\/\/skygroup.com.ve\/web\/wp-json\/wp\/v2\/media\/7897"}],"wp:attachment":[{"href":"https:\/\/skygroup.com.ve\/web\/wp-json\/wp\/v2\/media?parent=12411"}],"wp:term":[{"taxonomy":"estado","embeddable":true,"href":"https:\/\/skygroup.com.ve\/web\/wp-json\/wp\/v2\/estado?post=12411"},{"taxonomy":"product_brand","embeddable":true,"href":"https:\/\/skygroup.com.ve\/web\/wp-json\/wp\/v2\/product_brand?post=12411"},{"taxonomy":"product_cat","embeddable":true,"href":"https:\/\/skygroup.com.ve\/web\/wp-json\/wp\/v2\/product_cat?post=12411"},{"taxonomy":"product_tag","embeddable":true,"href":"https:\/\/skygroup.com.ve\/web\/wp-json\/wp\/v2\/product_tag?post=12411"}],"curies":[{"name":"wp","href":"https:\/\/api.w.org\/{rel}","templated":true}]}}