{"id":12412,"date":"2024-08-01T19:13:32","date_gmt":"2024-08-01T23:13:32","guid":{"rendered":"https:\/\/skygroup.com.ve\/web\/producto\/plg-132-galpon-en-alquiler-urbanizacion-santa-elena-punto-fijo\/"},"modified":"2026-04-07T20:50:17","modified_gmt":"2026-04-08T00:50:17","slug":"plg-132-galpon-en-alquiler-urbanizacion-santa-elena-punto-fijo","status":"publish","type":"product","link":"https:\/\/skygroup.com.ve\/web\/producto\/plg-132-galpon-en-alquiler-urbanizacion-santa-elena-punto-fijo\/","title":{"rendered":"PLG-132 Galpon en Alquiler Urbanizacion Santa Elena Punto Fijo"},"content":{"rendered":"<p>SKY GROUP PLATINUM Alquila Galp\u00f3n en Santa Elena, Punto Fijo.<br \/>\nEmpresario si est\u00e1 en b\u00fasqueda de un Galp\u00f3n para su empresa, se lo presentamos, para ello es importante considerar la ubicaci\u00f3n, el tama\u00f1o, la infraestructura y las facilidades que necesita para operar eficientemente y si a eso le a\u00f1adimos oficinas de lujo y amobladas ya que es importante considerar la comodidad y el ambiente de trabajo que desea ofrecer a su equipo le tenemos la mejor opci\u00f3n, las oficinas no solo brindan un entorno profesional y agradable, sino que tambi\u00e9n pueden ser el factor clave para que sus trabajadores sean m\u00e1s productivos.<\/p>\n<p>Caracter\u00edsticas:<br \/>\n&#8211; Un galp\u00f3n de 2.400 m2 pavimentados<br \/>\n&#8211; 3 oficinas<br \/>\n&#8211; Oficina de recepci\u00f3n<br \/>\n&#8211; 1 oficina Presidencial con sala de conferencias y ba\u00f1o privado<br \/>\n&#8211; Los pisos de las oficinas son de piso flotante y de Porcelanato<br \/>\n&#8211; 1 Kitchenette<br \/>\n&#8211; Totalmente amobladas con escritorios de granito y otros de vidrios, sillas, archivos<br \/>\n&#8211; 1 aire de 5 toneladas integral<br \/>\n&#8211; 1 aire de 18 mil BTU en la oficina Presidencial<br \/>\n&#8211; Banco de transformadores dentro del Galp\u00f3n, luz trif\u00e1sico<br \/>\n&#8211; 2 ba\u00f1os en el \u00e1rea del Galp\u00f3n para el personal<br \/>\n&#8211; Tanque subterr\u00e1neo con hidroneum\u00e1tico y 1 bomba de 1\/2 hp, el agua llega 2 veces al mes.<br \/>\n&#8211; Mantenimiento al d\u00eda<\/p>\n<p>PLUS:<br \/>\n&#8211; Mucho espacio<br \/>\n&#8211; Bellas Oficinas equipadas y amobladas<br \/>\n&#8211; Seguro<br \/>\n&#8211; Aires acondicionados<\/p>\n<p>Cont\u00e1ctanos hoy para agendar una visita<\/p>\n","protected":false},"excerpt":{"rendered":"<p>Sky Group PLATINUM Alquila Galpon Urbanizacion Santa Elena Punto Fijo<\/p>\n","protected":false},"featured_media":7906,"template":"","meta":{"_acf_changed":false,"_uag_custom_page_level_css":"","site-sidebar-layout":"default","site-content-layout":"","ast-site-content-layout":"default","site-content-style":"default","site-sidebar-style":"default","ast-global-header-display":"","ast-banner-title-visibility":"","ast-main-header-display":"","ast-hfb-above-header-display":"","ast-hfb-below-header-display":"","ast-hfb-mobile-header-display":"","site-post-title":"","ast-breadcrumbs-content":"","ast-featured-img":"","footer-sml-layout":"","ast-disable-related-posts":"","theme-transparent-header-meta":"default","adv-header-id-meta":"","stick-header-meta":"","header-above-stick-meta":"","header-main-stick-meta":"","header-below-stick-meta":"","astra-migrate-meta-layouts":"default","ast-page-background-enabled":"default","ast-page-background-meta":{"desktop":{"background-color":"var(--ast-global-color-4)","background-image":"","background-repeat":"repeat","background-position":"center center","background-size":"auto","background-attachment":"scroll","background-type":"","background-media":"","overlay-type":"","overlay-color":"","overlay-opacity":"","overlay-gradient":""},"tablet":{"background-color":"","background-image":"","background-repeat":"repeat","background-position":"center center","background-size":"auto","background-attachment":"scroll","background-type":"","background-media":"","overlay-type":"","overlay-color":"","overlay-opacity":"","overlay-gradient":""},"mobile":{"background-color":"","background-image":"","background-repeat":"repeat","background-position":"center center","background-size":"auto","background-attachment":"scroll","background-type":"","background-media":"","overlay-type":"","overlay-color":"","overlay-opacity":"","overlay-gradient":""}},"ast-content-background-meta":{"desktop":{"background-color":"var(--ast-global-color-5)","background-image":"","background-repeat":"repeat","background-position":"center center","background-size":"auto","background-attachment":"scroll","background-type":"","background-media":"","overlay-type":"","overlay-color":"","overlay-opacity":"","overlay-gradient":""},"tablet":{"background-color":"var(--ast-global-color-5)","background-image":"","background-repeat":"repeat","background-position":"center center","background-size":"auto","background-attachment":"scroll","background-type":"","background-media":"","overlay-type":"","overlay-color":"","overlay-opacity":"","overlay-gradient":""},"mobile":{"background-color":"var(--ast-global-color-5)","background-image":"","background-repeat":"repeat","background-position":"center center","background-size":"auto","background-attachment":"scroll","background-type":"","background-media":"","overlay-type":"","overlay-color":"","overlay-opacity":"","overlay-gradient":""}},"jetpack_post_was_ever_published":false,"_joinchat":{"telephone":"+584121007616"}},"estado":[],"product_brand":[557],"product_cat":[115],"product_tag":[297],"class_list":{"0":"post-12412","1":"product","2":"type-product","3":"status-publish","4":"has-post-thumbnail","6":"product_brand-platinum","7":"product_cat-galpon","8":"product_tag-null","9":"product_shipping_class-null","10":"pa_asesor-atr-fabiola-josefina-ventura-revilla","11":"pa_oficina-atr-platinum","12":"pa_ubicacion-falcon","13":"desktop-align-left","14":"tablet-align-left","15":"mobile-align-left","17":"first","18":"instock","19":"shipping-taxable","20":"purchasable","21":"product-type-simple"},"acf":[],"uagb_featured_image_src":{"full":["https:\/\/i0.wp.com\/skygroup.com.ve\/web\/wp-content\/uploads\/2024\/08\/1460_01.jpg?fit=1041%2C781&ssl=1",1041,781,false],"thumbnail":["https:\/\/i0.wp.com\/skygroup.com.ve\/web\/wp-content\/uploads\/2024\/08\/1460_01.jpg?resize=150%2C150&ssl=1",150,150,true],"medium":["https:\/\/i0.wp.com\/skygroup.com.ve\/web\/wp-content\/uploads\/2024\/08\/1460_01.jpg?fit=300%2C225&ssl=1",300,225,true],"medium_large":["https:\/\/i0.wp.com\/skygroup.com.ve\/web\/wp-content\/uploads\/2024\/08\/1460_01.jpg?fit=768%2C576&ssl=1",768,576,true],"large":["https:\/\/i0.wp.com\/skygroup.com.ve\/web\/wp-content\/uploads\/2024\/08\/1460_01.jpg?fit=1024%2C768&ssl=1",1024,768,true],"1536x1536":["https:\/\/i0.wp.com\/skygroup.com.ve\/web\/wp-content\/uploads\/2024\/08\/1460_01.jpg?fit=1041%2C781&ssl=1",1041,781,true],"2048x2048":["https:\/\/i0.wp.com\/skygroup.com.ve\/web\/wp-content\/uploads\/2024\/08\/1460_01.jpg?fit=1041%2C781&ssl=1",1041,781,true],"woocommerce_thumbnail":["https:\/\/i0.wp.com\/skygroup.com.ve\/web\/wp-content\/uploads\/2024\/08\/1460_01.jpg?resize=300%2C300&ssl=1",300,300,true],"woocommerce_single":["https:\/\/i0.wp.com\/skygroup.com.ve\/web\/wp-content\/uploads\/2024\/08\/1460_01.jpg?fit=600%2C450&ssl=1",600,450,true],"woocommerce_gallery_thumbnail":["https:\/\/i0.wp.com\/skygroup.com.ve\/web\/wp-content\/uploads\/2024\/08\/1460_01.jpg?resize=100%2C100&ssl=1",100,100,true]},"uagb_author_info":{"display_name":"adminweb","author_link":"https:\/\/skygroup.com.ve\/web\/author\/"},"uagb_comment_info":0,"uagb_excerpt":"Sky Group PLATINUM Alquila Galpon Urbanizacion Santa Elena Punto Fijo","jetpack_sharing_enabled":true,"_links":{"self":[{"href":"https:\/\/skygroup.com.ve\/web\/wp-json\/wp\/v2\/product\/12412","targetHints":{"allow":["GET"]}}],"collection":[{"href":"https:\/\/skygroup.com.ve\/web\/wp-json\/wp\/v2\/product"}],"about":[{"href":"https:\/\/skygroup.com.ve\/web\/wp-json\/wp\/v2\/types\/product"}],"wp:featuredmedia":[{"embeddable":true,"href":"https:\/\/skygroup.com.ve\/web\/wp-json\/wp\/v2\/media\/7906"}],"wp:attachment":[{"href":"https:\/\/skygroup.com.ve\/web\/wp-json\/wp\/v2\/media?parent=12412"}],"wp:term":[{"taxonomy":"estado","embeddable":true,"href":"https:\/\/skygroup.com.ve\/web\/wp-json\/wp\/v2\/estado?post=12412"},{"taxonomy":"product_brand","embeddable":true,"href":"https:\/\/skygroup.com.ve\/web\/wp-json\/wp\/v2\/product_brand?post=12412"},{"taxonomy":"product_cat","embeddable":true,"href":"https:\/\/skygroup.com.ve\/web\/wp-json\/wp\/v2\/product_cat?post=12412"},{"taxonomy":"product_tag","embeddable":true,"href":"https:\/\/skygroup.com.ve\/web\/wp-json\/wp\/v2\/product_tag?post=12412"}],"curies":[{"name":"wp","href":"https:\/\/api.w.org\/{rel}","templated":true}]}}