{"id":12421,"date":"2024-08-01T19:14:12","date_gmt":"2024-08-01T23:14:12","guid":{"rendered":"https:\/\/skygroup.com.ve\/web\/producto\/pll-300-local-en-venta-en-edificio-santorini-av-ollarvides-puerta-maraven\/"},"modified":"2026-04-03T13:41:26","modified_gmt":"2026-04-03T17:41:26","slug":"pll-300-local-en-venta-en-edificio-santorini-av-ollarvides-puerta-maraven","status":"publish","type":"product","link":"https:\/\/skygroup.com.ve\/web\/producto\/pll-300-local-en-venta-en-edificio-santorini-av-ollarvides-puerta-maraven\/","title":{"rendered":"PLL-300 Local en Venta En Edificio Santorini Av. Ollarvides Puerta Maraven"},"content":{"rendered":"<p>SKY GROUP PLATINUM VENDE <\/p>\n<p>LOCAL  EN EL EDIFICIO SANTORINI AV. OLLARVIDES PUERTA MARAVEN. <\/p>\n<p>Este local es una oportunidad \u00fanica para crear un espacio ideal en la Puerta Maraven. Con una superficie de 791,19 m2, se puede dividir en tres locales  separados o utilizarse como una sola unidad grande y s\u00faper espaciosa. El local tiene acceso a dos terrazas al aire libre, lo que lo convierte en un lugar ideal para un restaurante, una discoteca o una combinaci\u00f3n de ambos.<br \/>\nLa Puerta Maraven es una zona de alta demanda comercial en la ciudad, con un gran n\u00famero de negocios como restaurantes, discos. El local est\u00e1 situado en una calle concurrida, lo que garantiza una gran visibilidad.<br \/>\nEste local es una oportunidad para los empresarios, el mismo  est\u00e1 en obra gris para que pongas a volar tu imaginaci\u00f3n y crees un espectacular y exitoso lugar para el disfrute del p\u00fablico en general algo innovador y \u00fanico, en conclusi\u00f3n tiene el potencial de convertirse en un gran \u00e9xito.<br \/>\nAlgunas ideas para el uso del Local:<br \/>\n\u2022\tRestaurante: el espacio es lo suficientemente grande para albergar un restaurante con una gran variedad de opciones gastron\u00f3micas. Las terrazas al aire libre serian perfectas para una cena a luz de la luna y de las estrellas.<br \/>\n\u2022\tDiscoteca: el espacio es ideal para crear una espectacular pista de baile, con varios ambientes como zona de bar y zona de asientos con una decoraci\u00f3n fuera de serie. Las terrazas al aire libre serian perfectas para tomar una copa y bailar al aire libre.<br \/>\n\u2022\tCombinaci\u00f3n de ambos: El espacio se  puede dividir en 3 locales separados con diferentes ambientes privados y al aire libre en el \u00e1rea de las terrazas. Esto ser\u00eda una gran opci\u00f3n para los empresarios e inversionistas que quieren ofrecer una experiencia gastron\u00f3mica y de ocio completa. <\/p>\n<p>PLUS:<br \/>\n\u2022\tExcelente ubicaci\u00f3n.<br \/>\n\u2022\tPrecio.<br \/>\nEn fin este local es una oportunidad \u00daNICA para crear un espacio inigualable, exitoso  y nunca visto en la Puerta Maraven. Con su ubicaci\u00f3n, tama\u00f1o y caracter\u00edsticas y lo mejor de todo el PRECIO DE REGALO, tiene el potencial que todo empresario e inversionista buscan.<br \/>\n\u00a1Cont\u00e1ctanos!<\/p>\n","protected":false},"excerpt":{"rendered":"<p>Sky Group PLATINUM Vende Local En Edificio Santorini Av. Ollarvides Puerta Maraven<\/p>\n","protected":false},"featured_media":7998,"template":"","meta":{"_acf_changed":false,"_uag_custom_page_level_css":"","site-sidebar-layout":"default","site-content-layout":"","ast-site-content-layout":"default","site-content-style":"default","site-sidebar-style":"default","ast-global-header-display":"","ast-banner-title-visibility":"","ast-main-header-display":"","ast-hfb-above-header-display":"","ast-hfb-below-header-display":"","ast-hfb-mobile-header-display":"","site-post-title":"","ast-breadcrumbs-content":"","ast-featured-img":"","footer-sml-layout":"","ast-disable-related-posts":"","theme-transparent-header-meta":"default","adv-header-id-meta":"","stick-header-meta":"","header-above-stick-meta":"","header-main-stick-meta":"","header-below-stick-meta":"","astra-migrate-meta-layouts":"default","ast-page-background-enabled":"default","ast-page-background-meta":{"desktop":{"background-color":"var(--ast-global-color-4)","background-image":"","background-repeat":"repeat","background-position":"center center","background-size":"auto","background-attachment":"scroll","background-type":"","background-media":"","overlay-type":"","overlay-color":"","overlay-opacity":"","overlay-gradient":""},"tablet":{"background-color":"","background-image":"","background-repeat":"repeat","background-position":"center center","background-size":"auto","background-attachment":"scroll","background-type":"","background-media":"","overlay-type":"","overlay-color":"","overlay-opacity":"","overlay-gradient":""},"mobile":{"background-color":"","background-image":"","background-repeat":"repeat","background-position":"center center","background-size":"auto","background-attachment":"scroll","background-type":"","background-media":"","overlay-type":"","overlay-color":"","overlay-opacity":"","overlay-gradient":""}},"ast-content-background-meta":{"desktop":{"background-color":"var(--ast-global-color-5)","background-image":"","background-repeat":"repeat","background-position":"center center","background-size":"auto","background-attachment":"scroll","background-type":"","background-media":"","overlay-type":"","overlay-color":"","overlay-opacity":"","overlay-gradient":""},"tablet":{"background-color":"var(--ast-global-color-5)","background-image":"","background-repeat":"repeat","background-position":"center center","background-size":"auto","background-attachment":"scroll","background-type":"","background-media":"","overlay-type":"","overlay-color":"","overlay-opacity":"","overlay-gradient":""},"mobile":{"background-color":"var(--ast-global-color-5)","background-image":"","background-repeat":"repeat","background-position":"center center","background-size":"auto","background-attachment":"scroll","background-type":"","background-media":"","overlay-type":"","overlay-color":"","overlay-opacity":"","overlay-gradient":""}},"jetpack_post_was_ever_published":false,"_joinchat":{"telephone":"+584121007616"}},"estado":[],"product_brand":[557],"product_cat":[52],"product_tag":[297],"class_list":{"0":"post-12421","1":"product","2":"type-product","3":"status-publish","4":"has-post-thumbnail","6":"product_brand-platinum","7":"product_cat-local","8":"product_tag-null","9":"product_shipping_class-null","10":"pa_asesor-atr-fabiola-josefina-ventura-revilla","11":"pa_oficina-atr-platinum","12":"pa_ubicacion-falcon","13":"desktop-align-left","14":"tablet-align-left","15":"mobile-align-left","17":"first","18":"instock","19":"shipping-taxable","20":"purchasable","21":"product-type-simple"},"acf":[],"uagb_featured_image_src":{"full":["https:\/\/i0.wp.com\/skygroup.com.ve\/web\/wp-content\/uploads\/2024\/08\/1471_pll-3001.jpg?fit=800%2C600&ssl=1",800,600,false],"thumbnail":["https:\/\/i0.wp.com\/skygroup.com.ve\/web\/wp-content\/uploads\/2024\/08\/1471_pll-3001.jpg?resize=150%2C150&ssl=1",150,150,true],"medium":["https:\/\/i0.wp.com\/skygroup.com.ve\/web\/wp-content\/uploads\/2024\/08\/1471_pll-3001.jpg?fit=300%2C225&ssl=1",300,225,true],"medium_large":["https:\/\/i0.wp.com\/skygroup.com.ve\/web\/wp-content\/uploads\/2024\/08\/1471_pll-3001.jpg?fit=768%2C576&ssl=1",768,576,true],"large":["https:\/\/i0.wp.com\/skygroup.com.ve\/web\/wp-content\/uploads\/2024\/08\/1471_pll-3001.jpg?fit=800%2C600&ssl=1",800,600,true],"1536x1536":["https:\/\/i0.wp.com\/skygroup.com.ve\/web\/wp-content\/uploads\/2024\/08\/1471_pll-3001.jpg?fit=800%2C600&ssl=1",800,600,true],"2048x2048":["https:\/\/i0.wp.com\/skygroup.com.ve\/web\/wp-content\/uploads\/2024\/08\/1471_pll-3001.jpg?fit=800%2C600&ssl=1",800,600,true],"woocommerce_thumbnail":["https:\/\/i0.wp.com\/skygroup.com.ve\/web\/wp-content\/uploads\/2024\/08\/1471_pll-3001.jpg?resize=300%2C300&ssl=1",300,300,true],"woocommerce_single":["https:\/\/i0.wp.com\/skygroup.com.ve\/web\/wp-content\/uploads\/2024\/08\/1471_pll-3001.jpg?fit=600%2C450&ssl=1",600,450,true],"woocommerce_gallery_thumbnail":["https:\/\/i0.wp.com\/skygroup.com.ve\/web\/wp-content\/uploads\/2024\/08\/1471_pll-3001.jpg?resize=100%2C100&ssl=1",100,100,true]},"uagb_author_info":{"display_name":"adminweb","author_link":"https:\/\/skygroup.com.ve\/web\/author\/"},"uagb_comment_info":0,"uagb_excerpt":"Sky Group PLATINUM Vende Local En Edificio Santorini Av. Ollarvides Puerta Maraven","jetpack_sharing_enabled":true,"_links":{"self":[{"href":"https:\/\/skygroup.com.ve\/web\/wp-json\/wp\/v2\/product\/12421","targetHints":{"allow":["GET"]}}],"collection":[{"href":"https:\/\/skygroup.com.ve\/web\/wp-json\/wp\/v2\/product"}],"about":[{"href":"https:\/\/skygroup.com.ve\/web\/wp-json\/wp\/v2\/types\/product"}],"wp:featuredmedia":[{"embeddable":true,"href":"https:\/\/skygroup.com.ve\/web\/wp-json\/wp\/v2\/media\/7998"}],"wp:attachment":[{"href":"https:\/\/skygroup.com.ve\/web\/wp-json\/wp\/v2\/media?parent=12421"}],"wp:term":[{"taxonomy":"estado","embeddable":true,"href":"https:\/\/skygroup.com.ve\/web\/wp-json\/wp\/v2\/estado?post=12421"},{"taxonomy":"product_brand","embeddable":true,"href":"https:\/\/skygroup.com.ve\/web\/wp-json\/wp\/v2\/product_brand?post=12421"},{"taxonomy":"product_cat","embeddable":true,"href":"https:\/\/skygroup.com.ve\/web\/wp-json\/wp\/v2\/product_cat?post=12421"},{"taxonomy":"product_tag","embeddable":true,"href":"https:\/\/skygroup.com.ve\/web\/wp-json\/wp\/v2\/product_tag?post=12421"}],"curies":[{"name":"wp","href":"https:\/\/api.w.org\/{rel}","templated":true}]}}