{"id":12424,"date":"2024-08-01T19:14:23","date_gmt":"2024-08-01T23:14:23","guid":{"rendered":"https:\/\/skygroup.com.ve\/web\/producto\/pll-318-local-en-alquiler-el-centro-comercial-ciudad-del-viento\/"},"modified":"2026-05-11T23:30:12","modified_gmt":"2026-05-12T03:30:12","slug":"pll-318-local-en-alquiler-el-centro-comercial-ciudad-del-viento","status":"publish","type":"product","link":"https:\/\/skygroup.com.ve\/web\/producto\/pll-318-local-en-alquiler-el-centro-comercial-ciudad-del-viento\/","title":{"rendered":"PLL-318 Local en Alquiler El Centro Comercial Ciudad Del Viento"},"content":{"rendered":"<p>SKY GROUP PLATINUM Alquila<\/p>\n<p>Bienvenido al Centro Comercial Ciudad del Viento! Aqu\u00ed encontraras EL LOCAL IDEAL PARA TU NEGOCIO \u00a1!<\/p>\n<p>LOCAL AMOBLADO, ubicado en planta alta del centro comercial Ciudad del Viento con un \u00e1rea de 53,57m2, el pasillo donde est\u00e1 ubicado tiene buen flujo de personas y clientes. Este local est\u00e1 listo para usar y es ideal para cualquier tipo de negocio, tienda de ropa, zapater\u00eda, bisuter\u00eda, foto estudio o cualquier otro tipo de emprendimiento.<br \/>\nConsta de:<br \/>\n\t1 \u00e1rea de exhibici\u00f3n totalmente iluminada.<br \/>\n\t1 probador<br \/>\n\t1 sala de espera acogedora<br \/>\n\tPiso de Porcelanato<br \/>\nPLUS:<br \/>\n\tAmoblado con estantes, exhibidores empotrado en todo el local<br \/>\n\tAire acondicionado integral  de 5 toneladas.<br \/>\nLocal est\u00e1 muy bien ubicado, y es excelente para tienda de ropa para ni\u00f1os o adultos, zapater\u00eda, bisuter\u00edas, florister\u00eda o cualquier negocio que deseas emprender.<\/p>\n<p>No te pierdas la oportunidad de establecer tu negocio en este fant\u00e1stico lugar que combina comodidad, estilo y visibilidad.<br \/>\nCont\u00e1ctanos hoy mismo para conocer m\u00e1s detalles y asegurar tu lugar en este vibrante centro comercial.<\/p>\n","protected":false},"excerpt":{"rendered":"<p>Sky Group PLATINUM Alquila Local El Centro Comercial Ciudad Del Viento<\/p>\n","protected":false},"featured_media":8026,"template":"","meta":{"_acf_changed":false,"_uag_custom_page_level_css":"","site-sidebar-layout":"default","site-content-layout":"","ast-site-content-layout":"default","site-content-style":"default","site-sidebar-style":"default","ast-global-header-display":"","ast-banner-title-visibility":"","ast-main-header-display":"","ast-hfb-above-header-display":"","ast-hfb-below-header-display":"","ast-hfb-mobile-header-display":"","site-post-title":"","ast-breadcrumbs-content":"","ast-featured-img":"","footer-sml-layout":"","ast-disable-related-posts":"","theme-transparent-header-meta":"default","adv-header-id-meta":"","stick-header-meta":"","header-above-stick-meta":"","header-main-stick-meta":"","header-below-stick-meta":"","astra-migrate-meta-layouts":"default","ast-page-background-enabled":"default","ast-page-background-meta":{"desktop":{"background-color":"var(--ast-global-color-4)","background-image":"","background-repeat":"repeat","background-position":"center center","background-size":"auto","background-attachment":"scroll","background-type":"","background-media":"","overlay-type":"","overlay-color":"","overlay-opacity":"","overlay-gradient":""},"tablet":{"background-color":"","background-image":"","background-repeat":"repeat","background-position":"center center","background-size":"auto","background-attachment":"scroll","background-type":"","background-media":"","overlay-type":"","overlay-color":"","overlay-opacity":"","overlay-gradient":""},"mobile":{"background-color":"","background-image":"","background-repeat":"repeat","background-position":"center center","background-size":"auto","background-attachment":"scroll","background-type":"","background-media":"","overlay-type":"","overlay-color":"","overlay-opacity":"","overlay-gradient":""}},"ast-content-background-meta":{"desktop":{"background-color":"var(--ast-global-color-5)","background-image":"","background-repeat":"repeat","background-position":"center center","background-size":"auto","background-attachment":"scroll","background-type":"","background-media":"","overlay-type":"","overlay-color":"","overlay-opacity":"","overlay-gradient":""},"tablet":{"background-color":"var(--ast-global-color-5)","background-image":"","background-repeat":"repeat","background-position":"center center","background-size":"auto","background-attachment":"scroll","background-type":"","background-media":"","overlay-type":"","overlay-color":"","overlay-opacity":"","overlay-gradient":""},"mobile":{"background-color":"var(--ast-global-color-5)","background-image":"","background-repeat":"repeat","background-position":"center center","background-size":"auto","background-attachment":"scroll","background-type":"","background-media":"","overlay-type":"","overlay-color":"","overlay-opacity":"","overlay-gradient":""}},"_joinchat":{"telephone":"+584121007616"}},"estado":[],"product_brand":[557],"product_cat":[52],"product_tag":[297],"class_list":{"0":"post-12424","1":"product","2":"type-product","3":"status-publish","4":"has-post-thumbnail","6":"product_brand-platinum","7":"product_cat-local","8":"product_tag-null","9":"product_shipping_class-null","10":"pa_asesor-atr-fabiola-josefina-ventura-revilla","11":"pa_oficina-atr-platinum","12":"pa_ubicacion-falcon","13":"desktop-align-left","14":"tablet-align-left","15":"mobile-align-left","17":"first","18":"instock","19":"shipping-taxable","20":"purchasable","21":"product-type-simple"},"acf":[],"uagb_featured_image_src":{"full":["https:\/\/i0.wp.com\/skygroup.com.ve\/web\/wp-content\/uploads\/2024\/08\/1474_pll-3181.jpg?fit=800%2C600&ssl=1",800,600,false],"thumbnail":["https:\/\/i0.wp.com\/skygroup.com.ve\/web\/wp-content\/uploads\/2024\/08\/1474_pll-3181.jpg?resize=150%2C150&ssl=1",150,150,true],"medium":["https:\/\/i0.wp.com\/skygroup.com.ve\/web\/wp-content\/uploads\/2024\/08\/1474_pll-3181.jpg?fit=300%2C225&ssl=1",300,225,true],"medium_large":["https:\/\/i0.wp.com\/skygroup.com.ve\/web\/wp-content\/uploads\/2024\/08\/1474_pll-3181.jpg?fit=768%2C576&ssl=1",768,576,true],"large":["https:\/\/i0.wp.com\/skygroup.com.ve\/web\/wp-content\/uploads\/2024\/08\/1474_pll-3181.jpg?fit=800%2C600&ssl=1",800,600,true],"1536x1536":["https:\/\/i0.wp.com\/skygroup.com.ve\/web\/wp-content\/uploads\/2024\/08\/1474_pll-3181.jpg?fit=800%2C600&ssl=1",800,600,true],"2048x2048":["https:\/\/i0.wp.com\/skygroup.com.ve\/web\/wp-content\/uploads\/2024\/08\/1474_pll-3181.jpg?fit=800%2C600&ssl=1",800,600,true],"woocommerce_thumbnail":["https:\/\/i0.wp.com\/skygroup.com.ve\/web\/wp-content\/uploads\/2024\/08\/1474_pll-3181.jpg?resize=300%2C300&ssl=1",300,300,true],"woocommerce_single":["https:\/\/i0.wp.com\/skygroup.com.ve\/web\/wp-content\/uploads\/2024\/08\/1474_pll-3181.jpg?fit=600%2C450&ssl=1",600,450,true],"woocommerce_gallery_thumbnail":["https:\/\/i0.wp.com\/skygroup.com.ve\/web\/wp-content\/uploads\/2024\/08\/1474_pll-3181.jpg?resize=100%2C100&ssl=1",100,100,true]},"uagb_author_info":{"display_name":"adminweb","author_link":"https:\/\/skygroup.com.ve\/web\/author\/"},"uagb_comment_info":0,"uagb_excerpt":"Sky Group PLATINUM Alquila Local El Centro Comercial Ciudad Del Viento","jetpack_sharing_enabled":true,"_links":{"self":[{"href":"https:\/\/skygroup.com.ve\/web\/wp-json\/wp\/v2\/product\/12424","targetHints":{"allow":["GET"]}}],"collection":[{"href":"https:\/\/skygroup.com.ve\/web\/wp-json\/wp\/v2\/product"}],"about":[{"href":"https:\/\/skygroup.com.ve\/web\/wp-json\/wp\/v2\/types\/product"}],"wp:featuredmedia":[{"embeddable":true,"href":"https:\/\/skygroup.com.ve\/web\/wp-json\/wp\/v2\/media\/8026"}],"wp:attachment":[{"href":"https:\/\/skygroup.com.ve\/web\/wp-json\/wp\/v2\/media?parent=12424"}],"wp:term":[{"taxonomy":"estado","embeddable":true,"href":"https:\/\/skygroup.com.ve\/web\/wp-json\/wp\/v2\/estado?post=12424"},{"taxonomy":"product_brand","embeddable":true,"href":"https:\/\/skygroup.com.ve\/web\/wp-json\/wp\/v2\/product_brand?post=12424"},{"taxonomy":"product_cat","embeddable":true,"href":"https:\/\/skygroup.com.ve\/web\/wp-json\/wp\/v2\/product_cat?post=12424"},{"taxonomy":"product_tag","embeddable":true,"href":"https:\/\/skygroup.com.ve\/web\/wp-json\/wp\/v2\/product_tag?post=12424"}],"curies":[{"name":"wp","href":"https:\/\/api.w.org\/{rel}","templated":true}]}}