{"id":12494,"date":"2024-08-01T19:18:31","date_gmt":"2024-08-01T23:18:31","guid":{"rendered":"https:\/\/skygroup.com.ve\/web\/producto\/elb-c-058-casa-en-venta-exclusivo-urbanismo-en-el-pedregal-este-de-barquisimeto-lara-n1\/"},"modified":"2026-04-07T20:50:20","modified_gmt":"2026-04-08T00:50:20","slug":"elb-c-058-casa-en-venta-exclusivo-urbanismo-en-el-pedregal-este-de-barquisimeto-lara-n1","status":"publish","type":"product","link":"https:\/\/skygroup.com.ve\/web\/producto\/elb-c-058-casa-en-venta-exclusivo-urbanismo-en-el-pedregal-este-de-barquisimeto-lara-n1\/","title":{"rendered":"ELB-C-058 Casa en Venta Exclusivo Urbanismo En El Pedregal, Este De Barquisimeto, Lara N1"},"content":{"rendered":"<p>SKY GROUP ELEGANCE VENDE EXCLUSIVA PROPIEDAD en urb El Pedregal, ubicada en conjunto privado de 3 casas con dise\u00f1o inspirado en tendencias actuales.<\/p>\n<p>550 m\u00b2<\/p>\n<p>8 habitaciones<br \/>\n8 1\/2 ba\u00f1os<br \/>\n4 plantas (s\u00f3tano, PB, 1er piso y terraza)<br \/>\nAscensor panor\u00e1mico para personas<br \/>\nAscensor de carga o montaplatos<\/p>\n<p>PLANTA BAJA<br \/>\n2 habitaciones (una con ba\u00f1o privado)<br \/>\n\u00c1rea de cocina principal con balc\u00f3n<br \/>\n2 Ascensores (panor\u00e1mico\/pers y montaplatos)<\/p>\n<p>1er PISO<br \/>\nHabitaci\u00f3n principal con vestier y ba\u00f1o privado.<br \/>\n3 habitaciones con ba\u00f1o privado c\/u (una de ellas con vestier)<br \/>\n2 Ascensores (panor\u00e1mico\/pers y montaplatos)<\/p>\n<p>TERRAZA CON VISTA 360\u00b0<br \/>\n\u00c1rea descubiertaEspacio para cocina secundariaAmplio espacio para \u00e1rea social<br \/>\n2 Ascensores (panor\u00e1mico\/pers. y montaplatos)<br \/>\n*\u00c1rea cubierta*<br \/>\n\u00c1rea para bar, estar o family room<br \/>\n\u00bd ba\u00f1o<\/p>\n<p>S\u00d3TANO<br \/>\n4 puestos de estacionamiento bajo techo<br \/>\n2 ascensores (personas y montaplatos)<br \/>\nHabitaci\u00f3n de servicio con ba\u00f1o<br \/>\nHabitaci\u00f3n p\/guardaespaldas, ch\u00f3fer&#8230;<br \/>\n\u00c1rea de servicio o lavander\u00eda<br \/>\nBa\u00f1o<br \/>\nDep\u00f3sito<br \/>\nTanque subterr\u00e1neo de 8.000\u00a0 lts por casa<\/p>\n<p>Casa de vigilancia de todo el conjunto<br \/>\n\u00c1reas verdes comunes<br \/>\nPuestos para visitantes<br \/>\nJard\u00edn interno<\/p>\n<p>ENTREGA CON ACABADOS DE PRIMERA L\u00cdNEA (piso de m\u00e1rmol, cerramientos en vidrio panor\u00e1mico&#8230;)<\/p>\n","protected":false},"excerpt":{"rendered":"<p>Sky Group ELEGANCE &#8211; BARQUISIMETO Vende Casa Exclusivo Urbanismo En El Pedregal, Este De Barquisimeto, Lara N1<\/p>\n","protected":false},"featured_media":9439,"template":"","meta":{"_acf_changed":false,"_uag_custom_page_level_css":"","site-sidebar-layout":"default","site-content-layout":"","ast-site-content-layout":"default","site-content-style":"default","site-sidebar-style":"default","ast-global-header-display":"","ast-banner-title-visibility":"","ast-main-header-display":"","ast-hfb-above-header-display":"","ast-hfb-below-header-display":"","ast-hfb-mobile-header-display":"","site-post-title":"","ast-breadcrumbs-content":"","ast-featured-img":"","footer-sml-layout":"","ast-disable-related-posts":"","theme-transparent-header-meta":"default","adv-header-id-meta":"","stick-header-meta":"","header-above-stick-meta":"","header-main-stick-meta":"","header-below-stick-meta":"","astra-migrate-meta-layouts":"default","ast-page-background-enabled":"default","ast-page-background-meta":{"desktop":{"background-color":"var(--ast-global-color-4)","background-image":"","background-repeat":"repeat","background-position":"center center","background-size":"auto","background-attachment":"scroll","background-type":"","background-media":"","overlay-type":"","overlay-color":"","overlay-opacity":"","overlay-gradient":""},"tablet":{"background-color":"","background-image":"","background-repeat":"repeat","background-position":"center center","background-size":"auto","background-attachment":"scroll","background-type":"","background-media":"","overlay-type":"","overlay-color":"","overlay-opacity":"","overlay-gradient":""},"mobile":{"background-color":"","background-image":"","background-repeat":"repeat","background-position":"center center","background-size":"auto","background-attachment":"scroll","background-type":"","background-media":"","overlay-type":"","overlay-color":"","overlay-opacity":"","overlay-gradient":""}},"ast-content-background-meta":{"desktop":{"background-color":"var(--ast-global-color-5)","background-image":"","background-repeat":"repeat","background-position":"center center","background-size":"auto","background-attachment":"scroll","background-type":"","background-media":"","overlay-type":"","overlay-color":"","overlay-opacity":"","overlay-gradient":""},"tablet":{"background-color":"var(--ast-global-color-5)","background-image":"","background-repeat":"repeat","background-position":"center center","background-size":"auto","background-attachment":"scroll","background-type":"","background-media":"","overlay-type":"","overlay-color":"","overlay-opacity":"","overlay-gradient":""},"mobile":{"background-color":"var(--ast-global-color-5)","background-image":"","background-repeat":"repeat","background-position":"center center","background-size":"auto","background-attachment":"scroll","background-type":"","background-media":"","overlay-type":"","overlay-color":"","overlay-opacity":"","overlay-gradient":""}},"jetpack_post_was_ever_published":false,"_joinchat":{"telephone":"+584145658844"}},"estado":[],"product_brand":[564],"product_cat":[47],"product_tag":[297],"class_list":{"0":"post-12494","1":"product","2":"type-product","3":"status-publish","4":"has-post-thumbnail","6":"product_brand-elegance-barquisimeto","7":"product_cat-casa","8":"product_tag-null","9":"product_shipping_class-null","10":"pa_asesor-atr-simon-antonio-hernandez-hernandez","11":"pa_oficina-atr-elegance-barquisimeto","12":"pa_ubicacion-lara","13":"desktop-align-left","14":"tablet-align-left","15":"mobile-align-left","17":"first","18":"instock","19":"shipping-taxable","20":"purchasable","21":"product-type-simple"},"acf":[],"uagb_featured_image_src":{"full":["https:\/\/i0.wp.com\/skygroup.com.ve\/web\/wp-content\/uploads\/2024\/08\/2344_photo_2023-11-30_07-43-24.jpg?fit=800%2C600&ssl=1",800,600,false],"thumbnail":["https:\/\/i0.wp.com\/skygroup.com.ve\/web\/wp-content\/uploads\/2024\/08\/2344_photo_2023-11-30_07-43-24.jpg?resize=150%2C150&ssl=1",150,150,true],"medium":["https:\/\/i0.wp.com\/skygroup.com.ve\/web\/wp-content\/uploads\/2024\/08\/2344_photo_2023-11-30_07-43-24.jpg?fit=300%2C225&ssl=1",300,225,true],"medium_large":["https:\/\/i0.wp.com\/skygroup.com.ve\/web\/wp-content\/uploads\/2024\/08\/2344_photo_2023-11-30_07-43-24.jpg?fit=768%2C576&ssl=1",768,576,true],"large":["https:\/\/i0.wp.com\/skygroup.com.ve\/web\/wp-content\/uploads\/2024\/08\/2344_photo_2023-11-30_07-43-24.jpg?fit=800%2C600&ssl=1",800,600,true],"1536x1536":["https:\/\/i0.wp.com\/skygroup.com.ve\/web\/wp-content\/uploads\/2024\/08\/2344_photo_2023-11-30_07-43-24.jpg?fit=800%2C600&ssl=1",800,600,true],"2048x2048":["https:\/\/i0.wp.com\/skygroup.com.ve\/web\/wp-content\/uploads\/2024\/08\/2344_photo_2023-11-30_07-43-24.jpg?fit=800%2C600&ssl=1",800,600,true],"woocommerce_thumbnail":["https:\/\/i0.wp.com\/skygroup.com.ve\/web\/wp-content\/uploads\/2024\/08\/2344_photo_2023-11-30_07-43-24.jpg?resize=300%2C300&ssl=1",300,300,true],"woocommerce_single":["https:\/\/i0.wp.com\/skygroup.com.ve\/web\/wp-content\/uploads\/2024\/08\/2344_photo_2023-11-30_07-43-24.jpg?fit=600%2C450&ssl=1",600,450,true],"woocommerce_gallery_thumbnail":["https:\/\/i0.wp.com\/skygroup.com.ve\/web\/wp-content\/uploads\/2024\/08\/2344_photo_2023-11-30_07-43-24.jpg?resize=100%2C100&ssl=1",100,100,true]},"uagb_author_info":{"display_name":"adminweb","author_link":"https:\/\/skygroup.com.ve\/web\/author\/"},"uagb_comment_info":0,"uagb_excerpt":"Sky Group ELEGANCE - BARQUISIMETO Vende Casa Exclusivo Urbanismo En El Pedregal, Este De Barquisimeto, Lara N1","jetpack_sharing_enabled":true,"_links":{"self":[{"href":"https:\/\/skygroup.com.ve\/web\/wp-json\/wp\/v2\/product\/12494","targetHints":{"allow":["GET"]}}],"collection":[{"href":"https:\/\/skygroup.com.ve\/web\/wp-json\/wp\/v2\/product"}],"about":[{"href":"https:\/\/skygroup.com.ve\/web\/wp-json\/wp\/v2\/types\/product"}],"wp:featuredmedia":[{"embeddable":true,"href":"https:\/\/skygroup.com.ve\/web\/wp-json\/wp\/v2\/media\/9439"}],"wp:attachment":[{"href":"https:\/\/skygroup.com.ve\/web\/wp-json\/wp\/v2\/media?parent=12494"}],"wp:term":[{"taxonomy":"estado","embeddable":true,"href":"https:\/\/skygroup.com.ve\/web\/wp-json\/wp\/v2\/estado?post=12494"},{"taxonomy":"product_brand","embeddable":true,"href":"https:\/\/skygroup.com.ve\/web\/wp-json\/wp\/v2\/product_brand?post=12494"},{"taxonomy":"product_cat","embeddable":true,"href":"https:\/\/skygroup.com.ve\/web\/wp-json\/wp\/v2\/product_cat?post=12494"},{"taxonomy":"product_tag","embeddable":true,"href":"https:\/\/skygroup.com.ve\/web\/wp-json\/wp\/v2\/product_tag?post=12494"}],"curies":[{"name":"wp","href":"https:\/\/api.w.org\/{rel}","templated":true}]}}