{"id":12593,"date":"2024-08-01T19:23:54","date_gmt":"2024-08-01T23:23:54","guid":{"rendered":"https:\/\/skygroup.com.ve\/web\/producto\/pla-1718-apartamento-en-venta-res-las-cumbres\/"},"modified":"2026-04-07T20:50:20","modified_gmt":"2026-04-08T00:50:20","slug":"pla-1718-apartamento-en-venta-res-las-cumbres","status":"publish","type":"product","link":"https:\/\/skygroup.com.ve\/web\/producto\/pla-1718-apartamento-en-venta-res-las-cumbres\/","title":{"rendered":"PLA-1718 Apartamento en Venta Res. Las Cumbres"},"content":{"rendered":"<p>Residencias  Las Cumbres.<br \/>\nPH Torre I (776 mt2)<br \/>\n Piedras Pintada.<\/p>\n<p>Memoria descriptiva:<br \/>\n        Planta Baja<br \/>\no\tMajestuoso Pent House de tres niveles con las mejores visuales del norte de la ciudad de Valencia Y Naguanagua.<br \/>\no\tAcabados de lujo.<br \/>\no\tGran  sal\u00f3n comedor con pisos y rodapi\u00e9  de  m\u00e1rmol travertino.<br \/>\no\tCocina en obra gris.<br \/>\no\tEstudio con espectacular vista a la ciudad y pisos de m\u00e1rmol travertino.<br \/>\no\tHabitaci\u00f3n de hu\u00e9spedes.<br \/>\no\tBa\u00f1o de visitas.<br \/>\no\t\u00c1rea de faena independiente.<br \/>\no\tHabitaci\u00f3n de servicio.<br \/>\no\tEscaleras con baranda de acero inoxidable y huellas de granito (seg\u00fan muestra a su elecci\u00f3n)<br \/>\no\tTerraza con pisos en piedra pizarra o m\u00e1rmol crudo. ( a elecci\u00f3n del cliente)<br \/>\no\t.<\/p>\n<p>  Planta Alta<br \/>\no\tEstar \u00cdntimo.<br \/>\no\tTres c\u00f3modas habitaciones con ba\u00f1os privados.<br \/>\no\tAmplia habitaci\u00f3n Principal con moderno  courtain wall.<br \/>\no\t\u00c1rea de vestier.<br \/>\nLos acabados de todos los ba\u00f1os (a excepci\u00f3n del de servicio y terraza), ser\u00e1n con piezas sanitarias de lujo, y  detalles en m\u00e1rmol. <\/p>\n<p>  Planta terraza.<br \/>\no\tPorcelanato doble carga (alto trafico).<br \/>\no\tTechada.<br \/>\no\tJacuzzi para 4 personas.<br \/>\no\tBa\u00f1o.<br \/>\no\tPunto para gas\/TV\/m\u00fasica.<br \/>\no\tParrillera.<br \/>\no\tAcceso exclusivo a la terraza por ascensor.<br \/>\n   Incluye adem\u00e1s:<\/p>\n<p>o\t5 Puestos de estacionamiento techados<br \/>\no\tDos cuartos maleteros  (2 ubicados semi-sotano ,otro adicional en piso 12)<br \/>\no\tEl Penthouse tiene espacios en obra Gris\/Blanca<\/p>\n<p>El Edificio esta ubicado en un acceso cerrado, Vigilancia Privada 24\/7, Sistema de Seguridad con camaras, Pozo de Agua Propio, Planta Electrica 100%, Piscina, areas verdes.<\/p>\n","protected":false},"excerpt":{"rendered":"<p>Sky Group PLATINUM Vende Apartamento Res. Las Cumbres<\/p>\n","protected":false},"featured_media":10471,"template":"","meta":{"_acf_changed":false,"_uag_custom_page_level_css":"","site-sidebar-layout":"default","site-content-layout":"","ast-site-content-layout":"default","site-content-style":"default","site-sidebar-style":"default","ast-global-header-display":"","ast-banner-title-visibility":"","ast-main-header-display":"","ast-hfb-above-header-display":"","ast-hfb-below-header-display":"","ast-hfb-mobile-header-display":"","site-post-title":"","ast-breadcrumbs-content":"","ast-featured-img":"","footer-sml-layout":"","ast-disable-related-posts":"","theme-transparent-header-meta":"default","adv-header-id-meta":"","stick-header-meta":"","header-above-stick-meta":"","header-main-stick-meta":"","header-below-stick-meta":"","astra-migrate-meta-layouts":"default","ast-page-background-enabled":"default","ast-page-background-meta":{"desktop":{"background-color":"var(--ast-global-color-4)","background-image":"","background-repeat":"repeat","background-position":"center center","background-size":"auto","background-attachment":"scroll","background-type":"","background-media":"","overlay-type":"","overlay-color":"","overlay-opacity":"","overlay-gradient":""},"tablet":{"background-color":"","background-image":"","background-repeat":"repeat","background-position":"center center","background-size":"auto","background-attachment":"scroll","background-type":"","background-media":"","overlay-type":"","overlay-color":"","overlay-opacity":"","overlay-gradient":""},"mobile":{"background-color":"","background-image":"","background-repeat":"repeat","background-position":"center center","background-size":"auto","background-attachment":"scroll","background-type":"","background-media":"","overlay-type":"","overlay-color":"","overlay-opacity":"","overlay-gradient":""}},"ast-content-background-meta":{"desktop":{"background-color":"var(--ast-global-color-5)","background-image":"","background-repeat":"repeat","background-position":"center center","background-size":"auto","background-attachment":"scroll","background-type":"","background-media":"","overlay-type":"","overlay-color":"","overlay-opacity":"","overlay-gradient":""},"tablet":{"background-color":"var(--ast-global-color-5)","background-image":"","background-repeat":"repeat","background-position":"center center","background-size":"auto","background-attachment":"scroll","background-type":"","background-media":"","overlay-type":"","overlay-color":"","overlay-opacity":"","overlay-gradient":""},"mobile":{"background-color":"var(--ast-global-color-5)","background-image":"","background-repeat":"repeat","background-position":"center center","background-size":"auto","background-attachment":"scroll","background-type":"","background-media":"","overlay-type":"","overlay-color":"","overlay-opacity":"","overlay-gradient":""}},"jetpack_post_was_ever_published":false,"_joinchat":{"telephone":"+584244252565"}},"estado":[],"product_brand":[557],"product_cat":[26],"product_tag":[297],"class_list":{"0":"post-12593","1":"product","2":"type-product","3":"status-publish","4":"has-post-thumbnail","6":"product_brand-platinum","7":"product_cat-apartamento","8":"product_tag-null","9":"product_shipping_class-null","10":"pa_asesor-atr-lisbeth-alicia-mantilla-oropeza","11":"pa_oficina-atr-platinum","12":"pa_ubicacion-carabobo","13":"desktop-align-left","14":"tablet-align-left","15":"mobile-align-left","17":"first","18":"instock","19":"shipping-taxable","20":"purchasable","21":"product-type-simple"},"acf":[],"uagb_featured_image_src":{"full":["https:\/\/i0.wp.com\/skygroup.com.ve\/web\/wp-content\/uploads\/2024\/08\/2843_20150324_151153.jpg?fit=1024%2C614&ssl=1",1024,614,false],"thumbnail":["https:\/\/i0.wp.com\/skygroup.com.ve\/web\/wp-content\/uploads\/2024\/08\/2843_20150324_151153.jpg?resize=150%2C150&ssl=1",150,150,true],"medium":["https:\/\/i0.wp.com\/skygroup.com.ve\/web\/wp-content\/uploads\/2024\/08\/2843_20150324_151153.jpg?fit=300%2C180&ssl=1",300,180,true],"medium_large":["https:\/\/i0.wp.com\/skygroup.com.ve\/web\/wp-content\/uploads\/2024\/08\/2843_20150324_151153.jpg?fit=768%2C461&ssl=1",768,461,true],"large":["https:\/\/i0.wp.com\/skygroup.com.ve\/web\/wp-content\/uploads\/2024\/08\/2843_20150324_151153.jpg?fit=1024%2C614&ssl=1",1024,614,true],"1536x1536":["https:\/\/i0.wp.com\/skygroup.com.ve\/web\/wp-content\/uploads\/2024\/08\/2843_20150324_151153.jpg?fit=1024%2C614&ssl=1",1024,614,true],"2048x2048":["https:\/\/i0.wp.com\/skygroup.com.ve\/web\/wp-content\/uploads\/2024\/08\/2843_20150324_151153.jpg?fit=1024%2C614&ssl=1",1024,614,true],"woocommerce_thumbnail":["https:\/\/i0.wp.com\/skygroup.com.ve\/web\/wp-content\/uploads\/2024\/08\/2843_20150324_151153.jpg?resize=300%2C300&ssl=1",300,300,true],"woocommerce_single":["https:\/\/i0.wp.com\/skygroup.com.ve\/web\/wp-content\/uploads\/2024\/08\/2843_20150324_151153.jpg?fit=600%2C360&ssl=1",600,360,true],"woocommerce_gallery_thumbnail":["https:\/\/i0.wp.com\/skygroup.com.ve\/web\/wp-content\/uploads\/2024\/08\/2843_20150324_151153.jpg?resize=100%2C100&ssl=1",100,100,true]},"uagb_author_info":{"display_name":"adminweb","author_link":"https:\/\/skygroup.com.ve\/web\/author\/"},"uagb_comment_info":0,"uagb_excerpt":"Sky Group PLATINUM Vende Apartamento Res. Las Cumbres","jetpack_sharing_enabled":true,"_links":{"self":[{"href":"https:\/\/skygroup.com.ve\/web\/wp-json\/wp\/v2\/product\/12593","targetHints":{"allow":["GET"]}}],"collection":[{"href":"https:\/\/skygroup.com.ve\/web\/wp-json\/wp\/v2\/product"}],"about":[{"href":"https:\/\/skygroup.com.ve\/web\/wp-json\/wp\/v2\/types\/product"}],"wp:featuredmedia":[{"embeddable":true,"href":"https:\/\/skygroup.com.ve\/web\/wp-json\/wp\/v2\/media\/10471"}],"wp:attachment":[{"href":"https:\/\/skygroup.com.ve\/web\/wp-json\/wp\/v2\/media?parent=12593"}],"wp:term":[{"taxonomy":"estado","embeddable":true,"href":"https:\/\/skygroup.com.ve\/web\/wp-json\/wp\/v2\/estado?post=12593"},{"taxonomy":"product_brand","embeddable":true,"href":"https:\/\/skygroup.com.ve\/web\/wp-json\/wp\/v2\/product_brand?post=12593"},{"taxonomy":"product_cat","embeddable":true,"href":"https:\/\/skygroup.com.ve\/web\/wp-json\/wp\/v2\/product_cat?post=12593"},{"taxonomy":"product_tag","embeddable":true,"href":"https:\/\/skygroup.com.ve\/web\/wp-json\/wp\/v2\/product_tag?post=12593"}],"curies":[{"name":"wp","href":"https:\/\/api.w.org\/{rel}","templated":true}]}}