{"id":31146,"date":"2024-08-22T11:21:50","date_gmt":"2024-08-22T15:21:50","guid":{"rendered":"https:\/\/skygroup.com.ve\/web\/producto\/elb-c-031-casa-en-venta-quinta-al-oeste-de-la-ciudad\/"},"modified":"2026-04-07T20:50:34","modified_gmt":"2026-04-08T00:50:34","slug":"elb-c-031-casa-en-venta-quinta-al-oeste-de-la-ciudad","status":"publish","type":"product","link":"https:\/\/skygroup.com.ve\/web\/producto\/elb-c-031-casa-en-venta-quinta-al-oeste-de-la-ciudad\/","title":{"rendered":"ELB-C-031 Casa en Venta QUINTA Al Oeste De La Ciudad."},"content":{"rendered":"<p>En venta espectacular casa Quinta de 3 niveles en un exclusivo urbanismo privado al Oeste de la ciudad. Con una excelente ubicaci\u00f3n y f\u00e1cil acceso a todas las Av principales<\/p>\n<p>Consta de :<\/p>\n<p>350 mtrs2 de terreno<br \/>\n273 mtrs2 de construcci\u00f3n<br \/>\nHall de entrada<br \/>\n5 habitaciones con closet<br \/>\nJacuzzi en habitaci\u00f3n principal<br \/>\n1 ba\u00f1o de visitas con ba\u00f1o<br \/>\nSala de estar<br \/>\ncomedor<br \/>\nEstudio<br \/>\nCocina empotrada con tope de granito y estanter\u00eda en madera fina<br \/>\nKitchenette con barra<br \/>\nArea de esparcimiento, entretenimiento y family room<br \/>\nGas integral del urbanismo<br \/>\n3 puestos de estacionamiento 2<br \/>\nTechados<br \/>\n3 Tanques cil\u00edndricos con su sistema de<br \/>\nBombeo adicionales al tanque subte-<br \/>\nrraneo del urbanismo<br \/>\n\u00c1rea de lavander\u00eda y dep\u00f3sito<br \/>\nAmplio maletero<br \/>\nPisos de cer\u00e1micas y Caicos internos y<br \/>\nExternos<br \/>\nConserjer\u00eda y caseta de vigilancia<br \/>\nDel Urbanismo<br \/>\nSala de reuniones y sal\u00f3n fiestas<br \/>\nServicios Intercable, tundernet fibra y<br \/>\nAba Cantv Red interna entre<br \/>\nCasas y vigilancia central telef\u00f3nica<br \/>\nElectricidad trif\u00e1sica<br \/>\nPlanta el\u00e9ctrica para todo el<br \/>\nUrbanismo<br \/>\n5 aires acondicionados de 12.000 btu,<br \/>\n24.000 btu y uno de 5 toneladas<br \/>\nEscaleras y pasamanos con acabados<br \/>\nen fina madera<br \/>\nEn sus alrededores se encuentran:<br \/>\nBodegones, panader\u00edas, colegios<br \/>\nUniversidades, farmacias, estadio,<br \/>\nCentros de Salud Aeropuerto y f\u00e1cil<br \/>\nAcceso.<\/p>\n<p>Precio 160.000$  <\/p>\n<p> ELB-C-031<\/p>\n","protected":false},"excerpt":{"rendered":"<p>Sky Group ELEGANCE &#8211; BARQUISIMETO Vende Casa QUINTA Al Oeste De La Ciudad. <\/p>\n","protected":false},"featured_media":31184,"template":"","meta":{"_acf_changed":false,"_uag_custom_page_level_css":"","site-sidebar-layout":"default","site-content-layout":"","ast-site-content-layout":"default","site-content-style":"default","site-sidebar-style":"default","ast-global-header-display":"","ast-banner-title-visibility":"","ast-main-header-display":"","ast-hfb-above-header-display":"","ast-hfb-below-header-display":"","ast-hfb-mobile-header-display":"","site-post-title":"","ast-breadcrumbs-content":"","ast-featured-img":"","footer-sml-layout":"","ast-disable-related-posts":"","theme-transparent-header-meta":"default","adv-header-id-meta":"","stick-header-meta":"","header-above-stick-meta":"","header-main-stick-meta":"","header-below-stick-meta":"","astra-migrate-meta-layouts":"default","ast-page-background-enabled":"default","ast-page-background-meta":{"desktop":{"background-color":"var(--ast-global-color-4)","background-image":"","background-repeat":"repeat","background-position":"center center","background-size":"auto","background-attachment":"scroll","background-type":"","background-media":"","overlay-type":"","overlay-color":"","overlay-opacity":"","overlay-gradient":""},"tablet":{"background-color":"","background-image":"","background-repeat":"repeat","background-position":"center center","background-size":"auto","background-attachment":"scroll","background-type":"","background-media":"","overlay-type":"","overlay-color":"","overlay-opacity":"","overlay-gradient":""},"mobile":{"background-color":"","background-image":"","background-repeat":"repeat","background-position":"center center","background-size":"auto","background-attachment":"scroll","background-type":"","background-media":"","overlay-type":"","overlay-color":"","overlay-opacity":"","overlay-gradient":""}},"ast-content-background-meta":{"desktop":{"background-color":"var(--ast-global-color-5)","background-image":"","background-repeat":"repeat","background-position":"center center","background-size":"auto","background-attachment":"scroll","background-type":"","background-media":"","overlay-type":"","overlay-color":"","overlay-opacity":"","overlay-gradient":""},"tablet":{"background-color":"var(--ast-global-color-5)","background-image":"","background-repeat":"repeat","background-position":"center center","background-size":"auto","background-attachment":"scroll","background-type":"","background-media":"","overlay-type":"","overlay-color":"","overlay-opacity":"","overlay-gradient":""},"mobile":{"background-color":"var(--ast-global-color-5)","background-image":"","background-repeat":"repeat","background-position":"center center","background-size":"auto","background-attachment":"scroll","background-type":"","background-media":"","overlay-type":"","overlay-color":"","overlay-opacity":"","overlay-gradient":""}},"jetpack_post_was_ever_published":false,"_joinchat":{"telephone":"+584245582843"}},"estado":[],"product_brand":[564],"product_cat":[47],"product_tag":[297],"class_list":{"0":"post-31146","1":"product","2":"type-product","3":"status-publish","4":"has-post-thumbnail","6":"product_brand-elegance-barquisimeto","7":"product_cat-casa","8":"product_tag-null","9":"product_shipping_class-null","10":"pa_asesor-atr-saidsa-rosy-viccionacce-de-santeliz","11":"pa_oficina-atr-elegance-barquisimeto","12":"pa_ubicacion-lara","13":"desktop-align-left","14":"tablet-align-left","15":"mobile-align-left","17":"first","18":"instock","19":"shipping-taxable","20":"purchasable","21":"product-type-simple"},"acf":[],"uagb_featured_image_src":{"full":["https:\/\/i0.wp.com\/skygroup.com.ve\/web\/wp-content\/uploads\/2024\/08\/4271_1.jpeg?fit=810%2C1080&ssl=1",810,1080,false],"thumbnail":["https:\/\/i0.wp.com\/skygroup.com.ve\/web\/wp-content\/uploads\/2024\/08\/4271_1.jpeg?resize=150%2C150&ssl=1",150,150,true],"medium":["https:\/\/i0.wp.com\/skygroup.com.ve\/web\/wp-content\/uploads\/2024\/08\/4271_1.jpeg?fit=225%2C300&ssl=1",225,300,true],"medium_large":["https:\/\/i0.wp.com\/skygroup.com.ve\/web\/wp-content\/uploads\/2024\/08\/4271_1.jpeg?fit=768%2C1024&ssl=1",768,1024,true],"large":["https:\/\/i0.wp.com\/skygroup.com.ve\/web\/wp-content\/uploads\/2024\/08\/4271_1.jpeg?fit=768%2C1024&ssl=1",768,1024,true],"1536x1536":["https:\/\/i0.wp.com\/skygroup.com.ve\/web\/wp-content\/uploads\/2024\/08\/4271_1.jpeg?fit=810%2C1080&ssl=1",810,1080,true],"2048x2048":["https:\/\/i0.wp.com\/skygroup.com.ve\/web\/wp-content\/uploads\/2024\/08\/4271_1.jpeg?fit=810%2C1080&ssl=1",810,1080,true],"woocommerce_thumbnail":["https:\/\/i0.wp.com\/skygroup.com.ve\/web\/wp-content\/uploads\/2024\/08\/4271_1.jpeg?resize=300%2C300&ssl=1",300,300,true],"woocommerce_single":["https:\/\/i0.wp.com\/skygroup.com.ve\/web\/wp-content\/uploads\/2024\/08\/4271_1.jpeg?fit=600%2C800&ssl=1",600,800,true],"woocommerce_gallery_thumbnail":["https:\/\/i0.wp.com\/skygroup.com.ve\/web\/wp-content\/uploads\/2024\/08\/4271_1.jpeg?resize=100%2C100&ssl=1",100,100,true]},"uagb_author_info":{"display_name":"adminweb","author_link":"https:\/\/skygroup.com.ve\/web\/author\/"},"uagb_comment_info":0,"uagb_excerpt":"Sky Group ELEGANCE - BARQUISIMETO Vende Casa QUINTA Al Oeste De La Ciudad.","jetpack_sharing_enabled":true,"_links":{"self":[{"href":"https:\/\/skygroup.com.ve\/web\/wp-json\/wp\/v2\/product\/31146","targetHints":{"allow":["GET"]}}],"collection":[{"href":"https:\/\/skygroup.com.ve\/web\/wp-json\/wp\/v2\/product"}],"about":[{"href":"https:\/\/skygroup.com.ve\/web\/wp-json\/wp\/v2\/types\/product"}],"wp:featuredmedia":[{"embeddable":true,"href":"https:\/\/skygroup.com.ve\/web\/wp-json\/wp\/v2\/media\/31184"}],"wp:attachment":[{"href":"https:\/\/skygroup.com.ve\/web\/wp-json\/wp\/v2\/media?parent=31146"}],"wp:term":[{"taxonomy":"estado","embeddable":true,"href":"https:\/\/skygroup.com.ve\/web\/wp-json\/wp\/v2\/estado?post=31146"},{"taxonomy":"product_brand","embeddable":true,"href":"https:\/\/skygroup.com.ve\/web\/wp-json\/wp\/v2\/product_brand?post=31146"},{"taxonomy":"product_cat","embeddable":true,"href":"https:\/\/skygroup.com.ve\/web\/wp-json\/wp\/v2\/product_cat?post=31146"},{"taxonomy":"product_tag","embeddable":true,"href":"https:\/\/skygroup.com.ve\/web\/wp-json\/wp\/v2\/product_tag?post=31146"}],"curies":[{"name":"wp","href":"https:\/\/api.w.org\/{rel}","templated":true}]}}