{"id":34322,"date":"2024-09-16T23:29:20","date_gmt":"2024-09-17T03:29:20","guid":{"rendered":"https:\/\/skygroup.com.ve\/web\/producto\/inth-180-town-house-en-venta-res-monte-plata-el-trigal-norte-valencia\/"},"modified":"2026-04-07T20:50:41","modified_gmt":"2026-04-08T00:50:41","slug":"inth-180-town-house-en-venta-res-monte-plata-el-trigal-norte-valencia","status":"publish","type":"product","link":"https:\/\/skygroup.com.ve\/web\/producto\/inth-180-town-house-en-venta-res-monte-plata-el-trigal-norte-valencia\/","title":{"rendered":"INTH-180 Town House en Venta Res Monte Plata, El Trigal Norte, Valencia"},"content":{"rendered":"<p>Sky Group Vende Townhouse Moderno en Residencia Monte Plata, Trigal Norte, Valencia.<\/p>\n<p>250m2 \/ 5H \/ 5B \/ 8PE<\/p>\n<p>Conformado por:<br \/>\n250m2 de construcci\u00f3n<br \/>\n420m2 de terreno<br \/>\n3 Niveles<\/p>\n<p>Planta Baja:<br \/>\nSala \/ Comedor con aire central de 3 toneladas<br \/>\nEstudio<br \/>\nBa\u00f1o de Visita<br \/>\nCocina con tope de granito, estufa, campana, horno, horno microondas, nevera.<br \/>\n\u00c1rea de Lavander\u00eda<br \/>\nFamily room<br \/>\nHabitaci\u00f3n con ba\u00f1o, aire acondicionado<br \/>\nPatio con parrillera y maletero<br \/>\nTanque de agua \u00a014.000 litros con hidroneum\u00e1tico<br \/>\n8 puestos de estacionamiento 3 techados<br \/>\n8 aires acondicionados de 12 btu, 1 de 24 btu <\/p>\n<p>Primer Nivel:<br \/>\n3 Habitaciones una con ba\u00f1o<br \/>\nBa\u00f1o auxiliar<br \/>\nFamily room<\/p>\n<p>Segundo Nivel:<br \/>\nHabitaci\u00f3n Principal con Vestier, Ba\u00f1o y Balc\u00f3n.<br \/>\nEstudio<br \/>\nFamily room<\/p>\n<p>El conjunto cuenta con:<br \/>\nPlanta el\u00e9ctrica 100%<br \/>\nPozo de agua<br \/>\nPiscina con caney y parrillera<br \/>\nCerco el\u00e9ctrico<br \/>\nVigilancia Privada<\/p>\n<p>C\u00f3digo: INTH-180<br \/>\nInversi\u00f3n: 210.000$ acepta financiamiento corto.<\/p>\n<p>Contactar a:<br \/>\nMario Del Corral \u00a0&#038; \u00a0Ronely Palacios<br \/>\nAsesores Inmobiliarios LP de SKY GROUP Invictus<br \/>\nIG: mario_y_ronely.realtor<br \/>\n\u00a1Somos la llave de tus su<\/p>\n","protected":false},"excerpt":{"rendered":"<p>Sky Group INVICTUS Vende Town House Res Monte Plata, El Trigal Norte, Valencia<\/p>\n","protected":false},"featured_media":34279,"template":"","meta":{"_acf_changed":false,"_uag_custom_page_level_css":"","site-sidebar-layout":"default","site-content-layout":"","ast-site-content-layout":"default","site-content-style":"default","site-sidebar-style":"default","ast-global-header-display":"","ast-banner-title-visibility":"","ast-main-header-display":"","ast-hfb-above-header-display":"","ast-hfb-below-header-display":"","ast-hfb-mobile-header-display":"","site-post-title":"","ast-breadcrumbs-content":"","ast-featured-img":"","footer-sml-layout":"","ast-disable-related-posts":"","theme-transparent-header-meta":"default","adv-header-id-meta":"","stick-header-meta":"","header-above-stick-meta":"","header-main-stick-meta":"","header-below-stick-meta":"","astra-migrate-meta-layouts":"set","ast-page-background-enabled":"default","ast-page-background-meta":{"desktop":{"background-color":"var(--ast-global-color-4)","background-image":"","background-repeat":"repeat","background-position":"center center","background-size":"auto","background-attachment":"scroll","background-type":"","background-media":"","overlay-type":"","overlay-color":"","overlay-opacity":"","overlay-gradient":""},"tablet":{"background-color":"","background-image":"","background-repeat":"repeat","background-position":"center center","background-size":"auto","background-attachment":"scroll","background-type":"","background-media":"","overlay-type":"","overlay-color":"","overlay-opacity":"","overlay-gradient":""},"mobile":{"background-color":"","background-image":"","background-repeat":"repeat","background-position":"center center","background-size":"auto","background-attachment":"scroll","background-type":"","background-media":"","overlay-type":"","overlay-color":"","overlay-opacity":"","overlay-gradient":""}},"ast-content-background-meta":{"desktop":{"background-color":"var(--ast-global-color-5)","background-image":"","background-repeat":"repeat","background-position":"center center","background-size":"auto","background-attachment":"scroll","background-type":"","background-media":"","overlay-type":"","overlay-color":"","overlay-opacity":"","overlay-gradient":""},"tablet":{"background-color":"var(--ast-global-color-5)","background-image":"","background-repeat":"repeat","background-position":"center center","background-size":"auto","background-attachment":"scroll","background-type":"","background-media":"","overlay-type":"","overlay-color":"","overlay-opacity":"","overlay-gradient":""},"mobile":{"background-color":"var(--ast-global-color-5)","background-image":"","background-repeat":"repeat","background-position":"center center","background-size":"auto","background-attachment":"scroll","background-type":"","background-media":"","overlay-type":"","overlay-color":"","overlay-opacity":"","overlay-gradient":""}},"jetpack_post_was_ever_published":false,"_joinchat":{"telephone":"+584244457918"}},"estado":[],"product_brand":[566],"product_cat":[56],"product_tag":[297],"class_list":{"0":"post-34322","1":"product","2":"type-product","3":"status-publish","4":"has-post-thumbnail","6":"product_brand-invictus","7":"product_cat-town-house","8":"product_tag-null","9":"product_shipping_class-null","10":"pa_asesor-atr-mario-del-corral-belisario","11":"pa_oficina-atr-invictus","12":"pa_ubicacion-carabobo","13":"desktop-align-left","14":"tablet-align-left","15":"mobile-align-left","17":"first","18":"instock","19":"shipping-taxable","20":"purchasable","21":"product-type-simple"},"acf":[],"uagb_featured_image_src":{"full":["https:\/\/i0.wp.com\/skygroup.com.ve\/web\/wp-content\/uploads\/2024\/09\/6500_1.jpeg?fit=800%2C600&ssl=1",800,600,false],"thumbnail":["https:\/\/i0.wp.com\/skygroup.com.ve\/web\/wp-content\/uploads\/2024\/09\/6500_1.jpeg?resize=150%2C150&ssl=1",150,150,true],"medium":["https:\/\/i0.wp.com\/skygroup.com.ve\/web\/wp-content\/uploads\/2024\/09\/6500_1.jpeg?fit=300%2C225&ssl=1",300,225,true],"medium_large":["https:\/\/i0.wp.com\/skygroup.com.ve\/web\/wp-content\/uploads\/2024\/09\/6500_1.jpeg?fit=768%2C576&ssl=1",768,576,true],"large":["https:\/\/i0.wp.com\/skygroup.com.ve\/web\/wp-content\/uploads\/2024\/09\/6500_1.jpeg?fit=800%2C600&ssl=1",800,600,true],"1536x1536":["https:\/\/i0.wp.com\/skygroup.com.ve\/web\/wp-content\/uploads\/2024\/09\/6500_1.jpeg?fit=800%2C600&ssl=1",800,600,true],"2048x2048":["https:\/\/i0.wp.com\/skygroup.com.ve\/web\/wp-content\/uploads\/2024\/09\/6500_1.jpeg?fit=800%2C600&ssl=1",800,600,true],"woocommerce_thumbnail":["https:\/\/i0.wp.com\/skygroup.com.ve\/web\/wp-content\/uploads\/2024\/09\/6500_1.jpeg?resize=300%2C300&ssl=1",300,300,true],"woocommerce_single":["https:\/\/i0.wp.com\/skygroup.com.ve\/web\/wp-content\/uploads\/2024\/09\/6500_1.jpeg?fit=600%2C450&ssl=1",600,450,true],"woocommerce_gallery_thumbnail":["https:\/\/i0.wp.com\/skygroup.com.ve\/web\/wp-content\/uploads\/2024\/09\/6500_1.jpeg?resize=100%2C100&ssl=1",100,100,true]},"uagb_author_info":{"display_name":"adminweb","author_link":"https:\/\/skygroup.com.ve\/web\/author\/"},"uagb_comment_info":0,"uagb_excerpt":"Sky Group INVICTUS Vende Town House Res Monte Plata, El Trigal Norte, Valencia","jetpack_sharing_enabled":true,"_links":{"self":[{"href":"https:\/\/skygroup.com.ve\/web\/wp-json\/wp\/v2\/product\/34322","targetHints":{"allow":["GET"]}}],"collection":[{"href":"https:\/\/skygroup.com.ve\/web\/wp-json\/wp\/v2\/product"}],"about":[{"href":"https:\/\/skygroup.com.ve\/web\/wp-json\/wp\/v2\/types\/product"}],"wp:featuredmedia":[{"embeddable":true,"href":"https:\/\/skygroup.com.ve\/web\/wp-json\/wp\/v2\/media\/34279"}],"wp:attachment":[{"href":"https:\/\/skygroup.com.ve\/web\/wp-json\/wp\/v2\/media?parent=34322"}],"wp:term":[{"taxonomy":"estado","embeddable":true,"href":"https:\/\/skygroup.com.ve\/web\/wp-json\/wp\/v2\/estado?post=34322"},{"taxonomy":"product_brand","embeddable":true,"href":"https:\/\/skygroup.com.ve\/web\/wp-json\/wp\/v2\/product_brand?post=34322"},{"taxonomy":"product_cat","embeddable":true,"href":"https:\/\/skygroup.com.ve\/web\/wp-json\/wp\/v2\/product_cat?post=34322"},{"taxonomy":"product_tag","embeddable":true,"href":"https:\/\/skygroup.com.ve\/web\/wp-json\/wp\/v2\/product_tag?post=34322"}],"curies":[{"name":"wp","href":"https:\/\/api.w.org\/{rel}","templated":true}]}}