{"id":34924,"date":"2024-09-19T19:58:31","date_gmt":"2024-09-19T23:58:31","guid":{"rendered":"https:\/\/skygroup.com.ve\/web\/producto\/elbg-011-galpon-en-venta-ubicado-cerca-del-puerto-seco-de-cabudare\/"},"modified":"2026-04-07T20:50:42","modified_gmt":"2026-04-08T00:50:42","slug":"elbg-011-galpon-en-venta-ubicado-cerca-del-puerto-seco-de-cabudare","status":"publish","type":"product","link":"https:\/\/skygroup.com.ve\/web\/producto\/elbg-011-galpon-en-venta-ubicado-cerca-del-puerto-seco-de-cabudare\/","title":{"rendered":"ELBG-011 Galpon en Venta Ubicado Cerca Del Puerto Seco De Cabudare"},"content":{"rendered":"<p>En venta galp\u00f3n con una excelente ubicaci\u00f3n cerca del puerto seco de Cabudareen la zona industrial Palavecino sector la Monta\u00f1a <\/p>\n<p>Consta de:<\/p>\n<p>\u2022 816 mtrs2 de terrenos propios planos<br \/>\n\u2022 493 mtrs2 de construcci\u00f3n<br \/>\n* \u00c1rea de galp\u00f3n industrial 395 mtrs2<br \/>\n* \u00c1rea de oficina<br \/>\n* Mezanina<br \/>\n* \u00c1rea de carga y descarga<br \/>\n* Port\u00f3n el\u00e9ctrico<br \/>\n* Construcci\u00f3n de vigas de acero con concreto<br \/>\n* Sistema de alarma y detecci\u00f3n de incendio<br \/>\n* Oficina y dep\u00f3sito<br \/>\n* 3 transformadores propios de 15 kva<br \/>\n* 4 puestos de estacionamiento<br \/>\n* 5 ba\u00f1os<br \/>\n* Paredes de bloque de concreto<br \/>\n* Techo de laminas de Cind\u00fa Coverib<br \/>\n* Paredes perimetrales altas<br \/>\n* Agua ( acueducto)<br \/>\n* Cloacas<br \/>\n* Electricidad y alumbrado p\u00fablico<br \/>\n* Aceo urbano<br \/>\n* Transporte colectivo<br \/>\n* Aceras<br \/>\n* Patio en concreto<br \/>\n* Calles pavimentada<br \/>\n* Gas industrial<br \/>\n* F\u00e1cil acceso a la zona<br \/>\n* Tanque subterr\u00e1neo de 12.000 ltrs<\/p>\n<p>Precio: $ 120.000<\/p>\n","protected":false},"excerpt":{"rendered":"<p>Sky Group ELEGANCE &#8211; BARQUISIMETO Vende Galpon Ubicado Cerca Del Puerto Seco De Cabudare<\/p>\n","protected":false},"featured_media":34825,"template":"","meta":{"_acf_changed":false,"_uag_custom_page_level_css":"","site-sidebar-layout":"default","site-content-layout":"","ast-site-content-layout":"default","site-content-style":"default","site-sidebar-style":"default","ast-global-header-display":"","ast-banner-title-visibility":"","ast-main-header-display":"","ast-hfb-above-header-display":"","ast-hfb-below-header-display":"","ast-hfb-mobile-header-display":"","site-post-title":"","ast-breadcrumbs-content":"","ast-featured-img":"","footer-sml-layout":"","ast-disable-related-posts":"","theme-transparent-header-meta":"default","adv-header-id-meta":"","stick-header-meta":"","header-above-stick-meta":"","header-main-stick-meta":"","header-below-stick-meta":"","astra-migrate-meta-layouts":"default","ast-page-background-enabled":"default","ast-page-background-meta":{"desktop":{"background-color":"var(--ast-global-color-4)","background-image":"","background-repeat":"repeat","background-position":"center center","background-size":"auto","background-attachment":"scroll","background-type":"","background-media":"","overlay-type":"","overlay-color":"","overlay-opacity":"","overlay-gradient":""},"tablet":{"background-color":"","background-image":"","background-repeat":"repeat","background-position":"center center","background-size":"auto","background-attachment":"scroll","background-type":"","background-media":"","overlay-type":"","overlay-color":"","overlay-opacity":"","overlay-gradient":""},"mobile":{"background-color":"","background-image":"","background-repeat":"repeat","background-position":"center center","background-size":"auto","background-attachment":"scroll","background-type":"","background-media":"","overlay-type":"","overlay-color":"","overlay-opacity":"","overlay-gradient":""}},"ast-content-background-meta":{"desktop":{"background-color":"var(--ast-global-color-5)","background-image":"","background-repeat":"repeat","background-position":"center center","background-size":"auto","background-attachment":"scroll","background-type":"","background-media":"","overlay-type":"","overlay-color":"","overlay-opacity":"","overlay-gradient":""},"tablet":{"background-color":"var(--ast-global-color-5)","background-image":"","background-repeat":"repeat","background-position":"center center","background-size":"auto","background-attachment":"scroll","background-type":"","background-media":"","overlay-type":"","overlay-color":"","overlay-opacity":"","overlay-gradient":""},"mobile":{"background-color":"var(--ast-global-color-5)","background-image":"","background-repeat":"repeat","background-position":"center center","background-size":"auto","background-attachment":"scroll","background-type":"","background-media":"","overlay-type":"","overlay-color":"","overlay-opacity":"","overlay-gradient":""}},"jetpack_post_was_ever_published":false,"_joinchat":{"telephone":"+584245582843"}},"estado":[],"product_brand":[564],"product_cat":[115],"product_tag":[297],"class_list":{"0":"post-34924","1":"product","2":"type-product","3":"status-publish","4":"has-post-thumbnail","6":"product_brand-elegance-barquisimeto","7":"product_cat-galpon","8":"product_tag-null","9":"product_shipping_class-null","10":"pa_asesor-atr-saidsa-rosy-viccionacce-de-santeliz","11":"pa_oficina-atr-elegance-barquisimeto","12":"pa_ubicacion-lara","13":"desktop-align-left","14":"tablet-align-left","15":"mobile-align-left","17":"first","18":"instock","19":"shipping-taxable","20":"purchasable","21":"product-type-simple"},"acf":[],"uagb_featured_image_src":{"full":["https:\/\/i0.wp.com\/skygroup.com.ve\/web\/wp-content\/uploads\/2024\/09\/6518_1.jpeg?fit=810%2C1080&ssl=1",810,1080,false],"thumbnail":["https:\/\/i0.wp.com\/skygroup.com.ve\/web\/wp-content\/uploads\/2024\/09\/6518_1.jpeg?resize=150%2C150&ssl=1",150,150,true],"medium":["https:\/\/i0.wp.com\/skygroup.com.ve\/web\/wp-content\/uploads\/2024\/09\/6518_1.jpeg?fit=225%2C300&ssl=1",225,300,true],"medium_large":["https:\/\/i0.wp.com\/skygroup.com.ve\/web\/wp-content\/uploads\/2024\/09\/6518_1.jpeg?fit=768%2C1024&ssl=1",768,1024,true],"large":["https:\/\/i0.wp.com\/skygroup.com.ve\/web\/wp-content\/uploads\/2024\/09\/6518_1.jpeg?fit=768%2C1024&ssl=1",768,1024,true],"1536x1536":["https:\/\/i0.wp.com\/skygroup.com.ve\/web\/wp-content\/uploads\/2024\/09\/6518_1.jpeg?fit=810%2C1080&ssl=1",810,1080,true],"2048x2048":["https:\/\/i0.wp.com\/skygroup.com.ve\/web\/wp-content\/uploads\/2024\/09\/6518_1.jpeg?fit=810%2C1080&ssl=1",810,1080,true],"woocommerce_thumbnail":["https:\/\/i0.wp.com\/skygroup.com.ve\/web\/wp-content\/uploads\/2024\/09\/6518_1.jpeg?resize=300%2C300&ssl=1",300,300,true],"woocommerce_single":["https:\/\/i0.wp.com\/skygroup.com.ve\/web\/wp-content\/uploads\/2024\/09\/6518_1.jpeg?fit=600%2C800&ssl=1",600,800,true],"woocommerce_gallery_thumbnail":["https:\/\/i0.wp.com\/skygroup.com.ve\/web\/wp-content\/uploads\/2024\/09\/6518_1.jpeg?resize=100%2C100&ssl=1",100,100,true]},"uagb_author_info":{"display_name":"adminweb","author_link":"https:\/\/skygroup.com.ve\/web\/author\/"},"uagb_comment_info":0,"uagb_excerpt":"Sky Group ELEGANCE - BARQUISIMETO Vende Galpon Ubicado Cerca Del Puerto Seco De Cabudare","jetpack_sharing_enabled":true,"_links":{"self":[{"href":"https:\/\/skygroup.com.ve\/web\/wp-json\/wp\/v2\/product\/34924","targetHints":{"allow":["GET"]}}],"collection":[{"href":"https:\/\/skygroup.com.ve\/web\/wp-json\/wp\/v2\/product"}],"about":[{"href":"https:\/\/skygroup.com.ve\/web\/wp-json\/wp\/v2\/types\/product"}],"wp:featuredmedia":[{"embeddable":true,"href":"https:\/\/skygroup.com.ve\/web\/wp-json\/wp\/v2\/media\/34825"}],"wp:attachment":[{"href":"https:\/\/skygroup.com.ve\/web\/wp-json\/wp\/v2\/media?parent=34924"}],"wp:term":[{"taxonomy":"estado","embeddable":true,"href":"https:\/\/skygroup.com.ve\/web\/wp-json\/wp\/v2\/estado?post=34924"},{"taxonomy":"product_brand","embeddable":true,"href":"https:\/\/skygroup.com.ve\/web\/wp-json\/wp\/v2\/product_brand?post=34924"},{"taxonomy":"product_cat","embeddable":true,"href":"https:\/\/skygroup.com.ve\/web\/wp-json\/wp\/v2\/product_cat?post=34924"},{"taxonomy":"product_tag","embeddable":true,"href":"https:\/\/skygroup.com.ve\/web\/wp-json\/wp\/v2\/product_tag?post=34924"}],"curies":[{"name":"wp","href":"https:\/\/api.w.org\/{rel}","templated":true}]}}