{"id":48565,"date":"2025-01-28T00:03:28","date_gmt":"2025-01-28T04:03:28","guid":{"rendered":"https:\/\/skygroup.com.ve\/web\/producto\/eta-009-apartamento-en-venta-residencias-tepuy-caracas\/"},"modified":"2026-04-07T20:51:16","modified_gmt":"2026-04-08T00:51:16","slug":"eta-009-apartamento-en-venta-residencias-tepuy-caracas","status":"publish","type":"product","link":"https:\/\/skygroup.com.ve\/web\/producto\/eta-009-apartamento-en-venta-residencias-tepuy-caracas\/","title":{"rendered":"ETA-009 Apartamento en Venta  Residencias Tepuy Caracas"},"content":{"rendered":"<p>SKY GROUP Elite Vende Apartamento En Residencias Tepuy, Ubicado En El Mirador De Los Campitos En Caracas.<\/p>\n<p>Planta Baja<br \/>\n264Mts\u00b2 de construcci\u00f3n+ 282.04 area de jardin<br \/>\nVista panor\u00e1mica al valle de Caracas y al \u00c1vila desde el ba\u00f1o principal.<br \/>\nEstudio<br \/>\nSala<br \/>\nComedor<br \/>\nBalc\u00f3n<br \/>\n3 habitaciones principales con ba\u00f1o privado<br \/>\nCuarto de servicio con ba\u00f1o.<br \/>\nBa\u00f1o principal con ducha para dos personas y Jacuzzi<br \/>\nDucteria para la instalaci\u00f3n de aire acondicionado central controlable para casa ambiente<br \/>\n\u00c1rea de Lavander\u00eda y planchado<br \/>\nEstacionamiento para 4 veh\u00edculos.<br \/>\n\u00c1rea social<br \/>\nPiscina de 25 metros con dos canales de nataci\u00f3n<br \/>\nGym<br \/>\n\u00c1reas verdes<br \/>\nSal\u00f3n de fiesta<br \/>\nEstacionamiento para 4 veh\u00edculos.<br \/>\nMaleteros<\/p>\n<p>Opci\u00f3n para comprar una habitaci\u00f3n para chofer.<br \/>\nPuestos para visitantes<\/p>\n","protected":false},"excerpt":{"rendered":"<p>Sky Group ELITE Vende Apartamento  Residencias Tepuy Caracas  <\/p>\n","protected":false},"featured_media":48242,"template":"","meta":{"_acf_changed":false,"_uag_custom_page_level_css":"","site-sidebar-layout":"default","site-content-layout":"","ast-site-content-layout":"default","site-content-style":"default","site-sidebar-style":"default","ast-global-header-display":"","ast-banner-title-visibility":"","ast-main-header-display":"","ast-hfb-above-header-display":"","ast-hfb-below-header-display":"","ast-hfb-mobile-header-display":"","site-post-title":"","ast-breadcrumbs-content":"","ast-featured-img":"","footer-sml-layout":"","ast-disable-related-posts":"","theme-transparent-header-meta":"default","adv-header-id-meta":"","stick-header-meta":"","header-above-stick-meta":"","header-main-stick-meta":"","header-below-stick-meta":"","astra-migrate-meta-layouts":"default","ast-page-background-enabled":"default","ast-page-background-meta":{"desktop":{"background-color":"var(--ast-global-color-4)","background-image":"","background-repeat":"repeat","background-position":"center center","background-size":"auto","background-attachment":"scroll","background-type":"","background-media":"","overlay-type":"","overlay-color":"","overlay-opacity":"","overlay-gradient":""},"tablet":{"background-color":"","background-image":"","background-repeat":"repeat","background-position":"center center","background-size":"auto","background-attachment":"scroll","background-type":"","background-media":"","overlay-type":"","overlay-color":"","overlay-opacity":"","overlay-gradient":""},"mobile":{"background-color":"","background-image":"","background-repeat":"repeat","background-position":"center center","background-size":"auto","background-attachment":"scroll","background-type":"","background-media":"","overlay-type":"","overlay-color":"","overlay-opacity":"","overlay-gradient":""}},"ast-content-background-meta":{"desktop":{"background-color":"var(--ast-global-color-5)","background-image":"","background-repeat":"repeat","background-position":"center center","background-size":"auto","background-attachment":"scroll","background-type":"","background-media":"","overlay-type":"","overlay-color":"","overlay-opacity":"","overlay-gradient":""},"tablet":{"background-color":"var(--ast-global-color-5)","background-image":"","background-repeat":"repeat","background-position":"center center","background-size":"auto","background-attachment":"scroll","background-type":"","background-media":"","overlay-type":"","overlay-color":"","overlay-opacity":"","overlay-gradient":""},"mobile":{"background-color":"var(--ast-global-color-5)","background-image":"","background-repeat":"repeat","background-position":"center center","background-size":"auto","background-attachment":"scroll","background-type":"","background-media":"","overlay-type":"","overlay-color":"","overlay-opacity":"","overlay-gradient":""}},"jetpack_post_was_ever_published":false,"_joinchat":{"telephone":"+584126842006"}},"estado":[],"product_brand":[567],"product_cat":[26],"product_tag":[297],"class_list":{"0":"post-48565","1":"product","2":"type-product","3":"status-publish","4":"has-post-thumbnail","6":"product_brand-elite","7":"product_cat-apartamento","8":"product_tag-null","9":"product_shipping_class-null","10":"pa_asesor-atr-francys-carol-sanchez-sanchez","11":"pa_oficina-atr-elite","12":"pa_ubicacion-distrito-capital","13":"desktop-align-left","14":"tablet-align-left","15":"mobile-align-left","17":"first","18":"instock","19":"shipping-taxable","20":"purchasable","21":"product-type-simple"},"acf":[],"uagb_featured_image_src":{"full":["https:\/\/i0.wp.com\/skygroup.com.ve\/web\/wp-content\/uploads\/2025\/01\/1647_1.jpeg?fit=600%2C800&ssl=1",600,800,false],"thumbnail":["https:\/\/i0.wp.com\/skygroup.com.ve\/web\/wp-content\/uploads\/2025\/01\/1647_1.jpeg?resize=150%2C150&ssl=1",150,150,true],"medium":["https:\/\/i0.wp.com\/skygroup.com.ve\/web\/wp-content\/uploads\/2025\/01\/1647_1.jpeg?fit=225%2C300&ssl=1",225,300,true],"medium_large":["https:\/\/i0.wp.com\/skygroup.com.ve\/web\/wp-content\/uploads\/2025\/01\/1647_1.jpeg?fit=600%2C800&ssl=1",600,800,true],"large":["https:\/\/i0.wp.com\/skygroup.com.ve\/web\/wp-content\/uploads\/2025\/01\/1647_1.jpeg?fit=600%2C800&ssl=1",600,800,true],"1536x1536":["https:\/\/i0.wp.com\/skygroup.com.ve\/web\/wp-content\/uploads\/2025\/01\/1647_1.jpeg?fit=600%2C800&ssl=1",600,800,true],"2048x2048":["https:\/\/i0.wp.com\/skygroup.com.ve\/web\/wp-content\/uploads\/2025\/01\/1647_1.jpeg?fit=600%2C800&ssl=1",600,800,true],"woocommerce_thumbnail":["https:\/\/i0.wp.com\/skygroup.com.ve\/web\/wp-content\/uploads\/2025\/01\/1647_1.jpeg?resize=300%2C300&ssl=1",300,300,true],"woocommerce_single":["https:\/\/i0.wp.com\/skygroup.com.ve\/web\/wp-content\/uploads\/2025\/01\/1647_1.jpeg?fit=600%2C800&ssl=1",600,800,true],"woocommerce_gallery_thumbnail":["https:\/\/i0.wp.com\/skygroup.com.ve\/web\/wp-content\/uploads\/2025\/01\/1647_1.jpeg?resize=100%2C100&ssl=1",100,100,true]},"uagb_author_info":{"display_name":"adminweb","author_link":"https:\/\/skygroup.com.ve\/web\/author\/"},"uagb_comment_info":0,"uagb_excerpt":"Sky Group ELITE Vende Apartamento Residencias Tepuy Caracas","jetpack_sharing_enabled":true,"_links":{"self":[{"href":"https:\/\/skygroup.com.ve\/web\/wp-json\/wp\/v2\/product\/48565","targetHints":{"allow":["GET"]}}],"collection":[{"href":"https:\/\/skygroup.com.ve\/web\/wp-json\/wp\/v2\/product"}],"about":[{"href":"https:\/\/skygroup.com.ve\/web\/wp-json\/wp\/v2\/types\/product"}],"wp:featuredmedia":[{"embeddable":true,"href":"https:\/\/skygroup.com.ve\/web\/wp-json\/wp\/v2\/media\/48242"}],"wp:attachment":[{"href":"https:\/\/skygroup.com.ve\/web\/wp-json\/wp\/v2\/media?parent=48565"}],"wp:term":[{"taxonomy":"estado","embeddable":true,"href":"https:\/\/skygroup.com.ve\/web\/wp-json\/wp\/v2\/estado?post=48565"},{"taxonomy":"product_brand","embeddable":true,"href":"https:\/\/skygroup.com.ve\/web\/wp-json\/wp\/v2\/product_brand?post=48565"},{"taxonomy":"product_cat","embeddable":true,"href":"https:\/\/skygroup.com.ve\/web\/wp-json\/wp\/v2\/product_cat?post=48565"},{"taxonomy":"product_tag","embeddable":true,"href":"https:\/\/skygroup.com.ve\/web\/wp-json\/wp\/v2\/product_tag?post=48565"}],"curies":[{"name":"wp","href":"https:\/\/api.w.org\/{rel}","templated":true}]}}