{"id":50380,"date":"2025-02-04T21:47:10","date_gmt":"2025-02-05T01:47:10","guid":{"rendered":"https:\/\/skygroup.com.ve\/web\/producto\/elbc-303-casa-en-venta-urb-villa-paris-e-av-riberena-cabudare-lara\/"},"modified":"2026-04-07T20:51:19","modified_gmt":"2026-04-08T00:51:19","slug":"elbc-303-casa-en-venta-urb-villa-paris-e-av-riberena-cabudare-lara","status":"publish","type":"product","link":"https:\/\/skygroup.com.ve\/web\/producto\/elbc-303-casa-en-venta-urb-villa-paris-e-av-riberena-cabudare-lara\/","title":{"rendered":"ELBC-303 Casa en Venta Urb Villa Par\u00eds E, Av Ribere\u00f1a, Cabudare, Lara"},"content":{"rendered":"<p>SKY GROUP ELEGANCE OFRECE TOWN HOUSE EN VENTA EN URB VILLA PAR\u00cdS E<\/p>\n<p>A estrenar, AMPLIADA y ubicada en zona privilegiada de Cabudare con acceso inmediato a la av. Ribere\u00f1a a 5 min de Barquisimeto. Urbanismo de lujo, con vigilancia privada 24\/7<\/p>\n<p>114 m2<\/p>\n<p>3 Habitaciones<br \/>\n2 ba\u00f1os y  1\/2<\/p>\n<p>Fachada de m\u00e1rmol<br \/>\nPiso de porcelanato<br \/>\nSala, comedor y cocina en \u00e1reas integradas con concepto abierto<br \/>\n \u00bd Ba\u00f1o para uso com\u00fan<br \/>\nHabitaci\u00f3n principal con balc\u00f3n, vestier y ba\u00f1o privado<br \/>\n2 habitaciones con closets<br \/>\nBa\u00f1o compartido para las habitaciones<br \/>\n\u00c1rea para family room\u00b4<br \/>\n\u00c1rea de lavander\u00eda<br \/>\nTanque subterr\u00e1neo de 5000 lts.<br \/>\nParque infantil<br \/>\n\u00c1rea social<br \/>\n\u00c1rea para gimnasio<br \/>\nTerraza para reuniones con parrillera y hermosa vista                                                                                                                                                                                           FOB-TH-085<\/p>\n","protected":false},"excerpt":{"rendered":"<p>Sky Group ELEGANCE &#8211; BARQUISIMETO Vende Casa Urb Villa Par\u00eds E, Av Ribere\u00f1a, Cabudare, Lara<\/p>\n","protected":false},"featured_media":50255,"template":"","meta":{"_acf_changed":false,"_uag_custom_page_level_css":"","site-sidebar-layout":"default","site-content-layout":"","ast-site-content-layout":"default","site-content-style":"default","site-sidebar-style":"default","ast-global-header-display":"","ast-banner-title-visibility":"","ast-main-header-display":"","ast-hfb-above-header-display":"","ast-hfb-below-header-display":"","ast-hfb-mobile-header-display":"","site-post-title":"","ast-breadcrumbs-content":"","ast-featured-img":"","footer-sml-layout":"","ast-disable-related-posts":"","theme-transparent-header-meta":"default","adv-header-id-meta":"","stick-header-meta":"","header-above-stick-meta":"","header-main-stick-meta":"","header-below-stick-meta":"","astra-migrate-meta-layouts":"default","ast-page-background-enabled":"default","ast-page-background-meta":{"desktop":{"background-color":"var(--ast-global-color-4)","background-image":"","background-repeat":"repeat","background-position":"center center","background-size":"auto","background-attachment":"scroll","background-type":"","background-media":"","overlay-type":"","overlay-color":"","overlay-opacity":"","overlay-gradient":""},"tablet":{"background-color":"","background-image":"","background-repeat":"repeat","background-position":"center center","background-size":"auto","background-attachment":"scroll","background-type":"","background-media":"","overlay-type":"","overlay-color":"","overlay-opacity":"","overlay-gradient":""},"mobile":{"background-color":"","background-image":"","background-repeat":"repeat","background-position":"center center","background-size":"auto","background-attachment":"scroll","background-type":"","background-media":"","overlay-type":"","overlay-color":"","overlay-opacity":"","overlay-gradient":""}},"ast-content-background-meta":{"desktop":{"background-color":"var(--ast-global-color-5)","background-image":"","background-repeat":"repeat","background-position":"center center","background-size":"auto","background-attachment":"scroll","background-type":"","background-media":"","overlay-type":"","overlay-color":"","overlay-opacity":"","overlay-gradient":""},"tablet":{"background-color":"var(--ast-global-color-5)","background-image":"","background-repeat":"repeat","background-position":"center center","background-size":"auto","background-attachment":"scroll","background-type":"","background-media":"","overlay-type":"","overlay-color":"","overlay-opacity":"","overlay-gradient":""},"mobile":{"background-color":"var(--ast-global-color-5)","background-image":"","background-repeat":"repeat","background-position":"center center","background-size":"auto","background-attachment":"scroll","background-type":"","background-media":"","overlay-type":"","overlay-color":"","overlay-opacity":"","overlay-gradient":""}},"jetpack_post_was_ever_published":false,"_joinchat":{"telephone":"+584145658844"}},"estado":[],"product_brand":[564],"product_cat":[47],"product_tag":[297],"class_list":{"0":"post-50380","1":"product","2":"type-product","3":"status-publish","4":"has-post-thumbnail","6":"product_brand-elegance-barquisimeto","7":"product_cat-casa","8":"product_tag-null","9":"product_shipping_class-null","10":"pa_asesor-atr-simon-antonio-hernandez-hernandez","11":"pa_oficina-atr-elegance-barquisimeto","12":"pa_ubicacion-lara","13":"desktop-align-left","14":"tablet-align-left","15":"mobile-align-left","17":"first","18":"instock","19":"shipping-taxable","20":"purchasable","21":"product-type-simple"},"acf":[],"uagb_featured_image_src":{"full":["https:\/\/i0.wp.com\/skygroup.com.ve\/web\/wp-content\/uploads\/2025\/02\/2441_photo_2022-11-22_17-36-25_4.jpg?fit=800%2C600&ssl=1",800,600,false],"thumbnail":["https:\/\/i0.wp.com\/skygroup.com.ve\/web\/wp-content\/uploads\/2025\/02\/2441_photo_2022-11-22_17-36-25_4.jpg?resize=150%2C150&ssl=1",150,150,true],"medium":["https:\/\/i0.wp.com\/skygroup.com.ve\/web\/wp-content\/uploads\/2025\/02\/2441_photo_2022-11-22_17-36-25_4.jpg?fit=300%2C225&ssl=1",300,225,true],"medium_large":["https:\/\/i0.wp.com\/skygroup.com.ve\/web\/wp-content\/uploads\/2025\/02\/2441_photo_2022-11-22_17-36-25_4.jpg?fit=768%2C576&ssl=1",768,576,true],"large":["https:\/\/i0.wp.com\/skygroup.com.ve\/web\/wp-content\/uploads\/2025\/02\/2441_photo_2022-11-22_17-36-25_4.jpg?fit=800%2C600&ssl=1",800,600,true],"1536x1536":["https:\/\/i0.wp.com\/skygroup.com.ve\/web\/wp-content\/uploads\/2025\/02\/2441_photo_2022-11-22_17-36-25_4.jpg?fit=800%2C600&ssl=1",800,600,true],"2048x2048":["https:\/\/i0.wp.com\/skygroup.com.ve\/web\/wp-content\/uploads\/2025\/02\/2441_photo_2022-11-22_17-36-25_4.jpg?fit=800%2C600&ssl=1",800,600,true],"woocommerce_thumbnail":["https:\/\/i0.wp.com\/skygroup.com.ve\/web\/wp-content\/uploads\/2025\/02\/2441_photo_2022-11-22_17-36-25_4.jpg?resize=300%2C300&ssl=1",300,300,true],"woocommerce_single":["https:\/\/i0.wp.com\/skygroup.com.ve\/web\/wp-content\/uploads\/2025\/02\/2441_photo_2022-11-22_17-36-25_4.jpg?fit=600%2C450&ssl=1",600,450,true],"woocommerce_gallery_thumbnail":["https:\/\/i0.wp.com\/skygroup.com.ve\/web\/wp-content\/uploads\/2025\/02\/2441_photo_2022-11-22_17-36-25_4.jpg?resize=100%2C100&ssl=1",100,100,true]},"uagb_author_info":{"display_name":"adminweb","author_link":"https:\/\/skygroup.com.ve\/web\/author\/"},"uagb_comment_info":0,"uagb_excerpt":"Sky Group ELEGANCE - BARQUISIMETO Vende Casa Urb Villa Par\u00eds E, Av Ribere\u00f1a, Cabudare, Lara","jetpack_sharing_enabled":true,"_links":{"self":[{"href":"https:\/\/skygroup.com.ve\/web\/wp-json\/wp\/v2\/product\/50380","targetHints":{"allow":["GET"]}}],"collection":[{"href":"https:\/\/skygroup.com.ve\/web\/wp-json\/wp\/v2\/product"}],"about":[{"href":"https:\/\/skygroup.com.ve\/web\/wp-json\/wp\/v2\/types\/product"}],"wp:featuredmedia":[{"embeddable":true,"href":"https:\/\/skygroup.com.ve\/web\/wp-json\/wp\/v2\/media\/50255"}],"wp:attachment":[{"href":"https:\/\/skygroup.com.ve\/web\/wp-json\/wp\/v2\/media?parent=50380"}],"wp:term":[{"taxonomy":"estado","embeddable":true,"href":"https:\/\/skygroup.com.ve\/web\/wp-json\/wp\/v2\/estado?post=50380"},{"taxonomy":"product_brand","embeddable":true,"href":"https:\/\/skygroup.com.ve\/web\/wp-json\/wp\/v2\/product_brand?post=50380"},{"taxonomy":"product_cat","embeddable":true,"href":"https:\/\/skygroup.com.ve\/web\/wp-json\/wp\/v2\/product_cat?post=50380"},{"taxonomy":"product_tag","embeddable":true,"href":"https:\/\/skygroup.com.ve\/web\/wp-json\/wp\/v2\/product_tag?post=50380"}],"curies":[{"name":"wp","href":"https:\/\/api.w.org\/{rel}","templated":true}]}}