{"id":53676,"date":"2025-02-22T16:35:41","date_gmt":"2025-02-22T20:35:41","guid":{"rendered":"https:\/\/skygroup.com.ve\/web\/producto\/plg-145-galpon-en-venta-galpon-en-venta-en-la-zona-ind-norte-de-valencia\/"},"modified":"2026-04-07T20:51:21","modified_gmt":"2026-04-08T00:51:21","slug":"plg-145-galpon-en-venta-galpon-en-venta-en-la-zona-ind-norte-de-valencia","status":"publish","type":"product","link":"https:\/\/skygroup.com.ve\/web\/producto\/plg-145-galpon-en-venta-galpon-en-venta-en-la-zona-ind-norte-de-valencia\/","title":{"rendered":"PLG-145 Galpon en Venta Galp\u00f3n En Venta En La Zona Ind. Norte De Valencia"},"content":{"rendered":"<p>Sky Group Vende Galpon Galp\u00f3n En Venta En La Zona Ind. Norte De Valencia<br \/>\nExcelente condiciones para desarrollar cualquier actividad econ\u00f3mica industrial, F\u00e1cil acceso a la Autopista regional del centro<br \/>\n4820 m2<br \/>\n12.80 de altura<br \/>\nPiso de concreto doble malla espesor 15 cm 250 kgf\/cm2 y barras de acero para transferencia de carga<br \/>\nTres transformadores de 50kva<br \/>\nTecho de acerolit<br \/>\nTotalmente pavimentado<br \/>\n66m\u00b2 estructura Met\u00e1lica  para mezzanina lateral a lo largo del galp\u00f3n  adaptaci\u00f3n para realizar oficinas<br \/>\n2.000 m2 nave principal 660m2 alero lateral)<br \/>\nEstacionamiento Techado<br \/>\nCuarto de subestaci\u00f3n  para colocar la planta el\u00e9ctrica<br \/>\nBanco de transformadores<br \/>\n10 cajetines con 3 tomas 220vlts, 6 tomas  110vlts  y 1 toma trif\u00e1sica ubicadas cada 6mts<br \/>\nCuarto de hidroneum\u00e1tico y bomba<br \/>\nTanque de agua de 70.000 litros<br \/>\nCuarto de Basura<br \/>\nCuarto de vigilancia<br \/>\n1 Ba\u00f1o<br \/>\nCircuito cerrado con 8 camaras 4 internas  4 externas.<br \/>\nCerco el\u00e9ctrico en todo el per\u00edmetro del galpon y detectores de movimiento<br \/>\nAguas blancas, negras y lluvias listas<br \/>\n \u00c1rea de servicios de galp\u00f3n (ba\u00f1os trabajadores, vestidores y comedor, almac\u00e9n) por terminar<br \/>\n66m\u00b2 estructura Met\u00e1lica  para mezzanina lateral a lo largo del galp\u00f3n  adaptaci\u00f3n para realizar oficinas<br \/>\n2.000 m2 nave principal 660m2 alero lateral)<br \/>\nEstacionamiento Techado<br \/>\nCuarto de subestaci\u00f3n  para colocar la planta el\u00e9ctrica<br \/>\nBanco de transformadores<br \/>\n10 cajetines con 3 tomas 220vlts, 6 tomas  110vlts  y 1 toma trif\u00e1sica ubicadas cada 6mts<br \/>\nCuarto de hidroneum\u00e1tico y bomba<br \/>\nTanque de agua de 70.000 litros<br \/>\nCuarto de Basura<br \/>\nCuarto de vigilancia<br \/>\n1 Ba\u00f1o<br \/>\nCircuito cerrado con 8 camaras 4 internas  4 externas.<br \/>\nCerco el\u00e9ctrico en todo el per\u00edmetro del galp\u00f3n y detectores de movimiento<br \/>\nAguas blancas, negras y lluvias listas<br \/>\n\u00c1rea de servicios de galp\u00f3n (ba\u00f1os trabajadores, vestidores y comedor, almac\u00e9n) por terminar<\/p>\n","protected":false},"excerpt":{"rendered":"<p>Sky Group PLATINUM Vende Galpon Galp\u00f3n En Venta En La Zona Ind. Norte De Valencia<\/p>\n","protected":false},"featured_media":53466,"template":"","meta":{"_acf_changed":false,"_uag_custom_page_level_css":"","site-sidebar-layout":"default","site-content-layout":"","ast-site-content-layout":"default","site-content-style":"default","site-sidebar-style":"default","ast-global-header-display":"","ast-banner-title-visibility":"","ast-main-header-display":"","ast-hfb-above-header-display":"","ast-hfb-below-header-display":"","ast-hfb-mobile-header-display":"","site-post-title":"","ast-breadcrumbs-content":"","ast-featured-img":"","footer-sml-layout":"","ast-disable-related-posts":"","theme-transparent-header-meta":"default","adv-header-id-meta":"","stick-header-meta":"","header-above-stick-meta":"","header-main-stick-meta":"","header-below-stick-meta":"","astra-migrate-meta-layouts":"default","ast-page-background-enabled":"default","ast-page-background-meta":{"desktop":{"background-color":"var(--ast-global-color-4)","background-image":"","background-repeat":"repeat","background-position":"center center","background-size":"auto","background-attachment":"scroll","background-type":"","background-media":"","overlay-type":"","overlay-color":"","overlay-opacity":"","overlay-gradient":""},"tablet":{"background-color":"","background-image":"","background-repeat":"repeat","background-position":"center center","background-size":"auto","background-attachment":"scroll","background-type":"","background-media":"","overlay-type":"","overlay-color":"","overlay-opacity":"","overlay-gradient":""},"mobile":{"background-color":"","background-image":"","background-repeat":"repeat","background-position":"center center","background-size":"auto","background-attachment":"scroll","background-type":"","background-media":"","overlay-type":"","overlay-color":"","overlay-opacity":"","overlay-gradient":""}},"ast-content-background-meta":{"desktop":{"background-color":"var(--ast-global-color-5)","background-image":"","background-repeat":"repeat","background-position":"center center","background-size":"auto","background-attachment":"scroll","background-type":"","background-media":"","overlay-type":"","overlay-color":"","overlay-opacity":"","overlay-gradient":""},"tablet":{"background-color":"var(--ast-global-color-5)","background-image":"","background-repeat":"repeat","background-position":"center center","background-size":"auto","background-attachment":"scroll","background-type":"","background-media":"","overlay-type":"","overlay-color":"","overlay-opacity":"","overlay-gradient":""},"mobile":{"background-color":"var(--ast-global-color-5)","background-image":"","background-repeat":"repeat","background-position":"center center","background-size":"auto","background-attachment":"scroll","background-type":"","background-media":"","overlay-type":"","overlay-color":"","overlay-opacity":"","overlay-gradient":""}},"jetpack_post_was_ever_published":false,"_joinchat":{"telephone":"+584144336302"}},"estado":[],"product_brand":[557],"product_cat":[115],"product_tag":[297],"class_list":{"0":"post-53676","1":"product","2":"type-product","3":"status-publish","4":"has-post-thumbnail","6":"product_brand-platinum","7":"product_cat-galpon","8":"product_tag-null","9":"product_shipping_class-null","10":"pa_asesor-atr-maria-elena-carpio","11":"pa_oficina-atr-platinum","12":"pa_ubicacion-carabobo","13":"desktop-align-left","14":"tablet-align-left","15":"mobile-align-left","17":"first","18":"instock","19":"shipping-taxable","20":"purchasable","21":"product-type-simple"},"acf":[],"uagb_featured_image_src":{"full":["https:\/\/i0.wp.com\/skygroup.com.ve\/web\/wp-content\/uploads\/2025\/02\/3202_5.jpeg?fit=800%2C600&ssl=1",800,600,false],"thumbnail":["https:\/\/i0.wp.com\/skygroup.com.ve\/web\/wp-content\/uploads\/2025\/02\/3202_5.jpeg?resize=150%2C150&ssl=1",150,150,true],"medium":["https:\/\/i0.wp.com\/skygroup.com.ve\/web\/wp-content\/uploads\/2025\/02\/3202_5.jpeg?fit=300%2C225&ssl=1",300,225,true],"medium_large":["https:\/\/i0.wp.com\/skygroup.com.ve\/web\/wp-content\/uploads\/2025\/02\/3202_5.jpeg?fit=768%2C576&ssl=1",768,576,true],"large":["https:\/\/i0.wp.com\/skygroup.com.ve\/web\/wp-content\/uploads\/2025\/02\/3202_5.jpeg?fit=800%2C600&ssl=1",800,600,true],"1536x1536":["https:\/\/i0.wp.com\/skygroup.com.ve\/web\/wp-content\/uploads\/2025\/02\/3202_5.jpeg?fit=800%2C600&ssl=1",800,600,true],"2048x2048":["https:\/\/i0.wp.com\/skygroup.com.ve\/web\/wp-content\/uploads\/2025\/02\/3202_5.jpeg?fit=800%2C600&ssl=1",800,600,true],"woocommerce_thumbnail":["https:\/\/i0.wp.com\/skygroup.com.ve\/web\/wp-content\/uploads\/2025\/02\/3202_5.jpeg?resize=300%2C300&ssl=1",300,300,true],"woocommerce_single":["https:\/\/i0.wp.com\/skygroup.com.ve\/web\/wp-content\/uploads\/2025\/02\/3202_5.jpeg?fit=600%2C450&ssl=1",600,450,true],"woocommerce_gallery_thumbnail":["https:\/\/i0.wp.com\/skygroup.com.ve\/web\/wp-content\/uploads\/2025\/02\/3202_5.jpeg?resize=100%2C100&ssl=1",100,100,true]},"uagb_author_info":{"display_name":"adminweb","author_link":"https:\/\/skygroup.com.ve\/web\/author\/"},"uagb_comment_info":0,"uagb_excerpt":"Sky Group PLATINUM Vende Galpon Galp\u00f3n En Venta En La Zona Ind. Norte De Valencia","jetpack_sharing_enabled":true,"_links":{"self":[{"href":"https:\/\/skygroup.com.ve\/web\/wp-json\/wp\/v2\/product\/53676","targetHints":{"allow":["GET"]}}],"collection":[{"href":"https:\/\/skygroup.com.ve\/web\/wp-json\/wp\/v2\/product"}],"about":[{"href":"https:\/\/skygroup.com.ve\/web\/wp-json\/wp\/v2\/types\/product"}],"wp:featuredmedia":[{"embeddable":true,"href":"https:\/\/skygroup.com.ve\/web\/wp-json\/wp\/v2\/media\/53466"}],"wp:attachment":[{"href":"https:\/\/skygroup.com.ve\/web\/wp-json\/wp\/v2\/media?parent=53676"}],"wp:term":[{"taxonomy":"estado","embeddable":true,"href":"https:\/\/skygroup.com.ve\/web\/wp-json\/wp\/v2\/estado?post=53676"},{"taxonomy":"product_brand","embeddable":true,"href":"https:\/\/skygroup.com.ve\/web\/wp-json\/wp\/v2\/product_brand?post=53676"},{"taxonomy":"product_cat","embeddable":true,"href":"https:\/\/skygroup.com.ve\/web\/wp-json\/wp\/v2\/product_cat?post=53676"},{"taxonomy":"product_tag","embeddable":true,"href":"https:\/\/skygroup.com.ve\/web\/wp-json\/wp\/v2\/product_tag?post=53676"}],"curies":[{"name":"wp","href":"https:\/\/api.w.org\/{rel}","templated":true}]}}