{"id":55632,"date":"2025-03-01T00:26:30","date_gmt":"2025-03-01T04:26:30","guid":{"rendered":"https:\/\/skygroup.com.ve\/web\/producto\/elbt-038-terreno-en-alquiler-piedad-norte-cabudare-estado-lara\/"},"modified":"2026-04-07T20:51:25","modified_gmt":"2026-04-08T00:51:25","slug":"elbt-038-terreno-en-alquiler-piedad-norte-cabudare-estado-lara","status":"publish","type":"product","link":"https:\/\/skygroup.com.ve\/web\/producto\/elbt-038-terreno-en-alquiler-piedad-norte-cabudare-estado-lara\/","title":{"rendered":"ELBT-038 Terreno en Alquiler Piedad Norte Cabudare Estado Lara"},"content":{"rendered":"<p>SKY GROUP  ELEGANCE ALQUILA Amplio Terreno a pie de calle, en La Piedad Norte, Cabudare,<\/p>\n<p>Mide 6.082 m2<\/p>\n<p>-Tiene estructuras de oficinas o dep\u00f3sito.<br \/>\n&#8211; 1 ba\u00f1o.<br \/>\n&#8211; Excelente ubicaci\u00f3n a pie de calle principal en zona comercial.<br \/>\n&#8211; Pared Perimetral<br \/>\n&#8211; Port\u00f3n<\/p>\n<p>Ideal para cualquier negocio de su preferencia, como supermercado, para galpones, dep\u00f3sito, supermercado, local comercial de diferente \u00edndole, restaurante, ferreter\u00eda, etc.<br \/>\nCuenta con f\u00e1cil acceso a la Autopista  Intercomunal.<br \/>\nListo para negociar.<\/p>\n<p>Canon: 1000$<\/p>\n","protected":false},"excerpt":{"rendered":"<p>Sky Group ELEGANCE &#8211; BARQUISIMETO Alquila Terreno Piedad Norte Cabudare Estado Lara<\/p>\n","protected":false},"featured_media":55161,"template":"","meta":{"_acf_changed":false,"_uag_custom_page_level_css":"","site-sidebar-layout":"default","site-content-layout":"","ast-site-content-layout":"default","site-content-style":"default","site-sidebar-style":"default","ast-global-header-display":"","ast-banner-title-visibility":"","ast-main-header-display":"","ast-hfb-above-header-display":"","ast-hfb-below-header-display":"","ast-hfb-mobile-header-display":"","site-post-title":"","ast-breadcrumbs-content":"","ast-featured-img":"","footer-sml-layout":"","ast-disable-related-posts":"","theme-transparent-header-meta":"default","adv-header-id-meta":"","stick-header-meta":"","header-above-stick-meta":"","header-main-stick-meta":"","header-below-stick-meta":"","astra-migrate-meta-layouts":"default","ast-page-background-enabled":"default","ast-page-background-meta":{"desktop":{"background-color":"var(--ast-global-color-4)","background-image":"","background-repeat":"repeat","background-position":"center center","background-size":"auto","background-attachment":"scroll","background-type":"","background-media":"","overlay-type":"","overlay-color":"","overlay-opacity":"","overlay-gradient":""},"tablet":{"background-color":"","background-image":"","background-repeat":"repeat","background-position":"center center","background-size":"auto","background-attachment":"scroll","background-type":"","background-media":"","overlay-type":"","overlay-color":"","overlay-opacity":"","overlay-gradient":""},"mobile":{"background-color":"","background-image":"","background-repeat":"repeat","background-position":"center center","background-size":"auto","background-attachment":"scroll","background-type":"","background-media":"","overlay-type":"","overlay-color":"","overlay-opacity":"","overlay-gradient":""}},"ast-content-background-meta":{"desktop":{"background-color":"var(--ast-global-color-5)","background-image":"","background-repeat":"repeat","background-position":"center center","background-size":"auto","background-attachment":"scroll","background-type":"","background-media":"","overlay-type":"","overlay-color":"","overlay-opacity":"","overlay-gradient":""},"tablet":{"background-color":"var(--ast-global-color-5)","background-image":"","background-repeat":"repeat","background-position":"center center","background-size":"auto","background-attachment":"scroll","background-type":"","background-media":"","overlay-type":"","overlay-color":"","overlay-opacity":"","overlay-gradient":""},"mobile":{"background-color":"var(--ast-global-color-5)","background-image":"","background-repeat":"repeat","background-position":"center center","background-size":"auto","background-attachment":"scroll","background-type":"","background-media":"","overlay-type":"","overlay-color":"","overlay-opacity":"","overlay-gradient":""}},"jetpack_post_was_ever_published":false,"_joinchat":{"telephone":"+584141581110"}},"estado":[],"product_brand":[564],"product_cat":[53],"product_tag":[297],"class_list":{"0":"post-55632","1":"product","2":"type-product","3":"status-publish","4":"has-post-thumbnail","6":"product_brand-elegance-barquisimeto","7":"product_cat-terreno","8":"product_tag-null","9":"product_shipping_class-null","10":"pa_asesor-atr-tibisay-yanet-rosario-duran","11":"pa_oficina-atr-elegance-barquisimeto","12":"pa_ubicacion-lara","13":"desktop-align-left","14":"tablet-align-left","15":"mobile-align-left","17":"first","18":"instock","19":"shipping-taxable","20":"purchasable","21":"product-type-simple"},"acf":[],"uagb_featured_image_src":{"full":["https:\/\/i0.wp.com\/skygroup.com.ve\/web\/wp-content\/uploads\/2025\/03\/7635_11.jpeg?fit=800%2C600&ssl=1",800,600,false],"thumbnail":["https:\/\/i0.wp.com\/skygroup.com.ve\/web\/wp-content\/uploads\/2025\/03\/7635_11.jpeg?resize=150%2C150&ssl=1",150,150,true],"medium":["https:\/\/i0.wp.com\/skygroup.com.ve\/web\/wp-content\/uploads\/2025\/03\/7635_11.jpeg?fit=300%2C225&ssl=1",300,225,true],"medium_large":["https:\/\/i0.wp.com\/skygroup.com.ve\/web\/wp-content\/uploads\/2025\/03\/7635_11.jpeg?fit=768%2C576&ssl=1",768,576,true],"large":["https:\/\/i0.wp.com\/skygroup.com.ve\/web\/wp-content\/uploads\/2025\/03\/7635_11.jpeg?fit=800%2C600&ssl=1",800,600,true],"1536x1536":["https:\/\/i0.wp.com\/skygroup.com.ve\/web\/wp-content\/uploads\/2025\/03\/7635_11.jpeg?fit=800%2C600&ssl=1",800,600,true],"2048x2048":["https:\/\/i0.wp.com\/skygroup.com.ve\/web\/wp-content\/uploads\/2025\/03\/7635_11.jpeg?fit=800%2C600&ssl=1",800,600,true],"woocommerce_thumbnail":["https:\/\/i0.wp.com\/skygroup.com.ve\/web\/wp-content\/uploads\/2025\/03\/7635_11.jpeg?resize=300%2C300&ssl=1",300,300,true],"woocommerce_single":["https:\/\/i0.wp.com\/skygroup.com.ve\/web\/wp-content\/uploads\/2025\/03\/7635_11.jpeg?fit=600%2C450&ssl=1",600,450,true],"woocommerce_gallery_thumbnail":["https:\/\/i0.wp.com\/skygroup.com.ve\/web\/wp-content\/uploads\/2025\/03\/7635_11.jpeg?resize=100%2C100&ssl=1",100,100,true]},"uagb_author_info":{"display_name":"adminweb","author_link":"https:\/\/skygroup.com.ve\/web\/author\/"},"uagb_comment_info":0,"uagb_excerpt":"Sky Group ELEGANCE - BARQUISIMETO Alquila Terreno Piedad Norte Cabudare Estado Lara","jetpack_sharing_enabled":true,"_links":{"self":[{"href":"https:\/\/skygroup.com.ve\/web\/wp-json\/wp\/v2\/product\/55632","targetHints":{"allow":["GET"]}}],"collection":[{"href":"https:\/\/skygroup.com.ve\/web\/wp-json\/wp\/v2\/product"}],"about":[{"href":"https:\/\/skygroup.com.ve\/web\/wp-json\/wp\/v2\/types\/product"}],"wp:featuredmedia":[{"embeddable":true,"href":"https:\/\/skygroup.com.ve\/web\/wp-json\/wp\/v2\/media\/55161"}],"wp:attachment":[{"href":"https:\/\/skygroup.com.ve\/web\/wp-json\/wp\/v2\/media?parent=55632"}],"wp:term":[{"taxonomy":"estado","embeddable":true,"href":"https:\/\/skygroup.com.ve\/web\/wp-json\/wp\/v2\/estado?post=55632"},{"taxonomy":"product_brand","embeddable":true,"href":"https:\/\/skygroup.com.ve\/web\/wp-json\/wp\/v2\/product_brand?post=55632"},{"taxonomy":"product_cat","embeddable":true,"href":"https:\/\/skygroup.com.ve\/web\/wp-json\/wp\/v2\/product_cat?post=55632"},{"taxonomy":"product_tag","embeddable":true,"href":"https:\/\/skygroup.com.ve\/web\/wp-json\/wp\/v2\/product_tag?post=55632"}],"curies":[{"name":"wp","href":"https:\/\/api.w.org\/{rel}","templated":true}]}}