{"id":57885,"date":"2025-03-14T22:11:12","date_gmt":"2025-03-15T02:11:12","guid":{"rendered":"https:\/\/skygroup.com.ve\/web\/producto\/elbc-331-casa-en-venta-urbanizacion-privada-en-cabudare-cerca-del-centro-comercial-trigalpa\/"},"modified":"2026-04-07T20:51:32","modified_gmt":"2026-04-08T00:51:32","slug":"elbc-331-casa-en-venta-urbanizacion-privada-en-cabudare-cerca-del-centro-comercial-trigalpa","status":"publish","type":"product","link":"https:\/\/skygroup.com.ve\/web\/producto\/elbc-331-casa-en-venta-urbanizacion-privada-en-cabudare-cerca-del-centro-comercial-trigalpa\/","title":{"rendered":"ELBC-331 Casa en Venta  Urbanizaci\u00f3n Privada En Cabudare, Cerca Del Centro Comercial Trigalpa"},"content":{"rendered":"<p>SKY GROUP ELEGANCE VENDE casa de dos niveles en  urbanizaci\u00f3n privada en Cabudare, cerca del Centro Comercial Trigalpa<br \/>\nConsta de:<\/p>\n<p>Consta de:<br \/>\n150 mts de terreno<br \/>\n350 mtrs2 construcci\u00f3n<br \/>\nVigilancia las 24 horas<br \/>\nCircuito cerrado<br \/>\n5 habitaciones con aire acondicionado<br \/>\n5 ba\u00f1os remodelados<br \/>\nVentanas panor\u00e1micas<br \/>\nEl segundo nivel con piso de porcelanato<br \/>\nSala, comedor, cocina<br \/>\nLavadero amplio y c\u00f3modo<br \/>\nGas integral<br \/>\nInternet<br \/>\nCantv<br \/>\nCable<br \/>\nJardines externos<br \/>\nEstacionamiento para 2 veh\u00edculos<br \/>\nChuruata para fiestas<br \/>\nParque infantil<\/p>\n<p>Plus: Se encuentra un centro comercial a 100 mtrs con panader\u00eda, charcuter\u00eda, farmacia, librer\u00eda, licorer\u00eda, y otros<\/p>\n<p> Precio:  38.000 $  negociable<\/p>\n","protected":false},"excerpt":{"rendered":"<p>Sky Group ELEGANCE &#8211; BARQUISIMETO Vende Casa  Urbanizaci\u00f3n Privada En Cabudare, Cerca Del Centro Comercial Trigalpa<\/p>\n","protected":false},"featured_media":57834,"template":"","meta":{"_acf_changed":false,"_uag_custom_page_level_css":"","site-sidebar-layout":"default","site-content-layout":"","ast-site-content-layout":"default","site-content-style":"default","site-sidebar-style":"default","ast-global-header-display":"","ast-banner-title-visibility":"","ast-main-header-display":"","ast-hfb-above-header-display":"","ast-hfb-below-header-display":"","ast-hfb-mobile-header-display":"","site-post-title":"","ast-breadcrumbs-content":"","ast-featured-img":"","footer-sml-layout":"","ast-disable-related-posts":"","theme-transparent-header-meta":"default","adv-header-id-meta":"","stick-header-meta":"","header-above-stick-meta":"","header-main-stick-meta":"","header-below-stick-meta":"","astra-migrate-meta-layouts":"default","ast-page-background-enabled":"default","ast-page-background-meta":{"desktop":{"background-color":"var(--ast-global-color-4)","background-image":"","background-repeat":"repeat","background-position":"center center","background-size":"auto","background-attachment":"scroll","background-type":"","background-media":"","overlay-type":"","overlay-color":"","overlay-opacity":"","overlay-gradient":""},"tablet":{"background-color":"","background-image":"","background-repeat":"repeat","background-position":"center center","background-size":"auto","background-attachment":"scroll","background-type":"","background-media":"","overlay-type":"","overlay-color":"","overlay-opacity":"","overlay-gradient":""},"mobile":{"background-color":"","background-image":"","background-repeat":"repeat","background-position":"center center","background-size":"auto","background-attachment":"scroll","background-type":"","background-media":"","overlay-type":"","overlay-color":"","overlay-opacity":"","overlay-gradient":""}},"ast-content-background-meta":{"desktop":{"background-color":"var(--ast-global-color-5)","background-image":"","background-repeat":"repeat","background-position":"center center","background-size":"auto","background-attachment":"scroll","background-type":"","background-media":"","overlay-type":"","overlay-color":"","overlay-opacity":"","overlay-gradient":""},"tablet":{"background-color":"var(--ast-global-color-5)","background-image":"","background-repeat":"repeat","background-position":"center center","background-size":"auto","background-attachment":"scroll","background-type":"","background-media":"","overlay-type":"","overlay-color":"","overlay-opacity":"","overlay-gradient":""},"mobile":{"background-color":"var(--ast-global-color-5)","background-image":"","background-repeat":"repeat","background-position":"center center","background-size":"auto","background-attachment":"scroll","background-type":"","background-media":"","overlay-type":"","overlay-color":"","overlay-opacity":"","overlay-gradient":""}},"jetpack_post_was_ever_published":false,"_joinchat":{"telephone":"+584245582843"}},"estado":[],"product_brand":[564],"product_cat":[47],"product_tag":[297],"class_list":{"0":"post-57885","1":"product","2":"type-product","3":"status-publish","4":"has-post-thumbnail","6":"product_brand-elegance-barquisimeto","7":"product_cat-casa","8":"product_tag-null","9":"product_shipping_class-null","10":"pa_asesor-atr-saidsa-rosy-viccionacce-de-santeliz","11":"pa_oficina-atr-elegance-barquisimeto","12":"pa_ubicacion-lara","13":"desktop-align-left","14":"tablet-align-left","15":"mobile-align-left","17":"first","18":"instock","19":"shipping-taxable","20":"purchasable","21":"product-type-simple"},"acf":[],"uagb_featured_image_src":{"full":["https:\/\/i0.wp.com\/skygroup.com.ve\/web\/wp-content\/uploads\/2025\/03\/7863_1.jpeg?fit=810%2C1080&ssl=1",810,1080,false],"thumbnail":["https:\/\/i0.wp.com\/skygroup.com.ve\/web\/wp-content\/uploads\/2025\/03\/7863_1.jpeg?resize=150%2C150&ssl=1",150,150,true],"medium":["https:\/\/i0.wp.com\/skygroup.com.ve\/web\/wp-content\/uploads\/2025\/03\/7863_1.jpeg?fit=225%2C300&ssl=1",225,300,true],"medium_large":["https:\/\/i0.wp.com\/skygroup.com.ve\/web\/wp-content\/uploads\/2025\/03\/7863_1.jpeg?fit=768%2C1024&ssl=1",768,1024,true],"large":["https:\/\/i0.wp.com\/skygroup.com.ve\/web\/wp-content\/uploads\/2025\/03\/7863_1.jpeg?fit=768%2C1024&ssl=1",768,1024,true],"1536x1536":["https:\/\/i0.wp.com\/skygroup.com.ve\/web\/wp-content\/uploads\/2025\/03\/7863_1.jpeg?fit=810%2C1080&ssl=1",810,1080,true],"2048x2048":["https:\/\/i0.wp.com\/skygroup.com.ve\/web\/wp-content\/uploads\/2025\/03\/7863_1.jpeg?fit=810%2C1080&ssl=1",810,1080,true],"woocommerce_thumbnail":["https:\/\/i0.wp.com\/skygroup.com.ve\/web\/wp-content\/uploads\/2025\/03\/7863_1.jpeg?resize=300%2C300&ssl=1",300,300,true],"woocommerce_single":["https:\/\/i0.wp.com\/skygroup.com.ve\/web\/wp-content\/uploads\/2025\/03\/7863_1.jpeg?fit=600%2C800&ssl=1",600,800,true],"woocommerce_gallery_thumbnail":["https:\/\/i0.wp.com\/skygroup.com.ve\/web\/wp-content\/uploads\/2025\/03\/7863_1.jpeg?resize=100%2C100&ssl=1",100,100,true]},"uagb_author_info":{"display_name":"adminweb","author_link":"https:\/\/skygroup.com.ve\/web\/author\/"},"uagb_comment_info":0,"uagb_excerpt":"Sky Group ELEGANCE - BARQUISIMETO Vende Casa Urbanizaci\u00f3n Privada En Cabudare, Cerca Del Centro Comercial Trigalpa","jetpack_sharing_enabled":true,"_links":{"self":[{"href":"https:\/\/skygroup.com.ve\/web\/wp-json\/wp\/v2\/product\/57885","targetHints":{"allow":["GET"]}}],"collection":[{"href":"https:\/\/skygroup.com.ve\/web\/wp-json\/wp\/v2\/product"}],"about":[{"href":"https:\/\/skygroup.com.ve\/web\/wp-json\/wp\/v2\/types\/product"}],"wp:featuredmedia":[{"embeddable":true,"href":"https:\/\/skygroup.com.ve\/web\/wp-json\/wp\/v2\/media\/57834"}],"wp:attachment":[{"href":"https:\/\/skygroup.com.ve\/web\/wp-json\/wp\/v2\/media?parent=57885"}],"wp:term":[{"taxonomy":"estado","embeddable":true,"href":"https:\/\/skygroup.com.ve\/web\/wp-json\/wp\/v2\/estado?post=57885"},{"taxonomy":"product_brand","embeddable":true,"href":"https:\/\/skygroup.com.ve\/web\/wp-json\/wp\/v2\/product_brand?post=57885"},{"taxonomy":"product_cat","embeddable":true,"href":"https:\/\/skygroup.com.ve\/web\/wp-json\/wp\/v2\/product_cat?post=57885"},{"taxonomy":"product_tag","embeddable":true,"href":"https:\/\/skygroup.com.ve\/web\/wp-json\/wp\/v2\/product_tag?post=57885"}],"curies":[{"name":"wp","href":"https:\/\/api.w.org\/{rel}","templated":true}]}}