{"id":59463,"date":"2025-03-24T22:35:34","date_gmt":"2025-03-25T02:35:34","guid":{"rendered":"https:\/\/skygroup.com.ve\/web\/producto\/elc-110-casa-en-venta-yaracal-estado-falcon\/"},"modified":"2026-04-07T20:51:38","modified_gmt":"2026-04-08T00:51:38","slug":"elc-110-casa-en-venta-yaracal-estado-falcon","status":"publish","type":"product","link":"https:\/\/skygroup.com.ve\/web\/producto\/elc-110-casa-en-venta-yaracal-estado-falcon\/","title":{"rendered":"ELC-110 Casa en Venta Yaracal Estado Falc\u00f3n"},"content":{"rendered":"<p>SKY GROUP ELEGANCE VENDE Casa Yaracal Estado Falc\u00f3n<\/p>\n<p>CASA POSADA EN YARACAL<\/p>\n<p>Terreno de la parcela es de 7.102 M2.<br \/>\nEl \u00e1rea de la planta baja de la casa es de 210 m2 incluyendo pasillos laterales.<br \/>\nEn la planta baja cuenta con tres habitaciones (la principal con ba\u00f1o integrado) y un ba\u00f1o pasillo<br \/>\nCocina comedor, \u00e1rea de servicio , sala de Star y recibidor<br \/>\nEl \u00e1rea de la planta alta es de 79 m2<br \/>\nUn amplio sal\u00f3n con capacidad para hospedar a 20 personas y 1 ba\u00f1o .<br \/>\nTodas las habitaciones ubicadas en planta baja cuentan con aire acondicionado y ventiladores.<br \/>\nEl resto de la casa 3 aires acondicionados de 30 mil BTU c\/u .<br \/>\nCuenta con un<br \/>\napartamento para vigilancia con cuarto, ba\u00f1o y cocina (\u00e1rea de 36 M2)  Dep\u00f3sito (area de 36 M2)<br \/>\nTanque de agua con capacidad para 8.000 lts .<br \/>\n\u00c1rea de parrillera (48 M2) , con plancha , reverbero, horno para pizza y lavaplatos<br \/>\nBa\u00f1o con ducha en el patio .<br \/>\nTransformador para la parcela .<br \/>\n Servicio de Internet.<br \/>\nPlanta el\u00e9ctrica que soporta picos de 13,5 w<br \/>\nPozo profundo<br \/>\nUbicada a pocos minutos del parque nacional morrocoy<br \/>\nServicio de vigilancia<br \/>\nEl inmueble queda con:<br \/>\nCocina a gas de 5 hornillas.<br \/>\nNevera y congelador marca Bacco.<br \/>\nCalentador de agua .<br \/>\nMuebles y camas , casi todos se quedan (todo depende de la negociaci\u00f3n).<br \/>\nBombonas de gas (1 grande y 1 mediana)<\/p>\n","protected":false},"excerpt":{"rendered":"<p>Sky Group ELEGANCE &#8211; VALENCIA Vende Casa Yaracal Estado Falc\u00f3n<\/p>\n","protected":false},"featured_media":59164,"template":"","meta":{"_acf_changed":false,"_uag_custom_page_level_css":"","site-sidebar-layout":"default","site-content-layout":"","ast-site-content-layout":"default","site-content-style":"default","site-sidebar-style":"default","ast-global-header-display":"","ast-banner-title-visibility":"","ast-main-header-display":"","ast-hfb-above-header-display":"","ast-hfb-below-header-display":"","ast-hfb-mobile-header-display":"","site-post-title":"","ast-breadcrumbs-content":"","ast-featured-img":"","footer-sml-layout":"","ast-disable-related-posts":"","theme-transparent-header-meta":"default","adv-header-id-meta":"","stick-header-meta":"","header-above-stick-meta":"","header-main-stick-meta":"","header-below-stick-meta":"","astra-migrate-meta-layouts":"default","ast-page-background-enabled":"default","ast-page-background-meta":{"desktop":{"background-color":"var(--ast-global-color-4)","background-image":"","background-repeat":"repeat","background-position":"center center","background-size":"auto","background-attachment":"scroll","background-type":"","background-media":"","overlay-type":"","overlay-color":"","overlay-opacity":"","overlay-gradient":""},"tablet":{"background-color":"","background-image":"","background-repeat":"repeat","background-position":"center center","background-size":"auto","background-attachment":"scroll","background-type":"","background-media":"","overlay-type":"","overlay-color":"","overlay-opacity":"","overlay-gradient":""},"mobile":{"background-color":"","background-image":"","background-repeat":"repeat","background-position":"center center","background-size":"auto","background-attachment":"scroll","background-type":"","background-media":"","overlay-type":"","overlay-color":"","overlay-opacity":"","overlay-gradient":""}},"ast-content-background-meta":{"desktop":{"background-color":"var(--ast-global-color-5)","background-image":"","background-repeat":"repeat","background-position":"center center","background-size":"auto","background-attachment":"scroll","background-type":"","background-media":"","overlay-type":"","overlay-color":"","overlay-opacity":"","overlay-gradient":""},"tablet":{"background-color":"var(--ast-global-color-5)","background-image":"","background-repeat":"repeat","background-position":"center center","background-size":"auto","background-attachment":"scroll","background-type":"","background-media":"","overlay-type":"","overlay-color":"","overlay-opacity":"","overlay-gradient":""},"mobile":{"background-color":"var(--ast-global-color-5)","background-image":"","background-repeat":"repeat","background-position":"center center","background-size":"auto","background-attachment":"scroll","background-type":"","background-media":"","overlay-type":"","overlay-color":"","overlay-opacity":"","overlay-gradient":""}},"jetpack_post_was_ever_published":false,"_joinchat":{"telephone":"+584144405407"}},"estado":[],"product_brand":[563],"product_cat":[47],"product_tag":[297],"class_list":{"0":"post-59463","1":"product","2":"type-product","3":"status-publish","4":"has-post-thumbnail","6":"product_brand-elegance-valencia","7":"product_cat-casa","8":"product_tag-null","9":"product_shipping_class-null","10":"pa_asesor-atr-marina-troisi-turturro","11":"pa_oficina-atr-elegance-valencia-2","12":"pa_ubicacion-falcon","13":"desktop-align-left","14":"tablet-align-left","15":"mobile-align-left","17":"first","18":"instock","19":"shipping-taxable","20":"purchasable","21":"product-type-simple"},"acf":[],"uagb_featured_image_src":{"full":["https:\/\/i0.wp.com\/skygroup.com.ve\/web\/wp-content\/uploads\/2025\/03\/7925_1.jpeg?fit=675%2C900&ssl=1",675,900,false],"thumbnail":["https:\/\/i0.wp.com\/skygroup.com.ve\/web\/wp-content\/uploads\/2025\/03\/7925_1.jpeg?resize=150%2C150&ssl=1",150,150,true],"medium":["https:\/\/i0.wp.com\/skygroup.com.ve\/web\/wp-content\/uploads\/2025\/03\/7925_1.jpeg?fit=225%2C300&ssl=1",225,300,true],"medium_large":["https:\/\/i0.wp.com\/skygroup.com.ve\/web\/wp-content\/uploads\/2025\/03\/7925_1.jpeg?fit=675%2C900&ssl=1",675,900,true],"large":["https:\/\/i0.wp.com\/skygroup.com.ve\/web\/wp-content\/uploads\/2025\/03\/7925_1.jpeg?fit=675%2C900&ssl=1",675,900,true],"1536x1536":["https:\/\/i0.wp.com\/skygroup.com.ve\/web\/wp-content\/uploads\/2025\/03\/7925_1.jpeg?fit=675%2C900&ssl=1",675,900,true],"2048x2048":["https:\/\/i0.wp.com\/skygroup.com.ve\/web\/wp-content\/uploads\/2025\/03\/7925_1.jpeg?fit=675%2C900&ssl=1",675,900,true],"woocommerce_thumbnail":["https:\/\/i0.wp.com\/skygroup.com.ve\/web\/wp-content\/uploads\/2025\/03\/7925_1.jpeg?resize=300%2C300&ssl=1",300,300,true],"woocommerce_single":["https:\/\/i0.wp.com\/skygroup.com.ve\/web\/wp-content\/uploads\/2025\/03\/7925_1.jpeg?fit=600%2C800&ssl=1",600,800,true],"woocommerce_gallery_thumbnail":["https:\/\/i0.wp.com\/skygroup.com.ve\/web\/wp-content\/uploads\/2025\/03\/7925_1.jpeg?resize=100%2C100&ssl=1",100,100,true]},"uagb_author_info":{"display_name":"adminweb","author_link":"https:\/\/skygroup.com.ve\/web\/author\/"},"uagb_comment_info":0,"uagb_excerpt":"Sky Group ELEGANCE - VALENCIA Vende Casa Yaracal Estado Falc\u00f3n","jetpack_sharing_enabled":true,"_links":{"self":[{"href":"https:\/\/skygroup.com.ve\/web\/wp-json\/wp\/v2\/product\/59463","targetHints":{"allow":["GET"]}}],"collection":[{"href":"https:\/\/skygroup.com.ve\/web\/wp-json\/wp\/v2\/product"}],"about":[{"href":"https:\/\/skygroup.com.ve\/web\/wp-json\/wp\/v2\/types\/product"}],"wp:featuredmedia":[{"embeddable":true,"href":"https:\/\/skygroup.com.ve\/web\/wp-json\/wp\/v2\/media\/59164"}],"wp:attachment":[{"href":"https:\/\/skygroup.com.ve\/web\/wp-json\/wp\/v2\/media?parent=59463"}],"wp:term":[{"taxonomy":"estado","embeddable":true,"href":"https:\/\/skygroup.com.ve\/web\/wp-json\/wp\/v2\/estado?post=59463"},{"taxonomy":"product_brand","embeddable":true,"href":"https:\/\/skygroup.com.ve\/web\/wp-json\/wp\/v2\/product_brand?post=59463"},{"taxonomy":"product_cat","embeddable":true,"href":"https:\/\/skygroup.com.ve\/web\/wp-json\/wp\/v2\/product_cat?post=59463"},{"taxonomy":"product_tag","embeddable":true,"href":"https:\/\/skygroup.com.ve\/web\/wp-json\/wp\/v2\/product_tag?post=59463"}],"curies":[{"name":"wp","href":"https:\/\/api.w.org\/{rel}","templated":true}]}}