{"id":61617,"date":"2025-03-31T22:39:53","date_gmt":"2025-04-01T02:39:53","guid":{"rendered":"https:\/\/skygroup.com.ve\/web\/producto\/atg-29-galpon-en-venta-alquiler-en-guacara-zona-industrial-el-nepe\/"},"modified":"2026-04-07T20:51:40","modified_gmt":"2026-04-08T00:51:40","slug":"atg-29-galpon-en-venta-alquiler-en-guacara-zona-industrial-el-nepe","status":"publish","type":"product","link":"https:\/\/skygroup.com.ve\/web\/producto\/atg-29-galpon-en-venta-alquiler-en-guacara-zona-industrial-el-nepe\/","title":{"rendered":"ATG-29 Galpon en Venta En Guacara, Zona  Industrial  El Nepe"},"content":{"rendered":"<p>Sky Group vende Galp\u00f3n en la zona Industrial El Nepe, municipio Guacara a 500 m de ciudad Traki.<\/p>\n<p>Condominio privado<\/p>\n<p>10.372 m2 de terreno.<br \/>\n7.454,27 m2 de construcci\u00f3n techado.<br \/>\n6.827,12 m2 de galp\u00f3n techado.<\/p>\n<p>3.244 m2 del galp\u00f3n principal techado.<br \/>\n2.538,67 m2 galp\u00f3n secundario techado.<br \/>\n705,69 m2 galpon de mantenimiento y almac\u00e9n de materias primas.<br \/>\n338,76 m2 galpon de elaboraci\u00f3n de topes.<\/p>\n<p>48,33 caseta de vigilancia.<br \/>\n319,61 m2 de \u00e1rea administrativa 2 niveles.<br \/>\nPunto de redes para computadoras con central de redes, L\u00ednea telef\u00f3nica e internet.<\/p>\n<p>Nivel inferior:<br \/>\n\u00c1rea de recepci\u00f3n.<br \/>\n2 medio ba\u00f1os.<br \/>\n1 oficina principal de gerencia con ba\u00f1o.<br \/>\n1 oficina privada.<br \/>\n4 \u00e1reas de cub\u00edculos para personal administrativo.<\/p>\n<p>Nivel superior:<br \/>\n\u00c1rea de recepci\u00f3n.<br \/>\n2 oficinas privadas.<br \/>\n4 medio ba\u00f1os<br \/>\n1 deposito.<br \/>\n1 cuarto de c\u00e1maras.<br \/>\n7 cub\u00edculos de administrativo.<br \/>\n1 cuarto de archivos.<\/p>\n<p>\u00c1rea de enfermer\u00eda.<br \/>\n\u00c1rea de comedor.<br \/>\nAmplio patio de maniobras para el acceso de gandolas.<br \/>\n57,90 m2 de Ba\u00f1os para el personal en planta.<br \/>\nPort\u00f3n principal el\u00e9ctrico.<br \/>\n2 entradas independientes de veh\u00edculos de carga.<br \/>\nCondominio con pozo de agua propio, tanques y sistema de hidroneum\u00e1tico, planta el\u00e9ctrica.<br \/>\nPosee 6 bancos de transformadores propios.<br \/>\nExcelente ventilaci\u00f3n e iluminaci\u00f3n en todas las \u00e0reas.<br \/>\n2 depositos internos, uno de uso de herrer\u00eda.<br \/>\nConstrucci\u00f3n de calidad con sistema de seguridad contra incendios operativos.<br \/>\nEntrada con acceso biom\u00e9trica para el personal.<br \/>\n22 puestos de estacionamientos de los cuales 14 est\u00e1n techados para uso del personal(144,83 m2).<br \/>\nPuesto de estacionamiento para motos y bicicletas.<br \/>\nPuesto de estacionamiento para visitantes.<\/p>\n<p>Acceso por la autopista regional del centro y por la carretera vieja Guacara Valencia, acceso a los servicios p\u00fablicos.<\/p>\n<p>Listo para firmar.<\/p>\n<p>Acepta inmueble como parte de pago, veh\u00edculo y dispuesto a sentarse a escuchar ofertas.<\/p>\n<p>VALOR: 2.100.000<\/p>\n<p>c\u00f3digo: ATG-29<\/p>\n","protected":false},"excerpt":{"rendered":"<p>Sky Group ATENEA Vende Galpon En Guacara, Zona  Industrial  El Nepe<\/p>\n","protected":false},"featured_media":61605,"template":"","meta":{"_acf_changed":false,"_uag_custom_page_level_css":"","site-sidebar-layout":"default","site-content-layout":"","ast-site-content-layout":"default","site-content-style":"default","site-sidebar-style":"default","ast-global-header-display":"","ast-banner-title-visibility":"","ast-main-header-display":"","ast-hfb-above-header-display":"","ast-hfb-below-header-display":"","ast-hfb-mobile-header-display":"","site-post-title":"","ast-breadcrumbs-content":"","ast-featured-img":"","footer-sml-layout":"","ast-disable-related-posts":"","theme-transparent-header-meta":"default","adv-header-id-meta":"","stick-header-meta":"","header-above-stick-meta":"","header-main-stick-meta":"","header-below-stick-meta":"","astra-migrate-meta-layouts":"default","ast-page-background-enabled":"default","ast-page-background-meta":{"desktop":{"background-color":"var(--ast-global-color-4)","background-image":"","background-repeat":"repeat","background-position":"center center","background-size":"auto","background-attachment":"scroll","background-type":"","background-media":"","overlay-type":"","overlay-color":"","overlay-opacity":"","overlay-gradient":""},"tablet":{"background-color":"","background-image":"","background-repeat":"repeat","background-position":"center center","background-size":"auto","background-attachment":"scroll","background-type":"","background-media":"","overlay-type":"","overlay-color":"","overlay-opacity":"","overlay-gradient":""},"mobile":{"background-color":"","background-image":"","background-repeat":"repeat","background-position":"center center","background-size":"auto","background-attachment":"scroll","background-type":"","background-media":"","overlay-type":"","overlay-color":"","overlay-opacity":"","overlay-gradient":""}},"ast-content-background-meta":{"desktop":{"background-color":"var(--ast-global-color-5)","background-image":"","background-repeat":"repeat","background-position":"center center","background-size":"auto","background-attachment":"scroll","background-type":"","background-media":"","overlay-type":"","overlay-color":"","overlay-opacity":"","overlay-gradient":""},"tablet":{"background-color":"var(--ast-global-color-5)","background-image":"","background-repeat":"repeat","background-position":"center center","background-size":"auto","background-attachment":"scroll","background-type":"","background-media":"","overlay-type":"","overlay-color":"","overlay-opacity":"","overlay-gradient":""},"mobile":{"background-color":"var(--ast-global-color-5)","background-image":"","background-repeat":"repeat","background-position":"center center","background-size":"auto","background-attachment":"scroll","background-type":"","background-media":"","overlay-type":"","overlay-color":"","overlay-opacity":"","overlay-gradient":""}},"jetpack_post_was_ever_published":false,"_joinchat":{"telephone":"+584121974097"}},"estado":[],"product_brand":[558],"product_cat":[115],"product_tag":[297],"class_list":{"0":"post-61617","1":"product","2":"type-product","3":"status-publish","4":"has-post-thumbnail","6":"product_brand-atenea","7":"product_cat-galpon","8":"product_tag-null","9":"product_shipping_class-null","10":"pa_asesor-atr-jose-gregorio-colmenares-sarrameda","11":"pa_oficina-atr-atenea","12":"pa_ubicacion-carabobo","13":"desktop-align-left","14":"tablet-align-left","15":"mobile-align-left","17":"first","18":"instock","19":"shipping-taxable","20":"purchasable","21":"product-type-simple"},"acf":[],"uagb_featured_image_src":{"full":["https:\/\/i0.wp.com\/skygroup.com.ve\/web\/wp-content\/uploads\/2025\/04\/2599_1.jpeg?fit=1080%2C811&ssl=1",1080,811,false],"thumbnail":["https:\/\/i0.wp.com\/skygroup.com.ve\/web\/wp-content\/uploads\/2025\/04\/2599_1.jpeg?resize=150%2C150&ssl=1",150,150,true],"medium":["https:\/\/i0.wp.com\/skygroup.com.ve\/web\/wp-content\/uploads\/2025\/04\/2599_1.jpeg?fit=300%2C225&ssl=1",300,225,true],"medium_large":["https:\/\/i0.wp.com\/skygroup.com.ve\/web\/wp-content\/uploads\/2025\/04\/2599_1.jpeg?fit=768%2C577&ssl=1",768,577,true],"large":["https:\/\/i0.wp.com\/skygroup.com.ve\/web\/wp-content\/uploads\/2025\/04\/2599_1.jpeg?fit=1024%2C769&ssl=1",1024,769,true],"1536x1536":["https:\/\/i0.wp.com\/skygroup.com.ve\/web\/wp-content\/uploads\/2025\/04\/2599_1.jpeg?fit=1080%2C811&ssl=1",1080,811,true],"2048x2048":["https:\/\/i0.wp.com\/skygroup.com.ve\/web\/wp-content\/uploads\/2025\/04\/2599_1.jpeg?fit=1080%2C811&ssl=1",1080,811,true],"woocommerce_thumbnail":["https:\/\/i0.wp.com\/skygroup.com.ve\/web\/wp-content\/uploads\/2025\/04\/2599_1.jpeg?resize=300%2C300&ssl=1",300,300,true],"woocommerce_single":["https:\/\/i0.wp.com\/skygroup.com.ve\/web\/wp-content\/uploads\/2025\/04\/2599_1.jpeg?fit=600%2C451&ssl=1",600,451,true],"woocommerce_gallery_thumbnail":["https:\/\/i0.wp.com\/skygroup.com.ve\/web\/wp-content\/uploads\/2025\/04\/2599_1.jpeg?resize=100%2C100&ssl=1",100,100,true]},"uagb_author_info":{"display_name":"adminweb","author_link":"https:\/\/skygroup.com.ve\/web\/author\/"},"uagb_comment_info":0,"uagb_excerpt":"Sky Group ATENEA Vende Galpon En Guacara, Zona Industrial El Nepe","jetpack_sharing_enabled":true,"_links":{"self":[{"href":"https:\/\/skygroup.com.ve\/web\/wp-json\/wp\/v2\/product\/61617","targetHints":{"allow":["GET"]}}],"collection":[{"href":"https:\/\/skygroup.com.ve\/web\/wp-json\/wp\/v2\/product"}],"about":[{"href":"https:\/\/skygroup.com.ve\/web\/wp-json\/wp\/v2\/types\/product"}],"wp:featuredmedia":[{"embeddable":true,"href":"https:\/\/skygroup.com.ve\/web\/wp-json\/wp\/v2\/media\/61605"}],"wp:attachment":[{"href":"https:\/\/skygroup.com.ve\/web\/wp-json\/wp\/v2\/media?parent=61617"}],"wp:term":[{"taxonomy":"estado","embeddable":true,"href":"https:\/\/skygroup.com.ve\/web\/wp-json\/wp\/v2\/estado?post=61617"},{"taxonomy":"product_brand","embeddable":true,"href":"https:\/\/skygroup.com.ve\/web\/wp-json\/wp\/v2\/product_brand?post=61617"},{"taxonomy":"product_cat","embeddable":true,"href":"https:\/\/skygroup.com.ve\/web\/wp-json\/wp\/v2\/product_cat?post=61617"},{"taxonomy":"product_tag","embeddable":true,"href":"https:\/\/skygroup.com.ve\/web\/wp-json\/wp\/v2\/product_tag?post=61617"}],"curies":[{"name":"wp","href":"https:\/\/api.w.org\/{rel}","templated":true}]}}