{"id":61663,"date":"2025-03-31T22:45:10","date_gmt":"2025-04-01T02:45:10","guid":{"rendered":"https:\/\/skygroup.com.ve\/web\/producto\/vied-003-edificio-en-venta-colegio-puerto-cabello\/"},"modified":"2026-04-07T20:51:41","modified_gmt":"2026-04-08T00:51:41","slug":"vied-003-edificio-en-venta-colegio-puerto-cabello","status":"publish","type":"product","link":"https:\/\/skygroup.com.ve\/web\/producto\/vied-003-edificio-en-venta-colegio-puerto-cabello\/","title":{"rendered":"VIED-003 Edificio en Venta Colegio Puerto Cabello"},"content":{"rendered":"<p>Sky Group Vision<br \/>\nvende<br \/>\ninmueble<br \/>\nubicado en puerto cabello<br \/>\nactualmente funcionaba como colegio<\/p>\n<p>terreno 1425 metros 2<br \/>\nconstrucci\u00f3n 2432 metros 2<br \/>\n39.80 metros 2 de frente<br \/>\n35.80 metros de fondo<br \/>\nuno de sus frentes da con la avenida Falcon<\/p>\n<p>11 Salones de 48 m\u00b2 aproximadamente, piso de granito, revestido de cer\u00e1mica sus paredes a 1.20m de altura.<\/p>\n<p>&#8211; 2 Salones m\u00e1s peque\u00f1os. De aproximadamente 20m\u00b2.<\/p>\n<p>&#8211; Un sal\u00f3n de usos m\u00faltiples qu\u00e9 equivalen a aproximadamente 4 salones de los de 48 m\u00b2.<\/p>\n<p>&#8211; Galp\u00f3n de aproximadamente 40m de largo x 10m de ancho. Estructura en viga con techo de asbesto.<\/p>\n<p>&#8211; \u00c1rea central: Aproximadamente, 20m x 20m.<\/p>\n<p>zonificaciones C-1 y C-2<br \/>\nconstrucci\u00f3n antis\u00edsmica<\/p>\n<p>costo $1.500.000<\/p>\n<p>Minerva kvietek<br \/>\n0414-4007495<br \/>\n0412-4445552<\/p>\n","protected":false},"excerpt":{"rendered":"<p>Sky Group VISION &#8211; VALENCIA Vende Edificio Colegio Puerto Cabello<\/p>\n","protected":false},"featured_media":61127,"template":"","meta":{"_acf_changed":false,"_uag_custom_page_level_css":"","site-sidebar-layout":"default","site-content-layout":"","ast-site-content-layout":"default","site-content-style":"default","site-sidebar-style":"default","ast-global-header-display":"","ast-banner-title-visibility":"","ast-main-header-display":"","ast-hfb-above-header-display":"","ast-hfb-below-header-display":"","ast-hfb-mobile-header-display":"","site-post-title":"","ast-breadcrumbs-content":"","ast-featured-img":"","footer-sml-layout":"","ast-disable-related-posts":"","theme-transparent-header-meta":"default","adv-header-id-meta":"","stick-header-meta":"","header-above-stick-meta":"","header-main-stick-meta":"","header-below-stick-meta":"","astra-migrate-meta-layouts":"default","ast-page-background-enabled":"default","ast-page-background-meta":{"desktop":{"background-color":"var(--ast-global-color-4)","background-image":"","background-repeat":"repeat","background-position":"center center","background-size":"auto","background-attachment":"scroll","background-type":"","background-media":"","overlay-type":"","overlay-color":"","overlay-opacity":"","overlay-gradient":""},"tablet":{"background-color":"","background-image":"","background-repeat":"repeat","background-position":"center center","background-size":"auto","background-attachment":"scroll","background-type":"","background-media":"","overlay-type":"","overlay-color":"","overlay-opacity":"","overlay-gradient":""},"mobile":{"background-color":"","background-image":"","background-repeat":"repeat","background-position":"center center","background-size":"auto","background-attachment":"scroll","background-type":"","background-media":"","overlay-type":"","overlay-color":"","overlay-opacity":"","overlay-gradient":""}},"ast-content-background-meta":{"desktop":{"background-color":"var(--ast-global-color-5)","background-image":"","background-repeat":"repeat","background-position":"center center","background-size":"auto","background-attachment":"scroll","background-type":"","background-media":"","overlay-type":"","overlay-color":"","overlay-opacity":"","overlay-gradient":""},"tablet":{"background-color":"var(--ast-global-color-5)","background-image":"","background-repeat":"repeat","background-position":"center center","background-size":"auto","background-attachment":"scroll","background-type":"","background-media":"","overlay-type":"","overlay-color":"","overlay-opacity":"","overlay-gradient":""},"mobile":{"background-color":"var(--ast-global-color-5)","background-image":"","background-repeat":"repeat","background-position":"center center","background-size":"auto","background-attachment":"scroll","background-type":"","background-media":"","overlay-type":"","overlay-color":"","overlay-opacity":"","overlay-gradient":""}},"jetpack_post_was_ever_published":false,"_joinchat":{"telephone":"+584144007495"}},"estado":[],"product_brand":[561],"product_cat":[48],"product_tag":[297],"class_list":{"0":"post-61663","1":"product","2":"type-product","3":"status-publish","4":"has-post-thumbnail","6":"product_brand-vision-valencia","7":"product_cat-edificio","8":"product_tag-null","9":"product_shipping_class-null","10":"pa_asesor-atr-minerva-yulixi-kvietek-maldonado","11":"pa_oficina-atr-vision-valencia","12":"pa_ubicacion-carabobo","13":"desktop-align-left","14":"tablet-align-left","15":"mobile-align-left","17":"first","18":"instock","19":"shipping-taxable","20":"purchasable","21":"product-type-simple"},"acf":[],"uagb_featured_image_src":{"full":["https:\/\/i0.wp.com\/skygroup.com.ve\/web\/wp-content\/uploads\/2025\/04\/8022_3.jpeg?fit=756%2C1008&ssl=1",756,1008,false],"thumbnail":["https:\/\/i0.wp.com\/skygroup.com.ve\/web\/wp-content\/uploads\/2025\/04\/8022_3.jpeg?resize=150%2C150&ssl=1",150,150,true],"medium":["https:\/\/i0.wp.com\/skygroup.com.ve\/web\/wp-content\/uploads\/2025\/04\/8022_3.jpeg?fit=225%2C300&ssl=1",225,300,true],"medium_large":["https:\/\/i0.wp.com\/skygroup.com.ve\/web\/wp-content\/uploads\/2025\/04\/8022_3.jpeg?fit=756%2C1008&ssl=1",756,1008,true],"large":["https:\/\/i0.wp.com\/skygroup.com.ve\/web\/wp-content\/uploads\/2025\/04\/8022_3.jpeg?fit=756%2C1008&ssl=1",756,1008,true],"1536x1536":["https:\/\/i0.wp.com\/skygroup.com.ve\/web\/wp-content\/uploads\/2025\/04\/8022_3.jpeg?fit=756%2C1008&ssl=1",756,1008,true],"2048x2048":["https:\/\/i0.wp.com\/skygroup.com.ve\/web\/wp-content\/uploads\/2025\/04\/8022_3.jpeg?fit=756%2C1008&ssl=1",756,1008,true],"woocommerce_thumbnail":["https:\/\/i0.wp.com\/skygroup.com.ve\/web\/wp-content\/uploads\/2025\/04\/8022_3.jpeg?resize=300%2C300&ssl=1",300,300,true],"woocommerce_single":["https:\/\/i0.wp.com\/skygroup.com.ve\/web\/wp-content\/uploads\/2025\/04\/8022_3.jpeg?fit=600%2C800&ssl=1",600,800,true],"woocommerce_gallery_thumbnail":["https:\/\/i0.wp.com\/skygroup.com.ve\/web\/wp-content\/uploads\/2025\/04\/8022_3.jpeg?resize=100%2C100&ssl=1",100,100,true]},"uagb_author_info":{"display_name":"adminweb","author_link":"https:\/\/skygroup.com.ve\/web\/author\/"},"uagb_comment_info":0,"uagb_excerpt":"Sky Group VISION - VALENCIA Vende Edificio Colegio Puerto Cabello","jetpack_sharing_enabled":true,"_links":{"self":[{"href":"https:\/\/skygroup.com.ve\/web\/wp-json\/wp\/v2\/product\/61663","targetHints":{"allow":["GET"]}}],"collection":[{"href":"https:\/\/skygroup.com.ve\/web\/wp-json\/wp\/v2\/product"}],"about":[{"href":"https:\/\/skygroup.com.ve\/web\/wp-json\/wp\/v2\/types\/product"}],"wp:featuredmedia":[{"embeddable":true,"href":"https:\/\/skygroup.com.ve\/web\/wp-json\/wp\/v2\/media\/61127"}],"wp:attachment":[{"href":"https:\/\/skygroup.com.ve\/web\/wp-json\/wp\/v2\/media?parent=61663"}],"wp:term":[{"taxonomy":"estado","embeddable":true,"href":"https:\/\/skygroup.com.ve\/web\/wp-json\/wp\/v2\/estado?post=61663"},{"taxonomy":"product_brand","embeddable":true,"href":"https:\/\/skygroup.com.ve\/web\/wp-json\/wp\/v2\/product_brand?post=61663"},{"taxonomy":"product_cat","embeddable":true,"href":"https:\/\/skygroup.com.ve\/web\/wp-json\/wp\/v2\/product_cat?post=61663"},{"taxonomy":"product_tag","embeddable":true,"href":"https:\/\/skygroup.com.ve\/web\/wp-json\/wp\/v2\/product_tag?post=61663"}],"curies":[{"name":"wp","href":"https:\/\/api.w.org\/{rel}","templated":true}]}}