{"id":62612,"date":"2025-04-01T23:27:55","date_gmt":"2025-04-02T03:27:55","guid":{"rendered":"https:\/\/skygroup.com.ve\/web\/producto\/elbc-342-casa-en-venta-urbanizacion-la-rotaria\/"},"modified":"2026-04-25T14:56:57","modified_gmt":"2026-04-25T18:56:57","slug":"elbc-342-casa-en-venta-urbanizacion-la-rotaria","status":"publish","type":"product","link":"https:\/\/skygroup.com.ve\/web\/producto\/elbc-342-casa-en-venta-urbanizacion-la-rotaria\/","title":{"rendered":"ELBC-342 Casa en Venta Urbanizacion La Rotaria"},"content":{"rendered":"<p>SKY GROUP ELEGANCE VENDE casa \u00bb Urb La Rotar\u00eda\u00bb<\/p>\n<p>Conectada a planta el\u00e9ctrica 100%<br \/>\n Vigilancia las 24 horas.<br \/>\nCon una excelente ubicaci\u00f3n y f\u00e1cil acceso a todas las Av principales<\/p>\n<p>Consta de :<\/p>\n<p>\u2022 300 mtrs2 de terreno<br \/>\n\u2022 500 mtrs2 de construcci\u00f3n<br \/>\n\u2022 Hall de entrada<br \/>\n\u2022 6 habitaciones con closet<br \/>\n\u2022 1 habitacion de visitas con ba\u00f1o<br \/>\n\u2022 Habitaci\u00f3n de servicio con ba\u00f1\u00f3 y closet<br \/>\n\u2022 Sala de estar<br \/>\n\u2022 comedor<br \/>\n\u2022 Estudio<br \/>\n\u2022 Cocina empotrada con tope de granito y estanter\u00eda en madera fina<br \/>\n\u2022  Kitchenette con barra<br \/>\n\u2022  Area de esparcimiento, entretenimiento  \u2022 \u2022  Family room<br \/>\n\u2022  Gas integral del urbanismo<br \/>\n\u2022  3 puestos de estacionamiento<br \/>\n   techados<br \/>\n\u2022  Tanque subterraneo del urbanismo<br \/>\n\u2022  \u00c1rea de lavander\u00eda y dep\u00f3sito<br \/>\n\u2022  Amplio maletero<br \/>\n\u2022  Acogedor patio para reuni\u00f3nes<br \/>\n\u2022   Pisos de cer\u00e1micas y Caicos internos y<br \/>\n    Externos<br \/>\n\u2022   Conserjer\u00eda y caseta de vigilancia<br \/>\n    del Urbanismo<br \/>\n\u2022   Sala de reuniones y sal\u00f3n fiestas<br \/>\n\u2022   Servicios Intercable, tundernet fibra y<br \/>\n     aba Cantv, Red interna entre<br \/>\n     casas y vigilancia central telef\u00f3nica<br \/>\n\u2022    Electricidad trif\u00e1sica<br \/>\n\u2022    Planta el\u00e9ctrica para todo el<br \/>\n     urbanismo<br \/>\n\u2022    Aire acondicionado de 12.000 btu<br \/>\n\u2022    Escaleras y pasamanos con acabados<br \/>\n     en fina madera<\/p>\n<p>     En sus alrededores se encuentran:<br \/>\n     Bodegones,  panader\u00edas, colegios<br \/>\n     Universidades, farmacias, estadio,<br \/>\n     Centros de Salud Aeropuerto y f\u00e1cil<br \/>\n     Acceso.<\/p>\n","protected":false},"excerpt":{"rendered":"<p>Sky Group ELEGANCE &#8211; BARQUISIMETO Vende Casa Urbanizacion La Rotaria <\/p>\n","protected":false},"featured_media":62002,"template":"","meta":{"_acf_changed":false,"_uag_custom_page_level_css":"","site-sidebar-layout":"default","site-content-layout":"","ast-site-content-layout":"default","site-content-style":"default","site-sidebar-style":"default","ast-global-header-display":"","ast-banner-title-visibility":"","ast-main-header-display":"","ast-hfb-above-header-display":"","ast-hfb-below-header-display":"","ast-hfb-mobile-header-display":"","site-post-title":"","ast-breadcrumbs-content":"","ast-featured-img":"","footer-sml-layout":"","ast-disable-related-posts":"","theme-transparent-header-meta":"default","adv-header-id-meta":"","stick-header-meta":"","header-above-stick-meta":"","header-main-stick-meta":"","header-below-stick-meta":"","astra-migrate-meta-layouts":"default","ast-page-background-enabled":"default","ast-page-background-meta":{"desktop":{"background-color":"var(--ast-global-color-4)","background-image":"","background-repeat":"repeat","background-position":"center center","background-size":"auto","background-attachment":"scroll","background-type":"","background-media":"","overlay-type":"","overlay-color":"","overlay-opacity":"","overlay-gradient":""},"tablet":{"background-color":"","background-image":"","background-repeat":"repeat","background-position":"center center","background-size":"auto","background-attachment":"scroll","background-type":"","background-media":"","overlay-type":"","overlay-color":"","overlay-opacity":"","overlay-gradient":""},"mobile":{"background-color":"","background-image":"","background-repeat":"repeat","background-position":"center center","background-size":"auto","background-attachment":"scroll","background-type":"","background-media":"","overlay-type":"","overlay-color":"","overlay-opacity":"","overlay-gradient":""}},"ast-content-background-meta":{"desktop":{"background-color":"var(--ast-global-color-5)","background-image":"","background-repeat":"repeat","background-position":"center center","background-size":"auto","background-attachment":"scroll","background-type":"","background-media":"","overlay-type":"","overlay-color":"","overlay-opacity":"","overlay-gradient":""},"tablet":{"background-color":"var(--ast-global-color-5)","background-image":"","background-repeat":"repeat","background-position":"center center","background-size":"auto","background-attachment":"scroll","background-type":"","background-media":"","overlay-type":"","overlay-color":"","overlay-opacity":"","overlay-gradient":""},"mobile":{"background-color":"var(--ast-global-color-5)","background-image":"","background-repeat":"repeat","background-position":"center center","background-size":"auto","background-attachment":"scroll","background-type":"","background-media":"","overlay-type":"","overlay-color":"","overlay-opacity":"","overlay-gradient":""}},"jetpack_post_was_ever_published":false,"_joinchat":{"telephone":"+584145473635"}},"estado":[],"product_brand":[564],"product_cat":[47],"product_tag":[297],"class_list":{"0":"post-62612","1":"product","2":"type-product","3":"status-publish","4":"has-post-thumbnail","6":"product_brand-elegance-barquisimeto","7":"product_cat-casa","8":"product_tag-null","9":"product_shipping_class-null","10":"pa_asesor-atr-carlos-david-santeliz-rivero","11":"pa_oficina-atr-elegance-barquisimeto","12":"pa_ubicacion-lara","13":"desktop-align-left","14":"tablet-align-left","15":"mobile-align-left","17":"first","18":"instock","19":"shipping-taxable","20":"purchasable","21":"product-type-simple"},"acf":[],"uagb_featured_image_src":{"full":["https:\/\/i0.wp.com\/skygroup.com.ve\/web\/wp-content\/uploads\/2025\/04\/7891_3.jpeg?fit=810%2C1080&ssl=1",810,1080,false],"thumbnail":["https:\/\/i0.wp.com\/skygroup.com.ve\/web\/wp-content\/uploads\/2025\/04\/7891_3.jpeg?resize=150%2C150&ssl=1",150,150,true],"medium":["https:\/\/i0.wp.com\/skygroup.com.ve\/web\/wp-content\/uploads\/2025\/04\/7891_3.jpeg?fit=225%2C300&ssl=1",225,300,true],"medium_large":["https:\/\/i0.wp.com\/skygroup.com.ve\/web\/wp-content\/uploads\/2025\/04\/7891_3.jpeg?fit=768%2C1024&ssl=1",768,1024,true],"large":["https:\/\/i0.wp.com\/skygroup.com.ve\/web\/wp-content\/uploads\/2025\/04\/7891_3.jpeg?fit=768%2C1024&ssl=1",768,1024,true],"1536x1536":["https:\/\/i0.wp.com\/skygroup.com.ve\/web\/wp-content\/uploads\/2025\/04\/7891_3.jpeg?fit=810%2C1080&ssl=1",810,1080,true],"2048x2048":["https:\/\/i0.wp.com\/skygroup.com.ve\/web\/wp-content\/uploads\/2025\/04\/7891_3.jpeg?fit=810%2C1080&ssl=1",810,1080,true],"woocommerce_thumbnail":["https:\/\/i0.wp.com\/skygroup.com.ve\/web\/wp-content\/uploads\/2025\/04\/7891_3.jpeg?resize=300%2C300&ssl=1",300,300,true],"woocommerce_single":["https:\/\/i0.wp.com\/skygroup.com.ve\/web\/wp-content\/uploads\/2025\/04\/7891_3.jpeg?fit=600%2C800&ssl=1",600,800,true],"woocommerce_gallery_thumbnail":["https:\/\/i0.wp.com\/skygroup.com.ve\/web\/wp-content\/uploads\/2025\/04\/7891_3.jpeg?resize=100%2C100&ssl=1",100,100,true]},"uagb_author_info":{"display_name":"adminweb","author_link":"https:\/\/skygroup.com.ve\/web\/author\/"},"uagb_comment_info":0,"uagb_excerpt":"Sky Group ELEGANCE - BARQUISIMETO Vende Casa Urbanizacion La Rotaria","jetpack_sharing_enabled":true,"_links":{"self":[{"href":"https:\/\/skygroup.com.ve\/web\/wp-json\/wp\/v2\/product\/62612","targetHints":{"allow":["GET"]}}],"collection":[{"href":"https:\/\/skygroup.com.ve\/web\/wp-json\/wp\/v2\/product"}],"about":[{"href":"https:\/\/skygroup.com.ve\/web\/wp-json\/wp\/v2\/types\/product"}],"wp:featuredmedia":[{"embeddable":true,"href":"https:\/\/skygroup.com.ve\/web\/wp-json\/wp\/v2\/media\/62002"}],"wp:attachment":[{"href":"https:\/\/skygroup.com.ve\/web\/wp-json\/wp\/v2\/media?parent=62612"}],"wp:term":[{"taxonomy":"estado","embeddable":true,"href":"https:\/\/skygroup.com.ve\/web\/wp-json\/wp\/v2\/estado?post=62612"},{"taxonomy":"product_brand","embeddable":true,"href":"https:\/\/skygroup.com.ve\/web\/wp-json\/wp\/v2\/product_brand?post=62612"},{"taxonomy":"product_cat","embeddable":true,"href":"https:\/\/skygroup.com.ve\/web\/wp-json\/wp\/v2\/product_cat?post=62612"},{"taxonomy":"product_tag","embeddable":true,"href":"https:\/\/skygroup.com.ve\/web\/wp-json\/wp\/v2\/product_tag?post=62612"}],"curies":[{"name":"wp","href":"https:\/\/api.w.org\/{rel}","templated":true}]}}