{"id":62620,"date":"2025-04-01T23:28:34","date_gmt":"2025-04-02T03:28:34","guid":{"rendered":"https:\/\/skygroup.com.ve\/web\/producto\/viof-007-oficina-en-alquiler-3-en-puerto-cabello\/"},"modified":"2026-04-07T20:51:45","modified_gmt":"2026-04-08T00:51:45","slug":"viof-007-oficina-en-alquiler-3-en-puerto-cabello","status":"publish","type":"product","link":"https:\/\/skygroup.com.ve\/web\/producto\/viof-007-oficina-en-alquiler-3-en-puerto-cabello\/","title":{"rendered":"VIOF-007 Oficina en Alquiler # 3 En Puerto Cabello"},"content":{"rendered":"<p>Se Alquila Oficina en Puerto Cabello<\/p>\n<p>Caracter\u00edsticas Principales:<br \/>\n&#8211; Oficina amplia con ba\u00f1o privado.<br \/>\n&#8211; Ubicada en el primer piso, ideal para mayor comodidad.<br \/>\n&#8211; Adem\u00e1s, cuenta con un pasillo amplio que puede adaptarse como sala de espera para mayor funcionalidad.<\/p>\n<p>Ubicaci\u00f3n Estrat\u00e9gica:<br \/>\n&#8211; Situada en una zona privilegiada en pleno casco central de Puerto Cabello, muy cerca de puntos tur\u00edsticos y comerciales.<br \/>\n&#8211; Perfecta para bufetes de abogados, empresas o negocios profesionales que busquen un espacio c\u00f3modo y bien ubicado.<\/p>\n<p>Canon mensual: $100.  <\/p>\n<p>Condiciones de Negociaci\u00f3n:<br \/>\n&#8211; 2 meses de dep\u00f3sito.<br \/>\n&#8211; 1 mes por adelantado.<br \/>\n&#8211; 1 mes de comisi\u00f3n.<br \/>\n&#8211; 1 mes de gastos administrativos.<\/p>\n<p>La oficina est\u00e1 lista para firmar y comenzar a usar de inmediato.<br \/>\nNo pierdas esta gran oportunidad.<\/p>\n<p>Para m\u00e1s informaci\u00f3n o para agendar una visita, cont\u00e1ctame al<\/p>\n","protected":false},"excerpt":{"rendered":"<p>Sky Group VISION &#8211; VALENCIA Alquila Oficina # 3 En Puerto Cabello<\/p>\n","protected":false},"featured_media":61928,"template":"","meta":{"_acf_changed":false,"_uag_custom_page_level_css":"","site-sidebar-layout":"default","site-content-layout":"","ast-site-content-layout":"default","site-content-style":"default","site-sidebar-style":"default","ast-global-header-display":"","ast-banner-title-visibility":"","ast-main-header-display":"","ast-hfb-above-header-display":"","ast-hfb-below-header-display":"","ast-hfb-mobile-header-display":"","site-post-title":"","ast-breadcrumbs-content":"","ast-featured-img":"","footer-sml-layout":"","ast-disable-related-posts":"","theme-transparent-header-meta":"default","adv-header-id-meta":"","stick-header-meta":"","header-above-stick-meta":"","header-main-stick-meta":"","header-below-stick-meta":"","astra-migrate-meta-layouts":"default","ast-page-background-enabled":"default","ast-page-background-meta":{"desktop":{"background-color":"var(--ast-global-color-4)","background-image":"","background-repeat":"repeat","background-position":"center center","background-size":"auto","background-attachment":"scroll","background-type":"","background-media":"","overlay-type":"","overlay-color":"","overlay-opacity":"","overlay-gradient":""},"tablet":{"background-color":"","background-image":"","background-repeat":"repeat","background-position":"center center","background-size":"auto","background-attachment":"scroll","background-type":"","background-media":"","overlay-type":"","overlay-color":"","overlay-opacity":"","overlay-gradient":""},"mobile":{"background-color":"","background-image":"","background-repeat":"repeat","background-position":"center center","background-size":"auto","background-attachment":"scroll","background-type":"","background-media":"","overlay-type":"","overlay-color":"","overlay-opacity":"","overlay-gradient":""}},"ast-content-background-meta":{"desktop":{"background-color":"var(--ast-global-color-5)","background-image":"","background-repeat":"repeat","background-position":"center center","background-size":"auto","background-attachment":"scroll","background-type":"","background-media":"","overlay-type":"","overlay-color":"","overlay-opacity":"","overlay-gradient":""},"tablet":{"background-color":"var(--ast-global-color-5)","background-image":"","background-repeat":"repeat","background-position":"center center","background-size":"auto","background-attachment":"scroll","background-type":"","background-media":"","overlay-type":"","overlay-color":"","overlay-opacity":"","overlay-gradient":""},"mobile":{"background-color":"var(--ast-global-color-5)","background-image":"","background-repeat":"repeat","background-position":"center center","background-size":"auto","background-attachment":"scroll","background-type":"","background-media":"","overlay-type":"","overlay-color":"","overlay-opacity":"","overlay-gradient":""}},"jetpack_post_was_ever_published":false,"_joinchat":{"telephone":"+584244396203"}},"estado":[],"product_brand":[561],"product_cat":[57],"product_tag":[297],"class_list":{"0":"post-62620","1":"product","2":"type-product","3":"status-publish","4":"has-post-thumbnail","6":"product_brand-vision-valencia","7":"product_cat-oficina","8":"product_tag-null","9":"product_shipping_class-null","10":"pa_asesor-atr-keila-katherine-rodriguez-pinzon","11":"pa_oficina-atr-vision-valencia","12":"pa_ubicacion-carabobo","13":"desktop-align-left","14":"tablet-align-left","15":"mobile-align-left","17":"first","18":"instock","19":"shipping-taxable","20":"purchasable","21":"product-type-simple"},"acf":[],"uagb_featured_image_src":{"full":["https:\/\/i0.wp.com\/skygroup.com.ve\/web\/wp-content\/uploads\/2025\/04\/8039_1.jpeg?fit=1000%2C750&ssl=1",1000,750,false],"thumbnail":["https:\/\/i0.wp.com\/skygroup.com.ve\/web\/wp-content\/uploads\/2025\/04\/8039_1.jpeg?resize=150%2C150&ssl=1",150,150,true],"medium":["https:\/\/i0.wp.com\/skygroup.com.ve\/web\/wp-content\/uploads\/2025\/04\/8039_1.jpeg?fit=300%2C225&ssl=1",300,225,true],"medium_large":["https:\/\/i0.wp.com\/skygroup.com.ve\/web\/wp-content\/uploads\/2025\/04\/8039_1.jpeg?fit=768%2C576&ssl=1",768,576,true],"large":["https:\/\/i0.wp.com\/skygroup.com.ve\/web\/wp-content\/uploads\/2025\/04\/8039_1.jpeg?fit=1000%2C750&ssl=1",1000,750,true],"1536x1536":["https:\/\/i0.wp.com\/skygroup.com.ve\/web\/wp-content\/uploads\/2025\/04\/8039_1.jpeg?fit=1000%2C750&ssl=1",1000,750,true],"2048x2048":["https:\/\/i0.wp.com\/skygroup.com.ve\/web\/wp-content\/uploads\/2025\/04\/8039_1.jpeg?fit=1000%2C750&ssl=1",1000,750,true],"woocommerce_thumbnail":["https:\/\/i0.wp.com\/skygroup.com.ve\/web\/wp-content\/uploads\/2025\/04\/8039_1.jpeg?resize=300%2C300&ssl=1",300,300,true],"woocommerce_single":["https:\/\/i0.wp.com\/skygroup.com.ve\/web\/wp-content\/uploads\/2025\/04\/8039_1.jpeg?fit=600%2C450&ssl=1",600,450,true],"woocommerce_gallery_thumbnail":["https:\/\/i0.wp.com\/skygroup.com.ve\/web\/wp-content\/uploads\/2025\/04\/8039_1.jpeg?resize=100%2C100&ssl=1",100,100,true]},"uagb_author_info":{"display_name":"adminweb","author_link":"https:\/\/skygroup.com.ve\/web\/author\/"},"uagb_comment_info":0,"uagb_excerpt":"Sky Group VISION - VALENCIA Alquila Oficina # 3 En Puerto Cabello","jetpack_sharing_enabled":true,"_links":{"self":[{"href":"https:\/\/skygroup.com.ve\/web\/wp-json\/wp\/v2\/product\/62620","targetHints":{"allow":["GET"]}}],"collection":[{"href":"https:\/\/skygroup.com.ve\/web\/wp-json\/wp\/v2\/product"}],"about":[{"href":"https:\/\/skygroup.com.ve\/web\/wp-json\/wp\/v2\/types\/product"}],"wp:featuredmedia":[{"embeddable":true,"href":"https:\/\/skygroup.com.ve\/web\/wp-json\/wp\/v2\/media\/61928"}],"wp:attachment":[{"href":"https:\/\/skygroup.com.ve\/web\/wp-json\/wp\/v2\/media?parent=62620"}],"wp:term":[{"taxonomy":"estado","embeddable":true,"href":"https:\/\/skygroup.com.ve\/web\/wp-json\/wp\/v2\/estado?post=62620"},{"taxonomy":"product_brand","embeddable":true,"href":"https:\/\/skygroup.com.ve\/web\/wp-json\/wp\/v2\/product_brand?post=62620"},{"taxonomy":"product_cat","embeddable":true,"href":"https:\/\/skygroup.com.ve\/web\/wp-json\/wp\/v2\/product_cat?post=62620"},{"taxonomy":"product_tag","embeddable":true,"href":"https:\/\/skygroup.com.ve\/web\/wp-json\/wp\/v2\/product_tag?post=62620"}],"curies":[{"name":"wp","href":"https:\/\/api.w.org\/{rel}","templated":true}]}}