{"id":63680,"date":"2025-04-04T00:26:09","date_gmt":"2025-04-04T04:26:09","guid":{"rendered":"https:\/\/skygroup.com.ve\/web\/producto\/elg-012-galpon-en-venta-galpon-nro-5-brisas-de-castillito\/"},"modified":"2026-04-07T20:51:45","modified_gmt":"2026-04-08T00:51:45","slug":"elg-012-galpon-en-venta-galpon-nro-5-brisas-de-castillito","status":"publish","type":"product","link":"https:\/\/skygroup.com.ve\/web\/producto\/elg-012-galpon-en-venta-galpon-nro-5-brisas-de-castillito\/","title":{"rendered":"ELG-012 Galpon en Venta &#8211; Alquiler Galp\u00f3n Nro 5 Brisas De Castillito"},"content":{"rendered":"<p>GALP\u00d3N ubicado en Municipio San Diego Zona Industrial Brisas de Castillito. A s\u00f3lo 5 minutos de la ARC.<br \/>\nConsta de 2.000 metros cuadrados y tiene las siguientes condiciones y caracter\u00edsticas:<br \/>\n700 metros cuadrados aprox. de \u00e1rea de almac\u00e9n con 8 metros de altura.<br \/>\nPisos de concreto con buen espesor.<br \/>\nSistema de Circuito Cerrado con 18 c\u00e1maras ubicadas en interiores y exteriores.<br \/>\nPozo Propio a 35 metross de profundidad.<br \/>\nTanque subterr\u00e1neo con capacidad de 25.000 litross con su sistema hidroneum\u00e1tico.<br \/>\nMezzanina con \u00e1rea de oficinas administrativas distribuida as\u00ed:<br \/>\n5 estaciones de trabajo instaladas.<br \/>\n2 Oficinas Privadas amobladas.<br \/>\nSala de conferencia amoblada.<br \/>\n\u00c1rea de Kichenette equipada.<br \/>\n2 ba\u00f1os.<br \/>\nAire acondicionado central.<\/p>\n<p>Adicionalmente este Galp\u00f3n cuenta con:  energ\u00eda el\u00e9ctrica 110v y 220v. Servicio de internet de fibra \u00f3ptica; \u00e1rea de estacionamiento para visitantes.  Adjudicaci\u00f3n de terrenos por parte del Inti.<\/p>\n<p>Conjunto integrado por 40 galpones en el que se desarrollan diferentes actividades del sector industrial y manufacturero.<br \/>\nAceptan inmuebles o veh\u00edculos como parte de pago.<\/p>\n","protected":false},"excerpt":{"rendered":"<p>Sky Group ELEGANCE &#8211; VALENCIA Vende o Alquila Galpon Galp\u00f3n Nro 5 Brisas De Castillito<\/p>\n","protected":false},"featured_media":62662,"template":"","meta":{"_acf_changed":false,"_uag_custom_page_level_css":"","site-sidebar-layout":"default","site-content-layout":"","ast-site-content-layout":"default","site-content-style":"default","site-sidebar-style":"default","ast-global-header-display":"","ast-banner-title-visibility":"","ast-main-header-display":"","ast-hfb-above-header-display":"","ast-hfb-below-header-display":"","ast-hfb-mobile-header-display":"","site-post-title":"","ast-breadcrumbs-content":"","ast-featured-img":"","footer-sml-layout":"","ast-disable-related-posts":"","theme-transparent-header-meta":"default","adv-header-id-meta":"","stick-header-meta":"","header-above-stick-meta":"","header-main-stick-meta":"","header-below-stick-meta":"","astra-migrate-meta-layouts":"default","ast-page-background-enabled":"default","ast-page-background-meta":{"desktop":{"background-color":"var(--ast-global-color-4)","background-image":"","background-repeat":"repeat","background-position":"center center","background-size":"auto","background-attachment":"scroll","background-type":"","background-media":"","overlay-type":"","overlay-color":"","overlay-opacity":"","overlay-gradient":""},"tablet":{"background-color":"","background-image":"","background-repeat":"repeat","background-position":"center center","background-size":"auto","background-attachment":"scroll","background-type":"","background-media":"","overlay-type":"","overlay-color":"","overlay-opacity":"","overlay-gradient":""},"mobile":{"background-color":"","background-image":"","background-repeat":"repeat","background-position":"center center","background-size":"auto","background-attachment":"scroll","background-type":"","background-media":"","overlay-type":"","overlay-color":"","overlay-opacity":"","overlay-gradient":""}},"ast-content-background-meta":{"desktop":{"background-color":"var(--ast-global-color-5)","background-image":"","background-repeat":"repeat","background-position":"center center","background-size":"auto","background-attachment":"scroll","background-type":"","background-media":"","overlay-type":"","overlay-color":"","overlay-opacity":"","overlay-gradient":""},"tablet":{"background-color":"var(--ast-global-color-5)","background-image":"","background-repeat":"repeat","background-position":"center center","background-size":"auto","background-attachment":"scroll","background-type":"","background-media":"","overlay-type":"","overlay-color":"","overlay-opacity":"","overlay-gradient":""},"mobile":{"background-color":"var(--ast-global-color-5)","background-image":"","background-repeat":"repeat","background-position":"center center","background-size":"auto","background-attachment":"scroll","background-type":"","background-media":"","overlay-type":"","overlay-color":"","overlay-opacity":"","overlay-gradient":""}},"jetpack_post_was_ever_published":false,"_joinchat":{"telephone":"+584144224163"}},"estado":[],"product_brand":[563],"product_cat":[115],"product_tag":[297],"class_list":{"0":"post-63680","1":"product","2":"type-product","3":"status-publish","4":"has-post-thumbnail","6":"product_brand-elegance-valencia","7":"product_cat-galpon","8":"product_tag-null","9":"product_shipping_class-null","10":"pa_asesor-atr-estela-laura-montilla-guedez","11":"pa_oficina-atr-elegance-valencia","12":"pa_ubicacion-carabobo","13":"desktop-align-left","14":"tablet-align-left","15":"mobile-align-left","17":"first","18":"instock","19":"shipping-taxable","20":"purchasable","21":"product-type-simple"},"acf":[],"uagb_featured_image_src":{"full":["https:\/\/i0.wp.com\/skygroup.com.ve\/web\/wp-content\/uploads\/2025\/04\/1390_17.jpeg?fit=1000%2C750&ssl=1",1000,750,false],"thumbnail":["https:\/\/i0.wp.com\/skygroup.com.ve\/web\/wp-content\/uploads\/2025\/04\/1390_17.jpeg?resize=150%2C150&ssl=1",150,150,true],"medium":["https:\/\/i0.wp.com\/skygroup.com.ve\/web\/wp-content\/uploads\/2025\/04\/1390_17.jpeg?fit=300%2C225&ssl=1",300,225,true],"medium_large":["https:\/\/i0.wp.com\/skygroup.com.ve\/web\/wp-content\/uploads\/2025\/04\/1390_17.jpeg?fit=768%2C576&ssl=1",768,576,true],"large":["https:\/\/i0.wp.com\/skygroup.com.ve\/web\/wp-content\/uploads\/2025\/04\/1390_17.jpeg?fit=1000%2C750&ssl=1",1000,750,true],"1536x1536":["https:\/\/i0.wp.com\/skygroup.com.ve\/web\/wp-content\/uploads\/2025\/04\/1390_17.jpeg?fit=1000%2C750&ssl=1",1000,750,true],"2048x2048":["https:\/\/i0.wp.com\/skygroup.com.ve\/web\/wp-content\/uploads\/2025\/04\/1390_17.jpeg?fit=1000%2C750&ssl=1",1000,750,true],"woocommerce_thumbnail":["https:\/\/i0.wp.com\/skygroup.com.ve\/web\/wp-content\/uploads\/2025\/04\/1390_17.jpeg?resize=300%2C300&ssl=1",300,300,true],"woocommerce_single":["https:\/\/i0.wp.com\/skygroup.com.ve\/web\/wp-content\/uploads\/2025\/04\/1390_17.jpeg?fit=600%2C450&ssl=1",600,450,true],"woocommerce_gallery_thumbnail":["https:\/\/i0.wp.com\/skygroup.com.ve\/web\/wp-content\/uploads\/2025\/04\/1390_17.jpeg?resize=100%2C100&ssl=1",100,100,true]},"uagb_author_info":{"display_name":"adminweb","author_link":"https:\/\/skygroup.com.ve\/web\/author\/"},"uagb_comment_info":0,"uagb_excerpt":"Sky Group ELEGANCE - VALENCIA Vende o Alquila Galpon Galp\u00f3n Nro 5 Brisas De Castillito","jetpack_sharing_enabled":true,"_links":{"self":[{"href":"https:\/\/skygroup.com.ve\/web\/wp-json\/wp\/v2\/product\/63680","targetHints":{"allow":["GET"]}}],"collection":[{"href":"https:\/\/skygroup.com.ve\/web\/wp-json\/wp\/v2\/product"}],"about":[{"href":"https:\/\/skygroup.com.ve\/web\/wp-json\/wp\/v2\/types\/product"}],"wp:featuredmedia":[{"embeddable":true,"href":"https:\/\/skygroup.com.ve\/web\/wp-json\/wp\/v2\/media\/62662"}],"wp:attachment":[{"href":"https:\/\/skygroup.com.ve\/web\/wp-json\/wp\/v2\/media?parent=63680"}],"wp:term":[{"taxonomy":"estado","embeddable":true,"href":"https:\/\/skygroup.com.ve\/web\/wp-json\/wp\/v2\/estado?post=63680"},{"taxonomy":"product_brand","embeddable":true,"href":"https:\/\/skygroup.com.ve\/web\/wp-json\/wp\/v2\/product_brand?post=63680"},{"taxonomy":"product_cat","embeddable":true,"href":"https:\/\/skygroup.com.ve\/web\/wp-json\/wp\/v2\/product_cat?post=63680"},{"taxonomy":"product_tag","embeddable":true,"href":"https:\/\/skygroup.com.ve\/web\/wp-json\/wp\/v2\/product_tag?post=63680"}],"curies":[{"name":"wp","href":"https:\/\/api.w.org\/{rel}","templated":true}]}}