{"id":63685,"date":"2025-04-04T00:26:30","date_gmt":"2025-04-04T04:26:30","guid":{"rendered":"https:\/\/skygroup.com.ve\/web\/producto\/plg-122-galpon-en-venta-con-local-en-caja-de-agua\/"},"modified":"2026-04-07T20:51:46","modified_gmt":"2026-04-08T00:51:46","slug":"plg-122-galpon-en-venta-con-local-en-caja-de-agua","status":"publish","type":"product","link":"https:\/\/skygroup.com.ve\/web\/producto\/plg-122-galpon-en-venta-con-local-en-caja-de-agua\/","title":{"rendered":"PLG-122 Galpon en Venta Con Local En Caja De Agua"},"content":{"rendered":"<p>Sky Group Platinum Vende:<\/p>\n<p>Galp\u00f3n con local comercial ubicado en caja de agua Punto Fijo, Edo Falc\u00f3n con una superficie total de terreno de 1.119,60m2 y una construcci\u00f3n de 890m2 aproximadamente, ambos cuentan con una ubicaci\u00f3n estrat\u00e9gica para el comercio ideal para negocios de cualquier tipo puesto que al estar en una avenida principal tiene alto flujo peatonal y vehicular.<\/p>\n<p>DETALLES<\/p>\n<p>EL GALP\u00d3N tiene una superficie total de terreno de 849, 60 m2 con port\u00f3n de entrada y acceso para veh\u00edculos y camiones grandes, tiene una construcci\u00f3n de 620m2 aproximadamente con estructura met\u00e1lica de 2 pisos en la primera secci\u00f3n y paredes de concreto, techo de platabanda en el primer piso, la segunda secci\u00f3n tiene un \u00e1rea para oficinas y la edificaci\u00f3n es de 2 pisos y una mezzanina, cuenta con una fosa para alineaci\u00f3n para tren delantero para veh\u00edculos, en la parte posterior de la propiedad cuenta con un \u00e1rea destinada en este momento para uso de taller mec\u00e1nico, ese espacio se presta para m\u00faltiples usos seg\u00fan sea su necesidad, toda el \u00e1rea est\u00e1 pavimentada con pisos de concreto.<\/p>\n<p>\u00b7        2 Ba\u00f1os<\/p>\n<p>\u00b7        Capacidad para 14 veh\u00edculos.<\/p>\n<p>EL LOCAL COMERCIAL de 270m2 de construcci\u00f3n sobre un terreno del mismo metraje tiene techo de platabanda, la seguridad del local es total, cuenta con doble port\u00f3n santa mar\u00eda principal enrollable totalmente sellada, dos puertas de entrada con doble hoja de vidrio y estructura de aluminio, ventanales de vidrio, doble puerta santa mar\u00eda interior enrollable con malla de hierro.<\/p>\n<p>\u00b7  1 Recepci\u00f3n<\/p>\n<p>\u00b7  8 Pasillos de estanter\u00eda (con inventario de repuestos automotrices, nuevos)<\/p>\n<p>\u00b7   Oficina<\/p>\n<p>\u00b7    Dep\u00f3sito<\/p>\n<p>\u00b7   2 Ba\u00f1os (en total la propiedad cuenta con 4 ba\u00f1os, 2 en el galp\u00f3n y 2 en el local comercial)<\/p>\n<p>\u00b7    Sistema de seguridad con c\u00e1maras (no operativo)<\/p>\n<p>UN PLUS SIN IGUAL:<\/p>\n<p>Local comercial tiene 8 pasillos con estantes est\u00e1n llenos con un Inventario de repuestos automotrices totalmente nuevos, dirigido para el mercado de marcas de veh\u00edculos m\u00e1s usadas en Venezuela y Colombia, cuenta con un segundo nivel tipo mezzanina tambi\u00e9n cargado de estantes y repuestos de todo tipo.<\/p>\n<p>Gran oportunidad de inversi\u00f3n documentos al d\u00eda, listo para firmar.<\/p>\n","protected":false},"excerpt":{"rendered":"<p>Sky Group PLATINUM Vende Galpon Con Local En Caja De Agua<\/p>\n","protected":false},"featured_media":62712,"template":"","meta":{"_acf_changed":false,"_uag_custom_page_level_css":"","site-sidebar-layout":"default","site-content-layout":"","ast-site-content-layout":"default","site-content-style":"default","site-sidebar-style":"default","ast-global-header-display":"","ast-banner-title-visibility":"","ast-main-header-display":"","ast-hfb-above-header-display":"","ast-hfb-below-header-display":"","ast-hfb-mobile-header-display":"","site-post-title":"","ast-breadcrumbs-content":"","ast-featured-img":"","footer-sml-layout":"","ast-disable-related-posts":"","theme-transparent-header-meta":"default","adv-header-id-meta":"","stick-header-meta":"","header-above-stick-meta":"","header-main-stick-meta":"","header-below-stick-meta":"","astra-migrate-meta-layouts":"default","ast-page-background-enabled":"default","ast-page-background-meta":{"desktop":{"background-color":"var(--ast-global-color-4)","background-image":"","background-repeat":"repeat","background-position":"center center","background-size":"auto","background-attachment":"scroll","background-type":"","background-media":"","overlay-type":"","overlay-color":"","overlay-opacity":"","overlay-gradient":""},"tablet":{"background-color":"","background-image":"","background-repeat":"repeat","background-position":"center center","background-size":"auto","background-attachment":"scroll","background-type":"","background-media":"","overlay-type":"","overlay-color":"","overlay-opacity":"","overlay-gradient":""},"mobile":{"background-color":"","background-image":"","background-repeat":"repeat","background-position":"center center","background-size":"auto","background-attachment":"scroll","background-type":"","background-media":"","overlay-type":"","overlay-color":"","overlay-opacity":"","overlay-gradient":""}},"ast-content-background-meta":{"desktop":{"background-color":"var(--ast-global-color-5)","background-image":"","background-repeat":"repeat","background-position":"center center","background-size":"auto","background-attachment":"scroll","background-type":"","background-media":"","overlay-type":"","overlay-color":"","overlay-opacity":"","overlay-gradient":""},"tablet":{"background-color":"var(--ast-global-color-5)","background-image":"","background-repeat":"repeat","background-position":"center center","background-size":"auto","background-attachment":"scroll","background-type":"","background-media":"","overlay-type":"","overlay-color":"","overlay-opacity":"","overlay-gradient":""},"mobile":{"background-color":"var(--ast-global-color-5)","background-image":"","background-repeat":"repeat","background-position":"center center","background-size":"auto","background-attachment":"scroll","background-type":"","background-media":"","overlay-type":"","overlay-color":"","overlay-opacity":"","overlay-gradient":""}},"jetpack_post_was_ever_published":false,"_joinchat":{"telephone":"+584121007616"}},"estado":[],"product_brand":[557],"product_cat":[115],"product_tag":[297],"class_list":{"0":"post-63685","1":"product","2":"type-product","3":"status-publish","4":"has-post-thumbnail","6":"product_brand-platinum","7":"product_cat-galpon","8":"product_tag-null","9":"product_shipping_class-null","10":"pa_asesor-atr-fabiola-josefina-ventura-revilla","11":"pa_oficina-atr-platinum","12":"pa_ubicacion-falcon","13":"desktop-align-left","14":"tablet-align-left","15":"mobile-align-left","17":"first","18":"instock","19":"shipping-taxable","20":"purchasable","21":"product-type-simple"},"acf":[],"uagb_featured_image_src":{"full":["https:\/\/i0.wp.com\/skygroup.com.ve\/web\/wp-content\/uploads\/2025\/04\/1456_plg-1221.jpg?fit=800%2C600&ssl=1",800,600,false],"thumbnail":["https:\/\/i0.wp.com\/skygroup.com.ve\/web\/wp-content\/uploads\/2025\/04\/1456_plg-1221.jpg?resize=150%2C150&ssl=1",150,150,true],"medium":["https:\/\/i0.wp.com\/skygroup.com.ve\/web\/wp-content\/uploads\/2025\/04\/1456_plg-1221.jpg?fit=300%2C225&ssl=1",300,225,true],"medium_large":["https:\/\/i0.wp.com\/skygroup.com.ve\/web\/wp-content\/uploads\/2025\/04\/1456_plg-1221.jpg?fit=768%2C576&ssl=1",768,576,true],"large":["https:\/\/i0.wp.com\/skygroup.com.ve\/web\/wp-content\/uploads\/2025\/04\/1456_plg-1221.jpg?fit=800%2C600&ssl=1",800,600,true],"1536x1536":["https:\/\/i0.wp.com\/skygroup.com.ve\/web\/wp-content\/uploads\/2025\/04\/1456_plg-1221.jpg?fit=800%2C600&ssl=1",800,600,true],"2048x2048":["https:\/\/i0.wp.com\/skygroup.com.ve\/web\/wp-content\/uploads\/2025\/04\/1456_plg-1221.jpg?fit=800%2C600&ssl=1",800,600,true],"woocommerce_thumbnail":["https:\/\/i0.wp.com\/skygroup.com.ve\/web\/wp-content\/uploads\/2025\/04\/1456_plg-1221.jpg?resize=300%2C300&ssl=1",300,300,true],"woocommerce_single":["https:\/\/i0.wp.com\/skygroup.com.ve\/web\/wp-content\/uploads\/2025\/04\/1456_plg-1221.jpg?fit=600%2C450&ssl=1",600,450,true],"woocommerce_gallery_thumbnail":["https:\/\/i0.wp.com\/skygroup.com.ve\/web\/wp-content\/uploads\/2025\/04\/1456_plg-1221.jpg?resize=100%2C100&ssl=1",100,100,true]},"uagb_author_info":{"display_name":"adminweb","author_link":"https:\/\/skygroup.com.ve\/web\/author\/"},"uagb_comment_info":0,"uagb_excerpt":"Sky Group PLATINUM Vende Galpon Con Local En Caja De Agua","jetpack_sharing_enabled":true,"_links":{"self":[{"href":"https:\/\/skygroup.com.ve\/web\/wp-json\/wp\/v2\/product\/63685","targetHints":{"allow":["GET"]}}],"collection":[{"href":"https:\/\/skygroup.com.ve\/web\/wp-json\/wp\/v2\/product"}],"about":[{"href":"https:\/\/skygroup.com.ve\/web\/wp-json\/wp\/v2\/types\/product"}],"wp:featuredmedia":[{"embeddable":true,"href":"https:\/\/skygroup.com.ve\/web\/wp-json\/wp\/v2\/media\/62712"}],"wp:attachment":[{"href":"https:\/\/skygroup.com.ve\/web\/wp-json\/wp\/v2\/media?parent=63685"}],"wp:term":[{"taxonomy":"estado","embeddable":true,"href":"https:\/\/skygroup.com.ve\/web\/wp-json\/wp\/v2\/estado?post=63685"},{"taxonomy":"product_brand","embeddable":true,"href":"https:\/\/skygroup.com.ve\/web\/wp-json\/wp\/v2\/product_brand?post=63685"},{"taxonomy":"product_cat","embeddable":true,"href":"https:\/\/skygroup.com.ve\/web\/wp-json\/wp\/v2\/product_cat?post=63685"},{"taxonomy":"product_tag","embeddable":true,"href":"https:\/\/skygroup.com.ve\/web\/wp-json\/wp\/v2\/product_tag?post=63685"}],"curies":[{"name":"wp","href":"https:\/\/api.w.org\/{rel}","templated":true}]}}