{"id":63687,"date":"2025-04-04T00:26:39","date_gmt":"2025-04-04T04:26:39","guid":{"rendered":"https:\/\/skygroup.com.ve\/web\/producto\/pll-295-local-en-venta-alquiler-antiguo-aeropuerto-punto-fijo\/"},"modified":"2026-04-07T20:51:46","modified_gmt":"2026-04-08T00:51:46","slug":"pll-295-local-en-venta-alquiler-antiguo-aeropuerto-punto-fijo","status":"publish","type":"product","link":"https:\/\/skygroup.com.ve\/web\/producto\/pll-295-local-en-venta-alquiler-antiguo-aeropuerto-punto-fijo\/","title":{"rendered":"PLL-295 Local en Venta &#8211; Alquiler  Antiguo Aeropuerto, Punto Fijo"},"content":{"rendered":"<p>Sky Group Platinum Vende o Alquila<\/p>\n<p>Local Comercial, ubicado en la avenida principal de Antiguo Aeropuerto, siendo \u00e9sta la m\u00e1s transitada con acceso a zonas comerciales y residenciales, el local cuenta con una construcci\u00f3n de 162,89m2 en su totalidad, cuenta con una divisi\u00f3n construida en Dry Wall que lo convierte en dos locales listos para ocupar y poner a producir sus empresas, locales adecuados para que funcione cualquier tipo de negocio, venta de repuestos, hortalizas, peluquer\u00edas, Farmacias, restaurante, comida r\u00e1pida.<\/p>\n<p>La oferta de este local incluye en una de las divisiones una planta potabilizadora de agua ya instalada con capacidad para 2500 botellones por d\u00eda, la planta cuenta con todos los equipos operativos y listos para su funcionamiento.<br \/>\nDistribuci\u00f3n del local:<\/p>\n<p>\u2022\t2 locales amplios (con propiedad inmobiliaria y ficha catastral)<br \/>\n\u2022\t1  Oficina<br \/>\n\u2022\t1 \u00e1rea de cocina<br \/>\n\u2022\t2 Ba\u00f1os<br \/>\n\u2022\t1 Mini local con ventana para atender p\u00fablico (tipo farmacia o despacho de productos)<br \/>\n\u2022\tCuarto para bomba y tanques (2 litros) de agua para los ba\u00f1os<br \/>\n\u2022\tZona de carga<\/p>\n<p>Plus:<br \/>\n\u2022\t1 A\/C de 5 toneladas<br \/>\n\u2022\t1 A\/C de 18.000BTU<br \/>\n\u2022\tTecho de platabanda y acabados en Dry Wall<br \/>\n\u2022\tPisos de cer\u00e1mica<br \/>\n\u2022\tPuertas en aluminio con vidrio (entrada)<br \/>\n\u2022\tSanta mar\u00edas<br \/>\n\u2022\tEquipos y planta potabilizadora<br \/>\n\u2022\t4 Tanques de agua de 2.000L c\/u (planta potabilizadora)<br \/>\n\u2022\t1 Closet archivador<br \/>\n\u2022\t1 mostrador con tope de granito<br \/>\n\u2022\t1 Mostrador recibidor<\/p>\n<p>Cont\u00e1ctanos hoy para agendar tu visita<\/p>\n","protected":false},"excerpt":{"rendered":"<p>Sky Group PLATINUM Vende o Alquila Local  Antiguo Aeropuerto, Punto Fijo<\/p>\n","protected":false},"featured_media":62744,"template":"","meta":{"_acf_changed":false,"_uag_custom_page_level_css":"","site-sidebar-layout":"default","site-content-layout":"","ast-site-content-layout":"default","site-content-style":"default","site-sidebar-style":"default","ast-global-header-display":"","ast-banner-title-visibility":"","ast-main-header-display":"","ast-hfb-above-header-display":"","ast-hfb-below-header-display":"","ast-hfb-mobile-header-display":"","site-post-title":"","ast-breadcrumbs-content":"","ast-featured-img":"","footer-sml-layout":"","ast-disable-related-posts":"","theme-transparent-header-meta":"default","adv-header-id-meta":"","stick-header-meta":"","header-above-stick-meta":"","header-main-stick-meta":"","header-below-stick-meta":"","astra-migrate-meta-layouts":"default","ast-page-background-enabled":"default","ast-page-background-meta":{"desktop":{"background-color":"var(--ast-global-color-4)","background-image":"","background-repeat":"repeat","background-position":"center center","background-size":"auto","background-attachment":"scroll","background-type":"","background-media":"","overlay-type":"","overlay-color":"","overlay-opacity":"","overlay-gradient":""},"tablet":{"background-color":"","background-image":"","background-repeat":"repeat","background-position":"center center","background-size":"auto","background-attachment":"scroll","background-type":"","background-media":"","overlay-type":"","overlay-color":"","overlay-opacity":"","overlay-gradient":""},"mobile":{"background-color":"","background-image":"","background-repeat":"repeat","background-position":"center center","background-size":"auto","background-attachment":"scroll","background-type":"","background-media":"","overlay-type":"","overlay-color":"","overlay-opacity":"","overlay-gradient":""}},"ast-content-background-meta":{"desktop":{"background-color":"var(--ast-global-color-5)","background-image":"","background-repeat":"repeat","background-position":"center center","background-size":"auto","background-attachment":"scroll","background-type":"","background-media":"","overlay-type":"","overlay-color":"","overlay-opacity":"","overlay-gradient":""},"tablet":{"background-color":"var(--ast-global-color-5)","background-image":"","background-repeat":"repeat","background-position":"center center","background-size":"auto","background-attachment":"scroll","background-type":"","background-media":"","overlay-type":"","overlay-color":"","overlay-opacity":"","overlay-gradient":""},"mobile":{"background-color":"var(--ast-global-color-5)","background-image":"","background-repeat":"repeat","background-position":"center center","background-size":"auto","background-attachment":"scroll","background-type":"","background-media":"","overlay-type":"","overlay-color":"","overlay-opacity":"","overlay-gradient":""}},"jetpack_post_was_ever_published":false,"_joinchat":{"telephone":"+584121007616"}},"estado":[],"product_brand":[557],"product_cat":[52],"product_tag":[297],"class_list":{"0":"post-63687","1":"product","2":"type-product","3":"status-publish","4":"has-post-thumbnail","6":"product_brand-platinum","7":"product_cat-local","8":"product_tag-null","9":"product_shipping_class-null","10":"pa_asesor-atr-fabiola-josefina-ventura-revilla","11":"pa_oficina-atr-platinum","12":"pa_ubicacion-falcon","13":"desktop-align-left","14":"tablet-align-left","15":"mobile-align-left","17":"first","18":"instock","19":"shipping-taxable","20":"purchasable","21":"product-type-simple"},"acf":[],"uagb_featured_image_src":{"full":["https:\/\/i0.wp.com\/skygroup.com.ve\/web\/wp-content\/uploads\/2025\/04\/1466_pll-2959.jpg?fit=800%2C600&ssl=1",800,600,false],"thumbnail":["https:\/\/i0.wp.com\/skygroup.com.ve\/web\/wp-content\/uploads\/2025\/04\/1466_pll-2959.jpg?resize=150%2C150&ssl=1",150,150,true],"medium":["https:\/\/i0.wp.com\/skygroup.com.ve\/web\/wp-content\/uploads\/2025\/04\/1466_pll-2959.jpg?fit=300%2C225&ssl=1",300,225,true],"medium_large":["https:\/\/i0.wp.com\/skygroup.com.ve\/web\/wp-content\/uploads\/2025\/04\/1466_pll-2959.jpg?fit=768%2C576&ssl=1",768,576,true],"large":["https:\/\/i0.wp.com\/skygroup.com.ve\/web\/wp-content\/uploads\/2025\/04\/1466_pll-2959.jpg?fit=800%2C600&ssl=1",800,600,true],"1536x1536":["https:\/\/i0.wp.com\/skygroup.com.ve\/web\/wp-content\/uploads\/2025\/04\/1466_pll-2959.jpg?fit=800%2C600&ssl=1",800,600,true],"2048x2048":["https:\/\/i0.wp.com\/skygroup.com.ve\/web\/wp-content\/uploads\/2025\/04\/1466_pll-2959.jpg?fit=800%2C600&ssl=1",800,600,true],"woocommerce_thumbnail":["https:\/\/i0.wp.com\/skygroup.com.ve\/web\/wp-content\/uploads\/2025\/04\/1466_pll-2959.jpg?resize=300%2C300&ssl=1",300,300,true],"woocommerce_single":["https:\/\/i0.wp.com\/skygroup.com.ve\/web\/wp-content\/uploads\/2025\/04\/1466_pll-2959.jpg?fit=600%2C450&ssl=1",600,450,true],"woocommerce_gallery_thumbnail":["https:\/\/i0.wp.com\/skygroup.com.ve\/web\/wp-content\/uploads\/2025\/04\/1466_pll-2959.jpg?resize=100%2C100&ssl=1",100,100,true]},"uagb_author_info":{"display_name":"adminweb","author_link":"https:\/\/skygroup.com.ve\/web\/author\/"},"uagb_comment_info":0,"uagb_excerpt":"Sky Group PLATINUM Vende o Alquila Local Antiguo Aeropuerto, Punto Fijo","jetpack_sharing_enabled":true,"_links":{"self":[{"href":"https:\/\/skygroup.com.ve\/web\/wp-json\/wp\/v2\/product\/63687","targetHints":{"allow":["GET"]}}],"collection":[{"href":"https:\/\/skygroup.com.ve\/web\/wp-json\/wp\/v2\/product"}],"about":[{"href":"https:\/\/skygroup.com.ve\/web\/wp-json\/wp\/v2\/types\/product"}],"wp:featuredmedia":[{"embeddable":true,"href":"https:\/\/skygroup.com.ve\/web\/wp-json\/wp\/v2\/media\/62744"}],"wp:attachment":[{"href":"https:\/\/skygroup.com.ve\/web\/wp-json\/wp\/v2\/media?parent=63687"}],"wp:term":[{"taxonomy":"estado","embeddable":true,"href":"https:\/\/skygroup.com.ve\/web\/wp-json\/wp\/v2\/estado?post=63687"},{"taxonomy":"product_brand","embeddable":true,"href":"https:\/\/skygroup.com.ve\/web\/wp-json\/wp\/v2\/product_brand?post=63687"},{"taxonomy":"product_cat","embeddable":true,"href":"https:\/\/skygroup.com.ve\/web\/wp-json\/wp\/v2\/product_cat?post=63687"},{"taxonomy":"product_tag","embeddable":true,"href":"https:\/\/skygroup.com.ve\/web\/wp-json\/wp\/v2\/product_tag?post=63687"}],"curies":[{"name":"wp","href":"https:\/\/api.w.org\/{rel}","templated":true}]}}