{"id":63721,"date":"2025-04-04T00:28:48","date_gmt":"2025-04-04T04:28:48","guid":{"rendered":"https:\/\/skygroup.com.ve\/web\/producto\/pled-017-edificio-en-venta-edificio-en-la-av-jacinto-lara-punto-fijo-falcon\/"},"modified":"2026-04-07T20:51:46","modified_gmt":"2026-04-08T00:51:46","slug":"pled-017-edificio-en-venta-edificio-en-la-av-jacinto-lara-punto-fijo-falcon","status":"publish","type":"product","link":"https:\/\/skygroup.com.ve\/web\/producto\/pled-017-edificio-en-venta-edificio-en-la-av-jacinto-lara-punto-fijo-falcon\/","title":{"rendered":"PLED-017 Edificio en Venta Edificio En La Av. Jacinto Lara; Punto Fijo, Falc\u00f3n"},"content":{"rendered":"<p>SKY GROUP PLATINUM VENDE:<\/p>\n<p>Edificio comercial en obra gris ubicado en la Av. Jacinto Lara una de las avenidas m\u00e1s importante de la ciudad de Punto Fijo, tiene un gran potencial por su dise\u00f1o moderno y especialmente por la variedad de locales y apartamentos que ofrece. Con un \u00e1rea de construcci\u00f3n de 735 m2, es perfecto para un centro comercial activo e incluso con el aprovechamiento de los alquileres de los apartamentos. Con sus 3 pisos m\u00e1s planta baja es una gran inversi\u00f3n.<\/p>\n<p>PLANTA BAJA:<\/p>\n<p>Dos (02) locales comerciales:<br \/>\n\u2022\tLOCAL A: 47,81 m2.<br \/>\n\u2022\tLOCAL B: 47,81 m2<br \/>\n\u2022\t2 salas sanitarias<br \/>\n\u2022\tCuarto de aseo<\/p>\n<p>PISO N\u00b01: <\/p>\n<p>Cuatro (04) locales comerciales<br \/>\n\u2022\tLocal A: 34,11 m2<br \/>\n\u2022\tLocal B: 38,35 m2<br \/>\n\u2022\tLocal C: 28,10 m2<br \/>\n\u2022\tLocal D: 34,11 m2<br \/>\n\u2022\t4 Salas sanitarias<br \/>\n\u2022\tCuarto de aseo<\/p>\n<p>PISO N\u00b02:<br \/>\nTres (03) apartamentos:  <\/p>\n<p>Apartamento A, tipo estudio: 62,35 m2:<br \/>\n\u2022\tSala<br \/>\n\u2022\tComedor<br \/>\n\u2022\tBalc\u00f3n<br \/>\n\u2022\tUn dormitorio<br \/>\n\u2022\tUn ba\u00f1o<br \/>\n\u2022\tCocina<br \/>\n\u2022\t\u00c1rea de servicios. <\/p>\n<p>Apartamento B, tipo estudio: 58,85 m2<br \/>\n\u2022\tSala<br \/>\n\u2022\tComedor<br \/>\n\u2022\tBalc\u00f3n<br \/>\n\u2022\tUn dormitorio<br \/>\n\u2022\tUn ba\u00f1o<br \/>\n\u2022\tCocina<br \/>\n\u2022\t\u00c1rea de servicios.  <\/p>\n<p>Apartamento C: 118,00 m2,<br \/>\n\u2022\tSala<br \/>\n\u2022\tDormitorio principal con vestier y ba\u00f1o<br \/>\n\u2022\tDos dormitorios secundarios<br \/>\n\u2022\tUn ba\u00f1o com\u00fan<br \/>\n\u2022\tCocina<br \/>\n\u2022\t\u00c1rea de servicios.<\/p>\n<p>PISO N\u00b03: Con dos (02) apartamentos: <\/p>\n<p>\u2022\tSala<br \/>\n\u2022\tComedor<br \/>\n\u2022\tBalc\u00f3n<br \/>\n\u2022\tUn dormitorio principal con vestier y ba\u00f1o<br \/>\n\u2022\tDos dormitorios secundarios<br \/>\n\u2022\tUn ba\u00f1o com\u00fan<br \/>\n\u2022\tCocina<br \/>\n\u2022\t\u00c1rea de servicios.<\/p>\n<p>Apartamento B: 118,00 m2,<br \/>\n\u2022\tSala<br \/>\n\u2022\tComedor<br \/>\n\u2022\tBalc\u00f3n<br \/>\n\u2022\tUn dormitorio principal con vestier y ba\u00f1o<br \/>\n\u2022\tDos dormitorios secundarios<br \/>\n\u2022\tUn ba\u00f1o en com\u00fan<br \/>\n\u2022\tCocina<br \/>\n\u2022\t\u00c1rea de servicios.<\/p>\n<p>NIVEL TECHO (AZOTEA):<br \/>\nConstrucci\u00f3n en obra limpia, paredes de bloque de arcilla, pisos en cemento gris, estacionamientos y patios.<br \/>\nTecho de platabanda<br \/>\nEl nivel de techo (azotea) impermeabilizado.<br \/>\nEscaleras independientes, escalera principal de acceso a los apartamentos y escalera de acceso a la Mezzanina de las oficinas.<br \/>\nInstalaciones sanitarias (aguas negras, aguas blancas potables, empotrados)<\/p>\n<p>PLUS:<br \/>\nExcelente ubicaci\u00f3n.<br \/>\nDise\u00f1o contempor\u00e1neo y moderno<br \/>\n12 puestos de estacionamiento.<br \/>\nCuenta con los requerimientos de electricidad, detecci\u00f3n de incendios, telefon\u00eda y tv.<br \/>\nExcelente distribuci\u00f3n de espacios, construcci\u00f3n y materiales de primera.<br \/>\nEspacios para \u00e1reas verdes, jardines y Caminer\u00edas que contribuyen con el ornato del mismo.<br \/>\nUn tanque de agua potable subterr\u00e1neo de 26.000 Lts. y sus conexiones para el sistema de bombeo.<\/p>\n<p>CONT\u00c1CTANOS HOY Y AGENDA TU VISITA!<\/p>\n","protected":false},"excerpt":{"rendered":"<p>Sky Group PLATINUM Vende Edificio Edificio En La Av. Jacinto Lara; Punto Fijo, Falc\u00f3n<\/p>\n","protected":false},"featured_media":62929,"template":"","meta":{"_acf_changed":false,"_uag_custom_page_level_css":"","site-sidebar-layout":"default","site-content-layout":"","ast-site-content-layout":"default","site-content-style":"default","site-sidebar-style":"default","ast-global-header-display":"","ast-banner-title-visibility":"","ast-main-header-display":"","ast-hfb-above-header-display":"","ast-hfb-below-header-display":"","ast-hfb-mobile-header-display":"","site-post-title":"","ast-breadcrumbs-content":"","ast-featured-img":"","footer-sml-layout":"","ast-disable-related-posts":"","theme-transparent-header-meta":"default","adv-header-id-meta":"","stick-header-meta":"","header-above-stick-meta":"","header-main-stick-meta":"","header-below-stick-meta":"","astra-migrate-meta-layouts":"default","ast-page-background-enabled":"default","ast-page-background-meta":{"desktop":{"background-color":"var(--ast-global-color-4)","background-image":"","background-repeat":"repeat","background-position":"center center","background-size":"auto","background-attachment":"scroll","background-type":"","background-media":"","overlay-type":"","overlay-color":"","overlay-opacity":"","overlay-gradient":""},"tablet":{"background-color":"","background-image":"","background-repeat":"repeat","background-position":"center center","background-size":"auto","background-attachment":"scroll","background-type":"","background-media":"","overlay-type":"","overlay-color":"","overlay-opacity":"","overlay-gradient":""},"mobile":{"background-color":"","background-image":"","background-repeat":"repeat","background-position":"center center","background-size":"auto","background-attachment":"scroll","background-type":"","background-media":"","overlay-type":"","overlay-color":"","overlay-opacity":"","overlay-gradient":""}},"ast-content-background-meta":{"desktop":{"background-color":"var(--ast-global-color-5)","background-image":"","background-repeat":"repeat","background-position":"center center","background-size":"auto","background-attachment":"scroll","background-type":"","background-media":"","overlay-type":"","overlay-color":"","overlay-opacity":"","overlay-gradient":""},"tablet":{"background-color":"var(--ast-global-color-5)","background-image":"","background-repeat":"repeat","background-position":"center center","background-size":"auto","background-attachment":"scroll","background-type":"","background-media":"","overlay-type":"","overlay-color":"","overlay-opacity":"","overlay-gradient":""},"mobile":{"background-color":"var(--ast-global-color-5)","background-image":"","background-repeat":"repeat","background-position":"center center","background-size":"auto","background-attachment":"scroll","background-type":"","background-media":"","overlay-type":"","overlay-color":"","overlay-opacity":"","overlay-gradient":""}},"jetpack_post_was_ever_published":false,"_joinchat":{"telephone":"+584121007616"}},"estado":[],"product_brand":[557],"product_cat":[48],"product_tag":[297],"class_list":{"0":"post-63721","1":"product","2":"type-product","3":"status-publish","4":"has-post-thumbnail","6":"product_brand-platinum","7":"product_cat-edificio","8":"product_tag-null","9":"product_shipping_class-null","10":"pa_asesor-atr-fabiola-josefina-ventura-revilla","11":"pa_oficina-atr-platinum","12":"pa_ubicacion-falcon","13":"desktop-align-left","14":"tablet-align-left","15":"mobile-align-left","17":"first","18":"instock","19":"shipping-taxable","20":"purchasable","21":"product-type-simple"},"acf":[],"uagb_featured_image_src":{"full":["https:\/\/i0.wp.com\/skygroup.com.ve\/web\/wp-content\/uploads\/2025\/04\/6477_1.jpeg?fit=1041%2C781&ssl=1",1041,781,false],"thumbnail":["https:\/\/i0.wp.com\/skygroup.com.ve\/web\/wp-content\/uploads\/2025\/04\/6477_1.jpeg?resize=150%2C150&ssl=1",150,150,true],"medium":["https:\/\/i0.wp.com\/skygroup.com.ve\/web\/wp-content\/uploads\/2025\/04\/6477_1.jpeg?fit=300%2C225&ssl=1",300,225,true],"medium_large":["https:\/\/i0.wp.com\/skygroup.com.ve\/web\/wp-content\/uploads\/2025\/04\/6477_1.jpeg?fit=768%2C576&ssl=1",768,576,true],"large":["https:\/\/i0.wp.com\/skygroup.com.ve\/web\/wp-content\/uploads\/2025\/04\/6477_1.jpeg?fit=1024%2C768&ssl=1",1024,768,true],"1536x1536":["https:\/\/i0.wp.com\/skygroup.com.ve\/web\/wp-content\/uploads\/2025\/04\/6477_1.jpeg?fit=1041%2C781&ssl=1",1041,781,true],"2048x2048":["https:\/\/i0.wp.com\/skygroup.com.ve\/web\/wp-content\/uploads\/2025\/04\/6477_1.jpeg?fit=1041%2C781&ssl=1",1041,781,true],"woocommerce_thumbnail":["https:\/\/i0.wp.com\/skygroup.com.ve\/web\/wp-content\/uploads\/2025\/04\/6477_1.jpeg?resize=300%2C300&ssl=1",300,300,true],"woocommerce_single":["https:\/\/i0.wp.com\/skygroup.com.ve\/web\/wp-content\/uploads\/2025\/04\/6477_1.jpeg?fit=600%2C450&ssl=1",600,450,true],"woocommerce_gallery_thumbnail":["https:\/\/i0.wp.com\/skygroup.com.ve\/web\/wp-content\/uploads\/2025\/04\/6477_1.jpeg?resize=100%2C100&ssl=1",100,100,true]},"uagb_author_info":{"display_name":"adminweb","author_link":"https:\/\/skygroup.com.ve\/web\/author\/"},"uagb_comment_info":0,"uagb_excerpt":"Sky Group PLATINUM Vende Edificio Edificio En La Av. Jacinto Lara; Punto Fijo, Falc\u00f3n","jetpack_sharing_enabled":true,"_links":{"self":[{"href":"https:\/\/skygroup.com.ve\/web\/wp-json\/wp\/v2\/product\/63721","targetHints":{"allow":["GET"]}}],"collection":[{"href":"https:\/\/skygroup.com.ve\/web\/wp-json\/wp\/v2\/product"}],"about":[{"href":"https:\/\/skygroup.com.ve\/web\/wp-json\/wp\/v2\/types\/product"}],"wp:featuredmedia":[{"embeddable":true,"href":"https:\/\/skygroup.com.ve\/web\/wp-json\/wp\/v2\/media\/62929"}],"wp:attachment":[{"href":"https:\/\/skygroup.com.ve\/web\/wp-json\/wp\/v2\/media?parent=63721"}],"wp:term":[{"taxonomy":"estado","embeddable":true,"href":"https:\/\/skygroup.com.ve\/web\/wp-json\/wp\/v2\/estado?post=63721"},{"taxonomy":"product_brand","embeddable":true,"href":"https:\/\/skygroup.com.ve\/web\/wp-json\/wp\/v2\/product_brand?post=63721"},{"taxonomy":"product_cat","embeddable":true,"href":"https:\/\/skygroup.com.ve\/web\/wp-json\/wp\/v2\/product_cat?post=63721"},{"taxonomy":"product_tag","embeddable":true,"href":"https:\/\/skygroup.com.ve\/web\/wp-json\/wp\/v2\/product_tag?post=63721"}],"curies":[{"name":"wp","href":"https:\/\/api.w.org\/{rel}","templated":true}]}}