{"id":63732,"date":"2025-04-04T00:29:41","date_gmt":"2025-04-04T04:29:41","guid":{"rendered":"https:\/\/skygroup.com.ve\/web\/producto\/vit-005-terreno-en-venta-alquiler-con-bienechurias-cerca-autopista-yagua-san-diego\/"},"modified":"2026-04-07T20:51:47","modified_gmt":"2026-04-08T00:51:47","slug":"vit-005-terreno-en-venta-alquiler-con-bienechurias-cerca-autopista-yagua-san-diego","status":"publish","type":"product","link":"https:\/\/skygroup.com.ve\/web\/producto\/vit-005-terreno-en-venta-alquiler-con-bienechurias-cerca-autopista-yagua-san-diego\/","title":{"rendered":"VIT-005 Terreno en Venta &#8211; Alquiler Con Bienechurias Cerca Autopista Yagua San Diego"},"content":{"rendered":"<p>Terreno de 10.000 Mts2 en venta, consta de las siguientes bienhechur\u00edas:<br \/>\nSuperficie asfaltada 80% en su totalidad,<br \/>\n514 metros de oficinas con aire Acondicionado.<br \/>\nPared perimetral de Bloques con cerco el\u00e9ctrico<br \/>\nGarita de vigilancia con a\/a y respectivo ba\u00f1o.<br \/>\nPort\u00f3n El\u00e9ctrico,<br \/>\nPlanta El\u00e9ctrica y pozo propio. Adem\u00e1s de tanque de 40 mil litros.<br \/>\nRampa para lavado de veh\u00edculos peque\u00f1os y Gandolas. Con su respectiva bomba de aire a presi\u00f3n<br \/>\nTrampa de aceite para el \u00e1rea de auto lavado.<br \/>\n\u00c1reas de Talleres Techados (Mecanico y latoner\u00eda y pintura) con sus respectivas oficinas de Jefes de taller con a\/a.<br \/>\nArea de duchas y lokers para trabajadores<br \/>\nEspectaculares areas sociales: Caney con a\/a, cancha de b\u00e1squet, cancha de Bolas Criollas, caballerizas<\/p>\n","protected":false},"excerpt":{"rendered":"<p>Sky Group VISION &#8211; VALENCIA Vende o Alquila Terreno Con Bienechurias Cerca Autopista Yagua San Diego<\/p>\n","protected":false},"featured_media":63050,"template":"","meta":{"_acf_changed":false,"_uag_custom_page_level_css":"","site-sidebar-layout":"default","site-content-layout":"","ast-site-content-layout":"default","site-content-style":"default","site-sidebar-style":"default","ast-global-header-display":"","ast-banner-title-visibility":"","ast-main-header-display":"","ast-hfb-above-header-display":"","ast-hfb-below-header-display":"","ast-hfb-mobile-header-display":"","site-post-title":"","ast-breadcrumbs-content":"","ast-featured-img":"","footer-sml-layout":"","ast-disable-related-posts":"","theme-transparent-header-meta":"default","adv-header-id-meta":"","stick-header-meta":"","header-above-stick-meta":"","header-main-stick-meta":"","header-below-stick-meta":"","astra-migrate-meta-layouts":"default","ast-page-background-enabled":"default","ast-page-background-meta":{"desktop":{"background-color":"var(--ast-global-color-4)","background-image":"","background-repeat":"repeat","background-position":"center center","background-size":"auto","background-attachment":"scroll","background-type":"","background-media":"","overlay-type":"","overlay-color":"","overlay-opacity":"","overlay-gradient":""},"tablet":{"background-color":"","background-image":"","background-repeat":"repeat","background-position":"center center","background-size":"auto","background-attachment":"scroll","background-type":"","background-media":"","overlay-type":"","overlay-color":"","overlay-opacity":"","overlay-gradient":""},"mobile":{"background-color":"","background-image":"","background-repeat":"repeat","background-position":"center center","background-size":"auto","background-attachment":"scroll","background-type":"","background-media":"","overlay-type":"","overlay-color":"","overlay-opacity":"","overlay-gradient":""}},"ast-content-background-meta":{"desktop":{"background-color":"var(--ast-global-color-5)","background-image":"","background-repeat":"repeat","background-position":"center center","background-size":"auto","background-attachment":"scroll","background-type":"","background-media":"","overlay-type":"","overlay-color":"","overlay-opacity":"","overlay-gradient":""},"tablet":{"background-color":"var(--ast-global-color-5)","background-image":"","background-repeat":"repeat","background-position":"center center","background-size":"auto","background-attachment":"scroll","background-type":"","background-media":"","overlay-type":"","overlay-color":"","overlay-opacity":"","overlay-gradient":""},"mobile":{"background-color":"var(--ast-global-color-5)","background-image":"","background-repeat":"repeat","background-position":"center center","background-size":"auto","background-attachment":"scroll","background-type":"","background-media":"","overlay-type":"","overlay-color":"","overlay-opacity":"","overlay-gradient":""}},"jetpack_post_was_ever_published":false,"_joinchat":{"telephone":"+584244189599"}},"estado":[],"product_brand":[561],"product_cat":[53],"product_tag":[297],"class_list":{"0":"post-63732","1":"product","2":"type-product","3":"status-publish","4":"has-post-thumbnail","6":"product_brand-vision-valencia","7":"product_cat-terreno","8":"product_tag-null","9":"product_shipping_class-null","10":"pa_asesor-atr-daniela-alejandra-trujillo-orozco","11":"pa_oficina-atr-vision-valencia","12":"pa_ubicacion-carabobo","13":"desktop-align-left","14":"tablet-align-left","15":"mobile-align-left","17":"first","18":"instock","19":"shipping-taxable","20":"purchasable","21":"product-type-simple"},"acf":[],"uagb_featured_image_src":{"full":["https:\/\/i0.wp.com\/skygroup.com.ve\/web\/wp-content\/uploads\/2025\/04\/7207_1.jpeg?fit=1024%2C600&ssl=1",1024,600,false],"thumbnail":["https:\/\/i0.wp.com\/skygroup.com.ve\/web\/wp-content\/uploads\/2025\/04\/7207_1.jpeg?resize=150%2C150&ssl=1",150,150,true],"medium":["https:\/\/i0.wp.com\/skygroup.com.ve\/web\/wp-content\/uploads\/2025\/04\/7207_1.jpeg?fit=300%2C176&ssl=1",300,176,true],"medium_large":["https:\/\/i0.wp.com\/skygroup.com.ve\/web\/wp-content\/uploads\/2025\/04\/7207_1.jpeg?fit=768%2C450&ssl=1",768,450,true],"large":["https:\/\/i0.wp.com\/skygroup.com.ve\/web\/wp-content\/uploads\/2025\/04\/7207_1.jpeg?fit=1024%2C600&ssl=1",1024,600,true],"1536x1536":["https:\/\/i0.wp.com\/skygroup.com.ve\/web\/wp-content\/uploads\/2025\/04\/7207_1.jpeg?fit=1024%2C600&ssl=1",1024,600,true],"2048x2048":["https:\/\/i0.wp.com\/skygroup.com.ve\/web\/wp-content\/uploads\/2025\/04\/7207_1.jpeg?fit=1024%2C600&ssl=1",1024,600,true],"woocommerce_thumbnail":["https:\/\/i0.wp.com\/skygroup.com.ve\/web\/wp-content\/uploads\/2025\/04\/7207_1.jpeg?resize=300%2C300&ssl=1",300,300,true],"woocommerce_single":["https:\/\/i0.wp.com\/skygroup.com.ve\/web\/wp-content\/uploads\/2025\/04\/7207_1.jpeg?fit=600%2C352&ssl=1",600,352,true],"woocommerce_gallery_thumbnail":["https:\/\/i0.wp.com\/skygroup.com.ve\/web\/wp-content\/uploads\/2025\/04\/7207_1.jpeg?resize=100%2C100&ssl=1",100,100,true]},"uagb_author_info":{"display_name":"adminweb","author_link":"https:\/\/skygroup.com.ve\/web\/author\/"},"uagb_comment_info":0,"uagb_excerpt":"Sky Group VISION - VALENCIA Vende o Alquila Terreno Con Bienechurias Cerca Autopista Yagua San Diego","jetpack_sharing_enabled":true,"_links":{"self":[{"href":"https:\/\/skygroup.com.ve\/web\/wp-json\/wp\/v2\/product\/63732","targetHints":{"allow":["GET"]}}],"collection":[{"href":"https:\/\/skygroup.com.ve\/web\/wp-json\/wp\/v2\/product"}],"about":[{"href":"https:\/\/skygroup.com.ve\/web\/wp-json\/wp\/v2\/types\/product"}],"wp:featuredmedia":[{"embeddable":true,"href":"https:\/\/skygroup.com.ve\/web\/wp-json\/wp\/v2\/media\/63050"}],"wp:attachment":[{"href":"https:\/\/skygroup.com.ve\/web\/wp-json\/wp\/v2\/media?parent=63732"}],"wp:term":[{"taxonomy":"estado","embeddable":true,"href":"https:\/\/skygroup.com.ve\/web\/wp-json\/wp\/v2\/estado?post=63732"},{"taxonomy":"product_brand","embeddable":true,"href":"https:\/\/skygroup.com.ve\/web\/wp-json\/wp\/v2\/product_brand?post=63732"},{"taxonomy":"product_cat","embeddable":true,"href":"https:\/\/skygroup.com.ve\/web\/wp-json\/wp\/v2\/product_cat?post=63732"},{"taxonomy":"product_tag","embeddable":true,"href":"https:\/\/skygroup.com.ve\/web\/wp-json\/wp\/v2\/product_tag?post=63732"}],"curies":[{"name":"wp","href":"https:\/\/api.w.org\/{rel}","templated":true}]}}