{"id":64761,"date":"2025-04-07T23:23:21","date_gmt":"2025-04-08T03:23:21","guid":{"rendered":"https:\/\/skygroup.com.ve\/web\/producto\/vic-037-casa-en-venta-d-42\/"},"modified":"2026-04-07T20:51:52","modified_gmt":"2026-04-08T00:51:52","slug":"vic-037-casa-en-venta-d-42","status":"publish","type":"product","link":"https:\/\/skygroup.com.ve\/web\/producto\/vic-037-casa-en-venta-d-42\/","title":{"rendered":"VIC-037 Casa en Venta D-42"},"content":{"rendered":"<p>Sky Group Vision vende una espectacular Casa  en la urbanizaci\u00f3n terrazas del country.<br \/>\nEsta propiedad esta construida sobre un terreno de 1200mts2, \u00e1rea de construccion de 1400 mts2.<br \/>\nla casa consta de dos niveles y esta distribuida por sala, comedor y cocina empotrada y equipada.<br \/>\nhabitaci\u00f3n de servicio con su ba\u00f1o privado<br \/>\namoblado<br \/>\nposee 5 amplias habitaciones con su respectivo vestier y ba\u00f1o privado<br \/>\npiso de marmol en todos los ambientes y porcelanato en los ba\u00f1os.<br \/>\n\u00e1reas adicionales: Family room, 1 estudio, lavander\u00eda, cuarto de maquina y maleteros.<br \/>\nCuenta con un total de 9 ba\u00f1os y estacionamiento para 6 vehiculos.<br \/>\nplanta el\u00e9ctrica 50 kva, aire acondicionado para todos los ambientes, pozo y tanque de agua 30.000 litros con sistema hidroneumatico.<br \/>\nen el area exterior podemos observar una espectacular piscina y \u00e1rea de parrillera, bellos jardines y ba\u00f1o en el \u00e1rea social.<br \/>\nCodigo: VIC-037<br \/>\nPrecio 2.000.000$<br \/>\nAsesoras<br \/>\nCarmen Novielli<br \/>\n0414-4236515<br \/>\nFabiana Suarez<br \/>\n0424-4522587<br \/>\nL. Personal<br \/>\nSky Group Vision.<\/p>\n","protected":false},"excerpt":{"rendered":"<p>Sky Group VISION &#8211; VALENCIA Vende Casa D-42<\/p>\n","protected":false},"featured_media":64305,"template":"","meta":{"_acf_changed":false,"_uag_custom_page_level_css":"","site-sidebar-layout":"default","site-content-layout":"","ast-site-content-layout":"default","site-content-style":"default","site-sidebar-style":"default","ast-global-header-display":"","ast-banner-title-visibility":"","ast-main-header-display":"","ast-hfb-above-header-display":"","ast-hfb-below-header-display":"","ast-hfb-mobile-header-display":"","site-post-title":"","ast-breadcrumbs-content":"","ast-featured-img":"","footer-sml-layout":"","ast-disable-related-posts":"","theme-transparent-header-meta":"default","adv-header-id-meta":"","stick-header-meta":"","header-above-stick-meta":"","header-main-stick-meta":"","header-below-stick-meta":"","astra-migrate-meta-layouts":"default","ast-page-background-enabled":"default","ast-page-background-meta":{"desktop":{"background-color":"var(--ast-global-color-4)","background-image":"","background-repeat":"repeat","background-position":"center center","background-size":"auto","background-attachment":"scroll","background-type":"","background-media":"","overlay-type":"","overlay-color":"","overlay-opacity":"","overlay-gradient":""},"tablet":{"background-color":"","background-image":"","background-repeat":"repeat","background-position":"center center","background-size":"auto","background-attachment":"scroll","background-type":"","background-media":"","overlay-type":"","overlay-color":"","overlay-opacity":"","overlay-gradient":""},"mobile":{"background-color":"","background-image":"","background-repeat":"repeat","background-position":"center center","background-size":"auto","background-attachment":"scroll","background-type":"","background-media":"","overlay-type":"","overlay-color":"","overlay-opacity":"","overlay-gradient":""}},"ast-content-background-meta":{"desktop":{"background-color":"var(--ast-global-color-5)","background-image":"","background-repeat":"repeat","background-position":"center center","background-size":"auto","background-attachment":"scroll","background-type":"","background-media":"","overlay-type":"","overlay-color":"","overlay-opacity":"","overlay-gradient":""},"tablet":{"background-color":"var(--ast-global-color-5)","background-image":"","background-repeat":"repeat","background-position":"center center","background-size":"auto","background-attachment":"scroll","background-type":"","background-media":"","overlay-type":"","overlay-color":"","overlay-opacity":"","overlay-gradient":""},"mobile":{"background-color":"var(--ast-global-color-5)","background-image":"","background-repeat":"repeat","background-position":"center center","background-size":"auto","background-attachment":"scroll","background-type":"","background-media":"","overlay-type":"","overlay-color":"","overlay-opacity":"","overlay-gradient":""}},"jetpack_post_was_ever_published":false,"_joinchat":{"telephone":"+584144236515"}},"estado":[],"product_brand":[561],"product_cat":[47],"product_tag":[297],"class_list":{"0":"post-64761","1":"product","2":"type-product","3":"status-publish","4":"has-post-thumbnail","6":"product_brand-vision-valencia","7":"product_cat-casa","8":"product_tag-null","9":"product_shipping_class-null","10":"pa_asesor-atr-carmen-del-rosario-novielli-scalera","11":"pa_oficina-atr-vision-valencia","12":"pa_ubicacion-carabobo","13":"desktop-align-left","14":"tablet-align-left","15":"mobile-align-left","17":"first","18":"instock","19":"shipping-taxable","20":"purchasable","21":"product-type-simple"},"acf":[],"uagb_featured_image_src":{"full":["https:\/\/i0.wp.com\/skygroup.com.ve\/web\/wp-content\/uploads\/2025\/04\/7620_1.jpeg?fit=810%2C1080&ssl=1",810,1080,false],"thumbnail":["https:\/\/i0.wp.com\/skygroup.com.ve\/web\/wp-content\/uploads\/2025\/04\/7620_1.jpeg?resize=150%2C150&ssl=1",150,150,true],"medium":["https:\/\/i0.wp.com\/skygroup.com.ve\/web\/wp-content\/uploads\/2025\/04\/7620_1.jpeg?fit=225%2C300&ssl=1",225,300,true],"medium_large":["https:\/\/i0.wp.com\/skygroup.com.ve\/web\/wp-content\/uploads\/2025\/04\/7620_1.jpeg?fit=768%2C1024&ssl=1",768,1024,true],"large":["https:\/\/i0.wp.com\/skygroup.com.ve\/web\/wp-content\/uploads\/2025\/04\/7620_1.jpeg?fit=768%2C1024&ssl=1",768,1024,true],"1536x1536":["https:\/\/i0.wp.com\/skygroup.com.ve\/web\/wp-content\/uploads\/2025\/04\/7620_1.jpeg?fit=810%2C1080&ssl=1",810,1080,true],"2048x2048":["https:\/\/i0.wp.com\/skygroup.com.ve\/web\/wp-content\/uploads\/2025\/04\/7620_1.jpeg?fit=810%2C1080&ssl=1",810,1080,true],"woocommerce_thumbnail":["https:\/\/i0.wp.com\/skygroup.com.ve\/web\/wp-content\/uploads\/2025\/04\/7620_1.jpeg?resize=300%2C300&ssl=1",300,300,true],"woocommerce_single":["https:\/\/i0.wp.com\/skygroup.com.ve\/web\/wp-content\/uploads\/2025\/04\/7620_1.jpeg?fit=600%2C800&ssl=1",600,800,true],"woocommerce_gallery_thumbnail":["https:\/\/i0.wp.com\/skygroup.com.ve\/web\/wp-content\/uploads\/2025\/04\/7620_1.jpeg?resize=100%2C100&ssl=1",100,100,true]},"uagb_author_info":{"display_name":"adminweb","author_link":"https:\/\/skygroup.com.ve\/web\/author\/"},"uagb_comment_info":0,"uagb_excerpt":"Sky Group VISION - VALENCIA Vende Casa D-42","jetpack_sharing_enabled":true,"_links":{"self":[{"href":"https:\/\/skygroup.com.ve\/web\/wp-json\/wp\/v2\/product\/64761","targetHints":{"allow":["GET"]}}],"collection":[{"href":"https:\/\/skygroup.com.ve\/web\/wp-json\/wp\/v2\/product"}],"about":[{"href":"https:\/\/skygroup.com.ve\/web\/wp-json\/wp\/v2\/types\/product"}],"wp:featuredmedia":[{"embeddable":true,"href":"https:\/\/skygroup.com.ve\/web\/wp-json\/wp\/v2\/media\/64305"}],"wp:attachment":[{"href":"https:\/\/skygroup.com.ve\/web\/wp-json\/wp\/v2\/media?parent=64761"}],"wp:term":[{"taxonomy":"estado","embeddable":true,"href":"https:\/\/skygroup.com.ve\/web\/wp-json\/wp\/v2\/estado?post=64761"},{"taxonomy":"product_brand","embeddable":true,"href":"https:\/\/skygroup.com.ve\/web\/wp-json\/wp\/v2\/product_brand?post=64761"},{"taxonomy":"product_cat","embeddable":true,"href":"https:\/\/skygroup.com.ve\/web\/wp-json\/wp\/v2\/product_cat?post=64761"},{"taxonomy":"product_tag","embeddable":true,"href":"https:\/\/skygroup.com.ve\/web\/wp-json\/wp\/v2\/product_tag?post=64761"}],"curies":[{"name":"wp","href":"https:\/\/api.w.org\/{rel}","templated":true}]}}