{"id":65282,"date":"2025-04-09T23:39:00","date_gmt":"2025-04-10T03:39:00","guid":{"rendered":"https:\/\/skygroup.com.ve\/web\/producto\/plc-1178-casa-en-venta-de-campo-en-miraca\/"},"modified":"2026-04-07T20:51:53","modified_gmt":"2026-04-08T00:51:53","slug":"plc-1178-casa-en-venta-de-campo-en-miraca","status":"publish","type":"product","link":"https:\/\/skygroup.com.ve\/web\/producto\/plc-1178-casa-en-venta-de-campo-en-miraca\/","title":{"rendered":"PLC-1178 Casa en Venta De Campo En Miraca"},"content":{"rendered":"<p>Sky Group Platinum Vende Casa de campo.<br \/>\n\u00bfImaginas vivir en una casa de campo? Una casa que te  haga sentir como si estuvieras en una paz y tranquilidad, lejos del ruido de la ciudad y rodeado de naturaleza. Esta casa se encuentra ubicada en el sector de Miraca en el Municipio  Falc\u00f3n.<br \/>\nCon una construcci\u00f3n de 238,13 m2 ofrece un amplio espacio habitable con 2 habitaciones, 1 ba\u00f1o, sala\/ comedor\/cocina en concepto abierto,  garaje techado,   y para m\u00e1s comodidad en la parte exterior cuenta con 4 habitaciones, 3 ba\u00f1os, Piscina, \u00e1rea de Parrillera.<br \/>\nCon un terreno de 635 m2 totalmente cercado. Si te gusta la vida en el campo y deseas vivir en un ambiente tranquilo y relajado esta propiedad es definitivamente para ti. <\/p>\n<p>*PLUS*<br \/>\n\u2022        Totalmente amoblado<br \/>\n\u2022        1 habitaci\u00f3n amplia con literas.<br \/>\n\u2022         Sistema el\u00e9ctrico propio de la casa (Transformador)<br \/>\n\u2022\t2 tanques subterr\u00e1neo (01 de 12.000 litros, 01 de 10.000 litros) para un total 22.000 litros de almacenamiento de agua.<br \/>\n\u2022\tPiscina con instalaci\u00f3n para el sistema de bomba.<br \/>\n\u2022        Hidroneum\u00e1tico con una bomba de \u00bd Hp<br \/>\n\u2022        1 Aire acondicionado<br \/>\n\u2022\t1 nevera<br \/>\n\u2022        1 cocina<br \/>\n\u2022        1 juego de muebles de madera de suela<br \/>\n\u2022\t1 juego de Bar en madera de caoba<br \/>\n\u2022\tServicio de internet.<\/p>\n<p>No pierdas la oportunidad \u00fanica de adquirir un lugar para disfrutar de la naturaleza y vivir una vida saludable lejos del ruido de la ciudad. \u00a1Cont\u00e1ctanos hoy mismo para obtener m\u00e1s informaci\u00f3n sobre este incre\u00edble propiedad en el Municipio  Falc\u00f3n!<\/p>\n","protected":false},"excerpt":{"rendered":"<p>Sky Group PLATINUM Vende Casa De Campo En Miraca<\/p>\n","protected":false},"featured_media":65211,"template":"","meta":{"_acf_changed":false,"_uag_custom_page_level_css":"","site-sidebar-layout":"default","site-content-layout":"","ast-site-content-layout":"default","site-content-style":"default","site-sidebar-style":"default","ast-global-header-display":"","ast-banner-title-visibility":"","ast-main-header-display":"","ast-hfb-above-header-display":"","ast-hfb-below-header-display":"","ast-hfb-mobile-header-display":"","site-post-title":"","ast-breadcrumbs-content":"","ast-featured-img":"","footer-sml-layout":"","ast-disable-related-posts":"","theme-transparent-header-meta":"default","adv-header-id-meta":"","stick-header-meta":"","header-above-stick-meta":"","header-main-stick-meta":"","header-below-stick-meta":"","astra-migrate-meta-layouts":"default","ast-page-background-enabled":"default","ast-page-background-meta":{"desktop":{"background-color":"var(--ast-global-color-4)","background-image":"","background-repeat":"repeat","background-position":"center center","background-size":"auto","background-attachment":"scroll","background-type":"","background-media":"","overlay-type":"","overlay-color":"","overlay-opacity":"","overlay-gradient":""},"tablet":{"background-color":"","background-image":"","background-repeat":"repeat","background-position":"center center","background-size":"auto","background-attachment":"scroll","background-type":"","background-media":"","overlay-type":"","overlay-color":"","overlay-opacity":"","overlay-gradient":""},"mobile":{"background-color":"","background-image":"","background-repeat":"repeat","background-position":"center center","background-size":"auto","background-attachment":"scroll","background-type":"","background-media":"","overlay-type":"","overlay-color":"","overlay-opacity":"","overlay-gradient":""}},"ast-content-background-meta":{"desktop":{"background-color":"var(--ast-global-color-5)","background-image":"","background-repeat":"repeat","background-position":"center center","background-size":"auto","background-attachment":"scroll","background-type":"","background-media":"","overlay-type":"","overlay-color":"","overlay-opacity":"","overlay-gradient":""},"tablet":{"background-color":"var(--ast-global-color-5)","background-image":"","background-repeat":"repeat","background-position":"center center","background-size":"auto","background-attachment":"scroll","background-type":"","background-media":"","overlay-type":"","overlay-color":"","overlay-opacity":"","overlay-gradient":""},"mobile":{"background-color":"var(--ast-global-color-5)","background-image":"","background-repeat":"repeat","background-position":"center center","background-size":"auto","background-attachment":"scroll","background-type":"","background-media":"","overlay-type":"","overlay-color":"","overlay-opacity":"","overlay-gradient":""}},"jetpack_post_was_ever_published":false,"_joinchat":{"telephone":"+584121007616"}},"estado":[],"product_brand":[557],"product_cat":[47],"product_tag":[297],"class_list":{"0":"post-65282","1":"product","2":"type-product","3":"status-publish","4":"has-post-thumbnail","6":"product_brand-platinum","7":"product_cat-casa","8":"product_tag-null","9":"product_shipping_class-null","10":"pa_asesor-atr-fabiola-josefina-ventura-revilla","11":"pa_oficina-atr-platinum","12":"pa_ubicacion-falcon","13":"desktop-align-left","14":"tablet-align-left","15":"mobile-align-left","17":"first","18":"instock","19":"shipping-taxable","20":"purchasable","21":"product-type-simple"},"acf":[],"uagb_featured_image_src":{"full":["https:\/\/i0.wp.com\/skygroup.com.ve\/web\/wp-content\/uploads\/2025\/04\/8124_11.jpeg?fit=1041%2C781&ssl=1",1041,781,false],"thumbnail":["https:\/\/i0.wp.com\/skygroup.com.ve\/web\/wp-content\/uploads\/2025\/04\/8124_11.jpeg?resize=150%2C150&ssl=1",150,150,true],"medium":["https:\/\/i0.wp.com\/skygroup.com.ve\/web\/wp-content\/uploads\/2025\/04\/8124_11.jpeg?fit=300%2C225&ssl=1",300,225,true],"medium_large":["https:\/\/i0.wp.com\/skygroup.com.ve\/web\/wp-content\/uploads\/2025\/04\/8124_11.jpeg?fit=768%2C576&ssl=1",768,576,true],"large":["https:\/\/i0.wp.com\/skygroup.com.ve\/web\/wp-content\/uploads\/2025\/04\/8124_11.jpeg?fit=1024%2C768&ssl=1",1024,768,true],"1536x1536":["https:\/\/i0.wp.com\/skygroup.com.ve\/web\/wp-content\/uploads\/2025\/04\/8124_11.jpeg?fit=1041%2C781&ssl=1",1041,781,true],"2048x2048":["https:\/\/i0.wp.com\/skygroup.com.ve\/web\/wp-content\/uploads\/2025\/04\/8124_11.jpeg?fit=1041%2C781&ssl=1",1041,781,true],"woocommerce_thumbnail":["https:\/\/i0.wp.com\/skygroup.com.ve\/web\/wp-content\/uploads\/2025\/04\/8124_11.jpeg?resize=300%2C300&ssl=1",300,300,true],"woocommerce_single":["https:\/\/i0.wp.com\/skygroup.com.ve\/web\/wp-content\/uploads\/2025\/04\/8124_11.jpeg?fit=600%2C450&ssl=1",600,450,true],"woocommerce_gallery_thumbnail":["https:\/\/i0.wp.com\/skygroup.com.ve\/web\/wp-content\/uploads\/2025\/04\/8124_11.jpeg?resize=100%2C100&ssl=1",100,100,true]},"uagb_author_info":{"display_name":"adminweb","author_link":"https:\/\/skygroup.com.ve\/web\/author\/"},"uagb_comment_info":0,"uagb_excerpt":"Sky Group PLATINUM Vende Casa De Campo En Miraca","jetpack_sharing_enabled":true,"_links":{"self":[{"href":"https:\/\/skygroup.com.ve\/web\/wp-json\/wp\/v2\/product\/65282","targetHints":{"allow":["GET"]}}],"collection":[{"href":"https:\/\/skygroup.com.ve\/web\/wp-json\/wp\/v2\/product"}],"about":[{"href":"https:\/\/skygroup.com.ve\/web\/wp-json\/wp\/v2\/types\/product"}],"wp:featuredmedia":[{"embeddable":true,"href":"https:\/\/skygroup.com.ve\/web\/wp-json\/wp\/v2\/media\/65211"}],"wp:attachment":[{"href":"https:\/\/skygroup.com.ve\/web\/wp-json\/wp\/v2\/media?parent=65282"}],"wp:term":[{"taxonomy":"estado","embeddable":true,"href":"https:\/\/skygroup.com.ve\/web\/wp-json\/wp\/v2\/estado?post=65282"},{"taxonomy":"product_brand","embeddable":true,"href":"https:\/\/skygroup.com.ve\/web\/wp-json\/wp\/v2\/product_brand?post=65282"},{"taxonomy":"product_cat","embeddable":true,"href":"https:\/\/skygroup.com.ve\/web\/wp-json\/wp\/v2\/product_cat?post=65282"},{"taxonomy":"product_tag","embeddable":true,"href":"https:\/\/skygroup.com.ve\/web\/wp-json\/wp\/v2\/product_tag?post=65282"}],"curies":[{"name":"wp","href":"https:\/\/api.w.org\/{rel}","templated":true}]}}