{"id":66575,"date":"2025-04-13T13:05:01","date_gmt":"2025-04-13T17:05:01","guid":{"rendered":"https:\/\/skygroup.com.ve\/web\/producto\/pled-012-edificio-en-venta-con-galpones-en-punto-fijo\/"},"modified":"2026-04-07T20:51:53","modified_gmt":"2026-04-08T00:51:53","slug":"pled-012-edificio-en-venta-con-galpones-en-punto-fijo","status":"publish","type":"product","link":"https:\/\/skygroup.com.ve\/web\/producto\/pled-012-edificio-en-venta-con-galpones-en-punto-fijo\/","title":{"rendered":"PLED-012 Edificio en Venta Con Galpones En Punto Fijo"},"content":{"rendered":"<p>SKY GROUP PLATINUM VENDE O ALQUILA<\/p>\n<p>Edificio con arquitectura moderna con 3 Galpones construidos sobre un \u00e1rea total de 12.500 m2 de terreno distribuidos en 7.870 m2 de terreno y 4.898,15 m2 de construcci\u00f3n.<\/p>\n<p>Las edificaciones son, un Edificio de oficinas, 3 Galpones \/ Almacenaje, los galpones tienen dep\u00f3sito y cuentan con la instalaci\u00f3n de ducteria para colocar aires acondicionado para mercanc\u00eda que necesiten estar en ambientes fr\u00edos o climatizados, cada uno cuenta con mezzanina,  estacionamiento, caseta de vigilancia. Excelente ubicaci\u00f3n estrat\u00e9gica para entrada y salida de veh\u00edculos y acceso a la autopista. <\/p>\n<p>Dicho Edificio es de dos (02) pisos, la cual cuenta con varios ambientes y\/o \u00e1reas  de trabajo, pisos de Porcelanato, acabados de primera, cada oficina separada con marcos de aluminio y vidrio. La construcci\u00f3n del Edificio y galpones  est\u00e1n dise\u00f1ados de forma funcional para la entrada, salida, carga y descarga de productos y todo tipo de mercanc\u00eda, con suficiente espacio para maniobrar montacargas y otros equipos. <\/p>\n<p>La construcci\u00f3n est\u00e1 hecha en concreto armado, con paredes altas para mayor seguridad. Pared perimetral en los 12.500 m2.  Cuenta tambi\u00e9n con toda la instalaci\u00f3n lista para colocar Planta el\u00e9ctrica. Todo el piso del Galp\u00f3n es de concreto con un vaciado que resiste el peso de veh\u00edculos pesados.<\/p>\n<p> EDIFICIO<\/p>\n<p> \u00b7        Recepci\u00f3n<\/p>\n<p>\u00b7        Oficina administrativa<\/p>\n<p>\u00b7        4 Oficinas de ventas.<\/p>\n<p>\u00b7        Zona para auxiliar contable o administrativo<\/p>\n<p>\u00b7        2 Oficinas de Presidencia<\/p>\n<p>\u00b7        4 Ba\u00f1os<\/p>\n<p>\u00b7        Sala de enfermer\u00eda<\/p>\n<p>\u00b7        Archivo<\/p>\n<p>\u00b7        Cocina<\/p>\n<p>\u00b7        Comedor<\/p>\n<p>\u00b7        Terraza interna<\/p>\n<p>\u00b7        Terraza externa PA<\/p>\n<p>\u00b7        Sal\u00f3n de reuniones PA.<\/p>\n<p>\u00b7        \u00c1reas verdes<\/p>\n<p>GALPONES:<\/p>\n<p>\u00b7        3 Galpones  de 831,80 m2  c\/u con dep\u00f3sito cerrado y mezzanina<\/p>\n<p>\u00b7        2 Ba\u00f1os<\/p>\n<p>\u00b7        Zona de Cocina\/comedor.<\/p>\n<p>\u00c1rea del Galp\u00f3n externo<\/p>\n<p>\u00b7        Entrada y salida de Veh\u00edculos Pesados<\/p>\n<p>\u00b7        Espacio suficiente para la descarga y carga de mercanc\u00eda y maniobra de montacargas.<\/p>\n<p>\u00b7        Estacionamiento en el zona de los Galpones<\/p>\n<p>\u00b7        Estacionamiento en la zona del Edificio<\/p>\n<p>\u00b7        1 tanque Subterr\u00e1neo de 15.000 litros de agua<\/p>\n<p>\u00b7        1 sistema de hidroneum\u00e1tico y bomba de 3 hp<\/p>\n<p>\u00b7        Zona donde va la planta el\u00e9ctrica con toda su instalaci\u00f3n lista para su funcionamiento, est\u00e1 techado y cuenta con su port\u00f3n.<\/p>\n<p>\u00b7        1 garita para el Vigilante.<\/p>\n<p>\u00b7        1 Ba\u00f1o.<\/p>\n<p>PLUS:<\/p>\n<p>\u00b7        Excelente Ubicaci\u00f3n estrat\u00e9gica<\/p>\n<p>\u00b7        Excelente edificaci\u00f3n y construcci\u00f3n.<\/p>\n<p>\u00b7   1 Tanque subterr\u00e1neo capacidad de 15.000 litros de agua.<\/p>\n<p>\u00b7        Planos y proyecto para la ampliaci\u00f3n<\/p>\n<p>Cont\u00e1ctanos para m\u00e1s informaci\u00f3n<\/p>\n","protected":false},"excerpt":{"rendered":"<p>Sky Group PLATINUM Vende Edificio Con Galpones En Punto Fijo<\/p>\n","protected":false},"featured_media":66108,"template":"","meta":{"_acf_changed":false,"_uag_custom_page_level_css":"","site-sidebar-layout":"default","site-content-layout":"","ast-site-content-layout":"default","site-content-style":"default","site-sidebar-style":"default","ast-global-header-display":"","ast-banner-title-visibility":"","ast-main-header-display":"","ast-hfb-above-header-display":"","ast-hfb-below-header-display":"","ast-hfb-mobile-header-display":"","site-post-title":"","ast-breadcrumbs-content":"","ast-featured-img":"","footer-sml-layout":"","ast-disable-related-posts":"","theme-transparent-header-meta":"default","adv-header-id-meta":"","stick-header-meta":"","header-above-stick-meta":"","header-main-stick-meta":"","header-below-stick-meta":"","astra-migrate-meta-layouts":"default","ast-page-background-enabled":"default","ast-page-background-meta":{"desktop":{"background-color":"var(--ast-global-color-4)","background-image":"","background-repeat":"repeat","background-position":"center center","background-size":"auto","background-attachment":"scroll","background-type":"","background-media":"","overlay-type":"","overlay-color":"","overlay-opacity":"","overlay-gradient":""},"tablet":{"background-color":"","background-image":"","background-repeat":"repeat","background-position":"center center","background-size":"auto","background-attachment":"scroll","background-type":"","background-media":"","overlay-type":"","overlay-color":"","overlay-opacity":"","overlay-gradient":""},"mobile":{"background-color":"","background-image":"","background-repeat":"repeat","background-position":"center center","background-size":"auto","background-attachment":"scroll","background-type":"","background-media":"","overlay-type":"","overlay-color":"","overlay-opacity":"","overlay-gradient":""}},"ast-content-background-meta":{"desktop":{"background-color":"var(--ast-global-color-5)","background-image":"","background-repeat":"repeat","background-position":"center center","background-size":"auto","background-attachment":"scroll","background-type":"","background-media":"","overlay-type":"","overlay-color":"","overlay-opacity":"","overlay-gradient":""},"tablet":{"background-color":"var(--ast-global-color-5)","background-image":"","background-repeat":"repeat","background-position":"center center","background-size":"auto","background-attachment":"scroll","background-type":"","background-media":"","overlay-type":"","overlay-color":"","overlay-opacity":"","overlay-gradient":""},"mobile":{"background-color":"var(--ast-global-color-5)","background-image":"","background-repeat":"repeat","background-position":"center center","background-size":"auto","background-attachment":"scroll","background-type":"","background-media":"","overlay-type":"","overlay-color":"","overlay-opacity":"","overlay-gradient":""}},"jetpack_post_was_ever_published":false,"_joinchat":{"telephone":"+584121007616"}},"estado":[],"product_brand":[557],"product_cat":[48],"product_tag":[297],"class_list":{"0":"post-66575","1":"product","2":"type-product","3":"status-publish","4":"has-post-thumbnail","6":"product_brand-platinum","7":"product_cat-edificio","8":"product_tag-null","9":"product_shipping_class-null","10":"pa_asesor-atr-fabiola-josefina-ventura-revilla","11":"pa_oficina-atr-platinum","12":"pa_ubicacion-falcon","13":"desktop-align-left","14":"tablet-align-left","15":"mobile-align-left","17":"first","18":"instock","19":"shipping-taxable","20":"purchasable","21":"product-type-simple"},"acf":[],"uagb_featured_image_src":{"full":["https:\/\/i0.wp.com\/skygroup.com.ve\/web\/wp-content\/uploads\/2025\/04\/1451_pled-0121.jpg?fit=800%2C600&ssl=1",800,600,false],"thumbnail":["https:\/\/i0.wp.com\/skygroup.com.ve\/web\/wp-content\/uploads\/2025\/04\/1451_pled-0121.jpg?resize=150%2C150&ssl=1",150,150,true],"medium":["https:\/\/i0.wp.com\/skygroup.com.ve\/web\/wp-content\/uploads\/2025\/04\/1451_pled-0121.jpg?fit=300%2C225&ssl=1",300,225,true],"medium_large":["https:\/\/i0.wp.com\/skygroup.com.ve\/web\/wp-content\/uploads\/2025\/04\/1451_pled-0121.jpg?fit=768%2C576&ssl=1",768,576,true],"large":["https:\/\/i0.wp.com\/skygroup.com.ve\/web\/wp-content\/uploads\/2025\/04\/1451_pled-0121.jpg?fit=800%2C600&ssl=1",800,600,true],"1536x1536":["https:\/\/i0.wp.com\/skygroup.com.ve\/web\/wp-content\/uploads\/2025\/04\/1451_pled-0121.jpg?fit=800%2C600&ssl=1",800,600,true],"2048x2048":["https:\/\/i0.wp.com\/skygroup.com.ve\/web\/wp-content\/uploads\/2025\/04\/1451_pled-0121.jpg?fit=800%2C600&ssl=1",800,600,true],"woocommerce_thumbnail":["https:\/\/i0.wp.com\/skygroup.com.ve\/web\/wp-content\/uploads\/2025\/04\/1451_pled-0121.jpg?resize=300%2C300&ssl=1",300,300,true],"woocommerce_single":["https:\/\/i0.wp.com\/skygroup.com.ve\/web\/wp-content\/uploads\/2025\/04\/1451_pled-0121.jpg?fit=600%2C450&ssl=1",600,450,true],"woocommerce_gallery_thumbnail":["https:\/\/i0.wp.com\/skygroup.com.ve\/web\/wp-content\/uploads\/2025\/04\/1451_pled-0121.jpg?resize=100%2C100&ssl=1",100,100,true]},"uagb_author_info":{"display_name":"adminweb","author_link":"https:\/\/skygroup.com.ve\/web\/author\/"},"uagb_comment_info":0,"uagb_excerpt":"Sky Group PLATINUM Vende Edificio Con Galpones En Punto Fijo","jetpack_sharing_enabled":true,"_links":{"self":[{"href":"https:\/\/skygroup.com.ve\/web\/wp-json\/wp\/v2\/product\/66575","targetHints":{"allow":["GET"]}}],"collection":[{"href":"https:\/\/skygroup.com.ve\/web\/wp-json\/wp\/v2\/product"}],"about":[{"href":"https:\/\/skygroup.com.ve\/web\/wp-json\/wp\/v2\/types\/product"}],"wp:featuredmedia":[{"embeddable":true,"href":"https:\/\/skygroup.com.ve\/web\/wp-json\/wp\/v2\/media\/66108"}],"wp:attachment":[{"href":"https:\/\/skygroup.com.ve\/web\/wp-json\/wp\/v2\/media?parent=66575"}],"wp:term":[{"taxonomy":"estado","embeddable":true,"href":"https:\/\/skygroup.com.ve\/web\/wp-json\/wp\/v2\/estado?post=66575"},{"taxonomy":"product_brand","embeddable":true,"href":"https:\/\/skygroup.com.ve\/web\/wp-json\/wp\/v2\/product_brand?post=66575"},{"taxonomy":"product_cat","embeddable":true,"href":"https:\/\/skygroup.com.ve\/web\/wp-json\/wp\/v2\/product_cat?post=66575"},{"taxonomy":"product_tag","embeddable":true,"href":"https:\/\/skygroup.com.ve\/web\/wp-json\/wp\/v2\/product_tag?post=66575"}],"curies":[{"name":"wp","href":"https:\/\/api.w.org\/{rel}","templated":true}]}}