{"id":67841,"date":"2025-04-25T22:09:47","date_gmt":"2025-04-26T02:09:47","guid":{"rendered":"https:\/\/skygroup.com.ve\/web\/producto\/atph-1667-pent-house-en-venta-en-trigalena-res-roraima\/"},"modified":"2026-04-07T20:51:54","modified_gmt":"2026-04-08T00:51:54","slug":"atph-1667-pent-house-en-venta-en-trigalena-res-roraima","status":"publish","type":"product","link":"https:\/\/skygroup.com.ve\/web\/producto\/atph-1667-pent-house-en-venta-en-trigalena-res-roraima\/","title":{"rendered":"ATPH-1667 Pent House en Venta En Trigale\u00f1a, Res. Roraima"},"content":{"rendered":"<p>Sky Group Atenea vende en obra blanca mercado primario, ubicado en unas de las mejores zonas de Valencia, la urbanizaci\u00f3n la Trigale\u00f1a, Res. Roraima <\/p>\n<p>Bondades del conjunto:<br \/>\n&#8211; Planta el\u00e9ctrica<br \/>\n&#8211; Ambos ascensores llegan al piso<br \/>\n&#8211; 2 Pent House en el piso <\/p>\n<p>El Pent House consta de:<br \/>\n &#8211; Se entrega en Obra Gris<br \/>\n &#8211; 350m\u00b2<br \/>\n &#8211; Excelente vista de 180\u00b0 de toda la Trigale\u00f1a<br \/>\n &#8211; Pisos de Porcelanato y escalera de m\u00e1rmol<br \/>\n &#8211; Duplex<br \/>\n &#8211; \u00c1rea de iluminaci\u00f3n natural <\/p>\n<p>Nivel superior<br \/>\n &#8211; 4 habitaciones cada uno con su respectivo \u00e1rea de ba\u00f1o y la habitaci\u00f3n cuenta con una gran terraza<br \/>\n &#8211; \u00c1rea de family Room<br \/>\nNivel inferior<br \/>\n&#8211; \u00c1rea de cocina con unas vistas espectaculares<br \/>\n&#8211; \u00c1rea de estar<br \/>\n&#8211; \u00bd  ba\u00f1o de visita<br \/>\n&#8211; Gran Terraza<br \/>\n&#8211; \u00c1rea de faena<br \/>\n&#8211; Cuarto de servicio con su ba\u00f1o privado completo <\/p>\n<p>Precio: 160.000$ *De Contado*<br \/>\nSe puede plantear un plan de financiamiento <\/p>\n<p>M\u00e1s informaci\u00f3n<br \/>\nEduardo Arcila<br \/>\nLicencia Personal<br \/>\nSky Group Atenea<br \/>\n+58 414 4092379<br \/>\n@inmuebleskygroup<\/p>\n","protected":false},"excerpt":{"rendered":"<p>Sky Group ATENEA Vende Pent House En Trigale\u00f1a, Res. Roraima <\/p>\n","protected":false},"featured_media":67643,"template":"","meta":{"_acf_changed":false,"_uag_custom_page_level_css":"","site-sidebar-layout":"default","site-content-layout":"","ast-site-content-layout":"default","site-content-style":"default","site-sidebar-style":"default","ast-global-header-display":"","ast-banner-title-visibility":"","ast-main-header-display":"","ast-hfb-above-header-display":"","ast-hfb-below-header-display":"","ast-hfb-mobile-header-display":"","site-post-title":"","ast-breadcrumbs-content":"","ast-featured-img":"","footer-sml-layout":"","ast-disable-related-posts":"","theme-transparent-header-meta":"default","adv-header-id-meta":"","stick-header-meta":"","header-above-stick-meta":"","header-main-stick-meta":"","header-below-stick-meta":"","astra-migrate-meta-layouts":"default","ast-page-background-enabled":"default","ast-page-background-meta":{"desktop":{"background-color":"var(--ast-global-color-4)","background-image":"","background-repeat":"repeat","background-position":"center center","background-size":"auto","background-attachment":"scroll","background-type":"","background-media":"","overlay-type":"","overlay-color":"","overlay-opacity":"","overlay-gradient":""},"tablet":{"background-color":"","background-image":"","background-repeat":"repeat","background-position":"center center","background-size":"auto","background-attachment":"scroll","background-type":"","background-media":"","overlay-type":"","overlay-color":"","overlay-opacity":"","overlay-gradient":""},"mobile":{"background-color":"","background-image":"","background-repeat":"repeat","background-position":"center center","background-size":"auto","background-attachment":"scroll","background-type":"","background-media":"","overlay-type":"","overlay-color":"","overlay-opacity":"","overlay-gradient":""}},"ast-content-background-meta":{"desktop":{"background-color":"var(--ast-global-color-5)","background-image":"","background-repeat":"repeat","background-position":"center center","background-size":"auto","background-attachment":"scroll","background-type":"","background-media":"","overlay-type":"","overlay-color":"","overlay-opacity":"","overlay-gradient":""},"tablet":{"background-color":"var(--ast-global-color-5)","background-image":"","background-repeat":"repeat","background-position":"center center","background-size":"auto","background-attachment":"scroll","background-type":"","background-media":"","overlay-type":"","overlay-color":"","overlay-opacity":"","overlay-gradient":""},"mobile":{"background-color":"var(--ast-global-color-5)","background-image":"","background-repeat":"repeat","background-position":"center center","background-size":"auto","background-attachment":"scroll","background-type":"","background-media":"","overlay-type":"","overlay-color":"","overlay-opacity":"","overlay-gradient":""}},"jetpack_post_was_ever_published":false,"_joinchat":{"telephone":"+584144092379"}},"estado":[],"product_brand":[558],"product_cat":[58],"product_tag":[297],"class_list":{"0":"post-67841","1":"product","2":"type-product","3":"status-publish","4":"has-post-thumbnail","6":"product_brand-atenea","7":"product_cat-pent-house","8":"product_tag-null","9":"product_shipping_class-null","10":"pa_asesor-atr-eduardo-jose-arcila-hurtado","11":"pa_oficina-atr-atenea","12":"pa_ubicacion-carabobo","13":"desktop-align-left","14":"tablet-align-left","15":"mobile-align-left","17":"first","18":"instock","19":"shipping-taxable","20":"purchasable","21":"product-type-simple"},"acf":[],"uagb_featured_image_src":{"full":["https:\/\/i0.wp.com\/skygroup.com.ve\/web\/wp-content\/uploads\/2025\/04\/8197_3.jpeg?fit=960%2C720&ssl=1",960,720,false],"thumbnail":["https:\/\/i0.wp.com\/skygroup.com.ve\/web\/wp-content\/uploads\/2025\/04\/8197_3.jpeg?resize=150%2C150&ssl=1",150,150,true],"medium":["https:\/\/i0.wp.com\/skygroup.com.ve\/web\/wp-content\/uploads\/2025\/04\/8197_3.jpeg?fit=300%2C225&ssl=1",300,225,true],"medium_large":["https:\/\/i0.wp.com\/skygroup.com.ve\/web\/wp-content\/uploads\/2025\/04\/8197_3.jpeg?fit=768%2C576&ssl=1",768,576,true],"large":["https:\/\/i0.wp.com\/skygroup.com.ve\/web\/wp-content\/uploads\/2025\/04\/8197_3.jpeg?fit=960%2C720&ssl=1",960,720,true],"1536x1536":["https:\/\/i0.wp.com\/skygroup.com.ve\/web\/wp-content\/uploads\/2025\/04\/8197_3.jpeg?fit=960%2C720&ssl=1",960,720,true],"2048x2048":["https:\/\/i0.wp.com\/skygroup.com.ve\/web\/wp-content\/uploads\/2025\/04\/8197_3.jpeg?fit=960%2C720&ssl=1",960,720,true],"woocommerce_thumbnail":["https:\/\/i0.wp.com\/skygroup.com.ve\/web\/wp-content\/uploads\/2025\/04\/8197_3.jpeg?resize=300%2C300&ssl=1",300,300,true],"woocommerce_single":["https:\/\/i0.wp.com\/skygroup.com.ve\/web\/wp-content\/uploads\/2025\/04\/8197_3.jpeg?fit=600%2C450&ssl=1",600,450,true],"woocommerce_gallery_thumbnail":["https:\/\/i0.wp.com\/skygroup.com.ve\/web\/wp-content\/uploads\/2025\/04\/8197_3.jpeg?resize=100%2C100&ssl=1",100,100,true]},"uagb_author_info":{"display_name":"adminweb","author_link":"https:\/\/skygroup.com.ve\/web\/author\/"},"uagb_comment_info":0,"uagb_excerpt":"Sky Group ATENEA Vende Pent House En Trigale\u00f1a, Res. Roraima","jetpack_sharing_enabled":true,"_links":{"self":[{"href":"https:\/\/skygroup.com.ve\/web\/wp-json\/wp\/v2\/product\/67841","targetHints":{"allow":["GET"]}}],"collection":[{"href":"https:\/\/skygroup.com.ve\/web\/wp-json\/wp\/v2\/product"}],"about":[{"href":"https:\/\/skygroup.com.ve\/web\/wp-json\/wp\/v2\/types\/product"}],"wp:featuredmedia":[{"embeddable":true,"href":"https:\/\/skygroup.com.ve\/web\/wp-json\/wp\/v2\/media\/67643"}],"wp:attachment":[{"href":"https:\/\/skygroup.com.ve\/web\/wp-json\/wp\/v2\/media?parent=67841"}],"wp:term":[{"taxonomy":"estado","embeddable":true,"href":"https:\/\/skygroup.com.ve\/web\/wp-json\/wp\/v2\/estado?post=67841"},{"taxonomy":"product_brand","embeddable":true,"href":"https:\/\/skygroup.com.ve\/web\/wp-json\/wp\/v2\/product_brand?post=67841"},{"taxonomy":"product_cat","embeddable":true,"href":"https:\/\/skygroup.com.ve\/web\/wp-json\/wp\/v2\/product_cat?post=67841"},{"taxonomy":"product_tag","embeddable":true,"href":"https:\/\/skygroup.com.ve\/web\/wp-json\/wp\/v2\/product_tag?post=67841"}],"curies":[{"name":"wp","href":"https:\/\/api.w.org\/{rel}","templated":true}]}}