{"id":68097,"date":"2025-04-28T21:50:16","date_gmt":"2025-04-29T01:50:16","guid":{"rendered":"https:\/\/skygroup.com.ve\/web\/producto\/inl-112-local-en-alquiler-local-de-oficina\/"},"modified":"2026-04-07T20:51:58","modified_gmt":"2026-04-08T00:51:58","slug":"inl-112-local-en-alquiler-local-de-oficina","status":"publish","type":"product","link":"https:\/\/skygroup.com.ve\/web\/producto\/inl-112-local-en-alquiler-local-de-oficina\/","title":{"rendered":"INL-112 Local en Alquiler De Oficina Urb. La Alegria"},"content":{"rendered":"<p>Sky Group Invictus Alquila <\/p>\n<p>Local en Urb La Alegr\u00eda  La Av Bol\u00edvar &#8211; Valencia<\/p>\n<p>Amoblada y equipada<\/p>\n<p>340 m2<br \/>\nLocal en \u00f3ptimas condiciones<br \/>\nRecepci\u00f3n<br \/>\nOficina privada<br \/>\n\u00c1reas administrativas<br \/>\n1 ba\u00f1o<br \/>\nDep\u00f3sito  blindado con doble pared y \u00e1rea de chequeo de mercanc\u00eda<br \/>\nSistema de alarmas y sensores de movimientos<br \/>\nCircuito cerrado y c\u00e1maras de seguridad en todo el inmueble<br \/>\nAlarmas<br \/>\n4 aires acondicionados<br \/>\nCerco el\u00e9ctrico<br \/>\nPort\u00f3n el\u00e9ctrico<br \/>\nPuertas de seguridad en todos sus accesos y Santa Mar\u00eda<br \/>\nTecho de placa<br \/>\nLuz Trif\u00e1sica<br \/>\nTanque a\u00e9reo de 500lts<br \/>\nPiso de cer\u00e1mica<br \/>\nInternet Cantv y Fibex<br \/>\nPuestos de estacionamientos varios <\/p>\n<p>INL-112<br \/>\nINVICTUS<\/p>\n<p>Canon mensual:1500$<\/p>\n<p>Negociacion<\/p>\n<p>3 meses de dep\u00f3sito<br \/>\n1 mes por adelantado<br \/>\n1 mes de comisi\u00f3n<br \/>\nM\u00e1s contrato de arrendamiento<\/p>\n<p>Richard Villegas<br \/>\nSKY Group Invictus<br \/>\n04144399040*<\/p>\n","protected":false},"excerpt":{"rendered":"<p>Sky Group INVICTUS Alquila Local De Oficina Urb. La Alegria<\/p>\n","protected":false},"featured_media":68000,"template":"","meta":{"_acf_changed":false,"_uag_custom_page_level_css":"","site-sidebar-layout":"default","site-content-layout":"","ast-site-content-layout":"default","site-content-style":"default","site-sidebar-style":"default","ast-global-header-display":"","ast-banner-title-visibility":"","ast-main-header-display":"","ast-hfb-above-header-display":"","ast-hfb-below-header-display":"","ast-hfb-mobile-header-display":"","site-post-title":"","ast-breadcrumbs-content":"","ast-featured-img":"","footer-sml-layout":"","ast-disable-related-posts":"","theme-transparent-header-meta":"default","adv-header-id-meta":"","stick-header-meta":"","header-above-stick-meta":"","header-main-stick-meta":"","header-below-stick-meta":"","astra-migrate-meta-layouts":"default","ast-page-background-enabled":"default","ast-page-background-meta":{"desktop":{"background-color":"var(--ast-global-color-4)","background-image":"","background-repeat":"repeat","background-position":"center center","background-size":"auto","background-attachment":"scroll","background-type":"","background-media":"","overlay-type":"","overlay-color":"","overlay-opacity":"","overlay-gradient":""},"tablet":{"background-color":"","background-image":"","background-repeat":"repeat","background-position":"center center","background-size":"auto","background-attachment":"scroll","background-type":"","background-media":"","overlay-type":"","overlay-color":"","overlay-opacity":"","overlay-gradient":""},"mobile":{"background-color":"","background-image":"","background-repeat":"repeat","background-position":"center center","background-size":"auto","background-attachment":"scroll","background-type":"","background-media":"","overlay-type":"","overlay-color":"","overlay-opacity":"","overlay-gradient":""}},"ast-content-background-meta":{"desktop":{"background-color":"var(--ast-global-color-5)","background-image":"","background-repeat":"repeat","background-position":"center center","background-size":"auto","background-attachment":"scroll","background-type":"","background-media":"","overlay-type":"","overlay-color":"","overlay-opacity":"","overlay-gradient":""},"tablet":{"background-color":"var(--ast-global-color-5)","background-image":"","background-repeat":"repeat","background-position":"center center","background-size":"auto","background-attachment":"scroll","background-type":"","background-media":"","overlay-type":"","overlay-color":"","overlay-opacity":"","overlay-gradient":""},"mobile":{"background-color":"var(--ast-global-color-5)","background-image":"","background-repeat":"repeat","background-position":"center center","background-size":"auto","background-attachment":"scroll","background-type":"","background-media":"","overlay-type":"","overlay-color":"","overlay-opacity":"","overlay-gradient":""}},"jetpack_post_was_ever_published":false,"_joinchat":{"telephone":"+584144399040"}},"estado":[],"product_brand":[566],"product_cat":[52],"product_tag":[297],"class_list":{"0":"post-68097","1":"product","2":"type-product","3":"status-publish","4":"has-post-thumbnail","6":"product_brand-invictus","7":"product_cat-local","8":"product_tag-null","9":"product_shipping_class-null","10":"pa_asesor-atr-richard-alfonso-villegas-perez","11":"pa_oficina-atr-invictus","12":"pa_ubicacion-carabobo","13":"desktop-align-left","14":"tablet-align-left","15":"mobile-align-left","17":"first","18":"instock","19":"shipping-taxable","20":"purchasable","21":"product-type-simple"},"acf":[],"uagb_featured_image_src":{"full":["https:\/\/i0.wp.com\/skygroup.com.ve\/web\/wp-content\/uploads\/2025\/04\/8247_2.jpeg?fit=960%2C1080&ssl=1",960,1080,false],"thumbnail":["https:\/\/i0.wp.com\/skygroup.com.ve\/web\/wp-content\/uploads\/2025\/04\/8247_2.jpeg?resize=150%2C150&ssl=1",150,150,true],"medium":["https:\/\/i0.wp.com\/skygroup.com.ve\/web\/wp-content\/uploads\/2025\/04\/8247_2.jpeg?fit=267%2C300&ssl=1",267,300,true],"medium_large":["https:\/\/i0.wp.com\/skygroup.com.ve\/web\/wp-content\/uploads\/2025\/04\/8247_2.jpeg?fit=768%2C864&ssl=1",768,864,true],"large":["https:\/\/i0.wp.com\/skygroup.com.ve\/web\/wp-content\/uploads\/2025\/04\/8247_2.jpeg?fit=910%2C1024&ssl=1",910,1024,true],"1536x1536":["https:\/\/i0.wp.com\/skygroup.com.ve\/web\/wp-content\/uploads\/2025\/04\/8247_2.jpeg?fit=960%2C1080&ssl=1",960,1080,true],"2048x2048":["https:\/\/i0.wp.com\/skygroup.com.ve\/web\/wp-content\/uploads\/2025\/04\/8247_2.jpeg?fit=960%2C1080&ssl=1",960,1080,true],"woocommerce_thumbnail":["https:\/\/i0.wp.com\/skygroup.com.ve\/web\/wp-content\/uploads\/2025\/04\/8247_2.jpeg?resize=300%2C300&ssl=1",300,300,true],"woocommerce_single":["https:\/\/i0.wp.com\/skygroup.com.ve\/web\/wp-content\/uploads\/2025\/04\/8247_2.jpeg?fit=600%2C675&ssl=1",600,675,true],"woocommerce_gallery_thumbnail":["https:\/\/i0.wp.com\/skygroup.com.ve\/web\/wp-content\/uploads\/2025\/04\/8247_2.jpeg?resize=100%2C100&ssl=1",100,100,true]},"uagb_author_info":{"display_name":"adminweb","author_link":"https:\/\/skygroup.com.ve\/web\/author\/"},"uagb_comment_info":0,"uagb_excerpt":"Sky Group INVICTUS Alquila Local De Oficina Urb. La Alegria","jetpack_sharing_enabled":true,"_links":{"self":[{"href":"https:\/\/skygroup.com.ve\/web\/wp-json\/wp\/v2\/product\/68097","targetHints":{"allow":["GET"]}}],"collection":[{"href":"https:\/\/skygroup.com.ve\/web\/wp-json\/wp\/v2\/product"}],"about":[{"href":"https:\/\/skygroup.com.ve\/web\/wp-json\/wp\/v2\/types\/product"}],"wp:featuredmedia":[{"embeddable":true,"href":"https:\/\/skygroup.com.ve\/web\/wp-json\/wp\/v2\/media\/68000"}],"wp:attachment":[{"href":"https:\/\/skygroup.com.ve\/web\/wp-json\/wp\/v2\/media?parent=68097"}],"wp:term":[{"taxonomy":"estado","embeddable":true,"href":"https:\/\/skygroup.com.ve\/web\/wp-json\/wp\/v2\/estado?post=68097"},{"taxonomy":"product_brand","embeddable":true,"href":"https:\/\/skygroup.com.ve\/web\/wp-json\/wp\/v2\/product_brand?post=68097"},{"taxonomy":"product_cat","embeddable":true,"href":"https:\/\/skygroup.com.ve\/web\/wp-json\/wp\/v2\/product_cat?post=68097"},{"taxonomy":"product_tag","embeddable":true,"href":"https:\/\/skygroup.com.ve\/web\/wp-json\/wp\/v2\/product_tag?post=68097"}],"curies":[{"name":"wp","href":"https:\/\/api.w.org\/{rel}","templated":true}]}}