{"id":68788,"date":"2025-05-03T10:26:55","date_gmt":"2025-05-03T14:26:55","guid":{"rendered":"https:\/\/skygroup.com.ve\/web\/producto\/elbc-369-casa-en-venta-av-rotaria-urb-mamanico-acarigua-con-excelente-ubicacion-y-facil-acceso-a-las-av-principales\/"},"modified":"2026-04-07T20:51:59","modified_gmt":"2026-04-08T00:51:59","slug":"elbc-369-casa-en-venta-av-rotaria-urb-mamanico-acarigua-con-excelente-ubicacion-y-facil-acceso-a-las-av-principales","status":"publish","type":"product","link":"https:\/\/skygroup.com.ve\/web\/producto\/elbc-369-casa-en-venta-av-rotaria-urb-mamanico-acarigua-con-excelente-ubicacion-y-facil-acceso-a-las-av-principales\/","title":{"rendered":"ELBC-369 Casa en Venta Av. Rotaria Urb. Mamanico Acarigua. Con Excelente Ubicaci\u00f3n Y F\u00e1cil Acceso A Las Av. Principales"},"content":{"rendered":"<p>SKY GROUP ELEGANCE VENDE CASA EN  URB MAMANICO ACARIGUA. <\/p>\n<p>437,66 m\u00b2<br \/>\n3habitaciones<br \/>\n3ba\u00f1os completo y remodelados<br \/>\n5p\/e 2 techado y 3 s\/techo <\/p>\n<p>1 Habitaci\u00f3n principal con cl\u00f3set, Ba\u00f1o y A\/A<br \/>\n2 habitaciones con cl\u00f3set y A\/A<br \/>\nAmplia \u00e1rea de Cocina equipada con tope de granito, nevera, cocina a gas y horno.<br \/>\nArea de Sala<br \/>\n\u00c1rea de Comedor<br \/>\nEstar o family room<br \/>\n\u00c1rea de Biblioteca<br \/>\nArea de servicio y lavado<br \/>\n\u00c1rea\u00a0social techada, Amplio patio ideal para reuniones.<\/p>\n<p>Bondades del conjunto<br \/>\nCerco el\u00e9ctrico<br \/>\nAgua permanente<br \/>\nElectricidad permanente por estar en la zona del seguro social. <\/p>\n<p>El inmueble se encuentra cerca de Centros Comerciales, abastos, supermercados, farmacias, cl\u00ednicas, panader\u00edas, ferreter\u00edas.<\/p>\n<p>Precio:  65.000$<\/p>\n","protected":false},"excerpt":{"rendered":"<p>Sky Group ELEGANCE &#8211; BARQUISIMETO Vende Casa Av. Rotaria Urb. Mamanico Acarigua. Con Excelente Ubicaci\u00f3n Y F\u00e1cil Acceso A Las Av. Principales<\/p>\n","protected":false},"featured_media":68741,"template":"","meta":{"_acf_changed":false,"_uag_custom_page_level_css":"","site-sidebar-layout":"default","site-content-layout":"","ast-site-content-layout":"default","site-content-style":"default","site-sidebar-style":"default","ast-global-header-display":"","ast-banner-title-visibility":"","ast-main-header-display":"","ast-hfb-above-header-display":"","ast-hfb-below-header-display":"","ast-hfb-mobile-header-display":"","site-post-title":"","ast-breadcrumbs-content":"","ast-featured-img":"","footer-sml-layout":"","ast-disable-related-posts":"","theme-transparent-header-meta":"default","adv-header-id-meta":"","stick-header-meta":"","header-above-stick-meta":"","header-main-stick-meta":"","header-below-stick-meta":"","astra-migrate-meta-layouts":"default","ast-page-background-enabled":"default","ast-page-background-meta":{"desktop":{"background-color":"var(--ast-global-color-4)","background-image":"","background-repeat":"repeat","background-position":"center center","background-size":"auto","background-attachment":"scroll","background-type":"","background-media":"","overlay-type":"","overlay-color":"","overlay-opacity":"","overlay-gradient":""},"tablet":{"background-color":"","background-image":"","background-repeat":"repeat","background-position":"center center","background-size":"auto","background-attachment":"scroll","background-type":"","background-media":"","overlay-type":"","overlay-color":"","overlay-opacity":"","overlay-gradient":""},"mobile":{"background-color":"","background-image":"","background-repeat":"repeat","background-position":"center center","background-size":"auto","background-attachment":"scroll","background-type":"","background-media":"","overlay-type":"","overlay-color":"","overlay-opacity":"","overlay-gradient":""}},"ast-content-background-meta":{"desktop":{"background-color":"var(--ast-global-color-5)","background-image":"","background-repeat":"repeat","background-position":"center center","background-size":"auto","background-attachment":"scroll","background-type":"","background-media":"","overlay-type":"","overlay-color":"","overlay-opacity":"","overlay-gradient":""},"tablet":{"background-color":"var(--ast-global-color-5)","background-image":"","background-repeat":"repeat","background-position":"center center","background-size":"auto","background-attachment":"scroll","background-type":"","background-media":"","overlay-type":"","overlay-color":"","overlay-opacity":"","overlay-gradient":""},"mobile":{"background-color":"var(--ast-global-color-5)","background-image":"","background-repeat":"repeat","background-position":"center center","background-size":"auto","background-attachment":"scroll","background-type":"","background-media":"","overlay-type":"","overlay-color":"","overlay-opacity":"","overlay-gradient":""}},"jetpack_post_was_ever_published":false,"_joinchat":{"telephone":"+584120549435"}},"estado":[],"product_brand":[564],"product_cat":[47],"product_tag":[297],"class_list":{"0":"post-68788","1":"product","2":"type-product","3":"status-publish","4":"has-post-thumbnail","6":"product_brand-elegance-barquisimeto","7":"product_cat-casa","8":"product_tag-null","9":"product_shipping_class-null","10":"pa_asesor-atr-astrid-del-carmen-rodriguez-orozco","11":"pa_oficina-atr-elegance-barquisimeto","12":"pa_ubicacion-portuguesa","13":"desktop-align-left","14":"tablet-align-left","15":"mobile-align-left","17":"first","18":"instock","19":"shipping-taxable","20":"purchasable","21":"product-type-simple"},"acf":[],"uagb_featured_image_src":{"full":["https:\/\/i0.wp.com\/skygroup.com.ve\/web\/wp-content\/uploads\/2025\/05\/8112_12.jpeg?fit=1080%2C810&ssl=1",1080,810,false],"thumbnail":["https:\/\/i0.wp.com\/skygroup.com.ve\/web\/wp-content\/uploads\/2025\/05\/8112_12.jpeg?resize=150%2C150&ssl=1",150,150,true],"medium":["https:\/\/i0.wp.com\/skygroup.com.ve\/web\/wp-content\/uploads\/2025\/05\/8112_12.jpeg?fit=300%2C225&ssl=1",300,225,true],"medium_large":["https:\/\/i0.wp.com\/skygroup.com.ve\/web\/wp-content\/uploads\/2025\/05\/8112_12.jpeg?fit=768%2C576&ssl=1",768,576,true],"large":["https:\/\/i0.wp.com\/skygroup.com.ve\/web\/wp-content\/uploads\/2025\/05\/8112_12.jpeg?fit=1024%2C768&ssl=1",1024,768,true],"1536x1536":["https:\/\/i0.wp.com\/skygroup.com.ve\/web\/wp-content\/uploads\/2025\/05\/8112_12.jpeg?fit=1080%2C810&ssl=1",1080,810,true],"2048x2048":["https:\/\/i0.wp.com\/skygroup.com.ve\/web\/wp-content\/uploads\/2025\/05\/8112_12.jpeg?fit=1080%2C810&ssl=1",1080,810,true],"woocommerce_thumbnail":["https:\/\/i0.wp.com\/skygroup.com.ve\/web\/wp-content\/uploads\/2025\/05\/8112_12.jpeg?resize=300%2C300&ssl=1",300,300,true],"woocommerce_single":["https:\/\/i0.wp.com\/skygroup.com.ve\/web\/wp-content\/uploads\/2025\/05\/8112_12.jpeg?fit=600%2C450&ssl=1",600,450,true],"woocommerce_gallery_thumbnail":["https:\/\/i0.wp.com\/skygroup.com.ve\/web\/wp-content\/uploads\/2025\/05\/8112_12.jpeg?resize=100%2C100&ssl=1",100,100,true]},"uagb_author_info":{"display_name":"adminweb","author_link":"https:\/\/skygroup.com.ve\/web\/author\/"},"uagb_comment_info":0,"uagb_excerpt":"Sky Group ELEGANCE - BARQUISIMETO Vende Casa Av. Rotaria Urb. Mamanico Acarigua. Con Excelente Ubicaci\u00f3n Y F\u00e1cil Acceso A Las Av. Principales","jetpack_sharing_enabled":true,"_links":{"self":[{"href":"https:\/\/skygroup.com.ve\/web\/wp-json\/wp\/v2\/product\/68788","targetHints":{"allow":["GET"]}}],"collection":[{"href":"https:\/\/skygroup.com.ve\/web\/wp-json\/wp\/v2\/product"}],"about":[{"href":"https:\/\/skygroup.com.ve\/web\/wp-json\/wp\/v2\/types\/product"}],"wp:featuredmedia":[{"embeddable":true,"href":"https:\/\/skygroup.com.ve\/web\/wp-json\/wp\/v2\/media\/68741"}],"wp:attachment":[{"href":"https:\/\/skygroup.com.ve\/web\/wp-json\/wp\/v2\/media?parent=68788"}],"wp:term":[{"taxonomy":"estado","embeddable":true,"href":"https:\/\/skygroup.com.ve\/web\/wp-json\/wp\/v2\/estado?post=68788"},{"taxonomy":"product_brand","embeddable":true,"href":"https:\/\/skygroup.com.ve\/web\/wp-json\/wp\/v2\/product_brand?post=68788"},{"taxonomy":"product_cat","embeddable":true,"href":"https:\/\/skygroup.com.ve\/web\/wp-json\/wp\/v2\/product_cat?post=68788"},{"taxonomy":"product_tag","embeddable":true,"href":"https:\/\/skygroup.com.ve\/web\/wp-json\/wp\/v2\/product_tag?post=68788"}],"curies":[{"name":"wp","href":"https:\/\/api.w.org\/{rel}","templated":true}]}}