{"id":70355,"date":"2025-05-12T23:04:13","date_gmt":"2025-05-13T03:04:13","guid":{"rendered":"https:\/\/skygroup.com.ve\/web\/producto\/elth-038-town-house-en-venta-residencias-amalfi-urbanizacion-los-mangos\/"},"modified":"2026-04-07T20:52:14","modified_gmt":"2026-04-08T00:52:14","slug":"elth-038-town-house-en-venta-residencias-amalfi-urbanizacion-los-mangos","status":"publish","type":"product","link":"https:\/\/skygroup.com.ve\/web\/producto\/elth-038-town-house-en-venta-residencias-amalfi-urbanizacion-los-mangos\/","title":{"rendered":"ELTH-038 Town House en Venta Residencias Amalfi Urbanizaci\u00f3n Los Mangos"},"content":{"rendered":"<p>Town House en Urb. Los Mangos. Valencia.<br \/>\n293 mts2 de Terreno<br \/>\n185 mts2 de Construcci\u00f3n en dos niveles.<br \/>\nConjunto de s\u00f3lo 10 viviendas. Antig\u00fcedad 30 a\u00f1os.<br \/>\n4 Habitaciones m\u00e1s habitaci\u00f3n de servicio.<br \/>\n2 Ba\u00f1os m\u00e1s ba\u00f1o para visitas.<br \/>\nAmplias \u00e1reas sociales: patio, jardines, piscina, caney.<br \/>\n3 puestos de estacionamiento.<\/p>\n<p>Plus del inmueble:<br \/>\nEl m\u00e1s grande del conjunto y cuenta con entrada independiente.<br \/>\nPlanta El\u00e9ctrica de 12,5 kva.<\/p>\n<p>El Conjunto ofrece:<br \/>\nExcelente ubicaci\u00f3n, Vigilancia privada las 24 horas, Pozo de Agua propio y tanque de 100.000 litros. Fachada del conjunto remodelada recientemente y fachada de los TH en proceso de restauraci\u00f3n.<\/p>\n","protected":false},"excerpt":{"rendered":"<p>Sky Group ELEGANCE &#8211; VALENCIA Vende Town House Residencias Amalfi Urbanizaci\u00f3n Los Mangos<\/p>\n","protected":false},"featured_media":70260,"template":"","meta":{"_acf_changed":false,"_uag_custom_page_level_css":"","site-sidebar-layout":"default","site-content-layout":"","ast-site-content-layout":"default","site-content-style":"default","site-sidebar-style":"default","ast-global-header-display":"","ast-banner-title-visibility":"","ast-main-header-display":"","ast-hfb-above-header-display":"","ast-hfb-below-header-display":"","ast-hfb-mobile-header-display":"","site-post-title":"","ast-breadcrumbs-content":"","ast-featured-img":"","footer-sml-layout":"","ast-disable-related-posts":"","theme-transparent-header-meta":"default","adv-header-id-meta":"","stick-header-meta":"","header-above-stick-meta":"","header-main-stick-meta":"","header-below-stick-meta":"","astra-migrate-meta-layouts":"default","ast-page-background-enabled":"default","ast-page-background-meta":{"desktop":{"background-color":"var(--ast-global-color-4)","background-image":"","background-repeat":"repeat","background-position":"center center","background-size":"auto","background-attachment":"scroll","background-type":"","background-media":"","overlay-type":"","overlay-color":"","overlay-opacity":"","overlay-gradient":""},"tablet":{"background-color":"","background-image":"","background-repeat":"repeat","background-position":"center center","background-size":"auto","background-attachment":"scroll","background-type":"","background-media":"","overlay-type":"","overlay-color":"","overlay-opacity":"","overlay-gradient":""},"mobile":{"background-color":"","background-image":"","background-repeat":"repeat","background-position":"center center","background-size":"auto","background-attachment":"scroll","background-type":"","background-media":"","overlay-type":"","overlay-color":"","overlay-opacity":"","overlay-gradient":""}},"ast-content-background-meta":{"desktop":{"background-color":"var(--ast-global-color-5)","background-image":"","background-repeat":"repeat","background-position":"center center","background-size":"auto","background-attachment":"scroll","background-type":"","background-media":"","overlay-type":"","overlay-color":"","overlay-opacity":"","overlay-gradient":""},"tablet":{"background-color":"var(--ast-global-color-5)","background-image":"","background-repeat":"repeat","background-position":"center center","background-size":"auto","background-attachment":"scroll","background-type":"","background-media":"","overlay-type":"","overlay-color":"","overlay-opacity":"","overlay-gradient":""},"mobile":{"background-color":"var(--ast-global-color-5)","background-image":"","background-repeat":"repeat","background-position":"center center","background-size":"auto","background-attachment":"scroll","background-type":"","background-media":"","overlay-type":"","overlay-color":"","overlay-opacity":"","overlay-gradient":""}},"jetpack_post_was_ever_published":false,"_joinchat":{"telephone":"+584144224163"}},"estado":[],"product_brand":[563],"product_cat":[56],"product_tag":[297],"class_list":{"0":"post-70355","1":"product","2":"type-product","3":"status-publish","4":"has-post-thumbnail","6":"product_brand-elegance-valencia","7":"product_cat-town-house","8":"product_tag-null","9":"product_shipping_class-null","10":"pa_asesor-atr-estela-laura-montilla-guedez","11":"pa_oficina-atr-elegance-valencia","12":"pa_ubicacion-carabobo","13":"desktop-align-left","14":"tablet-align-left","15":"mobile-align-left","17":"first","18":"instock","19":"shipping-taxable","20":"purchasable","21":"product-type-simple"},"acf":[],"uagb_featured_image_src":{"full":["https:\/\/i0.wp.com\/skygroup.com.ve\/web\/wp-content\/uploads\/2025\/05\/8240_2.jpeg?fit=960%2C720&ssl=1",960,720,false],"thumbnail":["https:\/\/i0.wp.com\/skygroup.com.ve\/web\/wp-content\/uploads\/2025\/05\/8240_2.jpeg?resize=150%2C150&ssl=1",150,150,true],"medium":["https:\/\/i0.wp.com\/skygroup.com.ve\/web\/wp-content\/uploads\/2025\/05\/8240_2.jpeg?fit=300%2C225&ssl=1",300,225,true],"medium_large":["https:\/\/i0.wp.com\/skygroup.com.ve\/web\/wp-content\/uploads\/2025\/05\/8240_2.jpeg?fit=768%2C576&ssl=1",768,576,true],"large":["https:\/\/i0.wp.com\/skygroup.com.ve\/web\/wp-content\/uploads\/2025\/05\/8240_2.jpeg?fit=960%2C720&ssl=1",960,720,true],"1536x1536":["https:\/\/i0.wp.com\/skygroup.com.ve\/web\/wp-content\/uploads\/2025\/05\/8240_2.jpeg?fit=960%2C720&ssl=1",960,720,true],"2048x2048":["https:\/\/i0.wp.com\/skygroup.com.ve\/web\/wp-content\/uploads\/2025\/05\/8240_2.jpeg?fit=960%2C720&ssl=1",960,720,true],"woocommerce_thumbnail":["https:\/\/i0.wp.com\/skygroup.com.ve\/web\/wp-content\/uploads\/2025\/05\/8240_2.jpeg?resize=300%2C300&ssl=1",300,300,true],"woocommerce_single":["https:\/\/i0.wp.com\/skygroup.com.ve\/web\/wp-content\/uploads\/2025\/05\/8240_2.jpeg?fit=600%2C450&ssl=1",600,450,true],"woocommerce_gallery_thumbnail":["https:\/\/i0.wp.com\/skygroup.com.ve\/web\/wp-content\/uploads\/2025\/05\/8240_2.jpeg?resize=100%2C100&ssl=1",100,100,true]},"uagb_author_info":{"display_name":"adminweb","author_link":"https:\/\/skygroup.com.ve\/web\/author\/"},"uagb_comment_info":0,"uagb_excerpt":"Sky Group ELEGANCE - VALENCIA Vende Town House Residencias Amalfi Urbanizaci\u00f3n Los Mangos","jetpack_sharing_enabled":true,"_links":{"self":[{"href":"https:\/\/skygroup.com.ve\/web\/wp-json\/wp\/v2\/product\/70355","targetHints":{"allow":["GET"]}}],"collection":[{"href":"https:\/\/skygroup.com.ve\/web\/wp-json\/wp\/v2\/product"}],"about":[{"href":"https:\/\/skygroup.com.ve\/web\/wp-json\/wp\/v2\/types\/product"}],"wp:featuredmedia":[{"embeddable":true,"href":"https:\/\/skygroup.com.ve\/web\/wp-json\/wp\/v2\/media\/70260"}],"wp:attachment":[{"href":"https:\/\/skygroup.com.ve\/web\/wp-json\/wp\/v2\/media?parent=70355"}],"wp:term":[{"taxonomy":"estado","embeddable":true,"href":"https:\/\/skygroup.com.ve\/web\/wp-json\/wp\/v2\/estado?post=70355"},{"taxonomy":"product_brand","embeddable":true,"href":"https:\/\/skygroup.com.ve\/web\/wp-json\/wp\/v2\/product_brand?post=70355"},{"taxonomy":"product_cat","embeddable":true,"href":"https:\/\/skygroup.com.ve\/web\/wp-json\/wp\/v2\/product_cat?post=70355"},{"taxonomy":"product_tag","embeddable":true,"href":"https:\/\/skygroup.com.ve\/web\/wp-json\/wp\/v2\/product_tag?post=70355"}],"curies":[{"name":"wp","href":"https:\/\/api.w.org\/{rel}","templated":true}]}}